{"id":28674,"date":"2026-03-18T13:02:54","date_gmt":"2026-03-18T13:02:54","guid":{"rendered":"https:\/\/soydeaqui.ddns.net\/pachuca\/index.php\/producto\/lector-de-reconocimiento-facial-tarjeta-y-huella-digital-1500-rostros-1500-huellas-lector-de-tarjetas-de-proximidad-soporta-ddns-con-biotimepro-funcion-adms-incluida\/"},"modified":"2026-03-18T13:02:59","modified_gmt":"2026-03-18T13:02:59","slug":"lector-de-reconocimiento-facial-tarjeta-y-huella-digital-1500-rostros-1500-huellas-lector-de-tarjetas-de-proximidad-soporta-ddns-con-biotimepro-funcion-adms-incluida","status":"publish","type":"product","link":"https:\/\/soydeaqui.ddns.net\/pachuca\/index.php\/producto\/lector-de-reconocimiento-facial-tarjeta-y-huella-digital-1500-rostros-1500-huellas-lector-de-tarjetas-de-proximidad-soporta-ddns-con-biotimepro-funcion-adms-incluida\/","title":{"rendered":"Lector de Reconocimiento Facial, Tarjeta y Huella Digital \/ 1500 Rostros \/ 1500 huellas \/ Lector de tarjetas de proximidad \/ Soporta DDNS con BIOTIMEPRO \/ Funci\u00f3n ADMS INCLUIDA"},"content":{"rendered":"<div style='width: 100%; max-width: 1200px; margin: 0 auto; font-family: sans-serif; line-height: 1.6; color: inherit; background-color: transparent;'> <!-- Video principal --> <\/p>\n<div style='position: relative; padding-bottom: 56.25%; height: 0; overflow: hidden; margin-bottom: 30px;'>   <\/div>\n<p> <!-- Imagen banner --> <img style='width: 100%; height: auto; border: 1px solid rgba(150&comma;150&comma;150&comma;0.3); border-radius: 8px; margin-bottom: 30px;' src='https:\/\/ftp3.syscom.mx\/usuarios\/fotos\/MB160\/87927-banner_control_y_asistencia_small_2.jpg' alt=''> <!-- Descripci\u00f3n general --> <\/p>\n<div style='margin-bottom: 30px; font-size: 15px; color: inherit;'>\n<p>El MB160 es un innovador dispositivo para la gesti\u00f3n de tiempo y asistencia de los empleados&comma; soporta m\u00e9todos de verificaci\u00f3n por medio de rostro&comma; huella digital&comma; contrase\u00f1a y combinaciones entre los anteriores adem\u00e1s de funciones b\u00e1sicas de Control de Acceso.<\/p>\n<div style='background-color: rgba(238&comma;238&comma;238&comma;0.4); border: 1px solid rgba(150&comma;150&comma;150&comma;0.3); padding: 10px 15px; border-radius: 6px; margin: 20px 0;'> <em><strong>Verificaci\u00f3n de usuarios en menos de 0.5 segundos<\/strong><\/em> <\/div>\n<\/p><\/div>\n<p> <!-- Aplicaciones comunes --> <\/p>\n<div style='margin-bottom: 30px;'>\n<h3 style='font-size: 22px; border-bottom: 2px solid currentColor; padding-bottom: 5px; margin-top: 0; color: inherit; opacity: 0.8;'>Aplicaciones comunes:<\/h3>\n<ul style='padding-left: 20px; font-size: 15px; color: inherit;'>\n<li>Sistemas de control de asistencia.<\/li>\n<li>Control de Acceso para 1 puerta.<\/li>\n<\/ul><\/div>\n<p> <!-- Funciones --> <\/p>\n<div style='margin-bottom: 30px;'>\n<h3 style='font-size: 22px; border-bottom: 2px solid currentColor; padding-bottom: 5px; margin-top: 0; color: inherit; opacity: 0.8;'>Funciones:<\/h3>\n<h4 style='font-size: 18px; color: inherit; margin-top: 20px; margin-bottom: 10px;'>Tiempo y asistencia:<\/h4>\n<ul style='padding-left: 20px; font-size: 15px; color: inherit;'>\n<li>Funci\u00f3n ADMS incluida. El MB160 est\u00e1 listo para trabajar con el software BIOTIMEPRO&comma; facilitando la administraci\u00f3n de personal en sitios remotos de manera centralizada.<\/li>\n<li>Registro de entradas y salidas mediante rostro&comma; huella o combinaci\u00f3n de ambos tipos de verificaci\u00f3n.<\/li>\n<li>Registro de rostros directamente en la terminal.<\/li>\n<li>Ideal para obtener reportes de entradas y salidas de personal.<\/li>\n<li>Registro de huellas directo en la terminal&comma; o de manera remota mediante software (Requiere ZK9500)<\/li>\n<\/ul>\n<h4 style='font-size: 18px; color: inherit; margin-top: 20px; margin-bottom: 10px;'>Control de acceso:<\/h4>\n<ul style='padding-left: 20px; font-size: 15px; color: inherit;'>\n<li>Control para chapa magn\u00e9tica o cerradura el\u00e9ctrica integrado.<\/li>\n<li>Agregue una sirena externa para generar alarmas audibles programadas.<\/li>\n<li>Incluye entrada para conectar un bot\u00f3n de salida.<\/li>\n<li>No permite la creaci\u00f3n de horarios de acceso<\/li>\n<li>Alimentaci\u00f3n 12V 1.5A (Fuente no incluida) recomendada P12DC3A<\/li>\n<\/ul><\/div>\n<p> <!-- Software compatible --> <\/p>\n<div style='margin-bottom: 30px;'>\n<h3 style='font-size: 22px; border-bottom: 2px solid currentColor; padding-bottom: 5px; margin-top: 0; color: inherit; opacity: 0.8;'>Software compatible:<\/h3>\n<p> <!-- Galer\u00eda de logos de software --> <\/p>\n<div style='display: grid; grid-template-columns: repeat(auto-fill&comma; minmax(150px&comma; 1fr)); gap: 15px; margin: 20px 0;'>\n<div style='border: 1px solid rgba(150&comma;150&comma;150&comma;0.3); border-radius: 8px; overflow: hidden; padding: 10px; text-align: center;'> <img style='width: 100%; height: auto; border: none;' src='https:\/\/ftp3.syscom.mx\/usuarios\/fmedina\/ZKTeco\/Marketing\/webfiles\/swlist\/lista02_features.png' alt=''> <\/div>\n<div style='border: 1px solid rgba(150&comma;150&comma;150&comma;0.3); border-radius: 8px; overflow: hidden; padding: 10px; text-align: center;'> <a href='https:\/\/www.syscom.mx\/producto\/TIMENET-ACCESSPRO-73893.html' target='_blank' rel='noopener'> <img style='width: 100%; height: auto; border: none;' src='https:\/\/ftp3.syscom.mx\/usuarios\/fmedina\/ZKTeco\/Marketing\/webfiles\/swlist\/tnetlite.jpg' alt=''> <\/a> <a href='https:\/\/www.syscom.mx\/producto\/TIMENET-ACCESSPRO-73893.html' target='_blank' rel='noopener'> <img style='width: 50%; margin-top: 10px; border: none;' src='https:\/\/ftp3.syscom.mx\/usuarios\/fmedina\/ZKTeco\/Marketing\/webfiles\/swlist\/descargaGratuita.png' alt=''> <\/a> <\/div>\n<div style='border: 1px solid rgba(150&comma;150&comma;150&comma;0.3); border-radius: 8px; overflow: hidden; padding: 10px; text-align: center;'> <a href='https:\/\/www.syscom.mx\/producto\/ZKTN-3S-ZKTECO-80566.html' target='_blank' rel='noopener'> <img style='width: 100%; height: auto; border: none;' src='https:\/\/ftp3.syscom.mx\/usuarios\/fmedina\/ZKTeco\/Marketing\/webfiles\/swlist\/tnet3.jpg' alt=''> <\/a> <a href='https:\/\/www.syscom.mx\/producto\/ZKTN-3S-ZKTECO-80566.html' target='_blank' rel='noopener'> <img style='width: 50%; margin-top: 10px; border: none;' src='https:\/\/ftp3.syscom.mx\/usuarios\/fmedina\/ZKTeco\/Marketing\/webfiles\/swlist\/masInfo.png' alt=''> <\/a> <\/div>\n<div style='border: 1px solid rgba(150&comma;150&comma;150&comma;0.3); border-radius: 8px; overflow: hidden; padding: 10px; text-align: center;'> <a href='https:\/\/www.syscom.mx\/producto\/ZK-TIMEWEB2.0-ZKTECO-86913.html' target='_blank' rel='noopener'> <img style='width: 100%; height: auto; border: none;' src='https:\/\/ftp3.syscom.mx\/usuarios\/fmedina\/ZKTeco\/Marketing\/webfiles\/swlist\/zkacc35.jpg' alt=''> <\/a> <a href='https:\/\/www.syscom.mx\/producto\/ZK-TIMEWEB2.0-ZKTECO-86913.html' target='_blank' rel='noopener'> <img style='width: 50%; margin-top: 10px; border: none;' src='https:\/\/ftp3.syscom.mx\/usuarios\/fmedina\/ZKTeco\/Marketing\/webfiles\/swlist\/masInfo.png' alt=''> <\/a> <\/div>\n<\/p><\/div>\n<\/p><\/div>\n<p> <!-- Notas importantes --> <\/p>\n<div style='margin-bottom: 30px; font-size: 15px; color: inherit;'>\n<p>* La capacidad de usuarios depende directamente de la capacidad del biom\u00e9trico.<\/p>\n<div style='background-color: rgba(34&comma;34&comma;34&comma;0.05); border-left: 4px solid rgba(150&comma;150&comma;150&comma;0.3); padding: 15px; margin: 20px 0;'> <strong>Notas:<\/strong><br \/> Solo se da soporte al software suministrado con el equipo o proporcionado por SYSCOM y siempre y cuando se utilice el mismo motor de base de datos que se incluye. Cualquier otra implementaci\u00f3n hacia otro software u otra versi\u00f3n de base de datos&comma; es responsabilidad del integrador o desarrollador a cargo. <\/div>\n<\/p><\/div>\n<p> <!-- Especificaciones t\u00e9cnicas --> <\/p>\n<div style='margin-bottom: 30px;'>\n<h3 style='font-size: 22px; border-bottom: 2px solid currentColor; padding-bottom: 5px; margin-top: 0; color: inherit; opacity: 0.8;'>Especificaciones t\u00e9cnicas:<\/h3>\n<p> <!-- Cards de especificaciones --> <\/p>\n<div style='display: flex; flex-wrap: wrap; gap: 20px; margin-top: 20px;'>\n<div style='flex: 1 1 250px; border: 1px solid rgba(150&comma; 150&comma; 150&comma; 0.4); border-radius: 8px; overflow: hidden; display: flex; flex-direction: column;'>\n<div style='padding: 15px; border-bottom: 1px solid rgba(150&comma; 150&comma; 150&comma; 0.2); font-weight: bold; font-size: 18px; color: inherit;'>Capacidad Biom\u00e9trica<\/div>\n<div style='padding: 15px; color: inherit;'>\n<ul style='padding-left: 20px; margin: 0; font-size: 14px; list-style-type: disc;'>\n<li style='margin-bottom: 5px;'><strong>Capacidad de Rostros:<\/strong> 1500<\/li>\n<li style='margin-bottom: 5px;'><strong>Capacidad de Huellas:<\/strong> 1500<\/li>\n<li style='margin-bottom: 5px;'><strong>Capacidad de Tarjetas:<\/strong> 1500 PROX EM (ACCESSISOCARD&comma; ACCESSPROXCARD&comma; ACCESKFBPROX)<\/li>\n<\/ul><\/div>\n<\/p><\/div>\n<div style='flex: 1 1 250px; border: 1px solid rgba(150&comma; 150&comma; 150&comma; 0.4); border-radius: 8px; overflow: hidden; display: flex; flex-direction: column;'>\n<div style='padding: 15px; border-bottom: 1px solid rgba(150&comma; 150&comma; 150&comma; 0.2); font-weight: bold; font-size: 18px; color: inherit;'>Especificaciones T\u00e9cnicas<\/div>\n<div style='padding: 15px; color: inherit;'>\n<ul style='padding-left: 20px; margin: 0; font-size: 14px; list-style-type: disc;'>\n<li style='margin-bottom: 5px;'><strong>Capacidad de Eventos:<\/strong> 100&comma;000<\/li>\n<li style='margin-bottom: 5px;'><strong>Pantalla:<\/strong> 2.8 Pulgadas TFT<\/li>\n<li style='margin-bottom: 5px;'><strong>Comunicaci\u00f3n:<\/strong> TCP\/IP&comma; ADMS&comma; USB-Host<\/li>\n<li style='margin-bottom: 5px;'><strong>Velocidad de Verificaci\u00f3n:<\/strong> \u2264 1 seg<\/li>\n<li style='margin-bottom: 5px;'><strong>Temperatura de Operaci\u00f3n:<\/strong> 0\u00b0C a 45\u00b0C<\/li>\n<li style='margin-bottom: 5px;'><strong>Humedad de Operaci\u00f3n:<\/strong> 20% &#8211; 80%<\/li>\n<li style='margin-bottom: 5px;'><strong>Dimensiones:<\/strong> 167.5 x 148.8 x 32.2 mm<\/li>\n<\/ul><\/div>\n<\/p><\/div>\n<div style='flex: 1 1 250px; border: 1px solid rgba(150&comma; 150&comma; 150&comma; 0.4); border-radius: 8px; overflow: hidden; display: flex; flex-direction: column;'>\n<div style='padding: 15px; border-bottom: 1px solid rgba(150&comma; 150&comma; 150&comma; 0.2); font-weight: bold; font-size: 18px; color: inherit;'>Control de Acceso<\/div>\n<div style='padding: 15px; color: inherit;'>\n<ul style='padding-left: 20px; margin: 0; font-size: 14px; list-style-type: disc;'>\n<li style='margin-bottom: 5px;'><strong>Interfaz:<\/strong> Cerradura El\u00e9ctrica&comma; Bot\u00f3n de Salida&comma; Alarma<\/li>\n<li style='margin-bottom: 5px;'><strong>Funciones Opcionales:<\/strong> C\u00f3digo de Trabajo<\/li>\n<li style='margin-bottom: 5px;'><strong>Fuente de Alimentaci\u00f3n:<\/strong> DC 12V 1.5A (NO INCLUIDA)<\/li>\n<\/ul><\/div>\n<\/p><\/div>\n<\/p><\/div>\n<\/p><\/div>\n<p> <!-- Separador final --> <\/p>\n<hr style='border: 0; border-top: 1px solid rgba(150&comma; 150&comma; 150&comma; 0.3); margin: 30px 0;'> <\/div>\n","protected":false},"excerpt":{"rendered":"<p>Lector de Reconocimiento Facial, Tarjeta y Huella Digital \/ 1500 Rostros \/ 1500 huellas \/ Lector de tarjetas de proximidad \/ Soporta DDNS con BIOTIMEPRO \/ Funci\u00f3n ADMS INCLUIDA<\/p>\n","protected":false},"featured_media":28673,"comment_status":"open","ping_status":"closed","template":"","meta":[],"product_brand":[],"product_cat":[743],"product_tag":[744,745,844],"class_list":{"0":"post-28674","1":"product","2":"type-product","3":"status-publish","4":"has-post-thumbnail","6":"product_cat-para-tiempo-y-asistencia-checadores","7":"product_tag-biometricos","8":"product_tag-para-tiempo-y-asistencia-checadores","9":"product_tag-zkteco","11":"first","12":"instock","13":"sale","14":"shipping-taxable","15":"purchasable","16":"product-type-simple"},"_links":{"self":[{"href":"https:\/\/soydeaqui.ddns.net\/pachuca\/index.php\/wp-json\/wp\/v2\/product\/28674","targetHints":{"allow":["GET"]}}],"collection":[{"href":"https:\/\/soydeaqui.ddns.net\/pachuca\/index.php\/wp-json\/wp\/v2\/product"}],"about":[{"href":"https:\/\/soydeaqui.ddns.net\/pachuca\/index.php\/wp-json\/wp\/v2\/types\/product"}],"replies":[{"embeddable":true,"href":"https:\/\/soydeaqui.ddns.net\/pachuca\/index.php\/wp-json\/wp\/v2\/comments?post=28674"}],"wp:featuredmedia":[{"embeddable":true,"href":"https:\/\/soydeaqui.ddns.net\/pachuca\/index.php\/wp-json\/wp\/v2\/media\/28673"}],"wp:attachment":[{"href":"https:\/\/soydeaqui.ddns.net\/pachuca\/index.php\/wp-json\/wp\/v2\/media?parent=28674"}],"wp:term":[{"taxonomy":"product_brand","embeddable":true,"href":"https:\/\/soydeaqui.ddns.net\/pachuca\/index.php\/wp-json\/wp\/v2\/product_brand?post=28674"},{"taxonomy":"product_cat","embeddable":true,"href":"https:\/\/soydeaqui.ddns.net\/pachuca\/index.php\/wp-json\/wp\/v2\/product_cat?post=28674"},{"taxonomy":"product_tag","embeddable":true,"href":"https:\/\/soydeaqui.ddns.net\/pachuca\/index.php\/wp-json\/wp\/v2\/product_tag?post=28674"}],"curies":[{"name":"wp","href":"https:\/\/api.w.org\/{rel}","templated":true}]}}