{"id":28651,"date":"2026-03-18T13:02:21","date_gmt":"2026-03-18T13:02:21","guid":{"rendered":"https:\/\/soydeaqui.ddns.net\/pachuca\/index.php\/producto\/tarjeta-duoprox-ii-1336-banda-magnetica-y-prox-125khz\/"},"modified":"2026-03-18T13:02:22","modified_gmt":"2026-03-18T13:02:22","slug":"tarjeta-duoprox-ii-1336-banda-magnetica-y-prox-125khz","status":"publish","type":"product","link":"https:\/\/soydeaqui.ddns.net\/pachuca\/index.php\/producto\/tarjeta-duoprox-ii-1336-banda-magnetica-y-prox-125khz\/","title":{"rendered":"Tarjeta DuoProx II 1336\/ Banda Magn\u00e9tica y PROX 125KHz"},"content":{"rendered":"<div style='width: 100%; max-width: 1200px; margin: 0 auto; font-family: sans-serif; line-height: 1.6; color: inherit; background-color: transparent;'> <!-- Secci\u00f3n de caracter\u00edsticas --> <\/p>\n<div style='display: flex; flex-wrap: wrap; gap: 30px; margin-bottom: 30px;'>\n<div style='flex: 1 1 300px; min-width: 280px;'>\n<h3 style='font-size: 22px; border-bottom: 2px solid currentColor; padding-bottom: 5px; margin-top: 0; color: inherit; opacity: 0.8;'>Caracter\u00edsticas<\/h3>\n<ul style='padding-left: 20px; font-size: 15px; color: inherit;'>\n<li style='margin-bottom: 5px;'>Referencia HID: 1336LGGMN<\/li>\n<li style='margin-bottom: 5px;'>Laminado fino y flexible de cloruro de polivinilo (PVC).<\/li>\n<li style='margin-bottom: 5px;'>Est\u00e1ndar ABA.<\/li>\n<li style='margin-bottom: 5px;'>Clasificaci\u00f3n de banda magn\u00e9tica de alta cohercitividad 4000 Oersted.<\/li>\n<li style='margin-bottom: 5px;'>Acabado brillante.<\/li>\n<li style='margin-bottom: 5px;'>Tarjeta no perforada&comma; contiene indicaciones para perforaci\u00f3n.<\/li>\n<li style='margin-bottom: 5px;'>Temperatura de operaci\u00f3n: -15 a 70 \u00b0C.<\/li>\n<li style='margin-bottom: 5px;'>Dimensiones: 5.4 x 8.6 x 0.076 cm.<\/li>\n<\/ul><\/div>\n<\/p><\/div>\n<p> <!-- Secci\u00f3n de rango de lectura --> <\/p>\n<div style='display: flex; flex-wrap: wrap; gap: 30px; margin-bottom: 30px;'>\n<div style='flex: 1 1 300px; min-width: 280px;'>\n<h3 style='font-size: 22px; border-bottom: 2px solid currentColor; padding-bottom: 5px; margin-top: 0; color: inherit; opacity: 0.8;'>Rango de lectura<\/h3>\n<ul style='padding-left: 20px; font-size: 15px; color: inherit;'>\n<li style='margin-bottom: 5px;'>ProxPoint\u00ae Plus: 6.35 cm.<\/li>\n<li style='margin-bottom: 5px;'>MiniProx\u00ae: 12.7 cm.<\/li>\n<li style='margin-bottom: 5px;'>ThinLine II\u00ae : 12.7 cm.<\/li>\n<li style='margin-bottom: 5px;'>ProxPro\u00ae: 17.8 cm.<\/li>\n<li style='margin-bottom: 5px;'>ProxPro\u00ae II: 20 cm.<\/li>\n<li style='margin-bottom: 5px;'>MaxiProx\u00ae: 50.8 cm.<\/li>\n<\/ul><\/div>\n<\/p><\/div>\n<p> <!-- Secci\u00f3n de proceso de compra --> <\/p>\n<div style='display: flex; flex-wrap: wrap; gap: 30px; margin-bottom: 30px;'>\n<div style='flex: 1 1 300px; min-width: 280px;'>\n<h3 style='font-size: 22px; border-bottom: 2px solid currentColor; padding-bottom: 5px; margin-top: 0; color: inherit; opacity: 0.8;'>Proceso de compra<\/h3>\n<ul style='padding-left: 20px; font-size: 15px; color: inherit;'>\n<li style='margin-bottom: 5px;'>Compra m\u00ednima de 100 pzs.<\/li>\n<li style='margin-bottom: 5px;'>Es necesario proporcionar formato&comma; c\u00f3digo de sitio y consecutivo al momento de ordenar&comma; sin esta informaci\u00f3n no ser\u00e1 posible procesar la orden de compra.<\/li>\n<li style='margin-bottom: 5px;'>Producto sobre pedido.<\/li>\n<\/ul><\/div>\n<\/p><\/div>\n<p> <!-- Separador final --> <\/p>\n<hr style='border: 0; border-top: 1px solid rgba(150&comma; 150&comma; 150&comma; 0.3); margin: 30px 0;'> <\/div>\n","protected":false},"excerpt":{"rendered":"<p>Tarjeta DuoProx II 1336\/ Banda Magn\u00e9tica y PROX 125KHz<\/p>\n","protected":false},"featured_media":28650,"comment_status":"open","ping_status":"closed","template":"","meta":[],"product_brand":[],"product_cat":[465],"product_tag":[814,466,467],"class_list":{"0":"post-28651","1":"product","2":"type-product","3":"status-publish","4":"has-post-thumbnail","6":"product_cat-proximidad-125-khz","7":"product_tag-hid","8":"product_tag-lectoras-y-tarjetas","9":"product_tag-proximidad-125-khz","11":"first","12":"outofstock","13":"sale","14":"shipping-taxable","15":"purchasable","16":"product-type-simple"},"_links":{"self":[{"href":"https:\/\/soydeaqui.ddns.net\/pachuca\/index.php\/wp-json\/wp\/v2\/product\/28651","targetHints":{"allow":["GET"]}}],"collection":[{"href":"https:\/\/soydeaqui.ddns.net\/pachuca\/index.php\/wp-json\/wp\/v2\/product"}],"about":[{"href":"https:\/\/soydeaqui.ddns.net\/pachuca\/index.php\/wp-json\/wp\/v2\/types\/product"}],"replies":[{"embeddable":true,"href":"https:\/\/soydeaqui.ddns.net\/pachuca\/index.php\/wp-json\/wp\/v2\/comments?post=28651"}],"wp:featuredmedia":[{"embeddable":true,"href":"https:\/\/soydeaqui.ddns.net\/pachuca\/index.php\/wp-json\/wp\/v2\/media\/28650"}],"wp:attachment":[{"href":"https:\/\/soydeaqui.ddns.net\/pachuca\/index.php\/wp-json\/wp\/v2\/media?parent=28651"}],"wp:term":[{"taxonomy":"product_brand","embeddable":true,"href":"https:\/\/soydeaqui.ddns.net\/pachuca\/index.php\/wp-json\/wp\/v2\/product_brand?post=28651"},{"taxonomy":"product_cat","embeddable":true,"href":"https:\/\/soydeaqui.ddns.net\/pachuca\/index.php\/wp-json\/wp\/v2\/product_cat?post=28651"},{"taxonomy":"product_tag","embeddable":true,"href":"https:\/\/soydeaqui.ddns.net\/pachuca\/index.php\/wp-json\/wp\/v2\/product_tag?post=28651"}],"curies":[{"name":"wp","href":"https:\/\/api.w.org\/{rel}","templated":true}]}}