{"id":28645,"date":"2026-03-18T13:02:15","date_gmt":"2026-03-18T13:02:15","guid":{"rendered":"https:\/\/soydeaqui.ddns.net\/pachuca\/index.php\/producto\/lector-biometrico-7000-huellas-proximidad-wiegand-ip-listo-para-axtrax-2\/"},"modified":"2026-03-18T13:02:15","modified_gmt":"2026-03-18T13:02:15","slug":"lector-biometrico-7000-huellas-proximidad-wiegand-ip-listo-para-axtrax-2","status":"publish","type":"product","link":"https:\/\/soydeaqui.ddns.net\/pachuca\/index.php\/producto\/lector-biometrico-7000-huellas-proximidad-wiegand-ip-listo-para-axtrax-2\/","title":{"rendered":"Lector Biom\u00e9trico \/ 7,000 HUELLAS \/ PROXIMIDAD \/ WIEGAND \/ IP \/ Listo para AXTRAX"},"content":{"rendered":"<div style='width: 100%; max-width: 1200px; margin: 0 auto; font-family: sans-serif; line-height: 1.6; color: inherit; background-color: transparent;'>\n<div style='position: relative; background: linear-gradient(to bottom&comma; #595959 0%&comma; #a80007 100%); border-bottom: 6px solid #a80007; border-left: 6px solid #a80007; border-right: 6px solid #a80007; padding: 30px; margin-bottom: 30px;'> <img style='width: 100%; max-width: 450px; height: auto; border: 1px solid rgba(150&comma;150&comma;150&comma;0.3); border-radius: 8px; margin-bottom: 20px;' src='https:\/\/ftp3.syscom.mx\/usuarios\/fotos\/ACF44\/10062-rosslare.png' alt='Imagen del producto'> <\/p>\n<h2 style='color: black; margin-top: 0; font-size: 24px;'>AY-B8650<\/h2>\n<h2 style='color: black; font-size: 24px;'>Lector Biom\u00e9trico \/ 7&comma;000 Huellas \/PROXIMIDAD\/ WIEGAND \/ IP \/Listo para AXTRAX<\/h2>\n<\/p><\/div>\n<div style='width: 100%; max-width: 1200px; margin: 0 auto;'>\n<h1 style='text-align: center; color: #3392ff; font-size: 28px; margin-bottom: 30px;'><strong>Lector Biom\u00e9trico Compatible con AXTRAX paneles de control de acceso ROSSLARE<\/strong><\/h1>\n<p> <img style='width: 100%; max-width: 600px; height: auto; border: 1px solid rgba(150&comma;150&comma;150&comma;0.3); border-radius: 8px; display: block; margin: 0 auto 30px;' src='https:\/\/ftp3.syscom.mx\/usuarios\/fotos\/AYB8620\/166863-descarga_(1).png' alt='Diagrama de conexi\u00f3n'> <\/p>\n<div style='margin: 0 40px 50px; padding: 20px; background-color: ghostwhite; border-left: 6px solid #a80007; box-shadow: 10px 5px 3px rgba(128&comma;128&comma;128&comma;0.3); border-radius: 5px;'>\n<h3 style='font-size: 22px; border-bottom: 2px solid currentColor; padding-bottom: 5px; margin-top: 0; color: inherit; opacity: 0.8;'>Especificaciones<\/h3>\n<ul style='padding-left: 20px; font-size: 15px; color: inherit; list-style-type: disc;'>\n<li style='margin-bottom: 5px;'>El AY-B8620 cuenta con un gabinete de metal resistente (IK10) y un encapsulado ep\u00f3xico para su protecci\u00f3n.<\/li>\n<li style='margin-bottom: 5px;'>Esta lectora de huella dactilar y tarjetas RFID de 125 KHz es adecuada para uso en interiores y exteriores (IP65).<\/li>\n<li style='margin-bottom: 5px;'>El AY-B8620 puede registrar 7&comma;000 plantillas dactilares (1:N) y habilitar factores de autenticidad dual (huella dactilar + tarjeta).<\/li>\n<li style='margin-bottom: 5px;'>Puede conectarse a trav\u00e9s de su salida Wiegand a cualquier panel de control de acceso de terceros. Tiene conectividad TCP\/IP para la administraci\u00f3n de las terminales.<\/li>\n<\/ul><\/div>\n<div style='margin-top: 100px;'>\n<h1 style='background-color: #ffffff; padding: 10px; border-radius: 5px; font-size: 25px; text-align: center;'> <a style='text-decoration: none; color: inherit; transition: color 0.1s cubic-bezier(0&comma; 0&comma; 0.2&comma; 1); outline: none;' href='https:\/\/www.youtube.com\/watch?v=73d8QQhAIXE' target='_blank' rel='noopener'>Lectoras Biom\u00e9tricas con Rosslare + AXTRAX. &#8216; Todo en un Mismo Software &#8216;<\/a> <\/h1>\n<div style='position: relative; padding-bottom: 56.25%; height: 0; overflow: hidden; margin: 20px 0;'>   <\/div>\n<h2 style='text-align: center; margin-top: 30px; margin-bottom: 20px; font-size: 24px;'>F\u00e1cil y R\u00e1pida configuraci\u00f3n del Lector<\/h2>\n<div style='position: relative; padding-bottom: 56.25%; height: 0; overflow: hidden; margin: 20px 0;'>   <\/div>\n<\/p><\/div>\n<\/p><\/div>\n<\/p><\/div>\n","protected":false},"excerpt":{"rendered":"<p>Lector Biom\u00e9trico \/ 7,000 HUELLAS \/ PROXIMIDAD \/ WIEGAND \/ IP \/ Listo para AXTRAX<\/p>\n","protected":false},"featured_media":28644,"comment_status":"open","ping_status":"closed","template":"","meta":[],"product_brand":[],"product_cat":[806],"product_tag":[744,807,563],"class_list":{"0":"post-28645","1":"product","2":"type-product","3":"status-publish","4":"has-post-thumbnail","6":"product_cat-para-control-de-acceso","7":"product_tag-biometricos","8":"product_tag-para-control-de-acceso","9":"product_tag-rosslare-security-products","11":"first","12":"outofstock","13":"sale","14":"shipping-taxable","15":"purchasable","16":"product-type-simple"},"_links":{"self":[{"href":"https:\/\/soydeaqui.ddns.net\/pachuca\/index.php\/wp-json\/wp\/v2\/product\/28645","targetHints":{"allow":["GET"]}}],"collection":[{"href":"https:\/\/soydeaqui.ddns.net\/pachuca\/index.php\/wp-json\/wp\/v2\/product"}],"about":[{"href":"https:\/\/soydeaqui.ddns.net\/pachuca\/index.php\/wp-json\/wp\/v2\/types\/product"}],"replies":[{"embeddable":true,"href":"https:\/\/soydeaqui.ddns.net\/pachuca\/index.php\/wp-json\/wp\/v2\/comments?post=28645"}],"wp:featuredmedia":[{"embeddable":true,"href":"https:\/\/soydeaqui.ddns.net\/pachuca\/index.php\/wp-json\/wp\/v2\/media\/28644"}],"wp:attachment":[{"href":"https:\/\/soydeaqui.ddns.net\/pachuca\/index.php\/wp-json\/wp\/v2\/media?parent=28645"}],"wp:term":[{"taxonomy":"product_brand","embeddable":true,"href":"https:\/\/soydeaqui.ddns.net\/pachuca\/index.php\/wp-json\/wp\/v2\/product_brand?post=28645"},{"taxonomy":"product_cat","embeddable":true,"href":"https:\/\/soydeaqui.ddns.net\/pachuca\/index.php\/wp-json\/wp\/v2\/product_cat?post=28645"},{"taxonomy":"product_tag","embeddable":true,"href":"https:\/\/soydeaqui.ddns.net\/pachuca\/index.php\/wp-json\/wp\/v2\/product_tag?post=28645"}],"curies":[{"name":"wp","href":"https:\/\/api.w.org\/{rel}","templated":true}]}}