{"id":28631,"date":"2026-03-18T13:01:52","date_gmt":"2026-03-18T13:01:52","guid":{"rendered":"https:\/\/soydeaqui.ddns.net\/pachuca\/index.php\/producto\/lector-especializado-de-placas-desde-cualquier-iluminacion-y-angulo-4-metros-de-alcance-anpr-serie-lumo\/"},"modified":"2026-03-18T13:01:57","modified_gmt":"2026-03-18T13:01:57","slug":"lector-especializado-de-placas-desde-cualquier-iluminacion-y-angulo-4-metros-de-alcance-anpr-serie-lumo","status":"publish","type":"product","link":"https:\/\/soydeaqui.ddns.net\/pachuca\/index.php\/producto\/lector-especializado-de-placas-desde-cualquier-iluminacion-y-angulo-4-metros-de-alcance-anpr-serie-lumo\/","title":{"rendered":"Lector especializado de placas desde cualquier Iluminaci\u00f3n y Angulo, 4 metros de alcance  (ANPR) serie LUMO"},"content":{"rendered":"<div style='width: 100%; max-width: 1200px; margin: 0 auto; font-family: sans-serif; line-height: 1.6; color: inherit; background-color: transparent;'>\n<div style='width: 100%; max-width: 1200px; margin: 0 auto; font-family: sans-serif; line-height: 1.6; color: inherit; background-color: transparent;'>\n<div style='display: flex; flex-wrap: wrap; gap: 30px; margin-bottom: 30px;'>\n<div style='flex: 1 1 300px; min-width: 280px;'>\n<h3 style='font-size: 22px; border-bottom: 2px solid currentColor; padding-bottom: 5px; margin-top: 0; color: inherit; opacity: 0.8;'>Solucion de Reconocimiento de Placas<\/h3>\n<p style='color: inherit;'>Reconocimiento de placas (en ingles License Plate Recognition (LPR) o reconocimiento de placas automatico (<a style='color: inherit; text-decoration: underline;' href='https:\/\/www.nedapidentification.com\/technologies\/license-plate-recognition-solutions\/#blockwhatis_1'>ANPR<\/a>) Es una tecnologia que identifica una placa de un vehiculo registrado utilizando reconocimiento optico de caracteres (OCR). El producto ANPR de NEDNAP le permite una identificacion de largo alcance de un vehiculo&comma; haciendo una solucion versatil para una amplia variedad de aplicaciones.<\/p>\n<\/p><\/div>\n<\/p><\/div>\n<div style='display: flex; flex-wrap: wrap; gap: 20px; margin-bottom: 30px;'>\n<div style='flex: 1 1 250px; border: 1px solid rgba(150&comma; 150&comma; 150&comma; 0.4); border-radius: 8px; overflow: hidden; display: flex; flex-direction: column;'>\n<div style='padding: 15px; border-bottom: 1px solid rgba(150&comma; 150&comma; 150&comma; 0.2); font-weight: bold; font-size: 18px; color: inherit;'>Caracter\u00edsticas principales<\/div>\n<div style='padding: 15px; color: inherit;'>\n<ul style='padding-left: 20px; margin: 0; font-size: 14px; list-style-type: disc;'>\n<li style='margin-bottom: 5px;'>Lectura autom\u00e1tica de matr\u00edculas<\/li>\n<li style='margin-bottom: 5px;'>Todo en un sistema&comma; analizador de la c\u00e1mara&comma; iluminador de infrarrojos<\/li>\n<li style='margin-bottom: 5px;'>Lista blanca y lista Negra de Matriculas<\/li>\n<li style='margin-bottom: 5px;'>Pa\u00edses de todo el mundo disponibles<\/li>\n<li style='margin-bottom: 5px;'>Rango de acci\u00f3n de 4 metros<\/li>\n<li style='margin-bottom: 5px;'>Salida de relevador<\/li>\n<li style='margin-bottom: 5px;'>Compatible con panels de control de acceso ROSSLARE; SUPREMA; HID<\/li>\n<li style='margin-bottom: 5px;'>F\u00e1cil configuraci\u00f3n de usuario<\/li>\n<\/ul><\/div>\n<\/p><\/div>\n<div style='flex: 1 1 250px; border: 1px solid rgba(150&comma; 150&comma; 150&comma; 0.4); border-radius: 8px; overflow: hidden; display: flex; flex-direction: column;'>\n<div style='padding: 15px; border-bottom: 1px solid rgba(150&comma; 150&comma; 150&comma; 0.2); font-weight: bold; font-size: 18px; color: inherit;'>Caracter\u00edsticas F\u00edsicas y El\u00e9ctricas<\/div>\n<div style='padding: 15px; color: inherit;'>\n<ul style='padding-left: 20px; margin: 0; font-size: 14px; list-style-type: disc;'>\n<li style='margin-bottom: 5px;'>Dimensiones: 221 x 131 x 126 mm (8.7 x 5.2 x 5 in)<\/li>\n<li style='margin-bottom: 5px;'>Peso: 2.5 kg (5.5 lbs)<\/li>\n<li style='margin-bottom: 5px;'>Nivel de protecci\u00f3n: IP65 (approx. NEMA4x)<\/li>\n<li style='margin-bottom: 5px;'>Temperatura de operaci\u00f3n: -20 &#8230; +55\u00b0C (-4\u2026 +131\u00b0F)<\/li>\n<li style='margin-bottom: 5px;'>Humedad: 10% &#8230; 93% Humedad relativa&comma; sin condensaci\u00f3n<\/li>\n<li style='margin-bottom: 5px;'>Voltaje: 24 VDC +10%<\/li>\n<li style='margin-bottom: 5px;'>Salida Wiegand<\/li>\n<\/ul><\/div>\n<\/p><\/div>\n<div style='flex: 1 1 250px; border: 1px solid rgba(150&comma; 150&comma; 150&comma; 0.4); border-radius: 8px; overflow: hidden; display: flex; flex-direction: column;'>\n<div style='padding: 15px; border-bottom: 1px solid rgba(150&comma; 150&comma; 150&comma; 0.2); font-weight: bold; font-size: 18px; color: inherit;'>Caracter\u00edsticas Destacadas<\/div>\n<div style='padding: 15px; color: inherit;'>\n<p style='margin: 0;'>La c\u00e1mara ANPR es un lector de placa de matr\u00edcula con opci\u00f3n de comunicaci\u00f3n Wiegand (opcional con Modulo aparte). El lector de matr\u00edculas Nedap es una c\u00e1mara todo-en-uno que incluye la c\u00e1mara&comma; analizador y el iluminador IR. El lector ANPR ha incorporado el software de procesamiento a bordo. El lector de matr\u00edculas es por defecto ofrecido con un RS485 y la comunicaci\u00f3n Ethernet. El lector Nedap ANPR cubre casi todos los pa\u00edses europeos y tiene una amplia lista de pa\u00edses de todo el mundo que soportan una amplia gama de placas de matr\u00edcula IR-reflectante.<\/p>\n<\/p><\/div>\n<\/p><\/div>\n<\/p><\/div>\n<div style='margin: 30px 0; text-align: center;'> <img style='width: 100%; max-width: 800px; height: auto; border: 1px solid rgba(150&comma;150&comma;150&comma;0.3); border-radius: 8px;' src='http:\/\/ftp3.syscom.mx\/usuarios\/gjimenez\/NEDAP\/imagen\/ANPR%20tabla.jpg' alt='Tabla de especificaciones ANPR'> <\/div>\n<div style='position: relative; padding-bottom: 56.25%; height: 0; overflow: hidden; margin-bottom: 30px;'>   <\/div>\n<\/p><\/div>\n","protected":false},"excerpt":{"rendered":"<p>Lector especializado de placas desde cualquier Iluminaci\u00f3n y Angulo, 4 metros de alcance  (ANPR) serie LUMO<\/p>\n","protected":false},"featured_media":28630,"comment_status":"open","ping_status":"closed","template":"","meta":[],"product_brand":[],"product_cat":[777],"product_tag":[401,93,858],"class_list":{"0":"post-28631","1":"product","2":"type-product","3":"status-publish","4":"has-post-thumbnail","6":"product_cat-accesorios-acceso-vehicular","7":"product_tag-acceso-vehicular","8":"product_tag-accesorios","9":"product_tag-nedap","11":"first","12":"instock","13":"sale","14":"shipping-taxable","15":"purchasable","16":"product-type-simple"},"_links":{"self":[{"href":"https:\/\/soydeaqui.ddns.net\/pachuca\/index.php\/wp-json\/wp\/v2\/product\/28631","targetHints":{"allow":["GET"]}}],"collection":[{"href":"https:\/\/soydeaqui.ddns.net\/pachuca\/index.php\/wp-json\/wp\/v2\/product"}],"about":[{"href":"https:\/\/soydeaqui.ddns.net\/pachuca\/index.php\/wp-json\/wp\/v2\/types\/product"}],"replies":[{"embeddable":true,"href":"https:\/\/soydeaqui.ddns.net\/pachuca\/index.php\/wp-json\/wp\/v2\/comments?post=28631"}],"wp:featuredmedia":[{"embeddable":true,"href":"https:\/\/soydeaqui.ddns.net\/pachuca\/index.php\/wp-json\/wp\/v2\/media\/28630"}],"wp:attachment":[{"href":"https:\/\/soydeaqui.ddns.net\/pachuca\/index.php\/wp-json\/wp\/v2\/media?parent=28631"}],"wp:term":[{"taxonomy":"product_brand","embeddable":true,"href":"https:\/\/soydeaqui.ddns.net\/pachuca\/index.php\/wp-json\/wp\/v2\/product_brand?post=28631"},{"taxonomy":"product_cat","embeddable":true,"href":"https:\/\/soydeaqui.ddns.net\/pachuca\/index.php\/wp-json\/wp\/v2\/product_cat?post=28631"},{"taxonomy":"product_tag","embeddable":true,"href":"https:\/\/soydeaqui.ddns.net\/pachuca\/index.php\/wp-json\/wp\/v2\/product_tag?post=28631"}],"curies":[{"name":"wp","href":"https:\/\/api.w.org\/{rel}","templated":true}]}}