{"id":2861,"date":"2026-03-18T06:01:41","date_gmt":"2026-03-18T06:01:41","guid":{"rendered":"https:\/\/soydeaqui.ddns.net\/pachuca\/index.php\/producto\/llavero-remoto-de-4-botones-de-uso-rudo-ideal-para-armado-total-parcial-desarmado-panico-para-dsc-433-mhz\/"},"modified":"2026-03-18T06:01:44","modified_gmt":"2026-03-18T06:01:44","slug":"llavero-remoto-de-4-botones-de-uso-rudo-ideal-para-armado-total-parcial-desarmado-panico-para-dsc-433-mhz","status":"publish","type":"product","link":"https:\/\/soydeaqui.ddns.net\/pachuca\/index.php\/producto\/llavero-remoto-de-4-botones-de-uso-rudo-ideal-para-armado-total-parcial-desarmado-panico-para-dsc-433-mhz\/","title":{"rendered":"LLavero remoto de 4 Botones de uso rudo ideal para Armado total\/parcial\/desarmado\/p\u00e1nico. para DSC 433 MHz"},"content":{"rendered":"<div style='width: 100%; max-width: 1200px; margin: 0 auto; font-family: sans-serif; line-height: 1.6; color: inherit; background-color: transparent;'>\n<p style='text-align: center; margin: 0 0 20px 0;'><img style='width: 100%; max-width: 250px; height: auto; border: 1px solid rgba(150&comma;150&comma;150&comma;0.3); border-radius: 8px;' src='https:\/\/ftp3.syscom.mx\/usuarios\/vvega\/sfire\/SFIRE_LOGO.png' alt=''><\/p>\n<div style='margin: 30px 0;'>\n<p style='font-size: 16px; color: inherit; margin: 0 0 20px 0; text-align: center;'>Llavero remoto de 4 Botones de uso rudo ideal para Armado total \/ parcial \/ desarmado \/ p\u00e1nico. -Compatible con paneles DSC Power Series (433 MHz)<\/p>\n<\/p><\/div>\n<div style='display: flex; flex-wrap: wrap; gap: 30px; margin-bottom: 30px;'>\n<div style='flex: 1 1 300px; min-width: 280px;'>\n<h3 style='font-size: 22px; border-bottom: 2px solid currentColor; padding-bottom: 5px; margin-top: 0; color: inherit; opacity: 0.8;'>Caracter\u00edsticas principales<\/h3>\n<ul style='padding-left: 20px; font-size: 15px; color: inherit;'>\n<li style='margin-bottom: 5px;'>Compatible con Paneles DSC Power Series<\/li>\n<li style='margin-bottom: 5px;'>4 Botones Programables<\/li>\n<li style='margin-bottom: 5px;'>Listo para Uso Rudo<\/li>\n<\/ul><\/div>\n<div style='flex: 1 1 300px; min-width: 280px;'>\n<h3 style='font-size: 22px; border-bottom: 2px solid currentColor; padding-bottom: 5px; margin-top: 0; color: inherit; opacity: 0.8;'>Caracter\u00edsticas F\u00edsicas y El\u00e9ctricas<\/h3>\n<ul style='padding-left: 20px; font-size: 15px; color: inherit;'>\n<li style='margin-bottom: 5px;'><strong>Frecuencia:<\/strong> 433Hz<\/li>\n<li style='margin-bottom: 5px;'><strong>Bater\u00eda:<\/strong> 3Vdc Litio Modelo CR2032&comma; 225mAh<\/li>\n<li style='margin-bottom: 5px;'><strong>Duraci\u00f3n de bater\u00eda:<\/strong> Aproximadamente 5 a\u00f1os<\/li>\n<li style='margin-bottom: 5px;'><strong>Temperatura de operaci\u00f3n:<\/strong> 0\u00b0 a 49\u00b0 C<\/li>\n<li style='margin-bottom: 5px;'><strong>Dimensiones:<\/strong> 6 x 3.3 x 1.2 cms<\/li>\n<\/ul><\/div>\n<div style='flex: 1 1 300px; min-width: 280px;'>\n<h3 style='font-size: 22px; border-bottom: 2px solid currentColor; padding-bottom: 5px; margin-top: 0; color: inherit; opacity: 0.8;'>Contenido<\/h3>\n<ul style='padding-left: 20px; font-size: 15px; color: inherit;'>\n<li style='margin-bottom: 5px;'>Llavero remoto de 4 botones<\/li>\n<li style='margin-bottom: 5px;'>Bater\u00eda 3 Vdc Litio CR2032<\/li>\n<\/ul><\/div>\n<\/p><\/div>\n<hr style='border: 0; border-top: 1px solid rgba(150&comma; 150&comma; 150&comma; 0.3); margin: 30px 0;'> <\/div>\n","protected":false},"excerpt":{"rendered":"<p>LLavero remoto de 4 Botones de uso rudo ideal para Armado total\/parcial\/desarmado\/p\u00e1nico. para DSC 433 MHz<\/p>\n","protected":false},"featured_media":2860,"comment_status":"open","ping_status":"closed","template":"","meta":[],"product_brand":[],"product_cat":[237],"product_tag":[93,238,79],"class_list":{"0":"post-2861","1":"product","2":"type-product","3":"status-publish","4":"has-post-thumbnail","6":"product_cat-controles-remotos","7":"product_tag-accesorios","8":"product_tag-controles-remotos","9":"product_tag-sfire","11":"first","12":"instock","13":"sale","14":"shipping-taxable","15":"purchasable","16":"product-type-simple"},"_links":{"self":[{"href":"https:\/\/soydeaqui.ddns.net\/pachuca\/index.php\/wp-json\/wp\/v2\/product\/2861","targetHints":{"allow":["GET"]}}],"collection":[{"href":"https:\/\/soydeaqui.ddns.net\/pachuca\/index.php\/wp-json\/wp\/v2\/product"}],"about":[{"href":"https:\/\/soydeaqui.ddns.net\/pachuca\/index.php\/wp-json\/wp\/v2\/types\/product"}],"replies":[{"embeddable":true,"href":"https:\/\/soydeaqui.ddns.net\/pachuca\/index.php\/wp-json\/wp\/v2\/comments?post=2861"}],"wp:featuredmedia":[{"embeddable":true,"href":"https:\/\/soydeaqui.ddns.net\/pachuca\/index.php\/wp-json\/wp\/v2\/media\/2860"}],"wp:attachment":[{"href":"https:\/\/soydeaqui.ddns.net\/pachuca\/index.php\/wp-json\/wp\/v2\/media?parent=2861"}],"wp:term":[{"taxonomy":"product_brand","embeddable":true,"href":"https:\/\/soydeaqui.ddns.net\/pachuca\/index.php\/wp-json\/wp\/v2\/product_brand?post=2861"},{"taxonomy":"product_cat","embeddable":true,"href":"https:\/\/soydeaqui.ddns.net\/pachuca\/index.php\/wp-json\/wp\/v2\/product_cat?post=2861"},{"taxonomy":"product_tag","embeddable":true,"href":"https:\/\/soydeaqui.ddns.net\/pachuca\/index.php\/wp-json\/wp\/v2\/product_tag?post=2861"}],"curies":[{"name":"wp","href":"https:\/\/api.w.org\/{rel}","templated":true}]}}