{"id":2859,"date":"2026-03-18T06:01:40","date_gmt":"2026-03-18T06:01:40","guid":{"rendered":"https:\/\/soydeaqui.ddns.net\/pachuca\/index.php\/producto\/detector-inalambrico-fotoelectrico-de-humo-honeywell-bateria-de-larga-duracion-3-5-anos\/"},"modified":"2026-03-18T06:01:40","modified_gmt":"2026-03-18T06:01:40","slug":"detector-inalambrico-fotoelectrico-de-humo-honeywell-bateria-de-larga-duracion-3-5-anos","status":"publish","type":"product","link":"https:\/\/soydeaqui.ddns.net\/pachuca\/index.php\/producto\/detector-inalambrico-fotoelectrico-de-humo-honeywell-bateria-de-larga-duracion-3-5-anos\/","title":{"rendered":"Detector Inalambrico fotoel\u00e9ctrico de humo Honeywell  \/ Bater\u00eda de Larga Duraci\u00f3n 3-5 a\u00f1os"},"content":{"rendered":"<div style='width: 100%; max-width: 1200px; margin: 0 auto; font-family: sans-serif; line-height: 1.6; color: inherit; background-color: transparent;'> <!-- Secci\u00f3n de caracter\u00edsticas --> <\/p>\n<div style='display: flex; flex-wrap: wrap; gap: 30px; margin-bottom: 30px;'>\n<div style='flex: 1 1 300px; min-width: 280px;'>\n<h3 style='font-size: 22px; border-bottom: 2px solid currentColor; padding-bottom: 5px; margin-top: 0; color: inherit; opacity: 0.8;'>Caracter\u00edsticas<\/h3>\n<ul style='padding-left: 20px; font-size: 15px; color: inherit;'>\n<li style='margin-bottom: 5px;'>Detector fotoel\u00e9ctrico de Humo<\/li>\n<li style='margin-bottom: 5px;'>Para aplicaciones residenciales&comma; comerciales e industriales<\/li>\n<li style='margin-bottom: 5px;'>Dos LEDs de notificaci\u00f3n de estatus<\/li>\n<li style='margin-bottom: 5px;'>Sensor de bajo perfil<\/li>\n<li style='margin-bottom: 5px;'>Notificaci\u00f3n de suciedad (Requiere de receptor 5881ENH para esta funci\u00f3n)<\/li>\n<li style='margin-bottom: 5px;'>Aprobaciones UL y NFPA 72<\/li>\n<li style='margin-bottom: 5px;'>Temperatura de Operaci\u00f3n 0 a 37.8\u00baC<\/li>\n<li style='margin-bottom: 5px;'>Bater\u00eda de Larga Duraci\u00f3n 3-5 a\u00f1os<\/li>\n<\/ul><\/div>\n<\/p><\/div>\n<p> <!-- Secci\u00f3n de especificaciones destacadas --> <\/p>\n<div style='display: flex; flex-wrap: wrap; gap: 20px; margin-bottom: 30px;'>\n<div style='flex: 1 1 250px; border: 1px solid rgba(150&comma; 150&comma; 150&comma; 0.4); border-radius: 8px; overflow: hidden; display: flex; flex-direction: column;'>\n<div style='padding: 15px; border-bottom: 1px solid rgba(150&comma; 150&comma; 150&comma; 0.2); font-weight: bold; font-size: 18px; color: inherit;'>Caracter\u00edsticas Principales<\/div>\n<div style='padding: 15px; color: inherit;'>\n<ul style='padding-left: 20px; margin: 0; font-size: 14px; list-style-type: disc;'>\n<li style='margin-bottom: 5px;'>Bater\u00eda de Larga Duraci\u00f3n 3-5 a\u00f1os<\/li>\n<\/ul><\/div>\n<\/p><\/div>\n<\/p><\/div>\n<p> <!-- Separador --> <\/p>\n<hr style='border: 0; border-top: 1px solid rgba(150&comma; 150&comma; 150&comma; 0.3); margin: 30px 0;'> <\/div>\n","protected":false},"excerpt":{"rendered":"<p>Detector Inalambrico fotoel\u00e9ctrico de humo Honeywell  \/ Bater\u00eda de Larga Duraci\u00f3n 3-5 a\u00f1os<\/p>\n","protected":false},"featured_media":32,"comment_status":"open","ping_status":"closed","template":"","meta":[],"product_brand":[],"product_cat":[64],"product_tag":[19,45,65],"class_list":{"0":"post-2859","1":"product","2":"type-product","3":"status-publish","4":"has-post-thumbnail","6":"product_cat-humo-inalambricos","7":"product_tag-detectores-sensores","8":"product_tag-honeywell-home-resideo","9":"product_tag-humo-inalambricos","11":"first","12":"outofstock","13":"sale","14":"shipping-taxable","15":"purchasable","16":"product-type-simple"},"_links":{"self":[{"href":"https:\/\/soydeaqui.ddns.net\/pachuca\/index.php\/wp-json\/wp\/v2\/product\/2859","targetHints":{"allow":["GET"]}}],"collection":[{"href":"https:\/\/soydeaqui.ddns.net\/pachuca\/index.php\/wp-json\/wp\/v2\/product"}],"about":[{"href":"https:\/\/soydeaqui.ddns.net\/pachuca\/index.php\/wp-json\/wp\/v2\/types\/product"}],"replies":[{"embeddable":true,"href":"https:\/\/soydeaqui.ddns.net\/pachuca\/index.php\/wp-json\/wp\/v2\/comments?post=2859"}],"wp:featuredmedia":[{"embeddable":true,"href":"https:\/\/soydeaqui.ddns.net\/pachuca\/index.php\/wp-json\/wp\/v2\/media\/32"}],"wp:attachment":[{"href":"https:\/\/soydeaqui.ddns.net\/pachuca\/index.php\/wp-json\/wp\/v2\/media?parent=2859"}],"wp:term":[{"taxonomy":"product_brand","embeddable":true,"href":"https:\/\/soydeaqui.ddns.net\/pachuca\/index.php\/wp-json\/wp\/v2\/product_brand?post=2859"},{"taxonomy":"product_cat","embeddable":true,"href":"https:\/\/soydeaqui.ddns.net\/pachuca\/index.php\/wp-json\/wp\/v2\/product_cat?post=2859"},{"taxonomy":"product_tag","embeddable":true,"href":"https:\/\/soydeaqui.ddns.net\/pachuca\/index.php\/wp-json\/wp\/v2\/product_tag?post=2859"}],"curies":[{"name":"wp","href":"https:\/\/api.w.org\/{rel}","templated":true}]}}