{"id":28579,"date":"2026-03-18T13:00:44","date_gmt":"2026-03-18T13:00:44","guid":{"rendered":"https:\/\/soydeaqui.ddns.net\/pachuca\/index.php\/producto\/sensor-laser-para-barreras-vehiculares-y-puertas-evite-el-uso-de-lazos-magneticos-protege-carriles-de-hasta-9-6-m-de-ancho-y-9-6-metros-de-profundidad\/"},"modified":"2026-03-18T13:00:45","modified_gmt":"2026-03-18T13:00:45","slug":"sensor-laser-para-barreras-vehiculares-y-puertas-evite-el-uso-de-lazos-magneticos-protege-carriles-de-hasta-9-6-m-de-ancho-y-9-6-metros-de-profundidad","status":"publish","type":"product","link":"https:\/\/soydeaqui.ddns.net\/pachuca\/index.php\/producto\/sensor-laser-para-barreras-vehiculares-y-puertas-evite-el-uso-de-lazos-magneticos-protege-carriles-de-hasta-9-6-m-de-ancho-y-9-6-metros-de-profundidad\/","title":{"rendered":"Sensor l\u00e1ser para barreras vehiculares y puertas \/ Evite el uso de lazos magn\u00e9ticos \/ Protege carriles de hasta 9.6 m de ancho y 9.6 metros de profundidad"},"content":{"rendered":"<div style='width: 100%; max-width: 1200px; margin: 0 auto; font-family: sans-serif; line-height: 1.6; color: inherit; background-color: transparent;'>\n<div style='display: flex; flex-wrap: wrap; gap: 30px; margin-bottom: 30px;'>\n<div style='flex: 1 1 300px; min-width: 280px;'>\n<div style='border-left: 5px solid #0091ff; border-radius: 5px; padding: 5px; box-shadow: 2px 2px 10px rgba(216&comma;216&comma;216&comma;0.3); -webkit-box-shadow: 2px 2px 10px rgba(216&comma;216&comma;216&comma;0.3); background-color: inherit;'>\n<h3 style='font-size: 18px; border-bottom: none; padding-bottom: 5px; margin-top: 0; margin-bottom: 15px; color: inherit; font-weight: bold;'>Caracter\u00edsticas principales:<\/h3>\n<ul style='padding-left: 20px; font-size: 15px; color: inherit; list-style-type: disc;'>\n<li style='margin-bottom: 5px;'>Tecnologia Laser.<\/li>\n<li style='margin-bottom: 5px;'>Modo de detecci\u00f3n: Movimeinto y presencia.<\/li>\n<li style='margin-bottom: 5px;'>Rango de detecci\u00f3n: 9.6 x 9.6 m.<\/li>\n<\/ul><\/div>\n<\/p><\/div>\n<div style='flex: 1 1 300px; min-width: 280px;'>\n<div style='border-left: 5px solid #0091ff; border-radius: 5px; padding: 5px; box-shadow: 2px 2px 10px rgba(216&comma;216&comma;216&comma;0.3); -webkit-box-shadow: 2px 2px 10px rgba(216&comma;216&comma;216&comma;0.3); background-color: inherit;'>\n<h3 style='font-size: 18px; border-bottom: none; padding-bottom: 5px; margin-top: 0; margin-bottom: 15px; color: inherit; font-weight: bold;'>Caracter\u00edsticas F\u00edsicas y El\u00e9ctricas:<\/h3>\n<ul style='padding-left: 20px; font-size: 15px; color: inherit; list-style-type: disc;'>\n<li style='margin-bottom: 5px;'>Voltaje de operaci\u00f3n: 12 a 24 VCC.<\/li>\n<li style='margin-bottom: 5px;'>Consumo maximo 5 W.<\/li>\n<li style='margin-bottom: 5px;'>Corriente maxima 1.8 A.<\/li>\n<\/ul><\/div>\n<\/p><\/div>\n<div style='flex: 1 1 300px; min-width: 280px;'>\n<div style='border-left: 5px solid #0091ff; border-radius: 5px; padding: 5px; box-shadow: 2px 2px 10px rgba(216&comma;216&comma;216&comma;0.3); -webkit-box-shadow: 2px 2px 10px rgba(216&comma;216&comma;216&comma;0.3); background-color: inherit;'>\n<h3 style='font-size: 18px; border-bottom: none; padding-bottom: 5px; margin-top: 0; margin-bottom: 15px; color: inherit; font-weight: bold;'>Caracter\u00edsticas Destacadas:<\/h3>\n<ul style='padding-left: 20px; font-size: 15px; color: inherit; list-style-type: disc;'>\n<li style='margin-bottom: 5px;'>Tecnologia Time of fligth.<\/li>\n<li style='margin-bottom: 5px;'>Grado de protecci\u00f3n NEMA 4.<\/li>\n<li style='margin-bottom: 5px;'>Se\u00f1ales de activaci\u00f3n y seguridad.<\/li>\n<\/ul><\/div>\n<\/p><\/div>\n<\/p><\/div>\n<hr style='border: 0; border-top: 1px solid rgba(150&comma; 150&comma; 150&comma; 0.3); margin: 30px 0;'>\n<div style='display: flex; flex-wrap: wrap; gap: 30px; margin-bottom: 30px;'>\n<div style='flex: 1 1 400px; min-width: 300px;'>\n<h2 style='font-size: 24px; font-weight: 500; margin-top: 0; margin-bottom: 10px; color: inherit;'>Aplicaciones &#8211; Barreras vehiculares&comma; portones abatibles o corredizos y cortinas enrollables<\/h2>\n<h3 style='font-size: 20px; font-weight: 500; margin-top: 20px; margin-bottom: 10px; color: inherit;'>\u00bfQu\u00e9 necesito cotizar?<\/h3>\n<ol style='padding-left: 20px; font-size: 14px; color: inherit; list-style-type: decimal;'>\n<li style='margin-bottom: 5px;'>Sensor <strong>10-LZR-H100<\/strong>&comma; sensor l\u00e1ser.<\/li>\n<li style='margin-bottom: 5px;'>Control remoto para realizar las configuraciones adecuadas para su aplicaci\u00f3n (No incluido). Modelo <strong>10-REMOTE<\/strong><\/li>\n<li style='margin-bottom: 5px;'>Soporte para montaje en barrera o pedestal (No incluido). Facilita la instalaci\u00f3n. Modelo <strong style='color: inherit;'>10-LBA<\/strong><\/li>\n<li style='margin-bottom: 5px;'>Fuente de alimentaci\u00f3n 12 Vcc&comma; 1 A regulada para la alimentaci\u00f3n del equipo (No incluida). Modelo recomendado: <strong style='color: inherit;'>PL-DC-1000<\/strong> o equivalente.<\/li>\n<\/ol>\n<h3 style='font-size: 20px; font-weight: 500; margin-top: 20px; margin-bottom: 10px; color: inherit;'>Accesorio opcional para cotizar<\/h3>\n<ul style='padding-left: 20px; font-size: 14px; color: inherit; list-style-type: disc;'>\n<li style='margin-bottom: 5px;'>Bolardo tipo pedestal para montar el sensor 10-LZRH100 (No incluido). Modelo <a style='color: inherit; text-decoration: underline;' href='https:\/\/www.syscom.mx\/producto\/10-BOLLARD-BLK-BEA-162893.html' target='_blank' rel='noopener'><strong style='color: inherit;'>10-BOLLARD-BLK<\/strong><\/a><\/li>\n<\/ul><\/div>\n<div style='flex: 1 1 400px; min-width: 300px;'> <img style='width: 100%; height: auto; border: 1px solid rgba(150&comma;150&comma;150&comma;0.3); border-radius: 8px;' src='https:\/\/ftp3.syscom.mx\/usuarios\/fotos\/10LZRH10019327\/188163-10lzrh10019327.jpg' alt='Sensor L\u00e1ser BEA 10LZRH100'> <\/div>\n<\/p><\/div>\n<hr style='border: 0; border-top: 1px solid rgba(150&comma; 150&comma; 150&comma; 0.3); margin: 30px 0;'>\n<div style='margin-bottom: 30px;'> <img style='width: 100%; height: auto; border: 1px solid rgba(150&comma;150&comma;150&comma;0.3); border-radius: 8px;' src='https:\/\/ftp3.syscom.mx\/usuarios\/anavarrete\/Bea\/SYSCOM%20-%20WEB%20BANNER%20LZR-H100%2020190710.png' alt='Banner informativo del sensor L\u00e1ser BEA 10LZRH100'> <\/div>\n<div style='margin-bottom: 30px;'>\n<p style='margin: 0 0 20px; color: inherit;'>El sensor 10-LZR-H100 de BEA es un sensor basado en la tecnolog\u00eda l\u00e1ser Time of Flight. Esta dise\u00f1ado para aplicaciones en puertas&comma; portones y barreras vehiculares. Esta soluci\u00f3n provee 4 cortinas l\u00e1ser&comma; las cuales ofrecen una zona tridimensional de detecci\u00f3n para una detecci\u00f3n precisa de objetos. Estas cortinas l\u00e1ser son altamente configurables y pueden ser ajustadas para funci\u00f3n de apertura&comma; seguridad y detecci\u00f3n de presencia en aplicaciones para sensado de veh\u00edculos.<\/p>\n<p style='margin: 0 0 20px; color: inherit;'>El 10-LZR-H100 es una alternativa segura y altamente competitiva para lugares donde no es posible instalar lazos magn\u00e9ticos&comma; esto debido a restricciones aplicadas por el usuario final o inconvenientes que limiten el \u00e1rea de instalaci\u00f3n. El sensor est\u00e1 encapsulado en un gabinete NEMA 4&comma; asegurando un excelente rendimiento en aplicaciones de intemperie.<\/p>\n<\/p><\/div>\n<hr style='border: 0; border-top: 1px solid rgba(150&comma; 150&comma; 150&comma; 0.3); margin: 30px 0;'>\n<div style='display: grid; grid-template-columns: repeat(auto-fill&comma; minmax(300px&comma; 1fr)); gap: 20px; margin-bottom: 30px;'>\n<div style='position: relative; padding-bottom: 56.25%; height: 0; overflow: hidden;'>   <\/div>\n<div style='position: relative; padding-bottom: 56.25%; height: 0; overflow: hidden;'>   <\/div>\n<div style='position: relative; padding-bottom: 56.25%; height: 0; overflow: hidden;'>   <\/div>\n<div style='position: relative; padding-bottom: 56.25%; height: 0; overflow: hidden;'>   <\/div>\n<\/p><\/div>\n<\/p><\/div>\n","protected":false},"excerpt":{"rendered":"<p>Sensor l\u00e1ser para barreras vehiculares y puertas \/ Evite el uso de lazos magn\u00e9ticos \/ Protege carriles de hasta 9.6 m de ancho y 9.6 metros de profundidad<\/p>\n","protected":false},"featured_media":28578,"comment_status":"open","ping_status":"closed","template":"","meta":[],"product_brand":[],"product_cat":[777],"product_tag":[401,93,843],"class_list":{"0":"post-28579","1":"product","2":"type-product","3":"status-publish","4":"has-post-thumbnail","6":"product_cat-accesorios-acceso-vehicular","7":"product_tag-acceso-vehicular","8":"product_tag-accesorios","9":"product_tag-bea","11":"first","12":"outofstock","13":"sale","14":"shipping-taxable","15":"purchasable","16":"product-type-simple"},"_links":{"self":[{"href":"https:\/\/soydeaqui.ddns.net\/pachuca\/index.php\/wp-json\/wp\/v2\/product\/28579","targetHints":{"allow":["GET"]}}],"collection":[{"href":"https:\/\/soydeaqui.ddns.net\/pachuca\/index.php\/wp-json\/wp\/v2\/product"}],"about":[{"href":"https:\/\/soydeaqui.ddns.net\/pachuca\/index.php\/wp-json\/wp\/v2\/types\/product"}],"replies":[{"embeddable":true,"href":"https:\/\/soydeaqui.ddns.net\/pachuca\/index.php\/wp-json\/wp\/v2\/comments?post=28579"}],"wp:featuredmedia":[{"embeddable":true,"href":"https:\/\/soydeaqui.ddns.net\/pachuca\/index.php\/wp-json\/wp\/v2\/media\/28578"}],"wp:attachment":[{"href":"https:\/\/soydeaqui.ddns.net\/pachuca\/index.php\/wp-json\/wp\/v2\/media?parent=28579"}],"wp:term":[{"taxonomy":"product_brand","embeddable":true,"href":"https:\/\/soydeaqui.ddns.net\/pachuca\/index.php\/wp-json\/wp\/v2\/product_brand?post=28579"},{"taxonomy":"product_cat","embeddable":true,"href":"https:\/\/soydeaqui.ddns.net\/pachuca\/index.php\/wp-json\/wp\/v2\/product_cat?post=28579"},{"taxonomy":"product_tag","embeddable":true,"href":"https:\/\/soydeaqui.ddns.net\/pachuca\/index.php\/wp-json\/wp\/v2\/product_tag?post=28579"}],"curies":[{"name":"wp","href":"https:\/\/api.w.org\/{rel}","templated":true}]}}