{"id":28553,"date":"2026-03-18T13:00:07","date_gmt":"2026-03-18T13:00:07","guid":{"rendered":"https:\/\/soydeaqui.ddns.net\/pachuca\/index.php\/producto\/pantalla-de-21-pulgadas-para-publicidad-con-reconocimiento-facial-de-hasta-5-personas-al-mismo-tiempo\/"},"modified":"2026-03-18T13:00:11","modified_gmt":"2026-03-18T13:00:11","slug":"pantalla-de-21-pulgadas-para-publicidad-con-reconocimiento-facial-de-hasta-5-personas-al-mismo-tiempo","status":"publish","type":"product","link":"https:\/\/soydeaqui.ddns.net\/pachuca\/index.php\/producto\/pantalla-de-21-pulgadas-para-publicidad-con-reconocimiento-facial-de-hasta-5-personas-al-mismo-tiempo\/","title":{"rendered":"Pantalla de 21 pulgadas para publicidad con reconocimiento facial de hasta 5 personas al mismo tiempo"},"content":{"rendered":"<div style='width: 100%; max-width: 1200px; margin: 0 auto; font-family: sans-serif; line-height: 1.6; color: inherit; background-color: transparent;'> <!-- Secci\u00f3n de descripci\u00f3n principal --> <\/p>\n<div style='margin-bottom: 30px; font-size: 15px;'>\n<p style='margin-bottom: 15px;'>FaceKiosk-H21&comma; es un dispositivo inteligente multiusos con reconocimiento facial en luz visible&comma; gran pantalla y plataforma Android.<\/p>\n<p style='margin-bottom: 15px;'>Con funciones integradas de gesti\u00f3n de tiempo y asistencia&comma; control de acceso y publicidad&comma; puede admitir hasta 10&comma;000 plantillas de rostro&comma; 200&comma;000 registros de asistencia y ofrece una din\u00e1mica promoci\u00f3n de publicidad. Proporciona una amplia posibilidad de soluciones&comma; como recepci\u00f3n de reuniones&comma; Kiosco de autoservicio&comma; servicio VIP&comma; vinculaciones&comma; entre otras aplicaciones por personalizaci\u00f3n.<\/p>\n<p style='margin-bottom: 15px;'>El sistema Android&comma; junto con una gran pantalla t\u00e1ctil&comma; brinda a los usuarios una experiencia de operaci\u00f3n pr\u00e1ctica&comma; f\u00e1cil de usar e interactiva. Nuestro avanzado algoritmo de reconocimiento facial en luz visible admite la identificaci\u00f3n r\u00e1pida de hasta 5 personas simult\u00e1neamente a una distancia de 1 a 5 metros. Ofrece una gesti\u00f3n altamente eficiente con visualizaci\u00f3n en tiempo real&comma; compatibilidad con softwares de ZKTeco y posibilidad de integraci\u00f3n con softwares de terceros.<\/p>\n<\/p><\/div>\n<p> <!-- Secci\u00f3n de especificaciones --> <\/p>\n<div style='display: flex; flex-wrap: wrap; gap: 30px; margin-bottom: 30px;'>\n<div style='flex: 1 1 300px; min-width: 280px;'>\n<h3 style='font-size: 22px; border-bottom: 2px solid currentColor; padding-bottom: 5px; margin-top: 0; color: inherit; opacity: 0.8;'>Especificaciones<\/h3>\n<p> <!-- Capacidad --> <\/p>\n<div style='margin-bottom: 20px;'>\n<h4 style='font-size: 18px; margin-top: 15px; margin-bottom: 10px; color: inherit;'>Capacidad<\/h4>\n<ul style='padding-left: 20px; font-size: 15px; color: inherit;'>\n<li style='margin-bottom: 5px;'><strong>Rostros:<\/strong> 10&comma;000<\/li>\n<li style='margin-bottom: 5px;'><strong>Usuarios:<\/strong> 10&comma;000<\/li>\n<li style='margin-bottom: 5px;'><strong>Eventros:<\/strong> 200&comma;000<\/li>\n<\/ul><\/div>\n<p> <!-- Hardware --> <\/p>\n<div style='margin-bottom: 20px;'>\n<h4 style='font-size: 18px; margin-top: 15px; margin-bottom: 10px; color: inherit;'>Hardware<\/h4>\n<ul style='padding-left: 20px; font-size: 15px; color: inherit;'>\n<li style='margin-bottom: 5px;'><strong>Comunicaci\u00f3n:<\/strong> TCP\/IP&comma; Wi-Fi&comma; USB Host&comma; Bluetooth<\/li>\n<li style='margin-bottom: 5px;'><strong>\u00c1rea de respuesta efectiva:<\/strong> 476 x 267 mm<\/li>\n<li style='margin-bottom: 5px;'><strong>Relaci\u00f3n de aspecto:<\/strong> 16:9<\/li>\n<li style='margin-bottom: 5px;'><strong>Brillo de la pantalla:<\/strong> 300 cd\/m\u00b2<\/li>\n<li style='margin-bottom: 5px;'><strong>CPU:<\/strong> RK3399<\/li>\n<li style='margin-bottom: 5px;'><strong>Memoria:<\/strong> DDR3 4GB RAM \/ 32 Gb ROM<\/li>\n<li style='margin-bottom: 5px;'><strong>Sistema Operativo:<\/strong> Android 7.1.2<\/li>\n<li style='margin-bottom: 5px;'><strong>Dimensiones:<\/strong> 541 x 369.59 x 49.16<\/li>\n<li style='margin-bottom: 5px;'><strong>Dimensiones de la pantalla:<\/strong> Pantalla t\u00e1ctil de 21.5 pulgadas<\/li>\n<li style='margin-bottom: 5px;'><strong>Peso:<\/strong> 9 kg<\/li>\n<\/ul><\/div>\n<p> <!-- Operaci\u00f3n --> <\/p>\n<div style='margin-bottom: 20px;'>\n<h4 style='font-size: 18px; margin-top: 15px; margin-bottom: 10px; color: inherit;'>Operaci\u00f3n<\/h4>\n<ul style='padding-left: 20px; font-size: 15px; color: inherit;'>\n<li style='margin-bottom: 5px;'><strong>Voltaje:<\/strong> 110 &#8211; 240 V<\/li>\n<li style='margin-bottom: 5px;'><strong>Humedad:<\/strong> 10% ~ 98%<\/li>\n<li style='margin-bottom: 5px;'><strong>Temperatura:<\/strong> -10\u00baC ~ 50\u00ba C<\/li>\n<\/ul><\/div>\n<\/p><\/div>\n<\/p><\/div>\n<p> <!-- Separador --> <\/p>\n<hr style='border: 0; border-top: 1px solid rgba(150&comma; 150&comma; 150&comma; 0.3); margin: 30px 0;'> <\/div>\n","protected":false},"excerpt":{"rendered":"<p>Pantalla de 21 pulgadas para publicidad con reconocimiento facial de hasta 5 personas al mismo tiempo<\/p>\n","protected":false},"featured_media":28552,"comment_status":"open","ping_status":"closed","template":"","meta":[],"product_brand":[],"product_cat":[806],"product_tag":[744,807,844],"class_list":{"0":"post-28553","1":"product","2":"type-product","3":"status-publish","4":"has-post-thumbnail","6":"product_cat-para-control-de-acceso","7":"product_tag-biometricos","8":"product_tag-para-control-de-acceso","9":"product_tag-zkteco","11":"first","12":"outofstock","13":"sale","14":"shipping-taxable","15":"purchasable","16":"product-type-simple"},"_links":{"self":[{"href":"https:\/\/soydeaqui.ddns.net\/pachuca\/index.php\/wp-json\/wp\/v2\/product\/28553","targetHints":{"allow":["GET"]}}],"collection":[{"href":"https:\/\/soydeaqui.ddns.net\/pachuca\/index.php\/wp-json\/wp\/v2\/product"}],"about":[{"href":"https:\/\/soydeaqui.ddns.net\/pachuca\/index.php\/wp-json\/wp\/v2\/types\/product"}],"replies":[{"embeddable":true,"href":"https:\/\/soydeaqui.ddns.net\/pachuca\/index.php\/wp-json\/wp\/v2\/comments?post=28553"}],"wp:featuredmedia":[{"embeddable":true,"href":"https:\/\/soydeaqui.ddns.net\/pachuca\/index.php\/wp-json\/wp\/v2\/media\/28552"}],"wp:attachment":[{"href":"https:\/\/soydeaqui.ddns.net\/pachuca\/index.php\/wp-json\/wp\/v2\/media?parent=28553"}],"wp:term":[{"taxonomy":"product_brand","embeddable":true,"href":"https:\/\/soydeaqui.ddns.net\/pachuca\/index.php\/wp-json\/wp\/v2\/product_brand?post=28553"},{"taxonomy":"product_cat","embeddable":true,"href":"https:\/\/soydeaqui.ddns.net\/pachuca\/index.php\/wp-json\/wp\/v2\/product_cat?post=28553"},{"taxonomy":"product_tag","embeddable":true,"href":"https:\/\/soydeaqui.ddns.net\/pachuca\/index.php\/wp-json\/wp\/v2\/product_tag?post=28553"}],"curies":[{"name":"wp","href":"https:\/\/api.w.org\/{rel}","templated":true}]}}