{"id":28551,"date":"2026-03-18T13:00:05","date_gmt":"2026-03-18T13:00:05","guid":{"rendered":"https:\/\/soydeaqui.ddns.net\/pachuca\/index.php\/producto\/bobina-de-305-metros-1000-pies-con-6-conductores-de-cobre-trenzado-calibre-20-aislamiento-individual-de-frpvc-de-alta-calidad-cubierta-exterior-de-pvc-con-proteccin-anti-flama-cm-para-aplicacion\/"},"modified":"2026-03-18T13:00:06","modified_gmt":"2026-03-18T13:00:06","slug":"bobina-de-305-metros-1000-pies-con-6-conductores-de-cobre-trenzado-calibre-20-aislamiento-individual-de-frpvc-de-alta-calidad-cubierta-exterior-de-pvc-con-proteccin-anti-flama-cm-para-aplicacion","status":"publish","type":"product","link":"https:\/\/soydeaqui.ddns.net\/pachuca\/index.php\/producto\/bobina-de-305-metros-1000-pies-con-6-conductores-de-cobre-trenzado-calibre-20-aislamiento-individual-de-frpvc-de-alta-calidad-cubierta-exterior-de-pvc-con-proteccin-anti-flama-cm-para-aplicacion\/","title":{"rendered":"Bobina de 305 Metros (1000 Pies) con 6 Conductores de Cobre Trenzado Calibre 20, Aislamiento Individual de FRPVC de Alta Calidad, Cubierta Exterior de PVC con Protecci?n Anti-Flama CM. Para Aplicaciones de Control de Acceso"},"content":{"rendered":"<div style='width: 100%; max-width: 1200px; margin: 0 auto; font-family: sans-serif; line-height: 1.6; color: inherit; background-color: transparent;'> <!-- Secci\u00f3n de descripci\u00f3n --> <\/p>\n<div style='margin-bottom: 30px;'>\n<p style='font-size: 15px; color: inherit; margin: 0 0 15px 0;'>6 conductores de cobre trenzado calibre 20&comma; aislamiento individual de FRPVC de alta calidad&comma; cubierta exterior de PVC con protecci\u00f3n anti-flama CM.<\/p>\n<\/p><\/div>\n<p> <!-- Secci\u00f3n de aplicaciones --> <\/p>\n<div style='margin-bottom: 30px;'>\n<h3 style='font-size: 22px; border-bottom: 2px solid currentColor; padding-bottom: 5px; margin-top: 0; margin-bottom: 15px; color: inherit; opacity: 0.8;'>Aplicaciones<\/h3>\n<ul style='padding-left: 20px; font-size: 15px; color: inherit;'>\n<li style='margin-bottom: 5px;'>Industria: aplicaciones de control de acceso&comma; se\u00f1ales anal\u00f3gicas ON \/ OFF.<\/li>\n<li style='margin-bottom: 5px;'>Seguridad: alarmas y control de acceso&comma; conexi\u00f3n del panel de control con accesorios como sensores de movimiento&comma; placas magn\u00e9ticas y mostradores&comma; etc.<\/li>\n<li style='margin-bottom: 5px;'>Audio: Conexi\u00f3n de altavoces.<\/li>\n<\/ul><\/div>\n<p> <!-- Secci\u00f3n de especificaciones --> <\/p>\n<div style='display: flex; flex-wrap: wrap; gap: 20px; margin-bottom: 30px;'> <!-- Secci\u00f3n de conductor --> <\/p>\n<div style='flex: 1 1 250px; border: 1px solid rgba(150&comma; 150&comma; 150&comma; 0.4); border-radius: 8px; overflow: hidden; display: flex; flex-direction: column;'>\n<div style='padding: 15px; border-bottom: 1px solid rgba(150&comma; 150&comma; 150&comma; 0.2); font-weight: bold; font-size: 18px; color: inherit;'>Conductor<\/div>\n<div style='padding: 15px; color: inherit;'>\n<ul style='padding-left: 20px; margin: 0; font-size: 14px; list-style-type: disc;'>\n<li style='margin-bottom: 5px;'><strong>Tama\u00f1o:<\/strong> 0.50mm\u00b2<\/li>\n<li style='margin-bottom: 5px;'><strong>Formaci\u00f3n:<\/strong> STR 16 \/ 32AWG x 6C<\/li>\n<li style='margin-bottom: 5px;'><strong>Conductor:<\/strong> Cobre puro<\/li>\n<\/ul><\/div>\n<\/p><\/div>\n<p> <!-- Secci\u00f3n de aislamiento --> <\/p>\n<div style='flex: 1 1 250px; border: 1px solid rgba(150&comma; 150&comma; 150&comma; 0.4); border-radius: 8px; overflow: hidden; display: flex; flex-direction: column;'>\n<div style='padding: 15px; border-bottom: 1px solid rgba(150&comma; 150&comma; 150&comma; 0.2); font-weight: bold; font-size: 18px; color: inherit;'>Aislamiento<\/div>\n<div style='padding: 15px; color: inherit;'>\n<ul style='padding-left: 20px; margin: 0; font-size: 14px; list-style-type: disc;'>\n<li style='margin-bottom: 5px;'><strong>Grosor Promedio:<\/strong> 0.25mm<\/li>\n<li style='margin-bottom: 5px;'><strong>Nom. Di\u00e1metro:<\/strong> 1.5 \u00b1 0.1mm<\/li>\n<li style='margin-bottom: 5px;'><strong>Material:<\/strong> FRPVC- Cloruro de polivinilo resistente al fuego<\/li>\n<li style='margin-bottom: 5px;'><strong>Color:<\/strong> Negro&comma; Rojo&comma; Verde&comma; Blanco<\/li>\n<\/ul><\/div>\n<\/p><\/div>\n<p> <!-- Secci\u00f3n de chaqueta --> <\/p>\n<div style='flex: 1 1 250px; border: 1px solid rgba(150&comma; 150&comma; 150&comma; 0.4); border-radius: 8px; overflow: hidden; display: flex; flex-direction: column;'>\n<div style='padding: 15px; border-bottom: 1px solid rgba(150&comma; 150&comma; 150&comma; 0.2); font-weight: bold; font-size: 18px; color: inherit;'>Chaqueta<\/div>\n<div style='padding: 15px; color: inherit;'>\n<ul style='padding-left: 20px; margin: 0; font-size: 14px; list-style-type: disc;'>\n<li style='margin-bottom: 5px;'><strong>Espesor medio:<\/strong> 0&comma;6 mm<\/li>\n<li style='margin-bottom: 5px;'><strong>Nom. Di\u00e1metro:<\/strong> 4.6 \u00b1 0.2mm<\/li>\n<li style='margin-bottom: 5px;'><strong>Material:<\/strong> CM Calificaciones PVC-Cloruro de polivinilo<\/li>\n<li style='margin-bottom: 5px;'><strong>Color:<\/strong> Blanco<\/li>\n<li style='margin-bottom: 5px;'><strong>Cumple con RoHS:<\/strong> S\u00ed<\/li>\n<\/ul><\/div>\n<\/p><\/div>\n<p> <!-- Secci\u00f3n de caracter\u00edsticas mec\u00e1nicas --> <\/p>\n<div style='flex: 1 1 250px; border: 1px solid rgba(150&comma; 150&comma; 150&comma; 0.4); border-radius: 8px; overflow: hidden; display: flex; flex-direction: column;'>\n<div style='padding: 15px; border-bottom: 1px solid rgba(150&comma; 150&comma; 150&comma; 0.2); font-weight: bold; font-size: 18px; color: inherit;'>Caracter\u00edsticas mec\u00e1nicas<\/div>\n<div style='padding: 15px; color: inherit;'>\n<ul style='padding-left: 20px; margin: 0; font-size: 14px; list-style-type: disc;'>\n<li style='margin-bottom: 5px;'><strong>Resistencia DC&comma; Max Ohm \/ KM (20):<\/strong> 34.80<\/li>\n<li style='margin-bottom: 5px;'><strong>Capacitancia:<\/strong> 20.5 pF \/ pie. nom<\/li>\n<li style='margin-bottom: 5px;'><strong>Impedancia:<\/strong> 74 ohmios nom<\/li>\n<li style='margin-bottom: 5px;'><strong>Temperatura:<\/strong> -20 \u00b0C a 60 \u00b0C<\/li>\n<li style='margin-bottom: 5px;'><strong>Tensi\u00f3n de funcionamiento m\u00e1x.:<\/strong> 300 voltios<\/li>\n<\/ul><\/div>\n<\/p><\/div>\n<\/p><\/div>\n<p> <!-- Secci\u00f3n de informaci\u00f3n adicional --> <\/p>\n<div style='display: flex; flex-wrap: wrap; gap: 30px; margin-bottom: 30px;'>\n<div style='flex: 1 1 300px; min-width: 280px;'>\n<h3 style='font-size: 22px; border-bottom: 2px solid currentColor; padding-bottom: 5px; margin-top: 0; color: inherit; opacity: 0.8;'>Informaci\u00f3n adicional<\/h3>\n<ul style='padding-left: 20px; font-size: 15px; color: inherit;'>\n<li style='margin-bottom: 5px;'><strong>Est\u00e1ndar en la industria:<\/strong> ISO 9001: 2015<\/li>\n<li style='margin-bottom: 5px;'><strong>Embalaje:<\/strong> 1000FT \/ 305M- Easy Pull Box<\/li>\n<\/ul><\/div>\n<\/p><\/div>\n<p> <!-- Separador --> <\/p>\n<hr style='border: 0; border-top: 1px solid rgba(150&comma; 150&comma; 150&comma; 0.3); margin: 30px 0;'> <\/div>\n","protected":false},"excerpt":{"rendered":"<p>Bobina de 305 Metros (1000 Pies) con 6 Conductores de Cobre Trenzado Calibre 20, Aislamiento Individual de FRPVC de Alta Calidad, Cubierta Exterior de PVC con Protecci?n Anti-Flama CM. Para Aplicaciones de Control de Acceso<\/p>\n","protected":false},"featured_media":28550,"comment_status":"open","ping_status":"closed","template":"","meta":[],"product_brand":[],"product_cat":[137],"product_tag":[234,138,62],"class_list":{"0":"post-28551","1":"product","2":"type-product","3":"status-publish","4":"has-post-thumbnail","6":"product_cat-todos-cables","7":"product_tag-accesspro","8":"product_tag-cables","9":"product_tag-todos","11":"first","12":"instock","13":"sale","14":"shipping-taxable","15":"purchasable","16":"product-type-simple"},"_links":{"self":[{"href":"https:\/\/soydeaqui.ddns.net\/pachuca\/index.php\/wp-json\/wp\/v2\/product\/28551","targetHints":{"allow":["GET"]}}],"collection":[{"href":"https:\/\/soydeaqui.ddns.net\/pachuca\/index.php\/wp-json\/wp\/v2\/product"}],"about":[{"href":"https:\/\/soydeaqui.ddns.net\/pachuca\/index.php\/wp-json\/wp\/v2\/types\/product"}],"replies":[{"embeddable":true,"href":"https:\/\/soydeaqui.ddns.net\/pachuca\/index.php\/wp-json\/wp\/v2\/comments?post=28551"}],"wp:featuredmedia":[{"embeddable":true,"href":"https:\/\/soydeaqui.ddns.net\/pachuca\/index.php\/wp-json\/wp\/v2\/media\/28550"}],"wp:attachment":[{"href":"https:\/\/soydeaqui.ddns.net\/pachuca\/index.php\/wp-json\/wp\/v2\/media?parent=28551"}],"wp:term":[{"taxonomy":"product_brand","embeddable":true,"href":"https:\/\/soydeaqui.ddns.net\/pachuca\/index.php\/wp-json\/wp\/v2\/product_brand?post=28551"},{"taxonomy":"product_cat","embeddable":true,"href":"https:\/\/soydeaqui.ddns.net\/pachuca\/index.php\/wp-json\/wp\/v2\/product_cat?post=28551"},{"taxonomy":"product_tag","embeddable":true,"href":"https:\/\/soydeaqui.ddns.net\/pachuca\/index.php\/wp-json\/wp\/v2\/product_tag?post=28551"}],"curies":[{"name":"wp","href":"https:\/\/api.w.org\/{rel}","templated":true}]}}