{"id":28546,"date":"2026-03-18T13:00:00","date_gmt":"2026-03-18T13:00:00","guid":{"rendered":"https:\/\/soydeaqui.ddns.net\/pachuca\/index.php\/producto\/bajo-pedido-licencia-para-software-acceso3-titanium-3-anos-1500-empleados-16-reloj-16-pc\/"},"modified":"2026-03-18T13:00:01","modified_gmt":"2026-03-18T13:00:01","slug":"bajo-pedido-licencia-para-software-acceso3-titanium-3-anos-1500-empleados-16-reloj-16-pc","status":"publish","type":"product","link":"https:\/\/soydeaqui.ddns.net\/pachuca\/index.php\/producto\/bajo-pedido-licencia-para-software-acceso3-titanium-3-anos-1500-empleados-16-reloj-16-pc\/","title":{"rendered":"[BAJO PEDIDO] Licencia para software Acceso3 TITANIUM \/ 3 A\u00f1os \/ 1500 Empleados \/ 16 reloj \/ 16 PC"},"content":{"rendered":"<div style='width: 100%; max-width: 1200px; margin: 0 auto; font-family: sans-serif; line-height: 1.6; color: inherit; background-color: transparent;'>\n<div style='display: flex; flex-wrap: wrap; gap: 30px; margin-bottom: 30px;'>\n<div style='flex: 1 1 300px; min-width: 280px;'>\n<h3 style='font-size: 22px; border-bottom: 2px solid currentColor; padding-bottom: 5px; margin-top: 0; color: inherit; opacity: 0.8;'>Descripci\u00f3n<\/h3>\n<p style='font-size: 15px; color: inherit; margin-bottom: 15px;'>La licencia permite utilizar el software Acceso3 TITANIUM&comma; la m\u00e1s completa soluci\u00f3n de Asistencia que permite administrar los horarios&comma; incidencias&comma; faltas&comma; tiempo extra etc de los empleados&comma; con posibilidad de integrarse con los softwares de n\u00f3mina m\u00e1s utilizados en M\u00e9xico.<\/p>\n<p style='font-size: 15px; color: inherit; margin-bottom: 15px;'>* Las licencias NO son transferibles de PC.<\/p>\n<p style='font-size: 15px; color: inherit; margin-bottom: 15px;'>* Un mes de garant\u00eda en la licencia&comma; posterior a \u00e9ste tiempo si la PC llegara a da\u00f1arse ser\u00e1 necesario facturar una licencia de activaci\u00f3n adicional respetando la vigencia original (modelo TITANIUMEST).<\/p>\n<\/p><\/div>\n<\/p><\/div>\n<div style='display: flex; flex-wrap: wrap; gap: 20px; margin-bottom: 30px;'>\n<div style='flex: 1 1 250px; border: 1px solid rgba(150&comma; 150&comma; 150&comma; 0.4); border-radius: 8px; overflow: hidden; display: flex; flex-direction: column;'>\n<div style='padding: 15px; border-bottom: 1px solid rgba(150&comma; 150&comma; 150&comma; 0.2); font-weight: bold; font-size: 18px; color: inherit;'>Administraci\u00f3n<\/div>\n<div style='padding: 15px; color: inherit;'>\n<ul style='padding-left: 20px; margin: 0; font-size: 14px; list-style-type: disc;'>\n<li style='margin-bottom: 5px;'>1500 Empleados<\/li>\n<li style='margin-bottom: 5px;'>16 Reloj checador (No incluido)<\/li>\n<li style='margin-bottom: 5px;'>16 Estaci\u00f3n (PC)<\/li>\n<\/ul><\/div>\n<\/p><\/div>\n<div style='flex: 1 1 250px; border: 1px solid rgba(150&comma; 150&comma; 150&comma; 0.4); border-radius: 8px; overflow: hidden; display: flex; flex-direction: column;'>\n<div style='padding: 15px; border-bottom: 1px solid rgba(150&comma; 150&comma; 150&comma; 0.2); font-weight: bold; font-size: 18px; color: inherit;'>Detalles<\/div>\n<div style='padding: 15px; color: inherit;'>\n<ul style='padding-left: 20px; margin: 0; font-size: 14px; list-style-type: disc;'>\n<li style='margin-bottom: 5px;'><strong>Vigencia:<\/strong> 3 a\u00f1os<\/li>\n<\/ul><\/div>\n<\/p><\/div>\n<div style='flex: 1 1 250px; border: 1px solid rgba(150&comma; 150&comma; 150&comma; 0.4); border-radius: 8px; overflow: hidden; display: flex; flex-direction: column;'>\n<div style='padding: 15px; border-bottom: 1px solid rgba(150&comma; 150&comma; 150&comma; 0.2); font-weight: bold; font-size: 18px; color: inherit;'>Caracter\u00edsticas principales<\/div>\n<div style='padding: 15px; color: inherit;'>\n<ul style='padding-left: 20px; margin: 0; font-size: 14px; list-style-type: disc;'>\n<li style='margin-bottom: 5px;'>Administra 1500 empleados efectivamente<\/li>\n<li style='margin-bottom: 5px;'>Integra con softwares de n\u00f3mina l\u00edderes en M\u00e9xico<\/li>\n<li style='margin-bottom: 5px;'>Compatible con 15 relojes checadores<\/li>\n<li style='margin-bottom: 5px;'>Gestiona desde 16 estaciones de trabajo<\/li>\n<li style='margin-bottom: 5px;'>Soluci\u00f3n avanzada de gesti\u00f3n de asistencia<\/li>\n<\/ul><\/div>\n<\/p><\/div>\n<\/p><\/div>\n<hr style='border: 0; border-top: 1px solid rgba(150&comma; 150&comma; 150&comma; 0.3); margin: 30px 0;'> <\/div>\n","protected":false},"excerpt":{"rendered":"<p>[BAJO PEDIDO] Licencia para software Acceso3 TITANIUM \/ 3 A\u00f1os \/ 1500 Empleados \/ 16 reloj \/ 16 PC<\/p>\n","protected":false},"featured_media":28545,"comment_status":"open","ping_status":"closed","template":"","meta":[],"product_brand":[],"product_cat":[846],"product_tag":[234,792,847],"class_list":{"0":"post-28546","1":"product","2":"type-product","3":"status-publish","4":"has-post-thumbnail","6":"product_cat-tiempo-y-asistencia","7":"product_tag-accesspro","8":"product_tag-software-de-asistencia","9":"product_tag-tiempo-y-asistencia","11":"first","12":"outofstock","13":"sale","14":"shipping-taxable","15":"purchasable","16":"product-type-simple"},"_links":{"self":[{"href":"https:\/\/soydeaqui.ddns.net\/pachuca\/index.php\/wp-json\/wp\/v2\/product\/28546","targetHints":{"allow":["GET"]}}],"collection":[{"href":"https:\/\/soydeaqui.ddns.net\/pachuca\/index.php\/wp-json\/wp\/v2\/product"}],"about":[{"href":"https:\/\/soydeaqui.ddns.net\/pachuca\/index.php\/wp-json\/wp\/v2\/types\/product"}],"replies":[{"embeddable":true,"href":"https:\/\/soydeaqui.ddns.net\/pachuca\/index.php\/wp-json\/wp\/v2\/comments?post=28546"}],"wp:featuredmedia":[{"embeddable":true,"href":"https:\/\/soydeaqui.ddns.net\/pachuca\/index.php\/wp-json\/wp\/v2\/media\/28545"}],"wp:attachment":[{"href":"https:\/\/soydeaqui.ddns.net\/pachuca\/index.php\/wp-json\/wp\/v2\/media?parent=28546"}],"wp:term":[{"taxonomy":"product_brand","embeddable":true,"href":"https:\/\/soydeaqui.ddns.net\/pachuca\/index.php\/wp-json\/wp\/v2\/product_brand?post=28546"},{"taxonomy":"product_cat","embeddable":true,"href":"https:\/\/soydeaqui.ddns.net\/pachuca\/index.php\/wp-json\/wp\/v2\/product_cat?post=28546"},{"taxonomy":"product_tag","embeddable":true,"href":"https:\/\/soydeaqui.ddns.net\/pachuca\/index.php\/wp-json\/wp\/v2\/product_tag?post=28546"}],"curies":[{"name":"wp","href":"https:\/\/api.w.org\/{rel}","templated":true}]}}