{"id":28517,"date":"2026-03-18T12:59:22","date_gmt":"2026-03-18T12:59:22","guid":{"rendered":"https:\/\/soydeaqui.ddns.net\/pachuca\/index.php\/producto\/torniquete-de-cuerpo-completo-bidireccional-acabado-en-acrilico-y-acero-inoxidable\/"},"modified":"2026-03-18T12:59:25","modified_gmt":"2026-03-18T12:59:25","slug":"torniquete-de-cuerpo-completo-bidireccional-acabado-en-acrilico-y-acero-inoxidable","status":"publish","type":"product","link":"https:\/\/soydeaqui.ddns.net\/pachuca\/index.php\/producto\/torniquete-de-cuerpo-completo-bidireccional-acabado-en-acrilico-y-acero-inoxidable\/","title":{"rendered":"Torniquete de cuerpo completo, bidireccional acabado en acr\u00edlico y acero inoxidable"},"content":{"rendered":"<div style='width: 100%; max-width: 1200px; margin: 0 auto; font-family: sans-serif; line-height: 1.6; color: inherit; background-color: transparent;'> <!-- Mensajes importantes --> <\/p>\n<div style='margin-bottom: 20px;'>\n<div style='background-color: rgba(255&comma; 255&comma; 255&comma; 0.05); border: 1px solid rgba(150&comma; 150&comma; 150&comma; 0.2); border-left: 4px solid #2880b9; padding: 15px; margin-bottom: 15px; border-radius: 4px;'> <strong style='color: inherit; font-size: 15px;'>* Producto Bajo Pedido.<\/strong> <\/p>\n<p style='margin: 8px 0 0 0; font-size: 14px; color: inherit; opacity: 0.8;'>Precio sujeto a cambios por opciones adicionales o cambio de color.<\/p>\n<\/p><\/div>\n<div style='background-color: rgba(255&comma; 255&comma; 255&comma; 0.05); border: 1px solid rgba(150&comma; 150&comma; 150&comma; 0.2); border-left: 4px solid #2880b9; padding: 15px; margin-bottom: 15px; border-radius: 4px;'> <strong style='color: inherit; font-size: 15px;'>Nota.-<\/strong> <\/p>\n<p style='margin: 8px 0 0 0; font-size: 14px; color: inherit; opacity: 0.8;'>Indispensable llenar el Check list para solicitar cotizaci\u00f3n de su torniquete. (Descargarlo de la opci\u00f3n de recursos).<\/p>\n<\/p><\/div>\n<div style='background-color: rgba(255&comma; 255&comma; 255&comma; 0.05); border: 1px solid rgba(150&comma; 150&comma; 150&comma; 0.2); border-left: 4px solid #2880b9; padding: 15px; margin-bottom: 15px; border-radius: 4px;'>\n<p style='margin: 0; font-size: 14px; color: inherit; opacity: 0.8;'>Para m\u00e1s Informaci\u00f3n Consulte al Depto. de Ingenier\u00eda<\/p>\n<\/p><\/div>\n<\/p><\/div>\n<p> <!-- Imagen principal --> <\/p>\n<div style='margin-bottom: 30px;'> <img style='width: 100%; height: auto; border: 1px solid rgba(150&comma;150&comma;150&comma;0.3); border-radius: 8px;' src='https:\/\/ftp3.syscom.mx\/usuarios\/vestrada\/Alvarado\/CLST.jpg' alt=''> <\/div>\n<p> <!-- Secci\u00f3n de caracter\u00edsticas --> <\/p>\n<div style='display: flex; flex-wrap: wrap; gap: 20px; margin-bottom: 30px;'>\n<div style='flex: 1 1 300px; min-width: 280px;'>\n<h3 style='font-size: 20px; border-bottom: 2px solid currentColor; padding-bottom: 5px; margin-top: 0; color: inherit; opacity: 0.8;'>Caracter\u00edsticas principales:<\/h3>\n<ul style='padding-left: 20px; font-size: 14px; color: inherit;'>\n<li style='margin-bottom: 8px;'>Paneles laterales cristalinos en un marco de aluminio<\/li>\n<li style='margin-bottom: 8px;'>Secciones giratorias y de barrera totalmente soldadas<\/li>\n<li style='margin-bottom: 8px;'>Sin pernos o sujetadores expuestos<\/li>\n<li style='margin-bottom: 8px;'>Cubierta de canal superior de acero inoxidable<\/li>\n<li style='margin-bottom: 8px;'>Cojinetes sellados y cubiertos de alta calidad.<\/li>\n<li style='margin-bottom: 8px;'>El controlador de torniquete con todas las funciones protege contra sobretensiones el\u00e9ctricas y tiene un revestimiento conformado para una mejor protecci\u00f3n contra la intemperie.<\/li>\n<li style='margin-bottom: 8px;'>Adecuado para ambientes interiores y exteriores cubiertos<\/li>\n<\/ul><\/div>\n<div style='flex: 1 1 300px; min-width: 280px;'>\n<h3 style='font-size: 20px; border-bottom: 2px solid currentColor; padding-bottom: 5px; margin-top: 0; color: inherit; opacity: 0.8;'>Caracter\u00edsticas F\u00edsicas y El\u00e9ctricas:<\/h3>\n<ul style='padding-left: 20px; font-size: 14px; color: inherit;'>\n<li style='margin-bottom: 8px;'>Transformador con clasificaci\u00f3n UL 110-120 VCA&comma; 60 Hz o 220-240 VCA&comma; 50 Hz (opcional)<\/li>\n<li style='margin-bottom: 8px;'>El consumo m\u00e1ximo de energ\u00eda es de 65 W<\/li>\n<li style='margin-bottom: 8px;'>Peso del producto 236 kg.<\/li>\n<li style='margin-bottom: 8px;'>Temperatura de funcionamiento -20\u00b0 a 150\u00b0 F -29 a 66\u00b0 C<\/li>\n<li style='margin-bottom: 8px;'>Humedad relativa 0-90 % (sin condensaci\u00f3n)<\/li>\n<\/ul><\/div>\n<div style='flex: 1 1 300px; min-width: 280px;'>\n<h3 style='font-size: 20px; border-bottom: 2px solid currentColor; padding-bottom: 5px; margin-top: 0; color: inherit; opacity: 0.8;'>Caracter\u00edsticas Destacadas:<\/h3>\n<p style='font-size: 14px; color: inherit; margin-bottom: 15px;'>El CLST proporciona control de acceso bidireccional junto con un sistema de control de acceso a instalaciones o cualquier dispositivo que pueda proporcionar una salida de contacto seco (como un bot\u00f3n pulsador). Los lectores de tarjetas se pueden agregar al torniquete de altura completa y cada direcci\u00f3n se puede configurar como libre en caso de fallas o bloqueo en caso de fallas. En funcionamiento&comma; cuando se presenta una credencial v\u00e1lida&comma; el torniquete se desbloquea&comma; permitiendo una sola rotaci\u00f3n controlada en la direcci\u00f3n solicitada. Se disuaden las entradas no autorizadas o los intentos de seguir de cerca una entrada autorizada.<\/p>\n<p> <img style='width: 100%; height: auto; border: 1px solid rgba(150&comma;150&comma;150&comma;0.3); border-radius: 8px;' src='Ahttps:\/\/ftp3.syscom.mx\/usuarios\/vestrada\/Alvarado\/Aplicaciones.png' alt=''> <\/div>\n<\/p><\/div>\n<p> <!-- Im\u00e1genes adicionales --> <\/p>\n<div style='display: flex; flex-wrap: wrap; gap: 20px; margin-bottom: 30px;'>\n<div style='flex: 1 1 100%; min-width: 300px;'> <img style='width: 100%; height: auto; border: 1px solid rgba(150&comma;150&comma;150&comma;0.3); border-radius: 8px;' src='https:\/\/ftp3.syscom.mx\/usuarios\/vestrada\/Alvarado\/Certificaciones.png' alt=''> <\/div>\n<div style='flex: 1 1 100%; min-width: 300px;'> <img style='width: 100%; height: auto; border: 1px solid rgba(150&comma;150&comma;150&comma;0.3); border-radius: 8px;' src='https:\/\/ftp3.syscom.mx\/usuarios\/vestrada\/Alvarado\/Aplicaciones.png' alt=''> <\/div>\n<\/p><\/div>\n<p> <!-- Separador final --> <\/p>\n<hr style='border: 0; border-top: 1px solid rgba(150&comma; 150&comma; 150&comma; 0.3); margin: 30px 0;'> <\/div>\n","protected":false},"excerpt":{"rendered":"<p>Torniquete de cuerpo completo, bidireccional acabado en acr\u00edlico y acero inoxidable<\/p>\n","protected":false},"featured_media":28516,"comment_status":"open","ping_status":"closed","template":"","meta":[],"product_brand":[],"product_cat":[766],"product_tag":[769,767,759],"class_list":{"0":"post-28517","1":"product","2":"type-product","3":"status-publish","4":"has-post-thumbnail","6":"product_cat-torniquetes-de-cuerpo-completo","7":"product_tag-alvarado","8":"product_tag-torniquetes-de-cuerpo-completo","9":"product_tag-torniquetes-y-puertas-de-cortesia","11":"first","12":"outofstock","13":"sale","14":"shipping-taxable","15":"purchasable","16":"product-type-simple"},"_links":{"self":[{"href":"https:\/\/soydeaqui.ddns.net\/pachuca\/index.php\/wp-json\/wp\/v2\/product\/28517","targetHints":{"allow":["GET"]}}],"collection":[{"href":"https:\/\/soydeaqui.ddns.net\/pachuca\/index.php\/wp-json\/wp\/v2\/product"}],"about":[{"href":"https:\/\/soydeaqui.ddns.net\/pachuca\/index.php\/wp-json\/wp\/v2\/types\/product"}],"replies":[{"embeddable":true,"href":"https:\/\/soydeaqui.ddns.net\/pachuca\/index.php\/wp-json\/wp\/v2\/comments?post=28517"}],"wp:featuredmedia":[{"embeddable":true,"href":"https:\/\/soydeaqui.ddns.net\/pachuca\/index.php\/wp-json\/wp\/v2\/media\/28516"}],"wp:attachment":[{"href":"https:\/\/soydeaqui.ddns.net\/pachuca\/index.php\/wp-json\/wp\/v2\/media?parent=28517"}],"wp:term":[{"taxonomy":"product_brand","embeddable":true,"href":"https:\/\/soydeaqui.ddns.net\/pachuca\/index.php\/wp-json\/wp\/v2\/product_brand?post=28517"},{"taxonomy":"product_cat","embeddable":true,"href":"https:\/\/soydeaqui.ddns.net\/pachuca\/index.php\/wp-json\/wp\/v2\/product_cat?post=28517"},{"taxonomy":"product_tag","embeddable":true,"href":"https:\/\/soydeaqui.ddns.net\/pachuca\/index.php\/wp-json\/wp\/v2\/product_tag?post=28517"}],"curies":[{"name":"wp","href":"https:\/\/api.w.org\/{rel}","templated":true}]}}