{"id":28512,"date":"2026-03-18T12:59:16","date_gmt":"2026-03-18T12:59:16","guid":{"rendered":"https:\/\/soydeaqui.ddns.net\/pachuca\/index.php\/producto\/convertidor-de-lectora-para-control-de-acceso-cableado-a-inalambrico-1-wiegand-2-relevadores-2-entradas-atraviesa-hasta-1-6-km-en-construccion-o-material-2\/"},"modified":"2026-03-18T12:59:20","modified_gmt":"2026-03-18T12:59:20","slug":"convertidor-de-lectora-para-control-de-acceso-cableado-a-inalambrico-1-wiegand-2-relevadores-2-entradas-atraviesa-hasta-1-6-km-en-construccion-o-material-2","status":"publish","type":"product","link":"https:\/\/soydeaqui.ddns.net\/pachuca\/index.php\/producto\/convertidor-de-lectora-para-control-de-acceso-cableado-a-inalambrico-1-wiegand-2-relevadores-2-entradas-atraviesa-hasta-1-6-km-en-construccion-o-material-2\/","title":{"rendered":"Convertidor de lectora para control de acceso (cableado a inal\u00e1mbrico) \/ 1 Wiegand \/ 2 Relevadores \/ 2 Entradas \/ Atraviesa hasta 1.6 KM En Construcci\u00f3n o Material"},"content":{"rendered":"<div style='width: 100%; max-width: 1200px; margin: 0 auto; font-family: sans-serif; line-height: 1.6; color: inherit; background-color: transparent;'> <a href='https:\/\/soporte.syscom.mx\/es\/articles\/2845759-sure-fi-aplicaciones-ejemplos-de-proyectos' target='_blank' rel='noopener'> <img style='width: 100%; height: auto; border: 1px solid rgba(150&comma;150&comma;150&comma;0.3); border-radius: 8px;' src='https:\/\/ftp3.syscom.mx\/usuarios\/xguereque\/sure-fi\/banner\/ideas_proyectos.jpg' alt='Banner de aplicaciones de Sure-Fi'> <\/a> <\/p>\n<div style='display: flex; flex-wrap: wrap; gap: 30px; margin-bottom: 30px;'>\n<div style='flex: 1 1 300px; min-width: 280px;'> <img style='width: 100%; height: auto; border: 1px solid rgba(150&comma;150&comma;150&comma;0.3); border-radius: 8px;' src='https:\/\/ftp3.syscom.mx\/usuarios\/fotos\/BancoFotografiasSyscom\/SURE-FI\/DS004BRIDGE\/DS004BRIDGE-p.PNG' alt='Convertidor de lectora DS004BRIDGE'> <\/div>\n<div style='flex: 1 1 300px; min-width: 280px;'>\n<h3 style='font-size: 22px; border-bottom: 2px solid currentColor; padding-bottom: 5px; margin-top: 0; color: inherit; opacity: 0.8;'>Sure-Fi Wiegand<\/h3>\n<p>Este dispositivo es un controlador remoto de protocolo Wiegand; Reemplace el cableado en un sistema nuevo o existente de conexiones Wiegand.<\/p>\n<p>Sure-Fi Wiegand se instala en minutos&comma; adem\u00e1s de ser muy competitivo con el costo del cableado para todo tipo de trabajos (tirones de cables f\u00e1ciles y dif\u00edciles).<\/p>\n<p>Es compatible con cualquier dispositivo que funcione a trav\u00e9s del protocolo Wiegand.<\/p>\n<p>Tambi\u00e9n tiene una seguridad de cifrado AES128 (Sistema de cifrado avanzado de 128 bits)<\/p>\n<\/p><\/div>\n<\/p><\/div>\n<div style='display: flex; flex-wrap: wrap; gap: 30px; margin-bottom: 30px;'>\n<div style='flex: 1 1 300px; min-width: 280px;'>\n<div style='position: relative; padding-bottom: 56.25%; height: 0; overflow: hidden; margin-bottom: 30px;'>   <\/div>\n<\/p><\/div>\n<div style='flex: 1 1 300px; min-width: 280px;'>\n<div style='position: relative; padding-bottom: 56.25%; height: 0; overflow: hidden; margin-bottom: 30px;'>   <\/div>\n<\/p><\/div>\n<div style='flex: 1 1 300px; min-width: 280px;'>\n<div style='position: relative; padding-bottom: 56.25%; height: 0; overflow: hidden; margin-bottom: 30px;'>   <\/div>\n<\/p><\/div>\n<\/p><\/div>\n<div style='display: flex; flex-wrap: wrap; gap: 20px; margin-bottom: 30px;'>\n<div style='flex: 1 1 250px; border: 1px solid rgba(150&comma; 150&comma; 150&comma; 0.4); border-radius: 8px; overflow: hidden; display: flex; flex-direction: column;'>\n<div style='padding: 15px; border-bottom: 1px solid rgba(150&comma; 150&comma; 150&comma; 0.2); font-weight: bold; font-size: 18px; color: inherit;'>Caracter\u00edsticas<\/div>\n<div style='padding: 15px; color: inherit;'>\n<ul style='padding-left: 20px; margin: 0; font-size: 14px; list-style-type: disc;'>\n<li style='margin-bottom: 5px;'>Funciona con cualquier protocolo Wiegand.<\/li>\n<li style='margin-bottom: 5px;'>1 entrada Wiegand<\/li>\n<li style='margin-bottom: 5px;'>2 salidas de relevador (h\u00famedas o secas)<\/li>\n<li style='margin-bottom: 5px;'>Solicitud de salida de entrada (REX)<\/li>\n<li style='margin-bottom: 5px;'>Entrada de monitor de puerta (DPS)<\/li>\n<li style='margin-bottom: 5px;'>Entrada de respaldo de bater\u00eda con cargador de bater\u00eda y funci\u00f3n UPS<\/li>\n<li style='margin-bottom: 5px;'>Montaje en carril DIN o montaje directo en pared<\/li>\n<li style='margin-bottom: 5px;'>Indicadores de intensidad de se\u00f1al&comma; transmisi\u00f3n y recepci\u00f3n<\/li>\n<li style='margin-bottom: 5px;'>Bot\u00f3n de prueba para una f\u00e1cil prueba de rango<\/li>\n<li style='margin-bottom: 5px;'>Campo configurable y actualizable con la aplicaci\u00f3n Sure-Fi<\/li>\n<\/ul><\/div>\n<\/p><\/div>\n<div style='flex: 1 1 250px; border: 1px solid rgba(150&comma; 150&comma; 150&comma; 0.4); border-radius: 8px; overflow: hidden; display: flex; flex-direction: column;'>\n<div style='padding: 15px; border-bottom: 1px solid rgba(150&comma; 150&comma; 150&comma; 0.2); font-weight: bold; font-size: 18px; color: inherit;'>Tecnolog\u00eda<\/div>\n<div style='padding: 15px; color: inherit;'>\n<ul style='padding-left: 20px; margin: 0; font-size: 14px; list-style-type: disc;'>\n<li style='margin-bottom: 5px;'>Alcance de hasta 1.6 KM a trav\u00e9s de obstrucciones y m\u00e1s de 80 KM con l\u00ednea de vista<\/li>\n<li style='margin-bottom: 5px;'>Tecnolog\u00eda patentada de eliminaci\u00f3n de b\u00fankeres&comma; utilizando 900 MHz<\/li>\n<li style='margin-bottom: 5px;'>Trabaja dentro de cerramientos met\u00e1licos.<\/li>\n<li style='margin-bottom: 5px;'>Dise\u00f1o patentado de antena de PCB<\/li>\n<li style='margin-bottom: 5px;'>Certificaci\u00f3n de FCC (EE. UU.) e IC (Canad\u00e1)<\/li>\n<\/ul><\/div>\n<\/p><\/div>\n<div style='flex: 1 1 250px; border: 1px solid rgba(150&comma; 150&comma; 150&comma; 0.4); border-radius: 8px; overflow: hidden; display: flex; flex-direction: column;'>\n<div style='padding: 15px; border-bottom: 1px solid rgba(150&comma; 150&comma; 150&comma; 0.2); font-weight: bold; font-size: 18px; color: inherit;'>Especificaciones<\/div>\n<div style='padding: 15px; color: inherit;'>\n<ul style='padding-left: 20px; margin: 0; font-size: 14px; list-style-type: disc;'>\n<li style='margin-bottom: 5px;'><strong>Voltaje de funcionamiento:<\/strong> 12Vcc (9Vcc &#8211; 15Vcc)<\/li>\n<li style='margin-bottom: 5px;'><strong>Corriente de funcionamiento (@ 12Vcc):<\/strong> 0.08A (inactivo)&comma; 0.3A (transmitiendo)<\/li>\n<li style='margin-bottom: 5px;'><strong>Potencia de operaci\u00f3n (@ 12Vcc):<\/strong> 3.6 watts (pico)<\/li>\n<li style='margin-bottom: 5px;'><strong>Potencia de transmisi\u00f3n:<\/strong> 1 watt (30dBm)<\/li>\n<li style='margin-bottom: 5px;'><strong>Banda de frecuencia:<\/strong> 902 &#8211; 928MHz<\/li>\n<li style='margin-bottom: 5px;'><strong>Canales:<\/strong> 72 (salto de frecuencia)<\/li>\n<li style='margin-bottom: 5px;'><strong>Sensibilidad del receptor:<\/strong> -133dBm<\/li>\n<li style='margin-bottom: 5px;'><strong>Enlace:<\/strong> 163dB<\/li>\n<li style='margin-bottom: 5px;'><strong>Alcance:<\/strong> hasta 1.6 KM a trav\u00e9s de obstrucciones y m\u00e1s de 80 KM con l\u00ednea de vista<\/li>\n<li style='margin-bottom: 5px;'><strong>Encriptaci\u00f3n:<\/strong> AES128<\/li>\n<li style='margin-bottom: 5px;'><strong>Conexi\u00f3n de respaldo de bater\u00eda:<\/strong> solo tipo \u00c1cido de Plomo Sellado (SLA) de 12V<\/li>\n<li style='margin-bottom: 5px;'><strong>Voltaje de carga de la bater\u00eda:<\/strong> 13.75 V m\u00e1ximo en modo de espera<\/li>\n<li style='margin-bottom: 5px;'><strong>Relevadores:<\/strong> 2A 250VCA \/ 2A 250Vcc h\u00famedo o seco. NO&comma; NC&comma; COM (x2)<\/li>\n<li style='margin-bottom: 5px;'><strong>Temperatura de funcionamiento:<\/strong> -40\u00ba C a +85\u00ba C<\/li>\n<li style='margin-bottom: 5px;'><strong>Temperatura de almacenamiento:<\/strong> -55\u00ba C a +125\u00ba C<\/li>\n<li style='margin-bottom: 5px;'><strong>Opciones de montaje:<\/strong> DIN (35 mm x 7&comma;5 mm) o montaje directo con dos tornillo<\/li>\n<\/ul><\/div>\n<\/p><\/div>\n<\/p><\/div>\n<div style='display: flex; flex-wrap: wrap; gap: 30px; margin-bottom: 30px;'>\n<div style='flex: 1 1 300px; min-width: 280px;'>\n<h3 style='font-size: 22px; border-bottom: 2px solid currentColor; padding-bottom: 5px; margin-top: 0; color: inherit; opacity: 0.8;'>Soluciones en control de acceso<\/h3>\n<p style='text-align: justify;'>Una de las mejores soluciones que nos permite tener el DS004BRIDGE es el control de acceso cuando no tenemos donde poner el panel o que no podemos darle acceso a la red&comma; un ejemplo de ello son bodegas fuera de nuestro edificio principal donde no hay red como para tener un panel y poder administrarlo&comma; otro ejemplo es el control de acceso vehicular cuando no hay una caseta de vigilancia o seguridad algo que antes era una limitante ahora solo es otra instalaci\u00f3n mas gracias al DS004BRIDGE.<\/p>\n<p style='margin-top: 20px; margin-bottom: 0;'><a style='color: inherit; text-decoration: underline;' href='https:\/\/soporte.syscom.mx\/es\/articles\/5091466-solucion-para-barreras-y-lector-uhf-cuando-no-hay-caseta'>Control de acceso cuando no hay caseta<\/a><\/p>\n<\/p><\/div>\n<div style='flex: 1 1 300px; min-width: 280px;'> <img style='width: 100%; height: auto; border: 1px solid rgba(150&comma;150&comma;150&comma;0.3); border-radius: 8px;' src='https:\/\/ftp3.syscom.mx\/usuarios\/amesta\/pruebas_varias\/wiegand.JPG' alt='Diagrama de aplicaci\u00f3n Wiegand'> <\/div>\n<\/p><\/div>\n<div style='display: flex; flex-wrap: wrap; gap: 20px;'>\n<div style='flex: 1 1 300px; min-width: 280px;'> <img style='width: 100%; height: auto; border: 1px solid rgba(150&comma;150&comma;150&comma;0.3); border-radius: 8px;' src='https:\/\/ftp3.syscom.mx\/usuarios\/xguereque\/sure-fi\/sure-fi_banner.jpg' alt='Banner de marca Sure-Fi'> <\/div>\n<div style='flex: 1 1 300px; min-width: 280px;'> <img style='width: 100%; height: auto; border: 1px solid rgba(150&comma;150&comma;150&comma;0.3); border-radius: 8px;' src='https:\/\/ftp3.syscom.mx\/usuarios\/xguereque\/sure-fi\/sure-fi_en.jpg' alt='Banner de marca Sure-Fi en ingl\u00e9s'> <\/div>\n<\/p><\/div>\n<\/p><\/div>\n","protected":false},"excerpt":{"rendered":"<p>Convertidor de lectora para control de acceso (cableado a inal\u00e1mbrico) \/ 1 Wiegand \/ 2 Relevadores \/ 2 Entradas \/ Atraviesa hasta 1.6 KM En Construcci\u00f3n o Material<\/p>\n","protected":false},"featured_media":28511,"comment_status":"open","ping_status":"closed","template":"","meta":[],"product_brand":[],"product_cat":[795],"product_tag":[104,797,796],"class_list":{"0":"post-28512","1":"product","2":"type-product","3":"status-publish","4":"has-post-thumbnail","6":"product_cat-transmisor-rf-largo-alcance","7":"product_tag-proteccion-perimetral","8":"product_tag-sure-fi","9":"product_tag-transmisor-rf-largo-alcance","11":"first","12":"outofstock","13":"sale","14":"shipping-taxable","15":"purchasable","16":"product-type-simple"},"_links":{"self":[{"href":"https:\/\/soydeaqui.ddns.net\/pachuca\/index.php\/wp-json\/wp\/v2\/product\/28512","targetHints":{"allow":["GET"]}}],"collection":[{"href":"https:\/\/soydeaqui.ddns.net\/pachuca\/index.php\/wp-json\/wp\/v2\/product"}],"about":[{"href":"https:\/\/soydeaqui.ddns.net\/pachuca\/index.php\/wp-json\/wp\/v2\/types\/product"}],"replies":[{"embeddable":true,"href":"https:\/\/soydeaqui.ddns.net\/pachuca\/index.php\/wp-json\/wp\/v2\/comments?post=28512"}],"wp:featuredmedia":[{"embeddable":true,"href":"https:\/\/soydeaqui.ddns.net\/pachuca\/index.php\/wp-json\/wp\/v2\/media\/28511"}],"wp:attachment":[{"href":"https:\/\/soydeaqui.ddns.net\/pachuca\/index.php\/wp-json\/wp\/v2\/media?parent=28512"}],"wp:term":[{"taxonomy":"product_brand","embeddable":true,"href":"https:\/\/soydeaqui.ddns.net\/pachuca\/index.php\/wp-json\/wp\/v2\/product_brand?post=28512"},{"taxonomy":"product_cat","embeddable":true,"href":"https:\/\/soydeaqui.ddns.net\/pachuca\/index.php\/wp-json\/wp\/v2\/product_cat?post=28512"},{"taxonomy":"product_tag","embeddable":true,"href":"https:\/\/soydeaqui.ddns.net\/pachuca\/index.php\/wp-json\/wp\/v2\/product_tag?post=28512"}],"curies":[{"name":"wp","href":"https:\/\/api.w.org\/{rel}","templated":true}]}}