{"id":28500,"date":"2026-03-18T12:59:03","date_gmt":"2026-03-18T12:59:03","guid":{"rendered":"https:\/\/soydeaqui.ddns.net\/pachuca\/index.php\/producto\/puerta-ciega-nivel-iv-fusil-de-asalto-ak47-granada-de-fragmentacion\/"},"modified":"2026-03-18T12:59:04","modified_gmt":"2026-03-18T12:59:04","slug":"puerta-ciega-nivel-iv-fusil-de-asalto-ak47-granada-de-fragmentacion","status":"publish","type":"product","link":"https:\/\/soydeaqui.ddns.net\/pachuca\/index.php\/producto\/puerta-ciega-nivel-iv-fusil-de-asalto-ak47-granada-de-fragmentacion\/","title":{"rendered":"Puerta Ciega Nivel IV (Fusil de Asalto AK47, Granada de Fragmentaci\u00f3n)."},"content":{"rendered":"<div style='width: 100%; max-width: 1200px; margin: 0 auto; font-family: sans-serif; line-height: 1.6; color: inherit; background-color: transparent;'>\n<div style='display: flex; flex-wrap: wrap; gap: 30px; margin-bottom: 30px;'>\n<div style='flex: 1 1 300px; min-width: 280px;'>\n<h3 style='font-size: 22px; border-bottom: 2px solid currentColor; padding-bottom: 5px; margin-top: 0; color: inherit; opacity: 0.8;'>Caracter\u00edsticas Principales<\/h3>\n<ul style='padding-left: 20px; font-size: 15px; color: inherit;'>\n<li style='margin-bottom: 5px;'>Puerta fabricada en acero al carbono estructural de alta resistencia<\/li>\n<li style='margin-bottom: 5px;'>Cerradura de cilindro de alta seguridad con pestillo cuadrado y de resbal\u00f3n<\/li>\n<li style='margin-bottom: 5px;'>Acabado resistente a la intemperie<\/li>\n<li style='margin-bottom: 5px;'>Bisagras fabricadas en ACERO CR 1008 con balero axial de carga<\/li>\n<li style='margin-bottom: 5px;'>Incluye cerradura mec\u00e1nica para el cierre<\/li>\n<li style='margin-bottom: 5px;'>Jaladera en ambos lados<\/li>\n<li style='margin-bottom: 5px;'>Instalaci\u00f3n r\u00e1pida y f\u00e1cil mantenimiento<\/li>\n<\/ul><\/div>\n<div style='flex: 1 1 300px; min-width: 280px;'>\n<h3 style='font-size: 22px; border-bottom: 2px solid currentColor; padding-bottom: 5px; margin-top: 0; color: inherit; opacity: 0.8;'>Especificaciones<\/h3>\n<ul style='padding-left: 20px; font-size: 15px; color: inherit;'>\n<li style='margin-bottom: 5px;'>Dimensiones de la puerta: 0.90 x 2.10 metros<\/li>\n<li style='margin-bottom: 5px;'>Dimensiones vano de instalaci\u00f3n: 0.91 x 2.11 metros<\/li>\n<li style='margin-bottom: 5px;'>Puertas a la medida disponibles (considere que la dimensi\u00f3n del vano tambi\u00e9n cambiar\u00e1)<\/li>\n<li style='margin-bottom: 5px;'>Nivel IV de protecci\u00f3n<\/li>\n<li style='margin-bottom: 5px;'>Indique hacia donde desea que gire la puerta al ordenar<\/li>\n<\/ul><\/div>\n<div style='flex: 1 1 300px; min-width: 280px;'>\n<h3 style='font-size: 22px; border-bottom: 2px solid currentColor; padding-bottom: 5px; margin-top: 0; color: inherit; opacity: 0.8;'>Informaci\u00f3n Adicional<\/h3>\n<ul style='padding-left: 20px; font-size: 15px; color: inherit;'>\n<li style='margin-bottom: 5px;'>2 a\u00f1os de garant\u00eda<\/li>\n<li style='margin-bottom: 5px;'>Producto sobre pedido<\/li>\n<li style='margin-bottom: 5px;'>Precio sujeto a cambios por otras medidas&comma; adicionar aditamentos o cambio de color<\/li>\n<li style='margin-bottom: 5px;'>Para m\u00e1s informaci\u00f3n consulte al Depto. de Ingenier\u00eda<\/li>\n<li style='margin-bottom: 5px;'>Indispensable llenar el formato para realizar cotizaci\u00f3n de su puerta blindada (descargarlo de la opci\u00f3n de recursos)<\/li>\n<li style='margin-bottom: 5px;'>No acabados tipo madera (ya sea alguna cubierta o pintura imitaci\u00f3n madera)<\/li>\n<\/ul><\/div>\n<\/p><\/div>\n<p> <!-- Secci\u00f3n de video --> <\/p>\n<div style='margin-bottom: 30px;'>\n<div style='position: relative; padding-bottom: 56.25%; height: 0; overflow: hidden;'>   <\/div>\n<\/p><\/div>\n<p> <!-- Separador --> <\/p>\n<hr style='border: 0; border-top: 1px solid rgba(150&comma; 150&comma; 150&comma; 0.3); margin: 30px 0;'> <\/div>\n","protected":false},"excerpt":{"rendered":"<p>Puerta Ciega Nivel IV (Fusil de Asalto AK47, Granada de Fragmentaci\u00f3n).<\/p>\n","protected":false},"featured_media":28499,"comment_status":"open","ping_status":"closed","template":"","meta":[],"product_brand":[],"product_cat":[911],"product_tag":[234,912,62],"class_list":{"0":"post-28500","1":"product","2":"type-product","3":"status-publish","4":"has-post-thumbnail","6":"product_cat-todos-equipo-blindado","7":"product_tag-accesspro","8":"product_tag-equipo-blindado","9":"product_tag-todos","11":"first","12":"outofstock","13":"sale","14":"shipping-taxable","15":"purchasable","16":"product-type-simple"},"_links":{"self":[{"href":"https:\/\/soydeaqui.ddns.net\/pachuca\/index.php\/wp-json\/wp\/v2\/product\/28500","targetHints":{"allow":["GET"]}}],"collection":[{"href":"https:\/\/soydeaqui.ddns.net\/pachuca\/index.php\/wp-json\/wp\/v2\/product"}],"about":[{"href":"https:\/\/soydeaqui.ddns.net\/pachuca\/index.php\/wp-json\/wp\/v2\/types\/product"}],"replies":[{"embeddable":true,"href":"https:\/\/soydeaqui.ddns.net\/pachuca\/index.php\/wp-json\/wp\/v2\/comments?post=28500"}],"wp:featuredmedia":[{"embeddable":true,"href":"https:\/\/soydeaqui.ddns.net\/pachuca\/index.php\/wp-json\/wp\/v2\/media\/28499"}],"wp:attachment":[{"href":"https:\/\/soydeaqui.ddns.net\/pachuca\/index.php\/wp-json\/wp\/v2\/media?parent=28500"}],"wp:term":[{"taxonomy":"product_brand","embeddable":true,"href":"https:\/\/soydeaqui.ddns.net\/pachuca\/index.php\/wp-json\/wp\/v2\/product_brand?post=28500"},{"taxonomy":"product_cat","embeddable":true,"href":"https:\/\/soydeaqui.ddns.net\/pachuca\/index.php\/wp-json\/wp\/v2\/product_cat?post=28500"},{"taxonomy":"product_tag","embeddable":true,"href":"https:\/\/soydeaqui.ddns.net\/pachuca\/index.php\/wp-json\/wp\/v2\/product_tag?post=28500"}],"curies":[{"name":"wp","href":"https:\/\/api.w.org\/{rel}","templated":true}]}}