{"id":28490,"date":"2026-03-18T12:58:47","date_gmt":"2026-03-18T12:58:47","guid":{"rendered":"https:\/\/soydeaqui.ddns.net\/pachuca\/index.php\/producto\/sensor-de-huella-multiespectral-serie-v-deteccion-del-dedo-vivo-no-importa-la-edad\/"},"modified":"2026-03-18T12:58:54","modified_gmt":"2026-03-18T12:58:54","slug":"sensor-de-huella-multiespectral-serie-v-deteccion-del-dedo-vivo-no-importa-la-edad","status":"publish","type":"product","link":"https:\/\/soydeaqui.ddns.net\/pachuca\/index.php\/producto\/sensor-de-huella-multiespectral-serie-v-deteccion-del-dedo-vivo-no-importa-la-edad\/","title":{"rendered":"Sensor de Huella Multiespectral Serie V\/ Detecci\u00f3n del Dedo Vivo, No importa la Edad"},"content":{"rendered":"<div style='width: 100%; max-width: 1200px; margin: 0 auto; font-family: sans-serif; line-height: 1.6; color: inherit; background-color: transparent;'>\n<div style='margin-bottom: 30px;'>\n<p style='font-size: 15px; color: inherit; margin: 0 0 20px;'>La serie V proporciona autenticaci\u00f3n biom\u00e9trica por m\u00e1s de dos mil millones de transacciones de bancos por a\u00f1o alrededor del mundo.<\/p>\n<\/p><\/div>\n<div style='margin-bottom: 30px;'>\n<h2 style='font-size: 20px; border-bottom: 2px solid currentColor; padding-bottom: 8px; margin-top: 0; margin-bottom: 20px; color: inherit; opacity: 0.85;'>Caracter\u00edsticas principales del m\u00f3dulo Lumidigm\u00ae V-Series:<\/h2>\n<ul style='padding-left: 20px; font-size: 15px; color: inherit; list-style-type: disc;'>\n<li style='margin-bottom: 8px;'>Imagen multiespectral con detecci\u00f3n de vida<\/li>\n<li style='margin-bottom: 8px;'>Captura cuatro veces m\u00e1s r\u00e1pida que las versiones anteriores de V30x<\/li>\n<li style='margin-bottom: 8px;'>El algoritmo de minucias MINEX III es compatible con los est\u00e1ndares ANSI \/ ISO<\/li>\n<li style='margin-bottom: 8px;'>Protecci\u00f3n IP65 en la platina para entornos hostiles<\/li>\n<li style='margin-bottom: 8px;'>Tecnolog\u00eda Lumidigm<\/li>\n<li style='margin-bottom: 8px;'>Sensor \u00f3ptico multiespectral<\/li>\n<li style='margin-bottom: 8px;'>Resoluci\u00f3n: 500 dpi<\/li>\n<li style='margin-bottom: 8px;'>\u00c1rea de Detecci\u00f3n 18 x 28 mm<\/li>\n<li style='margin-bottom: 8px;'>Formato de imagen de salida: ANSI 381&comma; ISO 19794-4&comma; WSQ compresi\u00f3n (FBI certificado)<\/li>\n<li style='margin-bottom: 8px;'>Verificaci\u00f3n: ANSI 378 o ISO 19794-2<\/li>\n<li style='margin-bottom: 8px;'>Interfaz: USB<\/li>\n<li style='margin-bottom: 8px;'>Nota: El equipo no cuenta con accesorios como cables o arneses&comma; etc. Requiere un cable tipo Startech<\/li>\n<\/ul><\/div>\n<div style='margin-bottom: 30px;'>\n<h2 style='font-size: 20px; border-bottom: 2px solid currentColor; padding-bottom: 8px; margin-top: 0; margin-bottom: 20px; color: inherit; opacity: 0.85;'>V\u00eddeo de operaci\u00f3n:<\/h2>\n<div style='position: relative; padding-bottom: 56.25%; height: 0; overflow: hidden; margin-bottom: 30px;'>   <\/div>\n<\/p><\/div>\n<div style='margin-bottom: 30px;'>\n<h2 style='font-size: 20px; border-bottom: 2px solid currentColor; padding-bottom: 8px; margin-top: 0; margin-bottom: 20px; color: inherit; opacity: 0.85;'>\u00bfQu\u00e9 es Tecnolog\u00eda Multiespectral?:<\/h2>\n<div style='position: relative; padding-bottom: 56.25%; height: 0; overflow: hidden; margin-bottom: 30px;'>   <\/div>\n<\/p><\/div>\n<\/p><\/div>\n","protected":false},"excerpt":{"rendered":"<p>Sensor de Huella Multiespectral Serie V\/ Detecci\u00f3n del Dedo Vivo, No importa la Edad<\/p>\n","protected":false},"featured_media":28489,"comment_status":"open","ping_status":"closed","template":"","meta":[],"product_brand":[],"product_cat":[841],"product_tag":[744,842,814],"class_list":{"0":"post-28490","1":"product","2":"type-product","3":"status-publish","4":"has-post-thumbnail","6":"product_cat-enroladores-y-lectores-usb","7":"product_tag-biometricos","8":"product_tag-enroladores-y-lectores-usb","9":"product_tag-hid","11":"first","12":"instock","13":"sale","14":"shipping-taxable","15":"purchasable","16":"product-type-simple"},"_links":{"self":[{"href":"https:\/\/soydeaqui.ddns.net\/pachuca\/index.php\/wp-json\/wp\/v2\/product\/28490","targetHints":{"allow":["GET"]}}],"collection":[{"href":"https:\/\/soydeaqui.ddns.net\/pachuca\/index.php\/wp-json\/wp\/v2\/product"}],"about":[{"href":"https:\/\/soydeaqui.ddns.net\/pachuca\/index.php\/wp-json\/wp\/v2\/types\/product"}],"replies":[{"embeddable":true,"href":"https:\/\/soydeaqui.ddns.net\/pachuca\/index.php\/wp-json\/wp\/v2\/comments?post=28490"}],"wp:featuredmedia":[{"embeddable":true,"href":"https:\/\/soydeaqui.ddns.net\/pachuca\/index.php\/wp-json\/wp\/v2\/media\/28489"}],"wp:attachment":[{"href":"https:\/\/soydeaqui.ddns.net\/pachuca\/index.php\/wp-json\/wp\/v2\/media?parent=28490"}],"wp:term":[{"taxonomy":"product_brand","embeddable":true,"href":"https:\/\/soydeaqui.ddns.net\/pachuca\/index.php\/wp-json\/wp\/v2\/product_brand?post=28490"},{"taxonomy":"product_cat","embeddable":true,"href":"https:\/\/soydeaqui.ddns.net\/pachuca\/index.php\/wp-json\/wp\/v2\/product_cat?post=28490"},{"taxonomy":"product_tag","embeddable":true,"href":"https:\/\/soydeaqui.ddns.net\/pachuca\/index.php\/wp-json\/wp\/v2\/product_tag?post=28490"}],"curies":[{"name":"wp","href":"https:\/\/api.w.org\/{rel}","templated":true}]}}