{"id":28482,"date":"2026-03-18T12:58:38","date_gmt":"2026-03-18T12:58:38","guid":{"rendered":"https:\/\/soydeaqui.ddns.net\/pachuca\/index.php\/producto\/lector-usb-omnikey-5127-ck-mini-multiformato-iclass-seos-mifare-2-anos-de-garantia-carcasa-no-incluida\/"},"modified":"2026-03-18T12:58:38","modified_gmt":"2026-03-18T12:58:38","slug":"lector-usb-omnikey-5127-ck-mini-multiformato-iclass-seos-mifare-2-anos-de-garantia-carcasa-no-incluida","status":"publish","type":"product","link":"https:\/\/soydeaqui.ddns.net\/pachuca\/index.php\/producto\/lector-usb-omnikey-5127-ck-mini-multiformato-iclass-seos-mifare-2-anos-de-garantia-carcasa-no-incluida\/","title":{"rendered":"Lector  USB OMNIKEY 5127 CK MINI\/ Multiformato, iClass, SEOS, Mifare\/ 2 A\u00f1os de Garantia\/ Carcasa no Incluida"},"content":{"rendered":"<div style='width: 100%; max-width: 1200px; margin: 0 auto; font-family: sans-serif; line-height: 1.6; color: inherit; background-color: transparent;'>\n<div style='display: flex; flex-wrap: wrap; gap: 30px; margin-bottom: 30px;'>\n<div style='flex: 1 1 300px; min-width: 280px;'>\n<h3 style='font-size: 22px; border-bottom: 2px solid currentColor; padding-bottom: 5px; margin-top: 0; color: inherit; opacity: 0.8;'>Descripci\u00f3n<\/h3>\n<p style='font-size: 15px; color: inherit; margin-bottom: 15px;'>El dispositivo de interfaz de tarjeta de chip OMNIKEY\u00ae 5127CK (CCID) permite a los integradores dise\u00f1ar lectores terminados sin la necesidad de instalar o mantener controladores&comma; eliminando problemas complejos de gesti\u00f3n del ciclo de vida del software en el campo y acelerando el tiempo de comercializaci\u00f3n de dispositivos terminados. Estos dispositivos terminados se usan com\u00fanmente en impresoras&comma; fotocopiadoras&comma; m\u00e1quinas expendedoras y sistemas de control de acceso.<\/p>\n<\/p><\/div>\n<\/p><\/div>\n<div style='display: flex; flex-wrap: wrap; gap: 20px; margin-bottom: 30px;'>\n<div style='flex: 1 1 250px; border: 1px solid rgba(150&comma; 150&comma; 150&comma; 0.4); border-radius: 8px; overflow: hidden; display: flex; flex-direction: column;'>\n<div style='padding: 15px; border-bottom: 1px solid rgba(150&comma; 150&comma; 150&comma; 0.2); font-weight: bold; font-size: 18px; color: inherit;'>Especificaciones T\u00e9cnicas<\/div>\n<div style='padding: 15px; color: inherit;'>\n<ul style='padding-left: 20px; margin: 0; font-size: 14px; list-style-type: disc;'>\n<li style='margin-bottom: 5px;'><strong>Interfaz:<\/strong> USB 2.0<\/li>\n<li style='margin-bottom: 5px;'><strong>Velocidad de transmisi\u00f3n:<\/strong> 12 Mbps<\/li>\n<li style='margin-bottom: 5px;'><strong>Alimentaci\u00f3n:<\/strong> Alimentada por el Bus<\/li>\n<li style='margin-bottom: 5px;'><strong>Tecnolog\u00edas compatibles:<\/strong><\/li>\n<ul style='padding-left: 30px; margin: 5px 0; font-size: 14px; list-style-type: disc;'>\n<li style='margin-bottom: 3px;'>iClass&comma; IClass SE&comma; iClass SEOS<\/li>\n<li style='margin-bottom: 3px;'>Mifare Classic&comma; DESFire&comma; Mifare SE<\/li>\n<li style='margin-bottom: 3px;'>Felica&comma; CSCN<\/li>\n<\/ul>\n<li style='margin-bottom: 5px;'><strong>Estatus indicador:<\/strong> LED de color dual (verde&comma; rojo)&comma; Zumbador<\/li>\n<li style='margin-bottom: 5px;'><strong>Temperatura de Operaci\u00f3n:<\/strong> 0 &#8211; 50 \u00b0C<\/li>\n<li style='margin-bottom: 5px;'><strong>Dimensiones:<\/strong> 50 x 35 x 8.94 mm<\/li>\n<li style='margin-bottom: 5px;'><strong>Carcasa y beep:<\/strong> No incluido<\/li>\n<li style='margin-bottom: 5px;'><strong>Peso:<\/strong> 10.5 g<\/li>\n<li style='margin-bottom: 5px;'><strong>Garant\u00eda:<\/strong> 2 a\u00f1os<\/li>\n<\/ul><\/div>\n<\/p><\/div>\n<\/p><\/div>\n<hr style='border: 0; border-top: 1px solid rgba(150&comma; 150&comma; 150&comma; 0.3); margin: 30px 0;'> <\/div>\n","protected":false},"excerpt":{"rendered":"<p>Lector  USB OMNIKEY 5127 CK MINI\/ Multiformato, iClass, SEOS, Mifare\/ 2 A\u00f1os de Garantia\/ Carcasa no Incluida<\/p>\n","protected":false},"featured_media":28481,"comment_status":"open","ping_status":"closed","template":"","meta":[],"product_brand":[],"product_cat":[940],"product_tag":[842,814,466],"class_list":{"0":"post-28482","1":"product","2":"type-product","3":"status-publish","4":"has-post-thumbnail","6":"product_cat-enroladores-y-lectores-usb-lectoras-y-tarjetas","7":"product_tag-enroladores-y-lectores-usb","8":"product_tag-hid","9":"product_tag-lectoras-y-tarjetas","11":"first","12":"instock","13":"sale","14":"shipping-taxable","15":"purchasable","16":"product-type-simple"},"_links":{"self":[{"href":"https:\/\/soydeaqui.ddns.net\/pachuca\/index.php\/wp-json\/wp\/v2\/product\/28482","targetHints":{"allow":["GET"]}}],"collection":[{"href":"https:\/\/soydeaqui.ddns.net\/pachuca\/index.php\/wp-json\/wp\/v2\/product"}],"about":[{"href":"https:\/\/soydeaqui.ddns.net\/pachuca\/index.php\/wp-json\/wp\/v2\/types\/product"}],"replies":[{"embeddable":true,"href":"https:\/\/soydeaqui.ddns.net\/pachuca\/index.php\/wp-json\/wp\/v2\/comments?post=28482"}],"wp:featuredmedia":[{"embeddable":true,"href":"https:\/\/soydeaqui.ddns.net\/pachuca\/index.php\/wp-json\/wp\/v2\/media\/28481"}],"wp:attachment":[{"href":"https:\/\/soydeaqui.ddns.net\/pachuca\/index.php\/wp-json\/wp\/v2\/media?parent=28482"}],"wp:term":[{"taxonomy":"product_brand","embeddable":true,"href":"https:\/\/soydeaqui.ddns.net\/pachuca\/index.php\/wp-json\/wp\/v2\/product_brand?post=28482"},{"taxonomy":"product_cat","embeddable":true,"href":"https:\/\/soydeaqui.ddns.net\/pachuca\/index.php\/wp-json\/wp\/v2\/product_cat?post=28482"},{"taxonomy":"product_tag","embeddable":true,"href":"https:\/\/soydeaqui.ddns.net\/pachuca\/index.php\/wp-json\/wp\/v2\/product_tag?post=28482"}],"curies":[{"name":"wp","href":"https:\/\/api.w.org\/{rel}","templated":true}]}}