{"id":28452,"date":"2026-03-18T12:57:53","date_gmt":"2026-03-18T12:57:53","guid":{"rendered":"https:\/\/soydeaqui.ddns.net\/pachuca\/index.php\/producto\/operador-para-puertas-corredizas-de-hasta-450kg-y-12m-de-longitud-incluye-baterias-de-respaldo-en-caso-de-perdidas-de-energia-uso-continuo\/"},"modified":"2026-03-18T12:57:58","modified_gmt":"2026-03-18T12:57:58","slug":"operador-para-puertas-corredizas-de-hasta-450kg-y-12m-de-longitud-incluye-baterias-de-respaldo-en-caso-de-perdidas-de-energia-uso-continuo","status":"publish","type":"product","link":"https:\/\/soydeaqui.ddns.net\/pachuca\/index.php\/producto\/operador-para-puertas-corredizas-de-hasta-450kg-y-12m-de-longitud-incluye-baterias-de-respaldo-en-caso-de-perdidas-de-energia-uso-continuo\/","title":{"rendered":"Operador Para Puertas Corredizas  de Hasta 450Kg y 12m de Longitud  \/ Incluye Bater\u00edas de Respaldo en Caso de Perdidas de Energ\u00eda \/ Uso Continuo"},"content":{"rendered":"<div style='width: 100%; max-width: 1200px; margin: 0 auto; font-family: sans-serif; line-height: 1.6; color: inherit; background-color: transparent;'>\n<div style='display: flex; flex-wrap: wrap; gap: 30px; margin-bottom: 30px;'>\n<div style='flex: 1 1 300px; min-width: 280px;'>\n<h3 style='font-size: 22px; border-bottom: 2px solid currentColor; padding-bottom: 5px; margin-top: 0; color: inherit; opacity: 0.8;'>Caracter\u00edsticas principales<\/h3>\n<ul style='padding-left: 20px; font-size: 15px; color: inherit;'>\n<li style='margin-bottom: 5px;'>Peso m\u00e1ximo soportado 450kg.<\/li>\n<li style='margin-bottom: 5px;'>Longitud m\u00e1xima de la hoja soportada 12m (Requiere cadena adicional).<\/li>\n<li style='margin-bottom: 5px;'>Equipo de uso continuo.<\/li>\n<\/ul><\/div>\n<div style='flex: 1 1 300px; min-width: 280px;'>\n<h3 style='font-size: 22px; border-bottom: 2px solid currentColor; padding-bottom: 5px; margin-top: 0; color: inherit; opacity: 0.8;'>Caracter\u00edsticas F\u00edsicas y El\u00e9ctricas<\/h3>\n<ul style='padding-left: 20px; font-size: 15px; color: inherit;'>\n<li style='margin-bottom: 5px;'>Alimentaci\u00f3n del operador 115Vac<\/li>\n<li style='margin-bottom: 5px;'>Consumo del equipo 1.8 Amp<\/li>\n<li style='margin-bottom: 5px;'>Voltaje del motor 24Vcc<\/li>\n<li style='margin-bottom: 5px;'>Potencia del motor de 1\/2 Hp<\/li>\n<\/ul><\/div>\n<div style='flex: 1 1 300px; min-width: 280px;'>\n<h3 style='font-size: 22px; border-bottom: 2px solid currentColor; padding-bottom: 5px; margin-top: 0; color: inherit; opacity: 0.8;'>Caracter\u00edsticas Destacadas<\/h3>\n<ul style='padding-left: 20px; font-size: 15px; color: inherit;'>\n<li style='margin-bottom: 5px;'>Incluye baterias de respaldo<\/li>\n<li style='margin-bottom: 5px;'>Clases de operaci\u00f3n I&comma; II&comma; III y IV.<\/li>\n<li style='margin-bottom: 5px;'>Tiene 2 salidas de voltaje para accesorios<\/li>\n<li style='margin-bottom: 5px;'>Soporta 2 sensores de masa Doorking<\/li>\n<\/ul><\/div>\n<\/p><\/div>\n<hr style='border: 0; border-top: 1px solid rgba(150&comma; 150&comma; 150&comma; 0.3); margin: 30px 0;'>\n<div style='display: flex; flex-wrap: wrap; gap: 30px; margin-bottom: 30px;'>\n<div style='flex: 1 1 300px; min-width: 280px;'>\n<ul style='padding-left: 20px; font-size: 15px; color: inherit;'>\n<li style='margin-bottom: 5px;'>Incluye dos baterias de 7.2 Amp&comma; para respaldo de energia.<\/li>\n<li style='margin-bottom: 5px;'>Cierre automatico configurable entre 1 y 30 segundos.<\/li>\n<li style='margin-bottom: 5px;'>Accionamiento de la puerta por medio de cadena.<\/li>\n<li style='margin-bottom: 5px;'>Limites de paro ajustable<\/li>\n<li style='margin-bottom: 5px;'>Equipo de uso continuo<\/li>\n<li style='margin-bottom: 5px;'>Potencia y eficiencia con motor de 1\/2 Hp<\/li>\n<li style='margin-bottom: 5px;'>Dispone de 2 puertos para sensores de masa Doorking (Se adquieren por separado).<\/li>\n<\/ul><\/div>\n<div style='flex: 1 1 300px; min-width: 280px;'> <img style='width: 100%; height: auto; border: 1px solid rgba(150&comma;150&comma;150&comma;0.3); border-radius: 8px;' src='https:\/\/ftp3.syscom.mx\/usuarios\/fotos\/9024380\/170486-9024-380_medidas.png' alt=''> <\/div>\n<\/p><\/div>\n<hr style='border: 0; border-top: 1px solid rgba(150&comma; 150&comma; 150&comma; 0.3); margin: 30px 0;'>\n<div style='display: flex; flex-wrap: wrap; gap: 30px; margin-bottom: 30px;'>\n<div style='flex: 1 1 300px; min-width: 280px;'> <img style='width: 100%; height: auto; border: 1px solid rgba(150&comma;150&comma;150&comma;0.3); border-radius: 8px;' src='https:\/\/ftp3.syscom.mx\/usuarios\/fotos\/9024380\/170486-9024-380_equipo.png' alt=''> <\/div>\n<div style='flex: 1 1 300px; min-width: 280px;'>\n<ul style='padding-left: 20px; font-size: 15px; color: inherit;'>\n<li style='margin-bottom: 5px;'>El equipo incluye 6 metros de cadena&comma; en caso de aplicaciones de mayor longitud se necesita adquirir la cadena adicional.<\/li>\n<li style='margin-bottom: 5px;'>La cadena compatible es del modelo 2600-442 (Se vende por tramos de 6 metros).<\/li>\n<li style='margin-bottom: 5px;'>Equipo con 5 a\u00f1os de garantia contra defectos de fabricaci\u00f3n.<\/li>\n<li style='margin-bottom: 5px;'>Hasta 40 ciclos con baterias de respaldo de 7.2 Amp&comma; teniendo en cuenta la maxima carga de las baterias y una puerta de 16ft de longitud y un peso de 1000lbs con una perfecta instalaci\u00f3n.<\/li>\n<\/ul>\n<p style='font-size: 15px; color: inherit;'>El operador 9024 DKS es una excelente opci\u00f3n donde el respaldo de energia es fundamental&comma; ya que esta dise\u00f1ado para seguir funcionando aun y cuando se pierde la fuente principal de energia.<\/p>\n<\/p><\/div>\n<\/p><\/div>\n<hr style='border: 0; border-top: 1px solid rgba(150&comma; 150&comma; 150&comma; 0.3); margin: 30px 0;'>\n<h2 style='text-align: center; font-size: 20px; color: inherit; margin-bottom: 30px;'>Videos de operadores corredizos Doorking<\/h2>\n<div style='display: flex; flex-wrap: wrap; gap: 30px; margin-bottom: 30px;'>\n<div style='flex: 1 1 300px; min-width: 280px;'>\n<div style='position: relative; padding-bottom: 56.25%; height: 0; overflow: hidden; margin-bottom: 30px;'>   <\/div>\n<\/p><\/div>\n<div style='flex: 1 1 300px; min-width: 280px;'>\n<div style='position: relative; padding-bottom: 56.25%; height: 0; overflow: hidden; margin-bottom: 30px;'>   <\/div>\n<\/p><\/div>\n<\/p><\/div>\n<div style='display: flex; flex-wrap: wrap; gap: 30px; margin-bottom: 30px;'>\n<div style='flex: 1 1 300px; min-width: 280px;'>\n<div style='position: relative; padding-bottom: 56.25%; height: 0; overflow: hidden; margin-bottom: 30px;'>   <\/div>\n<\/p><\/div>\n<div style='flex: 1 1 300px; min-width: 280px;'>\n<div style='position: relative; padding-bottom: 56.25%; height: 0; overflow: hidden; margin-bottom: 30px;'>   <\/div>\n<\/p><\/div>\n<div style='flex: 1 1 300px; min-width: 280px;'>\n<div style='position: relative; padding-bottom: 56.25%; height: 0; overflow: hidden; margin-bottom: 30px;'>   <\/div>\n<\/p><\/div>\n<\/p><\/div>\n<div style='display: flex; flex-wrap: wrap; gap: 30px; margin-bottom: 30px;'>\n<div style='flex: 1 1 300px; min-width: 280px;'>\n<div style='position: relative; padding-bottom: 56.25%; height: 0; overflow: hidden; margin-bottom: 30px;'>   <\/div>\n<\/p><\/div>\n<div style='flex: 1 1 300px; min-width: 280px;'>\n<div style='position: relative; padding-bottom: 56.25%; height: 0; overflow: hidden; margin-bottom: 30px;'>   <\/div>\n<\/p><\/div>\n<\/p><\/div>\n<\/p><\/div>\n","protected":false},"excerpt":{"rendered":"<p>Operador Para Puertas Corredizas  de Hasta 450Kg y 12m de Longitud  \/ Incluye Bater\u00edas de Respaldo en Caso de Perdidas de Energ\u00eda \/ Uso Continuo<\/p>\n","protected":false},"featured_media":28451,"comment_status":"open","ping_status":"closed","template":"","meta":[],"product_brand":[],"product_cat":[860],"product_tag":[401,781,861],"class_list":{"0":"post-28452","1":"product","2":"type-product","3":"status-publish","4":"has-post-thumbnail","6":"product_cat-puertas-corredizas","7":"product_tag-acceso-vehicular","8":"product_tag-dks-doorking","9":"product_tag-puertas-corredizas","11":"first","12":"instock","13":"sale","14":"shipping-taxable","15":"purchasable","16":"product-type-simple"},"_links":{"self":[{"href":"https:\/\/soydeaqui.ddns.net\/pachuca\/index.php\/wp-json\/wp\/v2\/product\/28452","targetHints":{"allow":["GET"]}}],"collection":[{"href":"https:\/\/soydeaqui.ddns.net\/pachuca\/index.php\/wp-json\/wp\/v2\/product"}],"about":[{"href":"https:\/\/soydeaqui.ddns.net\/pachuca\/index.php\/wp-json\/wp\/v2\/types\/product"}],"replies":[{"embeddable":true,"href":"https:\/\/soydeaqui.ddns.net\/pachuca\/index.php\/wp-json\/wp\/v2\/comments?post=28452"}],"wp:featuredmedia":[{"embeddable":true,"href":"https:\/\/soydeaqui.ddns.net\/pachuca\/index.php\/wp-json\/wp\/v2\/media\/28451"}],"wp:attachment":[{"href":"https:\/\/soydeaqui.ddns.net\/pachuca\/index.php\/wp-json\/wp\/v2\/media?parent=28452"}],"wp:term":[{"taxonomy":"product_brand","embeddable":true,"href":"https:\/\/soydeaqui.ddns.net\/pachuca\/index.php\/wp-json\/wp\/v2\/product_brand?post=28452"},{"taxonomy":"product_cat","embeddable":true,"href":"https:\/\/soydeaqui.ddns.net\/pachuca\/index.php\/wp-json\/wp\/v2\/product_cat?post=28452"},{"taxonomy":"product_tag","embeddable":true,"href":"https:\/\/soydeaqui.ddns.net\/pachuca\/index.php\/wp-json\/wp\/v2\/product_tag?post=28452"}],"curies":[{"name":"wp","href":"https:\/\/api.w.org\/{rel}","templated":true}]}}