{"id":28429,"date":"2026-03-18T12:57:21","date_gmt":"2026-03-18T12:57:21","guid":{"rendered":"https:\/\/soydeaqui.ddns.net\/pachuca\/index.php\/producto\/micro-tag-de-proximidad-hid-125-khz-con-adhesivo\/"},"modified":"2026-03-18T12:57:22","modified_gmt":"2026-03-18T12:57:22","slug":"micro-tag-de-proximidad-hid-125-khz-con-adhesivo","status":"publish","type":"product","link":"https:\/\/soydeaqui.ddns.net\/pachuca\/index.php\/producto\/micro-tag-de-proximidad-hid-125-khz-con-adhesivo\/","title":{"rendered":"Micro Tag de Proximidad HID 125 KHz\/ Con Adhesivo"},"content":{"rendered":"<div style='width: 100%; max-width: 1200px; margin: 0 auto; font-family: sans-serif; line-height: 1.6; color: inherit; background-color: transparent;'>\n<div style='display: flex; flex-wrap: wrap; gap: 30px; margin-bottom: 30px;'>\n<div style='flex: 1 1 300px; min-width: 280px;'>\n<h3 style='font-size: 22px; border-bottom: 2px solid currentColor; padding-bottom: 5px; margin-top: 0; color: inherit; opacity: 0.8;'>Caracter\u00edsticas Principales<\/h3>\n<ul style='padding-left: 20px; font-size: 15px; color: inherit;'>\n<li style='margin-bottom: 5px;'>Tecnolog\u00eda de proximidad de 125 kHz<\/li>\n<li style='margin-bottom: 5px;'>Dise\u00f1o sin bater\u00eda para vida \u00fatil prolongada<\/li>\n<li style='margin-bottom: 5px;'>Compatible con lectores HID Prox&comma; Indala y EM Proximity<\/li>\n<li style='margin-bottom: 5px;'>Programable en cualquier formato de proximidad HID<\/li>\n<li style='margin-bottom: 5px;'>Interoperabilidad con despliegues RFID existentes<\/li>\n<\/ul><\/div>\n<div style='flex: 1 1 300px; min-width: 280px;'>\n<h3 style='font-size: 22px; border-bottom: 2px solid currentColor; padding-bottom: 5px; margin-top: 0; color: inherit; opacity: 0.8;'>Aplicaciones<\/h3>\n<ul style='padding-left: 20px; font-size: 15px; color: inherit;'>\n<li style='margin-bottom: 5px;'>Actualizaci\u00f3n desde tecnolog\u00eda Wiegand&comma; magn\u00e9tica o de barium ferrite<\/li>\n<li style='margin-bottom: 5px;'>Integraci\u00f3n con tarjetas de identificaci\u00f3n pl\u00e1sticas<\/li>\n<li style='margin-bottom: 5px;'>Conversi\u00f3n de dispositivos en credenciales de proximidad<\/li>\n<li style='margin-bottom: 5px;'>Sistemas de control de acceso de bajo costo<\/li>\n<\/ul><\/div>\n<\/p><\/div>\n<div style='display: flex; flex-wrap: wrap; gap: 20px; margin-bottom: 30px;'>\n<div style='flex: 1 1 250px; border: 1px solid rgba(150&comma; 150&comma; 150&comma; 0.4); border-radius: 8px; overflow: hidden; display: flex; flex-direction: column;'>\n<div style='padding: 15px; border-bottom: 1px solid rgba(150&comma; 150&comma; 150&comma; 0.2); font-weight: bold; font-size: 18px; color: inherit;'>Especificaciones F\u00edsicas<\/div>\n<div style='padding: 15px; color: inherit;'>\n<ul style='padding-left: 20px; margin: 0; font-size: 14px; list-style-type: disc;'>\n<li style='margin-bottom: 5px;'><strong>Di\u00e1metro:<\/strong> 3.264 cm (1.285&#8242;)<\/li>\n<li style='margin-bottom: 5px;'><strong>Espesor:<\/strong> 0.178 cm (0.070&#8242;)<\/li>\n<li style='margin-bottom: 5px;'><strong>Peso:<\/strong> 1.18 g (0.04 oz)<\/li>\n<li style='margin-bottom: 5px;'><strong>Material:<\/strong> Lexan<\/li>\n<\/ul><\/div>\n<\/p><\/div>\n<div style='flex: 1 1 250px; border: 1px solid rgba(150&comma; 150&comma; 150&comma; 0.4); border-radius: 8px; overflow: hidden; display: flex; flex-direction: column;'>\n<div style='padding: 15px; border-bottom: 1px solid rgba(150&comma; 150&comma; 150&comma; 0.2); font-weight: bold; font-size: 18px; color: inherit;'>Especificaciones T\u00e9cnicas<\/div>\n<div style='padding: 15px; color: inherit;'>\n<ul style='padding-left: 20px; margin: 0; font-size: 14px; list-style-type: disc;'>\n<li style='margin-bottom: 5px;'><strong>Frecuencia:<\/strong> 125 kHz<\/li>\n<li style='margin-bottom: 5px;'><strong>Capacidad:<\/strong> Hasta 84 bits (1.9 x 10\u00b2\u2075 c\u00f3digos)<\/li>\n<li style='margin-bottom: 5px;'><strong>Temperatura:<\/strong> -45\u00b0 a 70\u00b0 C (-50\u00b0 a 160\u00b0 F)<\/li>\n<li style='margin-bottom: 5px;'><strong>Almacenamiento:<\/strong> Memoria no vol\u00e1til<\/li>\n<\/ul><\/div>\n<\/p><\/div>\n<div style='flex: 1 1 250px; border: 1px solid rgba(150&comma; 150&comma; 150&comma; 0.4); border-radius: 8px; overflow: hidden; display: flex; flex-direction: column;'>\n<div style='padding: 15px; border-bottom: 1px solid rgba(150&comma; 150&comma; 150&comma; 0.2); font-weight: bold; font-size: 18px; color: inherit;'>Distancia de Lectura<\/div>\n<div style='padding: 15px; color: inherit;'>\n<ul style='padding-left: 20px; margin: 0; font-size: 14px; list-style-type: disc;'>\n<li style='margin-bottom: 5px;'><strong>ProxPoint Plus:<\/strong> Hasta 5.1 cm (2&#8242;)<\/li>\n<li style='margin-bottom: 5px;'><strong>MiniProx:<\/strong> Hasta 5.7 cm (2.25&#8242;)<\/li>\n<li style='margin-bottom: 5px;'><strong>ThinLine II:<\/strong> Hasta 6.4 cm (2.5&#8242;)<\/li>\n<li style='margin-bottom: 5px;'><strong>ProxPro II:<\/strong> Hasta 8.9 cm (3.5&#8242;)<\/li>\n<li style='margin-bottom: 5px;'><strong>MaxiProx:<\/strong> Hasta 38 cm (15&#8242;)<\/li>\n<\/ul><\/div>\n<\/p><\/div>\n<div style='flex: 1 1 250px; border: 1px solid rgba(150&comma; 150&comma; 150&comma; 0.4); border-radius: 8px; overflow: hidden; display: flex; flex-direction: column;'>\n<div style='padding: 15px; border-bottom: 1px solid rgba(150&comma; 150&comma; 150&comma; 0.2); font-weight: bold; font-size: 18px; color: inherit;'>Informaci\u00f3n Adicional<\/div>\n<div style='padding: 15px; color: inherit;'>\n<ul style='padding-left: 20px; margin: 0; font-size: 14px; list-style-type: disc;'>\n<li style='margin-bottom: 5px;'><strong>Garant\u00eda:<\/strong> De por vida<\/li>\n<li style='margin-bottom: 5px;'><strong>Tipo:<\/strong> Tag de proximidad con adhesivo<\/li>\n<li style='margin-bottom: 5px;'><strong>Compatibilidad:<\/strong> No compatible con la mayor\u00eda de tel\u00e9fonos m\u00f3viles<\/li>\n<li style='margin-bottom: 5px;'><strong>Aplicaci\u00f3n:<\/strong> Solo en materiales no met\u00e1licos<\/li>\n<\/ul><\/div>\n<\/p><\/div>\n<\/p><\/div>\n<div style='display: flex; flex-wrap: wrap; gap: 30px; margin-bottom: 30px;'>\n<div style='flex: 1 1 300px; min-width: 280px;'>\n<h3 style='font-size: 22px; border-bottom: 2px solid currentColor; padding-bottom: 5px; margin-top: 0; color: inherit; opacity: 0.8;'>Informaci\u00f3n de Compra<\/h3>\n<ul style='padding-left: 20px; font-size: 15px; color: inherit;'>\n<li style='margin-bottom: 5px;'>Producto sobre pedido<\/li>\n<li style='margin-bottom: 5px;'>Orden m\u00ednima: 100 piezas<\/li>\n<li style='margin-bottom: 5px;'>Requiere formato&comma; c\u00f3digo de sitio y consecutivo para solicitudes<\/li>\n<\/ul><\/div>\n<\/p><\/div>\n<hr style='border: 0; border-top: 1px solid rgba(150&comma; 150&comma; 150&comma; 0.3); margin: 30px 0;'> <\/div>\n","protected":false},"excerpt":{"rendered":"<p>Micro Tag de Proximidad HID 125 KHz\/ Con Adhesivo<\/p>\n","protected":false},"featured_media":28428,"comment_status":"open","ping_status":"closed","template":"","meta":[],"product_brand":[],"product_cat":[465],"product_tag":[814,466,467],"class_list":{"0":"post-28429","1":"product","2":"type-product","3":"status-publish","4":"has-post-thumbnail","6":"product_cat-proximidad-125-khz","7":"product_tag-hid","8":"product_tag-lectoras-y-tarjetas","9":"product_tag-proximidad-125-khz","11":"first","12":"outofstock","13":"sale","14":"shipping-taxable","15":"purchasable","16":"product-type-simple"},"_links":{"self":[{"href":"https:\/\/soydeaqui.ddns.net\/pachuca\/index.php\/wp-json\/wp\/v2\/product\/28429","targetHints":{"allow":["GET"]}}],"collection":[{"href":"https:\/\/soydeaqui.ddns.net\/pachuca\/index.php\/wp-json\/wp\/v2\/product"}],"about":[{"href":"https:\/\/soydeaqui.ddns.net\/pachuca\/index.php\/wp-json\/wp\/v2\/types\/product"}],"replies":[{"embeddable":true,"href":"https:\/\/soydeaqui.ddns.net\/pachuca\/index.php\/wp-json\/wp\/v2\/comments?post=28429"}],"wp:featuredmedia":[{"embeddable":true,"href":"https:\/\/soydeaqui.ddns.net\/pachuca\/index.php\/wp-json\/wp\/v2\/media\/28428"}],"wp:attachment":[{"href":"https:\/\/soydeaqui.ddns.net\/pachuca\/index.php\/wp-json\/wp\/v2\/media?parent=28429"}],"wp:term":[{"taxonomy":"product_brand","embeddable":true,"href":"https:\/\/soydeaqui.ddns.net\/pachuca\/index.php\/wp-json\/wp\/v2\/product_brand?post=28429"},{"taxonomy":"product_cat","embeddable":true,"href":"https:\/\/soydeaqui.ddns.net\/pachuca\/index.php\/wp-json\/wp\/v2\/product_cat?post=28429"},{"taxonomy":"product_tag","embeddable":true,"href":"https:\/\/soydeaqui.ddns.net\/pachuca\/index.php\/wp-json\/wp\/v2\/product_tag?post=28429"}],"curies":[{"name":"wp","href":"https:\/\/api.w.org\/{rel}","templated":true}]}}