{"id":28417,"date":"2026-03-18T12:57:06","date_gmt":"2026-03-18T12:57:06","guid":{"rendered":"https:\/\/soydeaqui.ddns.net\/pachuca\/index.php\/producto\/cerradura-real-living-yrd226-teclado-y-llave-compatible-con-smarphone-o-total-connect\/"},"modified":"2026-03-18T12:57:09","modified_gmt":"2026-03-18T12:57:09","slug":"cerradura-real-living-yrd226-teclado-y-llave-compatible-con-smarphone-o-total-connect","status":"publish","type":"product","link":"https:\/\/soydeaqui.ddns.net\/pachuca\/index.php\/producto\/cerradura-real-living-yrd226-teclado-y-llave-compatible-con-smarphone-o-total-connect\/","title":{"rendered":"Cerradura Real Living YRD226\/ Teclado y Llave \/Compatible con Smarphone o Total Connect"},"content":{"rendered":"<div style='width: 100%; max-width: 1200px; margin: 0 auto; font-family: sans-serif; line-height: 1.6; color: inherit; background-color: transparent;'>\n<div style='display: flex; flex-wrap: wrap; gap: 30px; margin-bottom: 30px;'>\n<div style='flex: 1 1 300px; min-width: 280px;'>\n<h3 style='font-size: 22px; border-bottom: 2px solid currentColor; padding-bottom: 5px; margin-top: 0; color: inherit; opacity: 0.8;'>Caracter\u00edsticas Generales<\/h3>\n<ul style='padding-left: 20px; font-size: 15px; color: inherit;'>\n<li style='margin-bottom: 5px;'>Son fabricados con cuerpo met\u00e1lico y cuentan con un empaque en caucho que a\u00edsla y protege el mecanismo electr\u00f3nico<\/li>\n<li style='margin-bottom: 5px;'>Cerrojo con interfaz t\u00e1ctil&comma; ofrece mayor duraci\u00f3n<\/li>\n<li style='margin-bottom: 5px;'>Programaci\u00f3n asistida por voz en tres idiomas; Espa\u00f1ol&comma; Ingles y Franc\u00e9s<\/li>\n<li style='margin-bottom: 5px;'>Volumen ajustable<\/li>\n<li style='margin-bottom: 5px;'>F\u00e1cil de instalar&comma; usar y programar<\/li>\n<li style='margin-bottom: 5px;'>Cierre autom\u00e1tico programable<\/li>\n<li style='margin-bottom: 5px;'>Perilla de accionamiento interior<\/li>\n<li style='margin-bottom: 5px;'>25 Usuarios: Modo (Standalone)<\/li>\n<li style='margin-bottom: 5px;'>250 Usuarios con opci\u00f3n ZWAVE&comma; en <strong>Total Connect<\/strong>&comma; para opci\u00f3n <strong>ZWAVE<\/strong> requiere agregar el m\u00f3dulo <a style='color: inherit; text-decoration: underline;' href='https:\/\/www.syscom.mx\/principal\/searchcont?route=89522-ASSA-ABLOY-170197&#038;autodetect=89522'>89522<\/a><\/li>\n<li style='margin-bottom: 5px;'>Para control a trav\u00e9s de SMARTPHONE (WiFi) agregue m\u00f3dulo <a style='color: inherit; text-decoration: underline;' href='https:\/\/www.syscom.mx\/principal\/searchcont?route=89407-ASSA-ABLOY-159250&#038;autodetect=89407'>89407<\/a> y <a style='color: inherit; text-decoration: underline;' href='https:\/\/www.syscom.mx\/producto\/51020-ASSA-ABLOY-143439.html'>51020<\/a><\/li>\n<li style='margin-bottom: 5px;'>Permite agregar y borrar usuarios de forma individual<\/li>\n<li style='margin-bottom: 5px;'>Funciona con 4 bater\u00edas alcalinas AA 1.5 Vcc (incluidas)<\/li>\n<li style='margin-bottom: 5px;'>Promedio de vida de la bater\u00eda&comma; 1 a\u00f1o<\/li>\n<li style='margin-bottom: 5px;'>Indicador de Bater\u00eda Baja<\/li>\n<li style='margin-bottom: 5px;'>Cerrojo deja de operar por 60 segundos despu\u00e9s de 5 intentos incorrectos<\/li>\n<li style='margin-bottom: 5px;'>Pestillo motorizado y c\u00f3nico&comma; ayuda a la alineaci\u00f3n de la puerta durante el cierre<\/li>\n<li style='margin-bottom: 5px;'>Incluye 2 llaves<\/li>\n<li style='margin-bottom: 5px;'>Espesor de la puerta: 35-50 mm<\/li>\n<li style='margin-bottom: 5px;'>Tipo de instalaci\u00f3n: Tubular<\/li>\n<li style='margin-bottom: 5px;'>Dimensiones: 69 x 154 x 34 mm<\/li>\n<li style='margin-bottom: 5px;'>1 A\u00f1o de Garant\u00eda<\/li>\n<\/ul><\/div>\n<div style='flex: 1 1 300px; min-width: 280px;'> <img style='width: 100%; height: auto; border: 1px solid rgba(150&comma;150&comma;150&comma;0.3); border-radius: 8px;' src='http:\/\/ftp3.syscom.mx\/usuarios\/ftp\/2017\/01\/03\/43ba4\/yale-logo.jpg' alt=''> <\/div>\n<\/p><\/div>\n<div style='position: relative; padding-bottom: 56.25%; height: 0; overflow: hidden; margin-bottom: 30px;'>   <\/div>\n<\/p><\/div>\n","protected":false},"excerpt":{"rendered":"<p>Cerradura Real Living YRD226\/ Teclado y Llave \/Compatible con Smarphone o Total Connect<\/p>\n","protected":false},"featured_media":28416,"comment_status":"open","ping_status":"closed","template":"","meta":[],"product_brand":[],"product_cat":[407],"product_tag":[408,180,395],"class_list":{"0":"post-28417","1":"product","2":"type-product","3":"status-publish","4":"has-post-thumbnail","6":"product_cat-automatizacion-z-wave","7":"product_tag-automatizacion-z-wave","8":"product_tag-total-connect-honeywell","9":"product_tag-yale-assa-abloy","11":"first","12":"instock","13":"sale","14":"shipping-taxable","15":"purchasable","16":"product-type-simple"},"_links":{"self":[{"href":"https:\/\/soydeaqui.ddns.net\/pachuca\/index.php\/wp-json\/wp\/v2\/product\/28417","targetHints":{"allow":["GET"]}}],"collection":[{"href":"https:\/\/soydeaqui.ddns.net\/pachuca\/index.php\/wp-json\/wp\/v2\/product"}],"about":[{"href":"https:\/\/soydeaqui.ddns.net\/pachuca\/index.php\/wp-json\/wp\/v2\/types\/product"}],"replies":[{"embeddable":true,"href":"https:\/\/soydeaqui.ddns.net\/pachuca\/index.php\/wp-json\/wp\/v2\/comments?post=28417"}],"wp:featuredmedia":[{"embeddable":true,"href":"https:\/\/soydeaqui.ddns.net\/pachuca\/index.php\/wp-json\/wp\/v2\/media\/28416"}],"wp:attachment":[{"href":"https:\/\/soydeaqui.ddns.net\/pachuca\/index.php\/wp-json\/wp\/v2\/media?parent=28417"}],"wp:term":[{"taxonomy":"product_brand","embeddable":true,"href":"https:\/\/soydeaqui.ddns.net\/pachuca\/index.php\/wp-json\/wp\/v2\/product_brand?post=28417"},{"taxonomy":"product_cat","embeddable":true,"href":"https:\/\/soydeaqui.ddns.net\/pachuca\/index.php\/wp-json\/wp\/v2\/product_cat?post=28417"},{"taxonomy":"product_tag","embeddable":true,"href":"https:\/\/soydeaqui.ddns.net\/pachuca\/index.php\/wp-json\/wp\/v2\/product_tag?post=28417"}],"curies":[{"name":"wp","href":"https:\/\/api.w.org\/{rel}","templated":true}]}}