{"id":28403,"date":"2026-03-18T12:56:46","date_gmt":"2026-03-18T12:56:46","guid":{"rendered":"https:\/\/soydeaqui.ddns.net\/pachuca\/index.php\/producto\/torniquete-industrial-en-acero-inoxidable-bidireccional-uso-rudo-espacio-para-lectora-de-proximidad\/"},"modified":"2026-03-18T12:56:55","modified_gmt":"2026-03-18T12:56:55","slug":"torniquete-industrial-en-acero-inoxidable-bidireccional-uso-rudo-espacio-para-lectora-de-proximidad","status":"publish","type":"product","link":"https:\/\/soydeaqui.ddns.net\/pachuca\/index.php\/producto\/torniquete-industrial-en-acero-inoxidable-bidireccional-uso-rudo-espacio-para-lectora-de-proximidad\/","title":{"rendered":"Torniquete Industrial en Acero Inoxidable, Bidireccional, USO RUDO, Espacio para Lectora de Proximidad"},"content":{"rendered":"<div style='width: 100%; max-width: 1200px; margin: 0 auto; font-family: sans-serif; line-height: 1.6; color: inherit; background-color: transparent;'> <!-- Secci\u00f3n de enlaces destacados --> <\/p>\n<div style='display: flex; flex-wrap: wrap; gap: 20px; margin-bottom: 30px; justify-content: center;'>\n<div style='flex: 1 1 300px; min-width: 280px; text-align: center;'> <a href='https:\/\/soporte.syscom.mx\/es\/articles\/8144819-implementacion-de-tarjetas-con-torniquetes?_gl=1*1aqd6qf*_gcl_au*MTE0OTQ0NDQ5My4xNzI4MzM0NDU1' style='color: inherit; text-decoration: none;'> <\/p>\n<div style='font-size: 24px; font-weight: bold; position: relative;'> Acceso con tarjeta <span style='color: #c0392b; font-size: 10px; position: absolute; right: -30px; top: 0;'>(Click aqui)<\/span> <\/div>\n<p> <\/a> <\/div>\n<div style='flex: 1 1 300px; min-width: 280px; text-align: center;'> <a href='https:\/\/soporte.syscom.mx\/es\/articles\/10279592-implementar-torniquetes-por-codigo-qr' style='color: inherit; text-decoration: none;'> <\/p>\n<div style='font-size: 24px; font-weight: bold; position: relative; text-align: right;'> Acceso con QR adminstrado en nube <span style='color: #c0392b; font-size: 10px; position: absolute; right: -30px; top: 0;'>(Click aqui)<\/span> <\/div>\n<p> <\/a> <\/div>\n<div style='flex: 1 1 300px; min-width: 280px; text-align: center;'> <a href='https:\/\/soporte.syscom.mx\/es\/articles\/10279806-acceso-con-reconocimiento-facial-para-torniquetes' style='color: inherit; text-decoration: none;'> <\/p>\n<div style='font-size: 24px; font-weight: bold; position: relative;'> Acceso con reconocimiento facial <span style='color: #c0392b; font-size: 10px; position: absolute; right: -30px; top: 0;'>(Click aqui)<\/span> <\/div>\n<p> <\/a> <\/div>\n<\/p><\/div>\n<p> <!-- Imagen principal --> <\/p>\n<div style='width: 100%; margin-bottom: 30px;'> <img style='width: 100%; height: auto; border: 1px solid rgba(150&comma;150&comma;150&comma;0.3); border-radius: 8px; display: block; margin: 0 auto;' src='http:\/\/ftp3.syscom.mx\/usuarios\/ivan.reyes\/AccessPRO\/bannertorniquetes.jpg' alt=''> <\/div>\n<p> <!-- Descripci\u00f3n principal --> <\/p>\n<div style='margin-bottom: 30px;'>\n<p style='text-align: justify; font-size: 15px; color: inherit;'>Los torniquetes de la serie AccessPRO son un tipo de barrera eficiente&comma; con un dise\u00f1o compacto&comma; adem\u00e1s ofrecen espacio suficiente para integrar cualquier Sistema de control de acceso. Pueden ser instalados con diferentes accesorios como&comma; contadores de personas&comma; lectores de tarjetas&comma; sistemas de alarma contra accesos no autorizados. Gracias a su funci\u00f3n de abatimiento de brazo provee una soluci\u00f3n excelente en caso de alguna emergencia o perdida de energ\u00eda&comma; proporcionando as\u00ed salida libre en caso de alguna evacuaci\u00f3n. Excelente durabilidad con un mantenimiento m\u00ednimo se traduce a a\u00f1os y millones de ciclos sin ning\u00fan problema. El torniquete AP1000HD crea un ambiente seguro para aplicaciones por ejemplo: recepciones&comma; estadios&comma; seguridad interior y de per\u00edmetro&comma; parques recreativos etc\u2026<\/p>\n<\/p><\/div>\n<p> <!-- Secci\u00f3n de caracter\u00edsticas --> <\/p>\n<div style='display: flex; flex-wrap: wrap; gap: 20px; margin-bottom: 30px;'>\n<div style='flex: 1 1 300px; min-width: 280px;'>\n<div style='border-left: 5px solid #0d528a; border-radius: 8px; padding: 15px; box-shadow: 0 2px 8px rgba(150&comma;150&comma;150&comma;0.2);'> <strong style='font-size: 18px; display: block; margin-bottom: 10px; color: inherit;'>Caracter\u00edsticas principales:<\/strong> <\/p>\n<ul style='padding-left: 20px; margin: 0; font-size: 14px; list-style-type: disc; color: inherit;'>\n<li style='margin-bottom: 5px;'>Dimensiones: 480x280x960mm<\/li>\n<li style='margin-bottom: 5px;'>Material: 1.0mm 304 SUS Hairline #400<\/li>\n<li style='margin-bottom: 5px;'>Ancho de pasaje: \u2266550mm<\/li>\n<li style='margin-bottom: 5px;'>Flujo de personas: 30-35 por minuto<\/li>\n<li style='margin-bottom: 5px;'>Tiempo de operaci\u00f3n: 0.2 Segundos<\/li>\n<li style='margin-bottom: 5px;'>Para exterior bajo techo<\/li>\n<\/ul><\/div>\n<\/p><\/div>\n<div style='flex: 1 1 300px; min-width: 280px;'>\n<div style='border-left: 5px solid #0d528a; border-radius: 8px; padding: 15px; box-shadow: 0 2px 8px rgba(150&comma;150&comma;150&comma;0.2);'> <strong style='font-size: 18px; display: block; margin-bottom: 10px; color: inherit;'>Caracter\u00edsticas F\u00edsicas y El\u00e9ctricas:<\/strong> <\/p>\n<ul style='padding-left: 20px; margin: 0; font-size: 14px; list-style-type: disc; color: inherit;'>\n<li style='margin-bottom: 5px;'>Voltaje de entrada: 100-240Vac. 50\/60Hz<\/li>\n<li style='margin-bottom: 5px;'>Voltaje de operaci\u00f3n: 24Vdc<\/li>\n<li style='margin-bottom: 5px;'>Interfaz de comunicaci\u00f3n: RS-485<\/li>\n<li style='margin-bottom: 5px;'>Activaci\u00f3n por contacto seco<\/li>\n<\/ul><\/div>\n<\/p><\/div>\n<div style='flex: 1 1 300px; min-width: 280px;'>\n<div style='border-left: 5px solid #0d528a; border-radius: 8px; padding: 15px; box-shadow: 0 2px 8px rgba(150&comma;150&comma;150&comma;0.2);'> <strong style='font-size: 18px; display: block; margin-bottom: 10px; color: inherit;'>Modos de operacion:<\/strong> <\/p>\n<ul style='padding-left: 20px; margin: 0; font-size: 14px; list-style-type: disc; color: inherit;'>\n<li style='margin-bottom: 5px;'>Acceso en una sola direcci\u00f3n.<\/li>\n<li style='margin-bottom: 5px;'>Entrada bi direccional.<\/li>\n<\/ul><\/div>\n<\/p><\/div>\n<\/p><\/div>\n<p> <!-- Caracter\u00edsticas destacadas --> <\/p>\n<div style='margin-bottom: 30px;'>\n<div style='border-left: 5px solid #0d528a; border-radius: 8px; padding: 15px; box-shadow: 0 2px 8px rgba(150&comma;150&comma;150&comma;0.2);'> <strong style='font-size: 18px; display: block; margin-bottom: 10px; color: inherit;'>Caracter\u00edsticas Destacadas:<\/strong> <\/p>\n<ul style='padding-left: 20px; margin: 0; font-size: 14px; list-style-type: disc; color: inherit;'>\n<li style='margin-bottom: 5px;'>Utilice tarjetas inteligentes de RFID&comma; tarjetas de identidad&comma; lectores de c\u00f3digo de barras o c\u00f3digo Qr.<\/li>\n<li style='margin-bottom: 5px;'>El indicador de direcci\u00f3n muestra al peat\u00f3n el estado de la lectura actual y gu\u00eda al peat\u00f3n correctamente.<\/li>\n<li style='margin-bottom: 5px;'>Modo Mec\u00e1nico: El peat\u00f3n empuja el brazo hasta que regresa de nueva cuenta a posici\u00f3n inicial.<\/li>\n<li style='margin-bottom: 5px;'>Unidireccional o bidireccional&comma; configurable en el torniquete.<\/li>\n<li style='margin-bottom: 5px;'>Autobloqueo despu\u00e9s de cada acceso.<\/li>\n<li style='margin-bottom: 5px;'>Retraso de tiempo ajustable.<\/li>\n<li style='margin-bottom: 5px; font-size: 12px; font-weight: bold;'>Nota: No incluye relay para contador.<\/li>\n<li style='margin-bottom: 5px; font-size: 10px; font-weight: bold;'>Equipo para uso en exterior bajo techo (protegido de agua y los elementos).<\/li>\n<li style='margin-bottom: 5px; font-size: 10px; font-weight: bold;'>Requiere mantenimiento de limpieza y proteccion con WD40 de acuerdo a la zona de instalacion<\/li>\n<\/ul><\/div>\n<\/p><\/div>\n<p> <!-- Garant\u00eda --> <\/p>\n<div style='margin-bottom: 30px;'>\n<h3 style='color: #0d528a; font-size: 20px; margin-top: 0; margin-bottom: 15px; color: inherit;'>Garant\u00eda<\/h3>\n<p style='text-align: justify; font-size: 15px; color: inherit;'>Los torniquetes de la serie HD de la marca AccessPRO con su rotor mejorado podemos garantizar hasta 5&comma;000&comma;000 de ciclos antes del primer fallo del mecanismo.<\/p>\n<p style='text-align: justify; font-size: 15px; color: inherit;'>As\u00ed probamos nuestros torniquetes para poder garantizar hasta 5&comma;000&comma;000 de ciclos sin falla en mecanismo.<\/p>\n<\/p><\/div>\n<p> <!-- Videos --> <\/p>\n<div style='display: flex; flex-wrap: wrap; gap: 30px; margin-bottom: 30px;'>\n<div style='flex: 1 1 500px; min-width: 300px;'>\n<div style='position: relative; padding-bottom: 56.25%; height: 0; overflow: hidden;'>   <\/div>\n<\/p><\/div>\n<div style='flex: 1 1 500px; min-width: 300px;'>\n<div style='position: relative; padding-bottom: 56.25%; height: 0; overflow: hidden;'>   <\/div>\n<\/p><\/div>\n<\/p><\/div>\n<p> <!-- Imagen final --> <\/p>\n<div style='width: 100%; margin-bottom: 30px;'> <img style='width: 100%; height: auto; border: 1px solid rgba(150&comma;150&comma;150&comma;0.3); border-radius: 8px; display: block; margin: 0 auto;' src='https:\/\/ftp3.syscom.mx\/usuarios\/amesta\/TORNIQUETES\/AP1000HD%20HDM.png' alt=''> <\/div>\n<\/p><\/div>\n","protected":false},"excerpt":{"rendered":"<p>Torniquete Industrial en Acero Inoxidable, Bidireccional, USO RUDO, Espacio para Lectora de Proximidad<\/p>\n","protected":false},"featured_media":28402,"comment_status":"open","ping_status":"closed","template":"","meta":[],"product_brand":[],"product_cat":[758],"product_tag":[234,760,759],"class_list":{"0":"post-28403","1":"product","2":"type-product","3":"status-publish","4":"has-post-thumbnail","6":"product_cat-torniquetes-de-medio-cuerpo","7":"product_tag-accesspro","8":"product_tag-torniquetes-de-medio-cuerpo","9":"product_tag-torniquetes-y-puertas-de-cortesia","11":"first","12":"instock","13":"sale","14":"shipping-taxable","15":"purchasable","16":"product-type-simple"},"_links":{"self":[{"href":"https:\/\/soydeaqui.ddns.net\/pachuca\/index.php\/wp-json\/wp\/v2\/product\/28403","targetHints":{"allow":["GET"]}}],"collection":[{"href":"https:\/\/soydeaqui.ddns.net\/pachuca\/index.php\/wp-json\/wp\/v2\/product"}],"about":[{"href":"https:\/\/soydeaqui.ddns.net\/pachuca\/index.php\/wp-json\/wp\/v2\/types\/product"}],"replies":[{"embeddable":true,"href":"https:\/\/soydeaqui.ddns.net\/pachuca\/index.php\/wp-json\/wp\/v2\/comments?post=28403"}],"wp:featuredmedia":[{"embeddable":true,"href":"https:\/\/soydeaqui.ddns.net\/pachuca\/index.php\/wp-json\/wp\/v2\/media\/28402"}],"wp:attachment":[{"href":"https:\/\/soydeaqui.ddns.net\/pachuca\/index.php\/wp-json\/wp\/v2\/media?parent=28403"}],"wp:term":[{"taxonomy":"product_brand","embeddable":true,"href":"https:\/\/soydeaqui.ddns.net\/pachuca\/index.php\/wp-json\/wp\/v2\/product_brand?post=28403"},{"taxonomy":"product_cat","embeddable":true,"href":"https:\/\/soydeaqui.ddns.net\/pachuca\/index.php\/wp-json\/wp\/v2\/product_cat?post=28403"},{"taxonomy":"product_tag","embeddable":true,"href":"https:\/\/soydeaqui.ddns.net\/pachuca\/index.php\/wp-json\/wp\/v2\/product_tag?post=28403"}],"curies":[{"name":"wp","href":"https:\/\/api.w.org\/{rel}","templated":true}]}}