{"id":28393,"date":"2026-03-18T12:56:35","date_gmt":"2026-03-18T12:56:35","guid":{"rendered":"https:\/\/soydeaqui.ddns.net\/pachuca\/index.php\/producto\/5000000-de-ciclos-garantizados-torniquete-optico-bidireccional-el-mas-estetico-hojas-de-acrilico\/"},"modified":"2026-03-18T12:56:35","modified_gmt":"2026-03-18T12:56:35","slug":"5000000-de-ciclos-garantizados-torniquete-optico-bidireccional-el-mas-estetico-hojas-de-acrilico","status":"publish","type":"product","link":"https:\/\/soydeaqui.ddns.net\/pachuca\/index.php\/producto\/5000000-de-ciclos-garantizados-torniquete-optico-bidireccional-el-mas-estetico-hojas-de-acrilico\/","title":{"rendered":"5,000,000 de Ciclos Garantizados\/ Torniquete \u00d3ptico Bidireccional  \/ El M\u00e1s Est\u00e9tico \/ Hojas de Acr\u00edlico."},"content":{"rendered":"<div style='width: 100%; max-width: 1200px; margin: 0 auto; font-family: sans-serif; line-height: 1.6; color: inherit; background-color: transparent;'>\n<div style='width: 100%; margin-bottom: 30px;'> <img style='width: 100%; height: auto; border: 1px solid rgba(150&comma;150&comma;150&comma;0.3); border-radius: 8px;' src='http:\/\/ftp3.syscom.mx\/usuarios\/ivan.reyes\/AccessPRO\/bannertorniquetes.jpg' alt=''> <\/div>\n<div style='margin-bottom: 30px;'>\n<p style='text-align: justify; font-size: 15px; color: inherit;'> El torniquete de cortes\u00eda AP4000HD esta dise\u00f1ado para usuarios exigentes&comma; es seguro&comma; eficiente e inteligente&comma; de alta calidad&comma; resistente y duradero. Los AP4000HD est\u00e1n dise\u00f1ados para mejorar la seguridad y optimizar la mano de obra en sus puntos de entrada. Estos sistemas le proporcionar\u00e1n un control eficiente y elegante del acceso individual a sus instalaciones. Son f\u00e1ciles de instalar&comma; f\u00e1ciles de entender y de mantener. Los productos se pueden aplicar ampliamente a los siguientes usos&comma; como empresas industriales&comma; edificios de oficinas&comma; tiendas&comma; museos&comma; instalaciones de seguridad&comma; c\u00e1rceles&comma; centrales nucleares&comma; aeropuertos&comma; ferrocarriles&comma; puertos mar\u00edtimos&comma; centros de exposiciones&comma; estaciones de esqu\u00ed&comma; gimnasio y otros. <\/p>\n<\/p><\/div>\n<div style='display: flex; flex-wrap: wrap; gap: 30px; margin-bottom: 30px;'>\n<div style='flex: 1 1 300px; min-width: 280px;'>\n<h3 style='font-size: 22px; border-bottom: 2px solid currentColor; padding-bottom: 5px; margin-top: 0; color: inherit; opacity: 0.8;'>Caracter\u00edsticas principales:<\/h3>\n<ul style='padding-left: 20px; font-size: 15px; color: inherit;'>\n<li style='margin-bottom: 5px;'><strong>Dimensiones:<\/strong> 1400x185x1020mm<\/li>\n<li style='margin-bottom: 5px;'><strong>Material:<\/strong> 1.0mm 304 SUS Hairline #400<\/li>\n<li style='margin-bottom: 5px;'><strong>Ancho de pasaje:<\/strong> \u2264900mm<\/li>\n<li style='margin-bottom: 5px;'><strong>Flujo de personas:<\/strong> 35-40 por minuto<\/li>\n<li style='margin-bottom: 5px;'><strong>Tiempo de operaci\u00f3n:<\/strong> 0.2 Segundos<\/li>\n<\/ul><\/div>\n<div style='flex: 1 1 300px; min-width: 280px;'>\n<h3 style='font-size: 22px; border-bottom: 2px solid currentColor; padding-bottom: 5px; margin-top: 0; color: inherit; opacity: 0.8;'>Caracter\u00edsticas F\u00edsicas y El\u00e9ctricas:<\/h3>\n<ul style='padding-left: 20px; font-size: 15px; color: inherit;'>\n<li style='margin-bottom: 5px;'><strong>Voltaje de entrada:<\/strong> 100-240Vac. 50\/60Hz<\/li>\n<li style='margin-bottom: 5px;'><strong>Voltaje de operaci\u00f3n:<\/strong> 24Vdc<\/li>\n<li style='margin-bottom: 5px;'><strong>Interfaz de comunicaci\u00f3n:<\/strong> RS-485<\/li>\n<li style='margin-bottom: 5px;'><strong>Activaci\u00f3n:<\/strong> por contacto seco<\/li>\n<\/ul><\/div>\n<div style='flex: 1 1 300px; min-width: 280px;'>\n<h3 style='font-size: 22px; border-bottom: 2px solid currentColor; padding-bottom: 5px; margin-top: 0; color: inherit; opacity: 0.8;'>Caracter\u00edsticas Destacadas:<\/h3>\n<ul style='padding-left: 20px; font-size: 15px; color: inherit;'>\n<li style='margin-bottom: 5px;'>Utilice tarjetas inteligentes de RFID&comma; tarjetas de identidad&comma; lectores de c\u00f3digo de barras o c\u00f3digo QR.<\/li>\n<li style='margin-bottom: 5px;'>El indicador de direcci\u00f3n muestra al peat\u00f3n el estado de la lectura actual y gu\u00eda al peat\u00f3n correctamente.<\/li>\n<li style='margin-bottom: 5px;'>Unidireccional o bidireccional&comma; configurable en el torniquete.<\/li>\n<li style='margin-bottom: 5px;'>Retraso de tiempo ajustable<\/li>\n<li style='margin-bottom: 5px; font-family: terminal&comma; monaco&comma; monospace; font-size: 10pt;'><strong>Nota:<\/strong> No incluye relay para contador.<\/li>\n<li style='margin-bottom: 5px; font-family: terminal&comma; monaco&comma; monospace; font-size: 10pt;'><strong>Requiere:<\/strong> mantenimiento de limpieza y protecci\u00f3n con WD40 de acuerdo a la zona de instalaci\u00f3n<\/li>\n<\/ul><\/div>\n<\/p><\/div>\n<div style='display: flex; flex-wrap: wrap; gap: 20px; margin-bottom: 30px;'>\n<div style='flex: 1 1 300px; border: 1px solid rgba(150&comma; 150&comma; 150&comma; 0.4); border-radius: 8px; overflow: hidden; display: flex; flex-direction: column;'>\n<div style='padding: 15px; border-bottom: 1px solid rgba(150&comma; 150&comma; 150&comma; 0.2); font-weight: bold; font-size: 18px; color: inherit;'>Sensores de an\u00e1lisis<\/div>\n<div style='padding: 15px; color: inherit;'>\n<p style='margin: 0; font-size: 14px;'>Los sensores obtienen la se\u00f1al en tiempo real&comma; la analiza y procesa a la persona u objeto para poder tener una variedad de acciones&comma; de acuerdo al resultado del an\u00e1lisis los motores del torniquete se activaran&comma; o alarmaran dependiendo la situaci\u00f3n.<\/p>\n<\/p><\/div>\n<\/p><\/div>\n<div style='flex: 1 1 300px; border: 1px solid rgba(150&comma; 150&comma; 150&comma; 0.4); border-radius: 8px; overflow: hidden; display: flex; flex-direction: column;'>\n<div style='padding: 15px; border-bottom: 1px solid rgba(150&comma; 150&comma; 150&comma; 0.2); font-weight: bold; font-size: 18px; color: inherit;'>Ajustes convenientes<\/div>\n<div style='padding: 15px; color: inherit;'>\n<p style='margin: 0; font-size: 14px;'>Los usuarios pueden consultar y configurar r\u00e1pida y f\u00e1cilmente los par\u00e1metros del torniquete&comma; ya no dependen totalmente de la computadora o del teclado para consultar y configurar los par\u00e1metros.<\/p>\n<\/p><\/div>\n<\/p><\/div>\n<div style='flex: 1 1 300px; border: 1px solid rgba(150&comma; 150&comma; 150&comma; 0.4); border-radius: 8px; overflow: hidden; display: flex; flex-direction: column;'>\n<div style='padding: 15px; border-bottom: 1px solid rgba(150&comma; 150&comma; 150&comma; 0.2); font-weight: bold; font-size: 18px; color: inherit;'>Seguro<\/div>\n<div style='padding: 15px; color: inherit;'>\n<p style='margin: 0; font-size: 14px;'>En caso de emergencia o falla de energ\u00eda&comma; las puertas pueden liberarse sin trabas. Interfaces I\/O&comma; RS23\/485&comma; las cuales son convenientes para controlar la se\u00f1al de entrada&comma; y provee una interfaz centralizada.<\/p>\n<\/p><\/div>\n<\/p><\/div>\n<div style='flex: 1 1 300px; border: 1px solid rgba(150&comma; 150&comma; 150&comma; 0.4); border-radius: 8px; overflow: hidden; display: flex; flex-direction: column;'>\n<div style='padding: 15px; border-bottom: 1px solid rgba(150&comma; 150&comma; 150&comma; 0.2); font-weight: bold; font-size: 18px; color: inherit;'>Dos m\u00e9todos de trabajo<\/div>\n<div style='padding: 15px; color: inherit;'>\n<p style='margin: 0; font-size: 14px;'>NO y NC&comma; lo cual garantiza su eficiencia para el uso normal o en horas pico.<\/p>\n<\/p><\/div>\n<\/p><\/div>\n<div style='flex: 1 1 300px; border: 1px solid rgba(150&comma; 150&comma; 150&comma; 0.4); border-radius: 8px; overflow: hidden; display: flex; flex-direction: column;'>\n<div style='padding: 15px; border-bottom: 1px solid rgba(150&comma; 150&comma; 150&comma; 0.2); font-weight: bold; font-size: 18px; color: inherit;'>M\u00faltiples modos de control<\/div>\n<div style='padding: 15px; color: inherit;'>\n<p style='margin: 0; font-size: 14px;'>Puede trabajar en una sola direcci\u00f3n&comma; bidireccional&comma; paso libre&comma; con autorizaci\u00f3n para satisfacer las necesidades del usuario.<\/p>\n<\/p><\/div>\n<\/p><\/div>\n<div style='flex: 1 1 300px; border: 1px solid rgba(150&comma; 150&comma; 150&comma; 0.4); border-radius: 8px; overflow: hidden; display: flex; flex-direction: column;'>\n<div style='padding: 15px; border-bottom: 1px solid rgba(150&comma; 150&comma; 150&comma; 0.2); font-weight: bold; font-size: 18px; color: inherit;'>Posicionamiento Preciso<\/div>\n<div style='padding: 15px; color: inherit;'>\n<p style='margin: 0; font-size: 14px;'>El posicionamiento preciso es gracias a los sensores fotoel\u00e9ctricos&comma; el ciclo de trabajo del torniquete puede ser regular o pesado gracias a ellos.<\/p>\n<\/p><\/div>\n<\/p><\/div>\n<div style='flex: 1 1 300px; border: 1px solid rgba(150&comma; 150&comma; 150&comma; 0.4); border-radius: 8px; overflow: hidden; display: flex; flex-direction: column;'>\n<div style='padding: 15px; border-bottom: 1px solid rgba(150&comma; 150&comma; 150&comma; 0.2); font-weight: bold; font-size: 18px; color: inherit;'>Indicador de control<\/div>\n<div style='padding: 15px; color: inherit;'>\n<p style='margin: 0; font-size: 14px;'>El indicador de control nos puede mostrar los tres diferentes tipos de estado del torniquete&comma; abierto&comma; en espera y pasaje libre.<\/p>\n<\/p><\/div>\n<\/p><\/div>\n<div style='flex: 1 1 300px; border: 1px solid rgba(150&comma; 150&comma; 150&comma; 0.4); border-radius: 8px; overflow: hidden; display: flex; flex-direction: column;'>\n<div style='padding: 15px; border-bottom: 1px solid rgba(150&comma; 150&comma; 150&comma; 0.2); font-weight: bold; font-size: 18px; color: inherit;'>Motor paso a paso<\/div>\n<div style='padding: 15px; color: inherit;'>\n<p style='margin: 0; font-size: 14px;'>Ambos lados del torniquete cuentan con motor paso a paso para una coordinaci\u00f3n y sincronizaci\u00f3n \u00f3ptima&comma; el controlador mismo lleva el control de todos los sistemas del torniquete&comma; tal como sensores&comma; motores&comma; iluminaci\u00f3n&comma; frenado&comma; etc\u2026<\/p>\n<\/p><\/div>\n<\/p><\/div>\n<\/p><\/div>\n<div style='margin-bottom: 30px;'>\n<h3 style='font-size: 22px; border-bottom: 2px solid currentColor; padding-bottom: 5px; margin-top: 0; color: inherit; opacity: 0.8;'>Garant\u00eda<\/h3>\n<p style='font-size: 15px; color: inherit;'> Los torniquetes de la serie 4000HD de la marca AccessPRO garantiza hasta 5&comma;000&comma;000 de ciclos antes del primer fallo del mecanismo. <\/p>\n<\/p><\/div>\n<div style='display: flex; flex-wrap: wrap; gap: 30px; margin-bottom: 30px;'>\n<div style='flex: 1 1 45%; min-width: 300px;'>\n<div style='position: relative; padding-bottom: 56.25%; height: 0; overflow: hidden; margin-bottom: 30px;'>   <\/div>\n<\/p><\/div>\n<div style='flex: 1 1 45%; min-width: 300px;'>\n<div style='position: relative; padding-bottom: 56.25%; height: 0; overflow: hidden; margin-bottom: 30px;'>   <\/div>\n<\/p><\/div>\n<\/p><\/div>\n<\/p><\/div>\n","protected":false},"excerpt":{"rendered":"<p>5,000,000 de Ciclos Garantizados\/ Torniquete \u00d3ptico Bidireccional  \/ El M\u00e1s Est\u00e9tico \/ Hojas de Acr\u00edlico.<\/p>\n","protected":false},"featured_media":28392,"comment_status":"open","ping_status":"closed","template":"","meta":[],"product_brand":[],"product_cat":[774],"product_tag":[234,775,759],"class_list":{"0":"post-28393","1":"product","2":"type-product","3":"status-publish","4":"has-post-thumbnail","6":"product_cat-puertas-de-cortesia","7":"product_tag-accesspro","8":"product_tag-puertas-de-cortesia","9":"product_tag-torniquetes-y-puertas-de-cortesia","11":"first","12":"instock","13":"sale","14":"shipping-taxable","15":"purchasable","16":"product-type-simple"},"_links":{"self":[{"href":"https:\/\/soydeaqui.ddns.net\/pachuca\/index.php\/wp-json\/wp\/v2\/product\/28393","targetHints":{"allow":["GET"]}}],"collection":[{"href":"https:\/\/soydeaqui.ddns.net\/pachuca\/index.php\/wp-json\/wp\/v2\/product"}],"about":[{"href":"https:\/\/soydeaqui.ddns.net\/pachuca\/index.php\/wp-json\/wp\/v2\/types\/product"}],"replies":[{"embeddable":true,"href":"https:\/\/soydeaqui.ddns.net\/pachuca\/index.php\/wp-json\/wp\/v2\/comments?post=28393"}],"wp:featuredmedia":[{"embeddable":true,"href":"https:\/\/soydeaqui.ddns.net\/pachuca\/index.php\/wp-json\/wp\/v2\/media\/28392"}],"wp:attachment":[{"href":"https:\/\/soydeaqui.ddns.net\/pachuca\/index.php\/wp-json\/wp\/v2\/media?parent=28393"}],"wp:term":[{"taxonomy":"product_brand","embeddable":true,"href":"https:\/\/soydeaqui.ddns.net\/pachuca\/index.php\/wp-json\/wp\/v2\/product_brand?post=28393"},{"taxonomy":"product_cat","embeddable":true,"href":"https:\/\/soydeaqui.ddns.net\/pachuca\/index.php\/wp-json\/wp\/v2\/product_cat?post=28393"},{"taxonomy":"product_tag","embeddable":true,"href":"https:\/\/soydeaqui.ddns.net\/pachuca\/index.php\/wp-json\/wp\/v2\/product_tag?post=28393"}],"curies":[{"name":"wp","href":"https:\/\/api.w.org\/{rel}","templated":true}]}}