{"id":28387,"date":"2026-03-18T12:56:27","date_gmt":"2026-03-18T12:56:27","guid":{"rendered":"https:\/\/soydeaqui.ddns.net\/pachuca\/index.php\/producto\/modulo-para-indicar-recepcion-de-llamada-apertura-de-puerta-o-audio-bidireccional-en-videoportero-ip-modular\/"},"modified":"2026-03-18T12:56:33","modified_gmt":"2026-03-18T12:56:33","slug":"modulo-para-indicar-recepcion-de-llamada-apertura-de-puerta-o-audio-bidireccional-en-videoportero-ip-modular","status":"publish","type":"product","link":"https:\/\/soydeaqui.ddns.net\/pachuca\/index.php\/producto\/modulo-para-indicar-recepcion-de-llamada-apertura-de-puerta-o-audio-bidireccional-en-videoportero-ip-modular\/","title":{"rendered":"Modulo para Indicar Recepci\u00f3n de Llamada \/ Apertura de Puerta o Audio Bidireccional en Videoportero IP Modular"},"content":{"rendered":"<div style='width: 100%; max-width: 1200px; margin: 0 auto; font-family: sans-serif; line-height: 1.6; color: inherit; background-color: transparent;'> <!-- Imagen principal --> <\/p>\n<div style='margin-bottom: 30px;'> <a href='#link' target='_blank' rel='noopener' style='display: block;'> <img style='width: 100%; height: auto; border: 1px solid rgba(150&comma;150&comma;150&comma;0.3); border-radius: 8px;' src='https:\/\/ftp3.syscom.mx\/usuarios\/rcovarrubias\/videoporteros\/Videoporteros%20Banner-segunda-generacion-2.jpg' alt=''> <\/a> <\/div>\n<p> <!-- Videos --> <\/p>\n<div style='display: grid; grid-template-columns: repeat(auto-fill&comma; minmax(300px&comma; 1fr)); gap: 30px; margin-bottom: 30px;'>\n<div style='position: relative; padding-bottom: 56.25%; height: 0; overflow: hidden;'>   <\/div>\n<div style='position: relative; padding-bottom: 56.25%; height: 0; overflow: hidden;'>   <\/div>\n<div style='position: relative; padding-bottom: 56.25%; height: 0; overflow: hidden;'>   <\/div>\n<\/p><\/div>\n<p> <!-- Secci\u00f3n de caracter\u00edsticas --> <\/p>\n<div style='display: flex; flex-wrap: wrap; gap: 30px; margin-bottom: 30px;'>\n<div style='flex: 1 1 300px; min-width: 280px;'>\n<h3 style='font-size: 22px; border-bottom: 2px solid currentColor; padding-bottom: 5px; margin-top: 0; color: inherit; opacity: 0.8;'>Caracter\u00edsticas del Frente de calle Multiapartamento DS-KD-IN<\/h3>\n<ul style='padding-left: 20px; font-size: 15px; color: inherit;'>\n<li style='margin-bottom: 5px;'>Indicador de recepci\u00f3n de llamada<\/li>\n<li style='margin-bottom: 5px;'>Indicador apertura de puerta<\/li>\n<li style='margin-bottom: 5px;'>Indicador de audio bidireccional<\/li>\n<li style='margin-bottom: 5px;'>Compatible con montaje empotrado o en superficie<\/li>\n<\/ul><\/div>\n<div style='flex: 1 1 300px; min-width: 280px;'>\n<h3 style='font-size: 22px; border-bottom: 2px solid currentColor; padding-bottom: 5px; margin-top: 0; color: inherit; opacity: 0.8;'>Caracter\u00edsticas F\u00edsicas y El\u00e9ctricas<\/h3>\n<ul style='padding-left: 20px; font-size: 15px; color: inherit;'>\n<li style='margin-bottom: 5px;'>Alimentaci\u00f3n mediante el m\u00f3dulo <strong>DS-KD8003-IME1<\/strong><\/li>\n<li style='margin-bottom: 5px;'>Consumo el\u00e9ctrico: 2 W<\/li>\n<li style='margin-bottom: 5px;'>Nivel de protecci\u00f3n: IP65<\/li>\n<li style='margin-bottom: 5px;'>Material: Pl\u00e1stico<\/li>\n<li style='margin-bottom: 5px;'>Temperatura de operaci\u00f3n: -40\u00b0 C a +60\u00b0 C (-40\u00b0 F a 140\u00b0 F)<\/li>\n<li style='margin-bottom: 5px;'>Dimensiones: 98.21 mm \u00d7 100.21 mm \u00d7 33.7 mm (3.87&#8242; \u00d7 3.95&#8242; \u00d7 1.33&#8242;)<\/li>\n<\/ul><\/div>\n<div style='flex: 1 1 300px; min-width: 280px;'>\n<h3 style='font-size: 22px; border-bottom: 2px solid currentColor; padding-bottom: 5px; margin-top: 0; color: inherit; opacity: 0.8;'>Caracter\u00edsticas Destacadas<\/h3>\n<p style='font-size: 15px; color: inherit; margin-bottom: 15px;'>Se conecta en cascada para alimentaci\u00f3n y\/o datos al m\u00f3dulo principal <strong>DS-KD8003-IME1<\/strong> o a cualquier subm\u00f3dulo adicional<\/p>\n<ul style='padding-left: 20px; font-size: 15px; color: inherit;'>\n<li style='margin-bottom: 5px;'><a href='https:\/\/www.syscom.mx\/producto\/DS-KD-KK-HIKVISION-168343.html' style='color: inherit; text-decoration: underline;' target='_blank' rel='noopener'>DS-KD-KK<\/a><\/li>\n<li style='margin-bottom: 5px;'><a href='https:\/\/www.syscom.mx\/producto\/DS-KD-KP-HIKVISION-168342.html' style='color: inherit; text-decoration: underline;' target='_blank' rel='noopener'>DS-KD-KP<\/a><\/li>\n<li style='margin-bottom: 5px;'><a href='https:\/\/www.syscom.mx\/producto\/DS-KD-BK-HIKVISION-170766.html' style='color: inherit; text-decoration: underline;' target='_blank' rel='noopener'>DS-KD-BK<\/a><\/li>\n<li style='margin-bottom: 5px;'><a href='https:\/\/www.syscom.mx\/producto\/DSKDIN-HIKVISION-170770.html' style='color: inherit; text-decoration: underline;' target='_blank' rel='noopener'>DSKDIN<\/a><\/li>\n<li style='margin-bottom: 5px;'><a href='https:\/\/www.syscom.mx\/producto\/DSKDE-HIKVISION-170769.html' style='color: inherit; text-decoration: underline;' target='_blank' rel='noopener'>DSKDE<\/a><\/li>\n<\/ul>\n<p style='font-size: 15px; color: inherit; margin-top: 15px;'>Compatible con monitores:<\/p>\n<ul style='padding-left: 20px; font-size: 15px; color: inherit;'>\n<li style='margin-bottom: 5px;'><a href='https:\/\/www.syscom.mx\/producto\/DS-KH6320-WTE1-HIKVISION-170761.html' style='color: inherit; text-decoration: underline;' target='_blank' rel='noopener'>DS-KH6320-WTE1<\/a><\/li>\n<li style='margin-bottom: 5px;'><a href='https:\/\/www.syscom.mx\/producto\/DS-KH8350-WTE1-HIKVISION-171042.html' style='color: inherit; text-decoration: underline;' target='_blank' rel='noopener'>DS-KH8350-WTE1<\/a><\/li>\n<li style='margin-bottom: 5px;'><a href='https:\/\/www.syscom.mx\/producto\/DS-KH8520-WTE1-HIKVISION-170927.html' style='color: inherit; text-decoration: underline;' target='_blank' rel='noopener'>DS-KH8520-WTE1<\/a><\/li>\n<li style='margin-bottom: 5px;'><a href='https:\/\/www.syscom.mx\/producto\/DS-KH6320-TE1-HIKVISION-170392.html' style='color: inherit; text-decoration: underline;' target='_blank' rel='noopener'>DS-KH6320-TE1<\/a><\/li>\n<\/ul><\/div>\n<\/p><\/div>\n<p> <!-- Consideraciones --> <\/p>\n<div style='margin-bottom: 30px;'>\n<div style='border-left: 5px solid #0091ff; border-radius: 8px; padding: 15px; background-color: rgba(128&comma;128&comma;128&comma;0.05);'>\n<h3 style='margin-top: 0; margin-bottom: 15px; font-size: 18px; color: inherit; opacity: 0.9;'>Consideraciones<\/h3>\n<ul style='padding-left: 20px; margin: 0; font-size: 15px; color: inherit;'>\n<li>Este m\u00f3dulo se utiliza como complemento en sistemas de videoportero IP Modular<\/li>\n<li>Requiere conexi\u00f3n con m\u00f3dulo principal para funcionamiento<\/li>\n<li>Instalaci\u00f3n recomendada en \u00e1reas protegidas contra intemperie<\/li>\n<\/ul><\/div>\n<\/p><\/div>\n<p> <!-- Imagen Videoportero --> <\/p>\n<div style='margin-bottom: 30px;'> <img style='width: 100%; height: auto; border: 1px solid rgba(150&comma;150&comma;150&comma;0.3); border-radius: 8px;' src='https:\/\/ftp3.syscom.mx\/usuarios\/rcovarrubias\/videoporteros\/Videoportero%202daG.png' alt='Videoportero'> <\/div>\n<p> <!-- Diagrama de conexi\u00f3n --> <\/p>\n<div style='margin-bottom: 30px;'>\n<h2 style='font-size: 20px; margin-bottom: 15px; color: inherit; opacity: 0.9;'>Diagrama de conexi\u00f3n<\/h2>\n<p> <img style='width: 100%; height: auto; border: 1px solid rgba(150&comma;150&comma;150&comma;0.3); border-radius: 8px;' src='https:\/\/ftp3.syscom.mx\/usuarios\/rcovarrubias\/videoporteros\/diagramas%20de%20conexion\/Diagrama%20Modular%203%20Mod.jpg' alt='Diagrama de conexi\u00f3n'> <\/div>\n<p> <!-- Recursos --> <\/p>\n<div style='margin-bottom: 30px;'>\n<h2 style='font-size: 20px; margin-bottom: 15px; color: inherit; opacity: 0.9;'>Recursos<\/h2>\n<div style='display: grid; grid-template-columns: repeat(auto-fill&comma; minmax(250px&comma; 1fr)); gap: 20px;'>\n<div style='border: 1px solid rgba(150&comma;150&comma;150&comma;0.3); border-radius: 8px; overflow: hidden; background-color: rgba(128&comma;128&comma;128&comma;0.03);'> <a href='https:\/\/www.hikvision.com\/es-la\/support\/download\/software\/ivms4200-series\/?q=serie%20ivms4200&#038;position=1' target='_blank' rel='noopener' style='display: block; text-decoration: none; color: inherit;'> <img style='width: 100%; height: auto; border-bottom: 1px solid rgba(150&comma;150&comma;150&comma;0.3);' src='https:\/\/ftp3.syscom.mx\/usuarios\/gmagos\/HIK\/IP\/IPC\/Imagenes%20pagina\/Descargas%20IVMS4200.jpg' alt='IVMS4200'> <\/p>\n<div style='padding: 15px;'>\n<p style='margin: 0; font-size: 15px;'>Descarga IVMS4200<\/p>\n<\/p><\/div>\n<p> <\/a> <\/div>\n<div style='border: 1px solid rgba(150&comma;150&comma;150&comma;0.3); border-radius: 8px; overflow: hidden; background-color: rgba(128&comma;128&comma;128&comma;0.03);'> <a href='https:\/\/appstore.hikvision.com\/' target='_blank' rel='noopener' style='display: block; text-decoration: none; color: inherit;'> <img style='width: 100%; height: auto; border-bottom: 1px solid rgba(150&comma;150&comma;150&comma;0.3);' src='https:\/\/ftp3.syscom.mx\/usuarios\/gmagos\/HIK\/IP\/IPC\/Imagenes%20pagina\/Descargas%20de%20app.jpg' alt='App Store'> <\/p>\n<div style='padding: 15px;'>\n<p style='margin: 0; font-size: 15px;'>App Store Hikvision<\/p>\n<\/p><\/div>\n<p> <\/a> <\/div>\n<div style='border: 1px solid rgba(150&comma;150&comma;150&comma;0.3); border-radius: 8px; overflow: hidden; background-color: rgba(128&comma;128&comma;128&comma;0.03);'> <a href='https:\/\/ftp3.syscom.mx\/usuarios\/ftp\/2019\/07\/12\/19728\/DS-KD-IN_Indicator%20Module%20Hoja%20de%20Especificaciones.pdf' target='_blank' rel='noopener' style='display: block; text-decoration: none; color: inherit;'> <img style='width: 100%; height: auto; border-bottom: 1px solid rgba(150&comma;150&comma;150&comma;0.3);' src='https:\/\/ftp3.syscom.mx\/usuarios\/gmagos\/HIK\/IP\/IPC\/Imagenes%20pagina\/Descarga%20de%20PDF.jpg' alt='Hoja de especificaciones'> <\/p>\n<div style='padding: 15px;'>\n<p style='margin: 0; font-size: 15px;'>Hoja de especificaciones<\/p>\n<\/p><\/div>\n<p> <\/a> <\/div>\n<\/p><\/div>\n<\/p><\/div>\n<\/p><\/div>\n","protected":false},"excerpt":{"rendered":"<p>Modulo para Indicar Recepci\u00f3n de Llamada \/ Apertura de Puerta o Audio Bidireccional en Videoportero IP Modular<\/p>\n","protected":false},"featured_media":28386,"comment_status":"open","ping_status":"closed","template":"","meta":[],"product_brand":[],"product_cat":[856],"product_tag":[54,557,857],"class_list":{"0":"post-28387","1":"product","2":"type-product","3":"status-publish","4":"has-post-thumbnail","6":"product_cat-videoporteros-ip","7":"product_tag-hikvision","8":"product_tag-videoporteros-e-interfonos","9":"product_tag-videoporteros-ip","11":"first","12":"instock","13":"sale","14":"shipping-taxable","15":"purchasable","16":"product-type-simple"},"_links":{"self":[{"href":"https:\/\/soydeaqui.ddns.net\/pachuca\/index.php\/wp-json\/wp\/v2\/product\/28387","targetHints":{"allow":["GET"]}}],"collection":[{"href":"https:\/\/soydeaqui.ddns.net\/pachuca\/index.php\/wp-json\/wp\/v2\/product"}],"about":[{"href":"https:\/\/soydeaqui.ddns.net\/pachuca\/index.php\/wp-json\/wp\/v2\/types\/product"}],"replies":[{"embeddable":true,"href":"https:\/\/soydeaqui.ddns.net\/pachuca\/index.php\/wp-json\/wp\/v2\/comments?post=28387"}],"wp:featuredmedia":[{"embeddable":true,"href":"https:\/\/soydeaqui.ddns.net\/pachuca\/index.php\/wp-json\/wp\/v2\/media\/28386"}],"wp:attachment":[{"href":"https:\/\/soydeaqui.ddns.net\/pachuca\/index.php\/wp-json\/wp\/v2\/media?parent=28387"}],"wp:term":[{"taxonomy":"product_brand","embeddable":true,"href":"https:\/\/soydeaqui.ddns.net\/pachuca\/index.php\/wp-json\/wp\/v2\/product_brand?post=28387"},{"taxonomy":"product_cat","embeddable":true,"href":"https:\/\/soydeaqui.ddns.net\/pachuca\/index.php\/wp-json\/wp\/v2\/product_cat?post=28387"},{"taxonomy":"product_tag","embeddable":true,"href":"https:\/\/soydeaqui.ddns.net\/pachuca\/index.php\/wp-json\/wp\/v2\/product_tag?post=28387"}],"curies":[{"name":"wp","href":"https:\/\/api.w.org\/{rel}","templated":true}]}}