{"id":28374,"date":"2026-03-18T12:56:08","date_gmt":"2026-03-18T12:56:08","guid":{"rendered":"https:\/\/soydeaqui.ddns.net\/pachuca\/index.php\/producto\/barrera-vehicular-servomotor-10-millones-de-ciclos-barrera-izquierda-con-brazo-de-3-metros-brazo-iluminado-incluido\/"},"modified":"2026-03-18T12:56:10","modified_gmt":"2026-03-18T12:56:10","slug":"barrera-vehicular-servomotor-10-millones-de-ciclos-barrera-izquierda-con-brazo-de-3-metros-brazo-iluminado-incluido","status":"publish","type":"product","link":"https:\/\/soydeaqui.ddns.net\/pachuca\/index.php\/producto\/barrera-vehicular-servomotor-10-millones-de-ciclos-barrera-izquierda-con-brazo-de-3-metros-brazo-iluminado-incluido\/","title":{"rendered":"Barrera vehicular SERVOMOTOR (10 MILLONES DE CICLOS) Barrera Izquierda con brazo de 3 metros (BRAZO iluminado incluido)"},"content":{"rendered":"<div style='width: 100%; max-width: 1200px; margin: 0 auto; font-family: sans-serif; line-height: 1.6; color: inherit; background-color: transparent;'> <!-- Descripci\u00f3n principal --> <\/p>\n<div style='margin-bottom: 30px; font-size: 15px; color: inherit;'>\n<p style='margin-top: 0; margin-bottom: 15px;'>PROBG3000 es la serie de barreras vehiculares que reune todas y cada una de estas caracter\u00edsticas. Su dise\u00f1o es el primero en su tipo en adoptar el uso de Servo Motor de alto rendimiento en su mecanismo&comma; el cual provee una estructura simple y confiable con un ciclo de vida amplio&comma; que adem\u00e1s reduce la necesidad de mantenimiento al m\u00ednimo e incluye una base de anclaje anticolisi\u00f3n para la pluma que evita rupturas al recibir alg\u00fan impacto.<\/p>\n<p style='margin-top: 0; margin-bottom: 15px;'>El m\u00e1s reciente mecanismo central&comma; con servo motor de 24V&comma; m\u00e1s estable y durable&comma; alta velocidad y larga vida de servicio.<\/p>\n<ul style='padding-left: 20px; margin-top: 15px; margin-bottom: 15px;'>\n<li style='margin-bottom: 5px;'>Gabinete con LED&comma; brazo recto de 3 metros (con iluminaci\u00f3n)<\/li>\n<li style='margin-bottom: 5px;'>Respaldo a bater\u00edas (100 ciclos aproximadamente con 2 bater\u00edas de 4.5 Ah)<\/li>\n<\/ul><\/div>\n<p> <!-- Secci\u00f3n de especificaciones --> <\/p>\n<div style='margin-bottom: 30px;'>\n<h3 style='font-size: 22px; border-bottom: 2px solid currentColor; padding-bottom: 5px; margin-top: 0; color: inherit; opacity: 0.8;'>Especificaciones T\u00e9cnicas<\/h3>\n<div style='display: flex; flex-wrap: wrap; gap: 20px; margin-top: 20px;'> <!-- Card 1 --> <\/p>\n<div style='flex: 1 1 250px; border: 1px solid rgba(150&comma; 150&comma; 150&comma; 0.4); border-radius: 8px; overflow: hidden; display: flex; flex-direction: column;'>\n<div style='padding: 15px; border-bottom: 1px solid rgba(150&comma; 150&comma; 150&comma; 0.2); font-weight: bold; font-size: 18px; color: inherit;'>Caracter\u00edsticas Generales<\/div>\n<div style='padding: 15px; color: inherit;'>\n<ul style='padding-left: 20px; margin: 0; font-size: 14px; list-style-type: disc;'>\n<li style='margin-bottom: 5px;'><strong>Modelo:<\/strong> ProBG3000<\/li>\n<li style='margin-bottom: 5px;'><strong>Tipo de Motor:<\/strong> Servo Motor<\/li>\n<li style='margin-bottom: 5px;'><strong>Tipo de M\u00e1stil:<\/strong> M\u00e1stil Recto<\/li>\n<li style='margin-bottom: 5px;'><strong>Longitud de M\u00e1stil:<\/strong> 3 metros con iluminaci\u00f3n<\/li>\n<\/ul><\/div>\n<\/p><\/div>\n<p> <!-- Card 2 --> <\/p>\n<div style='flex: 1 1 250px; border: 1px solid rgba(150&comma; 150&comma; 150&comma; 0.4); border-radius: 8px; overflow: hidden; display: flex; flex-direction: column;'>\n<div style='padding: 15px; border-bottom: 1px solid rgba(150&comma; 150&comma; 150&comma; 0.2); font-weight: bold; font-size: 18px; color: inherit;'>Caracter\u00edsticas T\u00e9cnicas<\/div>\n<div style='padding: 15px; color: inherit;'>\n<ul style='padding-left: 20px; margin: 0; font-size: 14px; list-style-type: disc;'>\n<li style='margin-bottom: 5px;'><strong>Nivel de Protecci\u00f3n:<\/strong> IP 65<\/li>\n<li style='margin-bottom: 5px;'><strong>Temperatura de Operaci\u00f3n:<\/strong> -40 \u00b0C ~ +75 \u00b0C<\/li>\n<li style='margin-bottom: 5px;'><strong>Voltaje de Operaci\u00f3n:<\/strong> 120 ~ 240 Vac&comma; Motor 24 Vdc<\/li>\n<li style='margin-bottom: 5px;'><strong>Frecuencia:<\/strong> 50 &#8211; 60 Hz<\/li>\n<\/ul><\/div>\n<\/p><\/div>\n<p> <!-- Card 3 --> <\/p>\n<div style='flex: 1 1 250px; border: 1px solid rgba(150&comma; 150&comma; 150&comma; 0.4); border-radius: 8px; overflow: hidden; display: flex; flex-direction: column;'>\n<div style='padding: 15px; border-bottom: 1px solid rgba(150&comma; 150&comma; 150&comma; 0.2); font-weight: bold; font-size: 18px; color: inherit;'>Caracter\u00edsticas F\u00edsicas<\/div>\n<div style='padding: 15px; color: inherit;'>\n<ul style='padding-left: 20px; margin: 0; font-size: 14px; list-style-type: disc;'>\n<li style='margin-bottom: 5px;'><strong>Consumo de Potencia:<\/strong> 100W<\/li>\n<li style='margin-bottom: 5px;'><strong>Material del Gabinete:<\/strong> Pintura horneada<\/li>\n<li style='margin-bottom: 5px;'><strong>Dimensiones del Gabinete:<\/strong> 360 x 330 x 1000mm<\/li>\n<li style='margin-bottom: 5px;'><strong>Peso Neto:<\/strong> 48 Kg<\/li>\n<\/ul><\/div>\n<\/p><\/div>\n<\/p><\/div>\n<\/p><\/div>\n<p> <!-- Separador --> <\/p>\n<hr style='border: 0; border-top: 1px solid rgba(150&comma; 150&comma; 150&comma; 0.3); margin: 30px 0;'> <\/div>\n","protected":false},"excerpt":{"rendered":"<p>Barrera vehicular SERVOMOTOR (10 MILLONES DE CICLOS) Barrera Izquierda con brazo de 3 metros (BRAZO iluminado incluido)<\/p>\n","protected":false},"featured_media":28373,"comment_status":"open","ping_status":"closed","template":"","meta":[],"product_brand":[],"product_cat":[748],"product_tag":[401,749,844],"class_list":{"0":"post-28374","1":"product","2":"type-product","3":"status-publish","4":"has-post-thumbnail","6":"product_cat-barreras-vehiculares","7":"product_tag-acceso-vehicular","8":"product_tag-barreras-vehiculares","9":"product_tag-zkteco","11":"first","12":"outofstock","13":"sale","14":"shipping-taxable","15":"purchasable","16":"product-type-simple"},"_links":{"self":[{"href":"https:\/\/soydeaqui.ddns.net\/pachuca\/index.php\/wp-json\/wp\/v2\/product\/28374","targetHints":{"allow":["GET"]}}],"collection":[{"href":"https:\/\/soydeaqui.ddns.net\/pachuca\/index.php\/wp-json\/wp\/v2\/product"}],"about":[{"href":"https:\/\/soydeaqui.ddns.net\/pachuca\/index.php\/wp-json\/wp\/v2\/types\/product"}],"replies":[{"embeddable":true,"href":"https:\/\/soydeaqui.ddns.net\/pachuca\/index.php\/wp-json\/wp\/v2\/comments?post=28374"}],"wp:featuredmedia":[{"embeddable":true,"href":"https:\/\/soydeaqui.ddns.net\/pachuca\/index.php\/wp-json\/wp\/v2\/media\/28373"}],"wp:attachment":[{"href":"https:\/\/soydeaqui.ddns.net\/pachuca\/index.php\/wp-json\/wp\/v2\/media?parent=28374"}],"wp:term":[{"taxonomy":"product_brand","embeddable":true,"href":"https:\/\/soydeaqui.ddns.net\/pachuca\/index.php\/wp-json\/wp\/v2\/product_brand?post=28374"},{"taxonomy":"product_cat","embeddable":true,"href":"https:\/\/soydeaqui.ddns.net\/pachuca\/index.php\/wp-json\/wp\/v2\/product_cat?post=28374"},{"taxonomy":"product_tag","embeddable":true,"href":"https:\/\/soydeaqui.ddns.net\/pachuca\/index.php\/wp-json\/wp\/v2\/product_tag?post=28374"}],"curies":[{"name":"wp","href":"https:\/\/api.w.org\/{rel}","templated":true}]}}