{"id":2836,"date":"2026-03-18T06:01:25","date_gmt":"2026-03-18T06:01:25","guid":{"rendered":"https:\/\/soydeaqui.ddns.net\/pachuca\/index.php\/producto\/lidar-3d-solid-sensor-perimetral-datos-de-nube-de-puntos-y-video-escaneo-ultra-rapido-a-30-fps-eficiencia-energetica-10w-configuracion-y-despliegue-rapidos-deteccion-avanzada-ai\/"},"modified":"2026-03-18T06:01:27","modified_gmt":"2026-03-18T06:01:27","slug":"lidar-3d-solid-sensor-perimetral-datos-de-nube-de-puntos-y-video-escaneo-ultra-rapido-a-30-fps-eficiencia-energetica-10w-configuracion-y-despliegue-rapidos-deteccion-avanzada-ai","status":"publish","type":"product","link":"https:\/\/soydeaqui.ddns.net\/pachuca\/index.php\/producto\/lidar-3d-solid-sensor-perimetral-datos-de-nube-de-puntos-y-video-escaneo-ultra-rapido-a-30-fps-eficiencia-energetica-10w-configuracion-y-despliegue-rapidos-deteccion-avanzada-ai\/","title":{"rendered":"LiDAR 3D Solid Sensor perimetral\/ Datos de nube de puntos y video \/ Escaneo ultra-r\u00e1pido a 30 FPS \/ Eficiencia Energ\u00e9tica 10W \/ Configuraci\u00f3n y despliegue r\u00e1pidos \/ Detecci\u00f3n Avanzada AI"},"content":{"rendered":"<div style='width: 100%; max-width: 1200px; margin: 0 auto; font-family: sans-serif; line-height: 1.6; color: inherit;'>\n<div style='margin-bottom: 30px;'>\n<p style='font-size: 17px; line-height: 1.6; margin: 0 0 20px; color: inherit;'>El LiDAR 3D Solid State Scanning de RBtec es una soluci\u00f3n avanzada de seguridad perimetral que funciona de manera independiente&comma; sin necesidad de computadoras o servidores. Destaca por ofrecer datos de nube de puntos y un alimentador de video similar a una c\u00e1mara&comma; brindando una soluci\u00f3n completa y vers\u00e1til para diversas aplicaciones de monitoreo de seguridad.<\/p>\n<\/p><\/div>\n<div style='margin-bottom: 30px;'>\n<h2 style='font-size: 24px; font-weight: 600; margin: 0 0 20px; color: inherit; border-bottom: 2px solid rgba(150&comma;150&comma;150&comma;0.3); padding-bottom: 8px;'>Caracter\u00edsticas Principales<\/h2>\n<div style='display: flex; flex-wrap: wrap; gap: 20px; margin-top: 20px;'>\n<div style='flex: 1 1 300px; min-width: 280px;'>\n<ul style='padding-left: 20px; margin: 0; font-size: 15px; color: inherit; list-style-type: disc;'>\n<li style='margin-bottom: 8px;'>Salida dual que incluye datos de nube de puntos y video.<\/li>\n<li style='margin-bottom: 8px;'>Escaneo ultra-r\u00e1pido a 30 FPS con bajo consumo de energ\u00eda de 10W.<\/li>\n<li style='margin-bottom: 8px;'>Instalaci\u00f3n flexible y confiable con detecci\u00f3n avanzada basada en AI.<\/li>\n<li style='margin-bottom: 8px;'>Dise\u00f1o resistente a la intemperie con clasificaci\u00f3n IP65.<\/li>\n<li style='margin-bottom: 8px;'>Conectividad PoE con acceso remoto y monitoreo basado en IP.<\/li>\n<\/ul><\/div>\n<\/p><\/div>\n<\/p><\/div>\n<div style='margin-bottom: 30px;'>\n<h2 style='font-size: 24px; font-weight: 600; margin: 0 0 20px; color: inherit; border-bottom: 2px solid rgba(150&comma;150&comma;150&comma;0.3); padding-bottom: 8px;'>Detalles T\u00e9cnicos<\/h2>\n<div style='display: flex; flex-wrap: wrap; gap: 20px;'>\n<div style='flex: 1 1 400px; min-width: 280px; border: 1px solid rgba(150&comma;150&comma;150&comma;0.3); border-radius: 8px; overflow: hidden; display: flex; flex-direction: column;'>\n<div style='padding: 15px; border-bottom: 1px solid rgba(150&comma;150&comma;150&comma;0.2); font-weight: 600; font-size: 18px; color: inherit;'>Especificaciones<\/div>\n<div style='padding: 15px; color: inherit;'>\n<ul style='padding-left: 20px; margin: 0; font-size: 14px; list-style-type: disc; color: inherit;'>\n<li style='margin-bottom: 8px;'>Campo de Visi\u00f3n (H x V): 22.5\u00b0 x 6.5\u00b0&comma; 45\u00b0 x 13\u00b0&comma; 80\u00b0 x 22\u00b0.<\/li>\n<li style='margin-bottom: 8px;'>Alcance m\u00e1ximo observable: 300m (1000ft)&comma; 150m (500ft)&comma; 70m (230ft).<\/li>\n<li style='margin-bottom: 8px;'>Exactitud de medici\u00f3n de alcance: \u00b10.1m <100m (\u00b10.05m <100m para algunos modelos).<\/li>\n<li style='margin-bottom: 8px;'>Tasa de fotogramas de hasta 30Hz y 500&comma;000 puntos\/segundo.<\/li>\n<li style='margin-bottom: 8px;'>Longitud de onda de 905nm o 940nm&comma; con clasificaci\u00f3n L\u00e1ser Clase 1&comma; seguro para los ojos.<\/li>\n<li style='margin-bottom: 8px;'>Alimentaci\u00f3n de voltaje de 9-20vDC&comma; consumo t\u00edpico de 9.5W; m\u00e1ximo de 10.5W.<\/li>\n<li style='margin-bottom: 8px;'>Temperatura de operaci\u00f3n: -30\u00b0C a 65\u00b0C (-22\u00b0F a 149\u00b0F).<\/li>\n<li style='margin-bottom: 8px;'>Protecci\u00f3n de ingreso: IP65.<\/li>\n<li style='margin-bottom: 8px;'>Dimensiones: 109 x 68 x 100mm y peso de 750g.<\/li>\n<\/ul><\/div>\n<\/p><\/div>\n<div style='flex: 1 1 400px; min-width: 280px; border: 1px solid rgba(150&comma;150&comma;150&comma;0.3); border-radius: 8px; overflow: hidden; display: flex; flex-direction: column;'>\n<div style='padding: 15px; border-bottom: 1px solid rgba(150&comma;150&comma;150&comma;0.2); font-weight: 600; font-size: 18px; color: inherit;'>Interfaces y Conectividad<\/div>\n<div style='padding: 15px; color: inherit;'>\n<ul style='padding-left: 20px; margin: 0; font-size: 14px; list-style-type: disc; color: inherit;'>\n<li style='margin-bottom: 8px;'>Conexi\u00f3n DC: conector de 4 pines y Ethernet de 1 Gigabit.<\/li>\n<li style='margin-bottom: 8px;'>Versiones PoE soportadas: PoE&comma; PoE+&comma; PoE++.<\/li>\n<\/ul><\/div>\n<\/p><\/div>\n<\/p><\/div>\n<\/p><\/div>\n<div style='margin-bottom: 30px;'>\n<h2 style='font-size: 24px; font-weight: 600; margin: 0 0 20px; color: inherit; border-bottom: 2px solid rgba(150&comma;150&comma;150&comma;0.3); padding-bottom: 8px;'>Aplicaciones y Casos de Uso<\/h2>\n<div style='margin-top: 20px;'>\n<p style='font-size: 15px; margin: 0; color: inherit;'>Ideal para la seguridad perimetral de infraestructuras cr\u00edticas&comma; transporte&comma; seguridad fronteriza&comma; instalaciones industriales&comma; centros de datos&comma; prisiones y bases militares. Ofrece monitoreo preciso en aeropuertos&comma; v\u00edas f\u00e9rreas&comma; puertos&comma; cruces ilegales y m\u00e1s.<\/p>\n<\/p><\/div>\n<\/p><\/div>\n<\/p><\/div>\n","protected":false},"excerpt":{"rendered":"<p>LiDAR 3D Solid Sensor perimetral\/ Datos de nube de puntos y video \/ Escaneo ultra-r\u00e1pido a 30 FPS \/ Eficiencia Energ\u00e9tica 10W \/ Configuraci\u00f3n y despliegue r\u00e1pidos \/ Detecci\u00f3n Avanzada AI<\/p>\n","protected":false},"featured_media":2835,"comment_status":"open","ping_status":"closed","template":"","meta":[],"product_brand":[],"product_cat":[154],"product_tag":[104,220,155],"class_list":{"0":"post-2836","1":"product","2":"type-product","3":"status-publish","4":"has-post-thumbnail","6":"product_cat-sensores-de-rayo-laser-y-pirs-inteligentes","7":"product_tag-proteccion-perimetral","8":"product_tag-rbtec","9":"product_tag-sensores-de-rayo-laser-y-pirs-inteligentes","11":"first","12":"outofstock","13":"sale","14":"shipping-taxable","15":"purchasable","16":"product-type-simple"},"_links":{"self":[{"href":"https:\/\/soydeaqui.ddns.net\/pachuca\/index.php\/wp-json\/wp\/v2\/product\/2836","targetHints":{"allow":["GET"]}}],"collection":[{"href":"https:\/\/soydeaqui.ddns.net\/pachuca\/index.php\/wp-json\/wp\/v2\/product"}],"about":[{"href":"https:\/\/soydeaqui.ddns.net\/pachuca\/index.php\/wp-json\/wp\/v2\/types\/product"}],"replies":[{"embeddable":true,"href":"https:\/\/soydeaqui.ddns.net\/pachuca\/index.php\/wp-json\/wp\/v2\/comments?post=2836"}],"wp:featuredmedia":[{"embeddable":true,"href":"https:\/\/soydeaqui.ddns.net\/pachuca\/index.php\/wp-json\/wp\/v2\/media\/2835"}],"wp:attachment":[{"href":"https:\/\/soydeaqui.ddns.net\/pachuca\/index.php\/wp-json\/wp\/v2\/media?parent=2836"}],"wp:term":[{"taxonomy":"product_brand","embeddable":true,"href":"https:\/\/soydeaqui.ddns.net\/pachuca\/index.php\/wp-json\/wp\/v2\/product_brand?post=2836"},{"taxonomy":"product_cat","embeddable":true,"href":"https:\/\/soydeaqui.ddns.net\/pachuca\/index.php\/wp-json\/wp\/v2\/product_cat?post=2836"},{"taxonomy":"product_tag","embeddable":true,"href":"https:\/\/soydeaqui.ddns.net\/pachuca\/index.php\/wp-json\/wp\/v2\/product_tag?post=2836"}],"curies":[{"name":"wp","href":"https:\/\/api.w.org\/{rel}","templated":true}]}}