{"id":28351,"date":"2026-03-18T12:55:39","date_gmt":"2026-03-18T12:55:39","guid":{"rendered":"https:\/\/soydeaqui.ddns.net\/pachuca\/index.php\/producto\/ribbon-para-impresora-c50-ymcko-full-color-250-imagenes\/"},"modified":"2026-03-18T12:55:45","modified_gmt":"2026-03-18T12:55:45","slug":"ribbon-para-impresora-c50-ymcko-full-color-250-imagenes","status":"publish","type":"product","link":"https:\/\/soydeaqui.ddns.net\/pachuca\/index.php\/producto\/ribbon-para-impresora-c50-ymcko-full-color-250-imagenes\/","title":{"rendered":"Ribbon para Impresora C50 \/YMCKO (Full Color)\/ 250 imagenes"},"content":{"rendered":"<div style='width: 100%; max-width: 1200px; margin: 0 auto; font-family: sans-serif; line-height: 1.6; color: inherit; background-color: transparent;'> <!-- Caracter\u00edsticas principales --> <\/p>\n<div style='display: flex; flex-wrap: wrap; gap: 30px; margin-bottom: 30px;'>\n<div style='flex: 1 1 300px; min-width: 280px;'>\n<h3 style='font-size: 22px; border-bottom: 2px solid currentColor; padding-bottom: 5px; margin-top: 0; color: inherit; opacity: 0.8;'>Caracter\u00edsticas principales<\/h3>\n<ul style='padding-left: 20px; font-size: 15px; color: inherit;'>\n<li style='margin-bottom: 5px;'>Impresi\u00f3n full color CMYK m\u00e1s overlay<\/li>\n<li style='margin-bottom: 5px;'>Rendimiento de 250 impresiones a un lado<\/li>\n<li style='margin-bottom: 5px;'>Compatible con impresora modelo C50<\/li>\n<li style='margin-bottom: 5px;'>Alta definici\u00f3n de colores vibrantes<\/li>\n<li style='margin-bottom: 5px;'>Calidad profesional en cada impresi\u00f3n<\/li>\n<\/ul><\/div>\n<\/p><\/div>\n<p> <!-- Especificaciones t\u00e9cnicas --> <\/p>\n<div style='display: flex; flex-wrap: wrap; gap: 20px; margin-bottom: 30px;'>\n<div style='flex: 1 1 250px; border: 1px solid rgba(150&comma; 150&comma; 150&comma; 0.4); border-radius: 8px; overflow: hidden; display: flex; flex-direction: column;'>\n<div style='padding: 15px; border-bottom: 1px solid rgba(150&comma; 150&comma; 150&comma; 0.2); font-weight: bold; font-size: 18px; color: inherit;'>Especificaciones T\u00e9cnicas<\/div>\n<div style='padding: 15px; color: inherit;'>\n<ul style='padding-left: 20px; margin: 0; font-size: 14px; list-style-type: disc;'>\n<li style='margin-bottom: 5px;'><strong>Tipo:<\/strong> Cinta de impresi\u00f3n para impresora C50<\/li>\n<li style='margin-bottom: 5px;'><strong>Colores:<\/strong> Y (Amarillo)&comma; M (Magenta)&comma; C (Cian)&comma; K (Negro)&comma; O (Overlay)<\/li>\n<li style='margin-bottom: 5px;'><strong>Rendimiento:<\/strong> 250 impresiones por un solo lado<\/li>\n<li style='margin-bottom: 5px;'><strong>Tecnolog\u00eda:<\/strong> Sublimaci\u00f3n de tinta \/ transferencia t\u00e9rmica por resina<\/li>\n<li style='margin-bottom: 5px;'><strong>Resoluci\u00f3n:<\/strong> Tono continuo a 300 dpi (11&comma;8 puntos\/mm)<\/li>\n<li style='margin-bottom: 5px;'><strong>Compatibilidad:<\/strong> Impresora HID FARGO C50<\/li>\n<li style='margin-bottom: 5px;'><strong>Versiones:<\/strong> Opciones EZ (cinta f\u00e1cil de usar) y ECO (m\u00e1s econ\u00f3mica y amigable al ambiente)<\/li>\n<\/ul><\/div>\n<\/p><\/div>\n<p> <!-- Aplicaciones --> <\/p>\n<div style='flex: 1 1 250px; border: 1px solid rgba(150&comma; 150&comma; 150&comma; 0.4); border-radius: 8px; overflow: hidden; display: flex; flex-direction: column;'>\n<div style='padding: 15px; border-bottom: 1px solid rgba(150&comma; 150&comma; 150&comma; 0.2); font-weight: bold; font-size: 18px; color: inherit;'>Aplicaciones<\/div>\n<div style='padding: 15px; color: inherit;'>\n<ul style='padding-left: 20px; margin: 0; font-size: 14px; list-style-type: disc;'>\n<li style='margin-bottom: 5px;'>Impresi\u00f3n de tarjetas de identificaci\u00f3n de empleados<\/li>\n<li style='margin-bottom: 5px;'>Tarjetas de fidelidad y membres\u00eda<\/li>\n<li style='margin-bottom: 5px;'>Tarjetas de pago<\/li>\n<li style='margin-bottom: 5px;'>Tarjetas de membres\u00eda<\/li>\n<\/ul><\/div>\n<\/p><\/div>\n<p> <!-- Compatibilidad --> <\/p>\n<div style='flex: 1 1 250px; border: 1px solid rgba(150&comma; 150&comma; 150&comma; 0.4); border-radius: 8px; overflow: hidden; display: flex; flex-direction: column;'>\n<div style='padding: 15px; border-bottom: 1px solid rgba(150&comma; 150&comma; 150&comma; 0.2); font-weight: bold; font-size: 18px; color: inherit;'>Compatibilidad<\/div>\n<div style='padding: 15px; color: inherit;'>\n<ul style='padding-left: 20px; margin: 0; font-size: 14px; list-style-type: disc;'>\n<li style='margin-bottom: 5px;'>Software Asure ID\u00ae<\/li>\n<li style='margin-bottom: 5px;'>Software Swift ID\u00ae<\/li>\n<li style='margin-bottom: 5px;'>Software EasyLobby\u00ae<\/li>\n<\/ul><\/div>\n<\/p><\/div>\n<\/p><\/div>\n<p> <!-- Detalles t\u00e9cnicos --> <\/p>\n<div style='display: flex; flex-wrap: wrap; gap: 20px; margin-bottom: 30px;'>\n<div style='flex: 1 1 250px; border: 1px solid rgba(150&comma; 150&comma; 150&comma; 0.4); border-radius: 8px; overflow: hidden; display: flex; flex-direction: column;'>\n<div style='padding: 15px; border-bottom: 1px solid rgba(150&comma; 150&comma; 150&comma; 0.2); font-weight: bold; font-size: 18px; color: inherit;'>Detalles T\u00e9cnicos<\/div>\n<div style='padding: 15px; color: inherit;'>\n<ul style='padding-left: 20px; margin: 0; font-size: 14px; list-style-type: disc;'>\n<li style='margin-bottom: 5px;'><strong>Tipo de cinta:<\/strong> YMCKO (Full Color)<\/li>\n<li style='margin-bottom: 5px;'><strong>Cantidad:<\/strong> 1 unidad<\/li>\n<li style='margin-bottom: 5px;'><strong>Certificaciones:<\/strong> UL 60950-2&comma; CSA C22.2 (60950-1-07)&comma; CE<\/li>\n<\/ul><\/div>\n<\/p><\/div>\n<p> <!-- Rendimiento --> <\/p>\n<div style='flex: 1 1 250px; border: 1px solid rgba(150&comma; 150&comma; 150&comma; 0.4); border-radius: 8px; overflow: hidden; display: flex; flex-direction: column;'>\n<div style='padding: 15px; border-bottom: 1px solid rgba(150&comma; 150&comma; 150&comma; 0.2); font-weight: bold; font-size: 18px; color: inherit;'>Rendimiento<\/div>\n<div style='padding: 15px; color: inherit;'>\n<ul style='padding-left: 20px; margin: 0; font-size: 14px; list-style-type: disc;'>\n<li style='margin-bottom: 5px;'><strong>Velocidad de impresi\u00f3n:<\/strong> 24 segundos por tarjeta (YMCKO)<\/li>\n<li style='margin-bottom: 5px;'><strong>\u00c1rea de impresi\u00f3n:<\/strong> CR-80 borde a borde (85&comma;3 mm L x 53&comma;7 mm A)<\/li>\n<li style='margin-bottom: 5px;'><strong>Espesor aceptable de tarjeta:<\/strong> 9 mil. \u2013 40 mil. \/ 0&comma;229 mm &#8211; 1&comma;016 mm<\/li>\n<\/ul><\/div>\n<\/p><\/div>\n<\/p><\/div>\n<p> <!-- Separador --> <\/p>\n<hr style='border: 0; border-top: 1px solid rgba(150&comma; 150&comma; 150&comma; 0.3); margin: 30px 0;'> <\/div>\n","protected":false},"excerpt":{"rendered":"<p>Ribbon para Impresora C50 \/YMCKO (Full Color)\/ 250 imagenes<\/p>\n","protected":false},"featured_media":28350,"comment_status":"open","ping_status":"closed","template":"","meta":[],"product_brand":[],"product_cat":[823],"product_tag":[814,812,62],"class_list":{"0":"post-28351","1":"product","2":"type-product","3":"status-publish","4":"has-post-thumbnail","6":"product_cat-todos-identificacion-y-credencializacion","7":"product_tag-hid","8":"product_tag-identificacion-y-credencializacion","9":"product_tag-todos","11":"first","12":"outofstock","13":"sale","14":"shipping-taxable","15":"purchasable","16":"product-type-simple"},"_links":{"self":[{"href":"https:\/\/soydeaqui.ddns.net\/pachuca\/index.php\/wp-json\/wp\/v2\/product\/28351","targetHints":{"allow":["GET"]}}],"collection":[{"href":"https:\/\/soydeaqui.ddns.net\/pachuca\/index.php\/wp-json\/wp\/v2\/product"}],"about":[{"href":"https:\/\/soydeaqui.ddns.net\/pachuca\/index.php\/wp-json\/wp\/v2\/types\/product"}],"replies":[{"embeddable":true,"href":"https:\/\/soydeaqui.ddns.net\/pachuca\/index.php\/wp-json\/wp\/v2\/comments?post=28351"}],"wp:featuredmedia":[{"embeddable":true,"href":"https:\/\/soydeaqui.ddns.net\/pachuca\/index.php\/wp-json\/wp\/v2\/media\/28350"}],"wp:attachment":[{"href":"https:\/\/soydeaqui.ddns.net\/pachuca\/index.php\/wp-json\/wp\/v2\/media?parent=28351"}],"wp:term":[{"taxonomy":"product_brand","embeddable":true,"href":"https:\/\/soydeaqui.ddns.net\/pachuca\/index.php\/wp-json\/wp\/v2\/product_brand?post=28351"},{"taxonomy":"product_cat","embeddable":true,"href":"https:\/\/soydeaqui.ddns.net\/pachuca\/index.php\/wp-json\/wp\/v2\/product_cat?post=28351"},{"taxonomy":"product_tag","embeddable":true,"href":"https:\/\/soydeaqui.ddns.net\/pachuca\/index.php\/wp-json\/wp\/v2\/product_tag?post=28351"}],"curies":[{"name":"wp","href":"https:\/\/api.w.org\/{rel}","templated":true}]}}