{"id":28325,"date":"2026-03-18T12:55:06","date_gmt":"2026-03-18T12:55:06","guid":{"rendered":"https:\/\/soydeaqui.ddns.net\/pachuca\/index.php\/producto\/detector-de-metal-portatil-para-objetos-pequenos-proteccion-ip31-indicador-led-vibracion-y-alarma-audible-simultanea-para-inspeccion-a-detalle\/"},"modified":"2026-03-18T12:55:13","modified_gmt":"2026-03-18T12:55:13","slug":"detector-de-metal-portatil-para-objetos-pequenos-proteccion-ip31-indicador-led-vibracion-y-alarma-audible-simultanea-para-inspeccion-a-detalle","status":"publish","type":"product","link":"https:\/\/soydeaqui.ddns.net\/pachuca\/index.php\/producto\/detector-de-metal-portatil-para-objetos-pequenos-proteccion-ip31-indicador-led-vibracion-y-alarma-audible-simultanea-para-inspeccion-a-detalle\/","title":{"rendered":"Detector de Metal Port\u00e1til para Objetos Peque\u00f1os \/ Protecci\u00f3n IP31 \/ Indicador LED \/ Vibraci\u00f3n y Alarma Audible Simultanea \/ Para Inspecci\u00f3n a Detalle"},"content":{"rendered":"<div style='width: 100%; max-width: 1200px; margin: 0 auto; font-family: sans-serif; line-height: 1.6; color: inherit; background-color: transparent;'>\n<div style='width: 100%; max-width: 980px; margin: 0 auto; margin-bottom: 30px;'> <img style='width: 100%; height: auto; border: 1px solid rgba(150&comma;150&comma;150&comma;0.3); border-radius: 8px;' src='http:\/\/ftp3.syscom.mx\/usuarios\/ivan.reyes\/AccessPRO\/bannerarco.jpg' alt=''> <\/div>\n<div style='display: flex; flex-wrap: wrap; gap: 30px; margin-bottom: 30px;'>\n<div style='flex: 1 1 300px; min-width: 280px;'>\n<h3 style='font-size: 22px; border-bottom: 2px solid currentColor; padding-bottom: 5px; margin-top: 0; color: inherit; opacity: 0.8;'>Caracter\u00edsticas principales<\/h3>\n<ul style='padding-left: 20px; font-size: 15px; color: inherit;'>\n<li style='margin-bottom: 5px;'>Para inspecci\u00f3n a detalle<\/li>\n<li style='margin-bottom: 5px;'>Alarma audible y visible simultanea<\/li>\n<li style='margin-bottom: 5px;'>Vibraci\u00f3n y alarma audible simultanea<\/li>\n<li style='margin-bottom: 5px;'>Sensibilidad baja y alta&comma; seleccionable<\/li>\n<li style='margin-bottom: 5px;'>Indicador LED (Luz verde indica encendido&comma; luz roja indica alarma)<\/li>\n<\/ul><\/div>\n<div style='flex: 1 1 300px; min-width: 280px;'>\n<h3 style='font-size: 22px; border-bottom: 2px solid currentColor; padding-bottom: 5px; margin-top: 0; color: inherit; opacity: 0.8;'>Caracter\u00edsticas Destacadas<\/h3>\n<ul style='padding-left: 20px; font-size: 15px; color: inherit;'>\n<li style='margin-bottom: 5px;'>Funcion de Ahorro de energ\u00eda: El dispositivo automaticamente se apagar\u00e1 despues de 1 minuto sin uso<\/li>\n<li style='margin-bottom: 5px;'>Cuando seleciona baja sensibilidad&comma; el detector se metales solo activara la alarma cuando encuentre un gran objeto de metal<\/li>\n<li style='margin-bottom: 5px;'>Alarma audible y visible simultanea&comma; o vibraci\u00f3n y alarma audible simultanea. Puedes elergir el modo de operaci\u00f3n<\/li>\n<\/ul><\/div>\n<div style='flex: 1 1 300px; min-width: 280px;'>\n<h3 style='font-size: 22px; border-bottom: 2px solid currentColor; padding-bottom: 5px; margin-top: 0; color: inherit; opacity: 0.8;'>Caracter\u00edsticas F\u00edsicas y El\u00e9ctricas<\/h3>\n<ul style='padding-left: 20px; font-size: 15px; color: inherit;'>\n<li style='margin-bottom: 5px;'><strong>Dimenciones:<\/strong> 410 x 85 x 45 mm<\/li>\n<li style='margin-bottom: 5px;'><strong>Alimentacion:<\/strong> Bateria estandar 9V. (No incluye bateria)<\/li>\n<li style='margin-bottom: 5px;'><strong>Voltaje de operaci\u00f3n:<\/strong> 7V &#8211; 9V. (No incluye cargador)<\/li>\n<li style='margin-bottom: 5px;'><strong>Sonido de Alarma:<\/strong> &lt;75dB<\/li>\n<li style='margin-bottom: 5px;'><strong>Corriente de operaci\u00f3n:<\/strong> &lt;50mA<\/li>\n<li style='margin-bottom: 5px;'><strong>Protecci\u00f3n IP:<\/strong> IP31<\/li>\n<li style='margin-bottom: 5px;'><strong>Frecuencia de operaci\u00f3n:<\/strong> 40KHz<\/li>\n<li style='margin-bottom: 5px;'><strong>Acabado de material:<\/strong> ANS-Negro<\/li>\n<\/ul><\/div>\n<\/p><\/div>\n<div style='display: flex; flex-wrap: wrap; gap: 20px; justify-content: center; margin-top: 30px;'>\n<div style='flex: 1 1 300px; min-width: 280px;'> <img style='width: 100%; height: auto; border: 1px solid rgba(150&comma;150&comma;150&comma;0.3); border-radius: 8px;' src='https:\/\/ftp3.syscom.mx\/usuarios\/vestrada\/Imagenes\/APMEPOR-1.jpg' alt=''> <\/div>\n<div style='flex: 1 1 300px; min-width: 280px;'> <img style='width: 100%; height: auto; border: 1px solid rgba(150&comma;150&comma;150&comma;0.3); border-radius: 8px;' src='https:\/\/ftp3.syscom.mx\/usuarios\/vestrada\/Imagenes\/APMEPOR-2.jpg' alt=''> <\/div>\n<\/p><\/div>\n<\/p><\/div>\n","protected":false},"excerpt":{"rendered":"<p>Detector de Metal Port\u00e1til para Objetos Peque\u00f1os \/ Protecci\u00f3n IP31 \/ Indicador LED \/ Vibraci\u00f3n y Alarma Audible Simultanea \/ Para Inspecci\u00f3n a Detalle<\/p>\n","protected":false},"featured_media":28324,"comment_status":"open","ping_status":"closed","template":"","meta":[],"product_brand":[],"product_cat":[826],"product_tag":[234,827],"class_list":{"0":"post-28325","1":"product","2":"type-product","3":"status-publish","4":"has-post-thumbnail","6":"product_cat-detectores-de-metal-detectores-de-metal","7":"product_tag-accesspro","8":"product_tag-detectores-de-metal","10":"first","11":"instock","12":"sale","13":"shipping-taxable","14":"purchasable","15":"product-type-simple"},"_links":{"self":[{"href":"https:\/\/soydeaqui.ddns.net\/pachuca\/index.php\/wp-json\/wp\/v2\/product\/28325","targetHints":{"allow":["GET"]}}],"collection":[{"href":"https:\/\/soydeaqui.ddns.net\/pachuca\/index.php\/wp-json\/wp\/v2\/product"}],"about":[{"href":"https:\/\/soydeaqui.ddns.net\/pachuca\/index.php\/wp-json\/wp\/v2\/types\/product"}],"replies":[{"embeddable":true,"href":"https:\/\/soydeaqui.ddns.net\/pachuca\/index.php\/wp-json\/wp\/v2\/comments?post=28325"}],"wp:featuredmedia":[{"embeddable":true,"href":"https:\/\/soydeaqui.ddns.net\/pachuca\/index.php\/wp-json\/wp\/v2\/media\/28324"}],"wp:attachment":[{"href":"https:\/\/soydeaqui.ddns.net\/pachuca\/index.php\/wp-json\/wp\/v2\/media?parent=28325"}],"wp:term":[{"taxonomy":"product_brand","embeddable":true,"href":"https:\/\/soydeaqui.ddns.net\/pachuca\/index.php\/wp-json\/wp\/v2\/product_brand?post=28325"},{"taxonomy":"product_cat","embeddable":true,"href":"https:\/\/soydeaqui.ddns.net\/pachuca\/index.php\/wp-json\/wp\/v2\/product_cat?post=28325"},{"taxonomy":"product_tag","embeddable":true,"href":"https:\/\/soydeaqui.ddns.net\/pachuca\/index.php\/wp-json\/wp\/v2\/product_tag?post=28325"}],"curies":[{"name":"wp","href":"https:\/\/api.w.org\/{rel}","templated":true}]}}