{"id":28318,"date":"2026-03-18T12:54:55","date_gmt":"2026-03-18T12:54:55","guid":{"rendered":"https:\/\/soydeaqui.ddns.net\/pachuca\/index.php\/producto\/detector-de-metales-de-6-zonas-uso-en-interior-contador-de-alarmas-y-personas-2\/"},"modified":"2026-03-18T12:55:02","modified_gmt":"2026-03-18T12:55:02","slug":"detector-de-metales-de-6-zonas-uso-en-interior-contador-de-alarmas-y-personas-2","status":"publish","type":"product","link":"https:\/\/soydeaqui.ddns.net\/pachuca\/index.php\/producto\/detector-de-metales-de-6-zonas-uso-en-interior-contador-de-alarmas-y-personas-2\/","title":{"rendered":"Detector de metales de 6 zonas\/ Uso en Interior\/ Contador de alarmas y Personas"},"content":{"rendered":"<div style='width: 100%; max-width: 1200px; margin: 0 auto; font-family: sans-serif; line-height: 1.6; color: inherit; background-color: transparent;'>\n<div style='width: 100%; margin-bottom: 30px;'> <img style='width: 100%; height: auto; border: 1px solid rgba(150&comma;150&comma;150&comma;0.3); border-radius: 8px;' src='http:\/\/ftp3.syscom.mx\/usuarios\/ivan.reyes\/AccessPRO\/bannerarco.jpg' alt=''> <\/div>\n<div style='display: flex; flex-wrap: wrap; gap: 30px; margin-bottom: 30px;'>\n<div style='flex: 1 1 300px; min-width: 280px;'>\n<div style='border-left: 5px solid #0d528a; border-radius: 5px; padding: 10px; box-shadow: 2px 2px 10px rgba(216&comma;216&comma;216&comma;0.3);'>\n<h3 style='font-size: 18px; margin-top: 0; margin-bottom: 15px; color: inherit;'>Caracter\u00edsticas principales:<\/h3>\n<ul style='padding-left: 20px; font-size: 15px; color: inherit; list-style-type: disc;'>\n<li style='margin-bottom: 8px;'>Tecnolog\u00eda de m\u00faltiples zonas independientes<\/li>\n<li style='margin-bottom: 8px;'>T\u00e9cnica de medici\u00f3n por onda contin\u00faa<\/li>\n<li style='margin-bottom: 8px;'>Sistema de autodiagn\u00f3stico<\/li>\n<li style='margin-bottom: 8px;'>Teclado para programaci\u00f3n<\/li>\n<li style='margin-bottom: 8px;'>Pantalla alfanum\u00e9rica para programaci\u00f3n<\/li>\n<li style='margin-bottom: 8px;'>Ajuste de zonas independientes<\/li>\n<li style='margin-bottom: 8px;'>C\u00f3digo maestro para acceso a programaci\u00f3n<\/li>\n<li style='margin-bottom: 8px;'>Detecci\u00f3n de metales ferrosos y no ferrosos.**<\/li>\n<li style='margin-bottom: 8px;'>Base para fijarse al piso<\/li>\n<\/ul><\/div>\n<\/p><\/div>\n<div style='flex: 1 1 300px; min-width: 280px;'>\n<div style='border-left: 5px solid #0d528a; border-radius: 5px; padding: 10px; box-shadow: 2px 2px 10px rgba(216&comma;216&comma;216&comma;0.3);'>\n<h3 style='font-size: 18px; margin-top: 0; margin-bottom: 15px; color: inherit;'>Caracter\u00edsticas Destacadas:<\/h3>\n<ul style='padding-left: 20px; font-size: 15px; color: inherit; list-style-type: disc;'>\n<li style='margin-bottom: 8px;'>M\u00faltiples frecuencias para operaci\u00f3n de detectores en el mismo sitio<\/li>\n<li style='margin-bottom: 8px;'>Barra de Luz de nivel de intensidad de metales.<\/li>\n<li style='margin-bottom: 8px;'>LED de estatus del sistema operativo<\/li>\n<li style='margin-bottom: 8px;'>M\u00e1s de 50 inspecciones por minuto<\/li>\n<li style='margin-bottom: 8px;'>Inmunidad a interferencias<\/li>\n<li style='margin-bottom: 8px;'>Incluye sensor infrarrojo para evitar falsas alarmas<\/li>\n<li style='margin-bottom: 8px;'>Barras de luces laterales indicadoras de la ubicaci\u00f3n del metal o arma<\/li>\n<\/ul><\/div>\n<\/p><\/div>\n<div style='flex: 1 1 300px; min-width: 280px;'>\n<div style='border-left: 5px solid #0d528a; border-radius: 5px; padding: 10px; box-shadow: 2px 2px 10px rgba(216&comma;216&comma;216&comma;0.3);'>\n<h3 style='font-size: 18px; margin-top: 0; margin-bottom: 15px; color: inherit;'>Caracter\u00edsticas F\u00edsicas y El\u00e9ctricas:<\/h3>\n<ul style='padding-left: 20px; font-size: 15px; color: inherit; list-style-type: disc;'>\n<li style='margin-bottom: 8px;'>Temperatura de operaci\u00f3n de 0 a 55 \u00baC&comma; humedad 95% no condensada<\/li>\n<li style='margin-bottom: 8px;'>Alimentaci\u00f3n: 110 Vca 60Hz<\/li>\n<li style='margin-bottom: 8px;'>Consumo: 12W<\/li>\n<li style='margin-bottom: 8px;'>Dimensiones: 90 x 220 x 58 cm<\/li>\n<li style='margin-bottom: 8px;'>Peso: 65.45 kg.<\/li>\n<\/ul><\/div>\n<\/p><\/div>\n<\/p><\/div>\n<div style='display: flex; flex-wrap: wrap; gap: 30px; margin-bottom: 30px;'>\n<div style='flex: 1 1 400px; min-width: 300px;'> <img style='width: 100%; height: auto; border: 1px solid rgba(150&comma;150&comma;150&comma;0.3); border-radius: 8px;' src='http:\/\/ftp3.syscom.mx\/usuarios\/ftp\/single_page\/accesspro\/aplicacion.png' alt=''> <\/div>\n<div style='flex: 1 1 400px; min-width: 300px;'>\n<h2 style='color: #0d528a; font-size: 24px; margin-top: 0; margin-bottom: 15px;'>Detector de Metales para interior<\/h2>\n<p style='margin-bottom: 15px;'>\u00datil en aeropuertos&comma; negocios&comma; tiendas&comma; escuelas&comma; hoteles&comma; hospitales&comma; industrias&comma; exposiciones&comma; casinos y actos c\u00edvicos.<\/p>\n<p style='margin-bottom: 15px;'>Principalmente detecci\u00f3n de armas y protecci\u00f3n de sus activos de metal.<\/p>\n<div style='margin-bottom: 15px;'>\n<p style='text-align: center; border-bottom: 5px solid #0d528a; margin: 10px 0; padding-bottom: 5px; color: inherit;'>Aplicaci\u00f3n para interior<\/p>\n<p style='text-align: center; border-bottom: 5px solid #0d528a; margin: 10px 0; padding-bottom: 5px; color: inherit;'>6 zonas de sensado<\/p>\n<p style='text-align: center; border-bottom: 5px solid #0d528a; margin: 10px 0; padding-bottom: 5px; color: inherit;'>8 programas precargados para detecci\u00f3n<\/p>\n<p style='text-align: center; border-bottom: 5px solid #0d528a; margin: 10px 0; padding-bottom: 5px; color: inherit;'>Contador incluido y programaci\u00f3n por control remoto<\/p>\n<\/p><\/div>\n<\/p><\/div>\n<\/p><\/div>\n<div style='margin-bottom: 30px;'>\n<div style='border-left: 5px solid #0d528a; border-radius: 5px; padding: 10px; box-shadow: 2px 2px 10px rgba(216&comma;216&comma;216&comma;0.3);'>\n<p style='color: #c0392b; margin-bottom: 15px;'><strong>NOTA:<\/strong> AL MOMENTO DE INSTALAR VERIFICAR LOS NUMEROS DE SERIE DE LOS LATERALES CON EL CEREBRO&comma; ESTOS DEBER\u00c1N COINCIDIR PARA EL CORRECTO FUNCIONAMIENTO DEL EQUIPO.<\/p>\n<ul style='padding-left: 20px; font-size: 15px; color: inherit; list-style-type: disc;'>\n<li style='margin-bottom: 8px;'><strong>Para su fijaci\u00f3n es necesario colocar taquete expansivo de 1\/4.<\/strong><\/li>\n<li style='margin-bottom: 8px;'><strong style='color: #202124; font-family: Roboto&comma; sans-serif; font-size: 14px; white-space: pre-wrap; background-color: rgba(32&comma; 33&comma; 36&comma; 0.04);'> El volumen&comma; aislamiento y peso de los metales depender\u00e1 para la detecci\u00f3n correcta. S\u00ed la necesidad de detecci\u00f3n es diferente a la naturaleza de los arcos (armas de fuego&comma; armas blancas) se recomienda realizar pruebas con muestras de los accesorios que se pretenden detectar sobre todo si son peque\u00f1os.<\/strong><\/li>\n<\/ul><\/div>\n<\/p><\/div>\n<div style='display: flex; flex-wrap: wrap; gap: 30px; margin-bottom: 30px;'>\n<div style='flex: 1 1 400px; min-width: 300px;'>\n<div style='position: relative; padding-bottom: 56.25%; height: 0; overflow: hidden; margin-bottom: 30px;'>   <\/div>\n<\/p><\/div>\n<div style='flex: 1 1 400px; min-width: 300px;'>\n<div style='position: relative; padding-bottom: 56.25%; height: 0; overflow: hidden; margin-bottom: 30px;'>   <\/div>\n<\/p><\/div>\n<\/p><\/div>\n<div style='width: 100%; margin-bottom: 30px;'> <img style='width: 100%; height: auto; border: 1px solid rgba(150&comma;150&comma;150&comma;0.3); border-radius: 8px;' src='http:\/\/ftp3.syscom.mx\/usuarios\/ftp\/single_page\/accesspro\/accespro.png' alt=''> <\/div>\n<\/p><\/div>\n","protected":false},"excerpt":{"rendered":"<p>Detector de metales de 6 zonas\/ Uso en Interior\/ Contador de alarmas y Personas<\/p>\n","protected":false},"featured_media":28317,"comment_status":"open","ping_status":"closed","template":"","meta":[],"product_brand":[],"product_cat":[826],"product_tag":[234,827],"class_list":{"0":"post-28318","1":"product","2":"type-product","3":"status-publish","4":"has-post-thumbnail","6":"product_cat-detectores-de-metal-detectores-de-metal","7":"product_tag-accesspro","8":"product_tag-detectores-de-metal","10":"first","11":"instock","12":"sale","13":"shipping-taxable","14":"purchasable","15":"product-type-simple"},"_links":{"self":[{"href":"https:\/\/soydeaqui.ddns.net\/pachuca\/index.php\/wp-json\/wp\/v2\/product\/28318","targetHints":{"allow":["GET"]}}],"collection":[{"href":"https:\/\/soydeaqui.ddns.net\/pachuca\/index.php\/wp-json\/wp\/v2\/product"}],"about":[{"href":"https:\/\/soydeaqui.ddns.net\/pachuca\/index.php\/wp-json\/wp\/v2\/types\/product"}],"replies":[{"embeddable":true,"href":"https:\/\/soydeaqui.ddns.net\/pachuca\/index.php\/wp-json\/wp\/v2\/comments?post=28318"}],"wp:featuredmedia":[{"embeddable":true,"href":"https:\/\/soydeaqui.ddns.net\/pachuca\/index.php\/wp-json\/wp\/v2\/media\/28317"}],"wp:attachment":[{"href":"https:\/\/soydeaqui.ddns.net\/pachuca\/index.php\/wp-json\/wp\/v2\/media?parent=28318"}],"wp:term":[{"taxonomy":"product_brand","embeddable":true,"href":"https:\/\/soydeaqui.ddns.net\/pachuca\/index.php\/wp-json\/wp\/v2\/product_brand?post=28318"},{"taxonomy":"product_cat","embeddable":true,"href":"https:\/\/soydeaqui.ddns.net\/pachuca\/index.php\/wp-json\/wp\/v2\/product_cat?post=28318"},{"taxonomy":"product_tag","embeddable":true,"href":"https:\/\/soydeaqui.ddns.net\/pachuca\/index.php\/wp-json\/wp\/v2\/product_tag?post=28318"}],"curies":[{"name":"wp","href":"https:\/\/api.w.org\/{rel}","templated":true}]}}