{"id":28309,"date":"2026-03-18T12:54:43","date_gmt":"2026-03-18T12:54:43","guid":{"rendered":"https:\/\/soydeaqui.ddns.net\/pachuca\/index.php\/producto\/sistema-de-inspeccion-por-rayos-x-para-equipaje-de-mano-con-tunel-de-60-x-40-cms-puesta-en-marcha-y-capacitacion-incluida\/"},"modified":"2026-03-18T12:54:44","modified_gmt":"2026-03-18T12:54:44","slug":"sistema-de-inspeccion-por-rayos-x-para-equipaje-de-mano-con-tunel-de-60-x-40-cms-puesta-en-marcha-y-capacitacion-incluida","status":"publish","type":"product","link":"https:\/\/soydeaqui.ddns.net\/pachuca\/index.php\/producto\/sistema-de-inspeccion-por-rayos-x-para-equipaje-de-mano-con-tunel-de-60-x-40-cms-puesta-en-marcha-y-capacitacion-incluida\/","title":{"rendered":"Sistema de inspecci\u00f3n por Rayos X para equipaje de mano con t\u00fanel de 60 x 40 cms. Puesta en marcha y capacitaci\u00f3n incluida"},"content":{"rendered":"<div style='width: 100%; max-width: 1200px; margin: 0 auto; font-family: sans-serif; line-height: 1.6; color: inherit; background-color: transparent;'> <!-- Imagen principal --> <\/p>\n<div style='margin-bottom: 20px;'> <img style='width: 100%; height: auto; border: 1px solid rgba(150&comma;150&comma;150&comma;0.3); border-radius: 8px;' src='http:\/\/ftp3.syscom.mx\/usuarios\/ivan.reyes\/AccessPRO\/bannerarco.jpg' alt=''> <\/div>\n<p> <!-- Secci\u00f3n de caracter\u00edsticas --> <\/p>\n<div style='display: flex; flex-wrap: wrap; gap: 30px; margin-bottom: 30px;'>\n<div style='flex: 1 1 300px; min-width: 280px;'>\n<h3 style='font-size: 22px; border-bottom: 2px solid currentColor; padding-bottom: 5px; margin-top: 0; color: inherit; opacity: 0.8;'>Caracter\u00edsticas principales<\/h3>\n<ul style='padding-left: 20px; font-size: 15px; color: inherit;'>\n<li style='margin-bottom: 5px;'>Incluye monitor de 19&#8242; LCD<\/li>\n<li style='margin-bottom: 5px;'>Monitoreo de im\u00e1genes: color&comma; b\/n&comma; negativo&comma; alta\/baja penetraci\u00f3n<\/li>\n<li style='margin-bottom: 5px;'>Separaci\u00f3n de materiales org\u00e1nicos \/ inorg\u00e1nicos<\/li>\n<li style='margin-bottom: 5px;'>Zoom de la imagen gradual o directo hasta 32X<\/li>\n<li style='margin-bottom: 5px;'>Memoria de im\u00e1genes: hasta 100&comma;000<\/li>\n<li style='margin-bottom: 5px;'>Transferencia a una memoria USB y conversi\u00f3n a formatos JPG<\/li>\n<li style='margin-bottom: 5px;'>Alerta de detecci\u00f3n de materiales de acuerdo a su n\u00famero at\u00f3mico<\/li>\n<\/ul><\/div>\n<div style='flex: 1 1 300px; min-width: 280px;'>\n<h3 style='font-size: 22px; border-bottom: 2px solid currentColor; padding-bottom: 5px; margin-top: 0; color: inherit; opacity: 0.8;'>Caracter\u00edsticas F\u00edsicas y El\u00e9ctricas<\/h3>\n<ul style='padding-left: 20px; font-size: 15px; color: inherit;'>\n<li style='margin-bottom: 5px;'>Temperatura de operaci\u00f3n 0 a 45 \u00b0C<\/li>\n<li style='margin-bottom: 5px;'>Humedad 20 a 95 % no condensada<\/li>\n<li style='margin-bottom: 5px;'>Alimentaci\u00f3n: 110 Vca 60Hz<\/li>\n<li style='margin-bottom: 5px;'>Consumo: 1KW<\/li>\n<li style='margin-bottom: 5px;'>Velocidad de la banda: 0.22 m\/s<\/li>\n<li style='margin-bottom: 5px;'>Dimensiones del t\u00fanel: 60 x 40 cm<\/li>\n<li style='margin-bottom: 5px;'>Capacidad de carga: 150 kg<\/li>\n<\/ul><\/div>\n<div style='flex: 1 1 300px; min-width: 280px;'>\n<h3 style='font-size: 22px; border-bottom: 2px solid currentColor; padding-bottom: 5px; margin-top: 0; color: inherit; opacity: 0.8;'>Caracter\u00edsticas Destacadas<\/h3>\n<ul style='padding-left: 20px; font-size: 15px; color: inherit;'>\n<li style='margin-bottom: 5px;'>Rayo de seguridad: el rayo se transmite bajo control autom\u00e1tico&comma; evitando el error<\/li>\n<li style='margin-bottom: 5px;'>Control de apagado de una tecla: simplemente precione un bot\u00f3n para apagar la m\u00e1quina; es seguro&comma; f\u00e1cil y conveniente<\/li>\n<li style='margin-bottom: 5px;'>Ojo de \u00e1guila: capaz de observar r\u00e1pidamente el \u00e1rea de aumento<\/li>\n<li style='margin-bottom: 5px;'>Funci\u00f3n de autodiagn\u00f3stico: env\u00ede un mensaje autom\u00e1ticamente si no funciona correctamente para un mantenimiento r\u00e1pido<\/li>\n<\/ul><\/div>\n<\/p><\/div>\n<p> <!-- Secci\u00f3n de video e imagen --> <\/p>\n<div style='display: flex; flex-wrap: wrap; gap: 30px; margin-bottom: 30px;'>\n<div style='flex: 1 1 500px; min-width: 300px;'>\n<div style='position: relative; padding-bottom: 56.25%; height: 0; overflow: hidden; margin-bottom: 30px;'>   <\/div>\n<\/p><\/div>\n<div style='flex: 1 1 500px; min-width: 300px;'> <img style='width: 100%; height: auto; border: 1px solid rgba(150&comma;150&comma;150&comma;0.3); border-radius: 8px;' src='https:\/\/ftp3.syscom.mx\/usuarios\/vestrada\/Imagenes\/RayosX AP.jpg' alt=''> <\/div>\n<\/p><\/div>\n<p> <!-- Secci\u00f3n de notas --> <\/p>\n<div style='margin-bottom: 30px;'>\n<div style='padding: 15px; border-left: 5px solid #0d528a; border-radius: 8px; background-color: rgba(13&comma; 82&comma; 138&comma; 0.05); margin-bottom: 15px; color: inherit;'> <strong style='color: inherit;'>Notas:<\/strong> <\/p>\n<ul style='padding-left: 20px; margin-top: 10px; font-size: 14px; color: inherit;'>\n<li style='margin-bottom: 5px;'>LA ENTREGA DE ESTOS EQUIPOS SE HACE A PIE DE CALLE&comma; REQUIERE MONTACARGAS EN SITIO PARA LA DESCARGA Y MANIOBRAS DEL EQUIPO EL CUAL CORRE POR CUENTA DEL CLIENTE<\/li>\n<li style='margin-bottom: 5px;'>Para la puesta en marcha y capacitaci\u00f3n p\u00f3ngase de acuerdo con el PM por lo menos 15 d\u00edas h\u00e1biles antes de la entrega del equipo.<\/li>\n<li style='margin-bottom: 5px;'>*Contacte con su Ejecutivo de Cuenta \u00f3 Ingenier\u00eda en Acceso&comma; le haremos llegar las propuestas los antes posible y los precios m\u00e1s bajos en transporte.<\/li>\n<\/ul><\/div>\n<\/p><\/div>\n<p> <!-- Separador final --> <\/p>\n<hr style='border: 0; border-top: 1px solid rgba(150&comma; 150&comma; 150&comma; 0.3); margin: 30px 0;'> <\/div>\n","protected":false},"excerpt":{"rendered":"<p>Sistema de inspecci\u00f3n por Rayos X para equipaje de mano con t\u00fanel de 60 x 40 cms. Puesta en marcha y capacitaci\u00f3n incluida<\/p>\n","protected":false},"featured_media":28308,"comment_status":"open","ping_status":"closed","template":"","meta":[],"product_brand":[],"product_cat":[853],"product_tag":[234,854,855],"class_list":{"0":"post-28309","1":"product","2":"type-product","3":"status-publish","4":"has-post-thumbnail","6":"product_cat-sistemas-de-inspeccion-por-rayos-x","7":"product_tag-accesspro","8":"product_tag-inspeccion-por-rayos-x-y-explosivos","9":"product_tag-sistemas-de-inspeccion-por-rayos-x","11":"first","12":"instock","13":"sale","14":"shipping-taxable","15":"purchasable","16":"product-type-simple"},"_links":{"self":[{"href":"https:\/\/soydeaqui.ddns.net\/pachuca\/index.php\/wp-json\/wp\/v2\/product\/28309","targetHints":{"allow":["GET"]}}],"collection":[{"href":"https:\/\/soydeaqui.ddns.net\/pachuca\/index.php\/wp-json\/wp\/v2\/product"}],"about":[{"href":"https:\/\/soydeaqui.ddns.net\/pachuca\/index.php\/wp-json\/wp\/v2\/types\/product"}],"replies":[{"embeddable":true,"href":"https:\/\/soydeaqui.ddns.net\/pachuca\/index.php\/wp-json\/wp\/v2\/comments?post=28309"}],"wp:featuredmedia":[{"embeddable":true,"href":"https:\/\/soydeaqui.ddns.net\/pachuca\/index.php\/wp-json\/wp\/v2\/media\/28308"}],"wp:attachment":[{"href":"https:\/\/soydeaqui.ddns.net\/pachuca\/index.php\/wp-json\/wp\/v2\/media?parent=28309"}],"wp:term":[{"taxonomy":"product_brand","embeddable":true,"href":"https:\/\/soydeaqui.ddns.net\/pachuca\/index.php\/wp-json\/wp\/v2\/product_brand?post=28309"},{"taxonomy":"product_cat","embeddable":true,"href":"https:\/\/soydeaqui.ddns.net\/pachuca\/index.php\/wp-json\/wp\/v2\/product_cat?post=28309"},{"taxonomy":"product_tag","embeddable":true,"href":"https:\/\/soydeaqui.ddns.net\/pachuca\/index.php\/wp-json\/wp\/v2\/product_tag?post=28309"}],"curies":[{"name":"wp","href":"https:\/\/api.w.org\/{rel}","templated":true}]}}