{"id":28292,"date":"2026-03-18T12:54:19","date_gmt":"2026-03-18T12:54:19","guid":{"rendered":"https:\/\/soydeaqui.ddns.net\/pachuca\/index.php\/producto\/maquina-de-rayos-x-para-equipaje-tunel-de-50-x-30-cm\/"},"modified":"2026-03-18T12:54:20","modified_gmt":"2026-03-18T12:54:20","slug":"maquina-de-rayos-x-para-equipaje-tunel-de-50-x-30-cm","status":"publish","type":"product","link":"https:\/\/soydeaqui.ddns.net\/pachuca\/index.php\/producto\/maquina-de-rayos-x-para-equipaje-tunel-de-50-x-30-cm\/","title":{"rendered":"Maquina de Rayos X para equipaje Tunel de 50 x 30 cm"},"content":{"rendered":"<div style='width: 100%; max-width: 1200px; margin: 0 auto; font-family: sans-serif; line-height: 1.6; color: inherit; background-color: transparent;'>\n<div style='display: flex; flex-wrap: wrap; gap: 30px; margin-bottom: 30px;'>\n<div style='flex: 1 1 300px; min-width: 280px;'>\n<h3 style='font-size: 22px; border-bottom: 2px solid currentColor; padding-bottom: 5px; margin-top: 0; color: inherit; opacity: 0.8;'>Descripci\u00f3n<\/h3>\n<p style='font-size: 15px; color: inherit;'>El sistema de inspecci\u00f3n por Rayos-X ZKX5030C mejora la capacidad del operador para identificar amenazas potenciales. El dispositivo est\u00e1 dise\u00f1ado para inspeccionar maletines&comma; equipaje de mano y paquetes peque\u00f1os.<\/p>\n<p style='font-size: 15px; color: inherit;'>El ZKX5030C utiliza un generador de Rayos-X de doble energ\u00eda de alta calidad. Con un excelente algoritmo de imagen&comma; el ZKX5030C muestra im\u00e1genes claras de los objetos inspeccionados&comma; lo que le permite al operador identificar objetos potencialmente peligrosos a simple vista.<\/p>\n<p style='font-size: 15px; color: inherit;'>Con un dise\u00f1o ergon\u00f3mico y moderno&comma; el ZKX5030C ayuda a los operadores a identificar objetos sospechosos de forma r\u00e1pida y precisa.<\/p>\n<p style='font-size: 15px; color: inherit;'><strong>Nota:<\/strong> El ZKX5030C incluye pantalla y teclado.<\/p>\n<\/p><\/div>\n<\/p><\/div>\n<div style='display: flex; flex-wrap: wrap; gap: 20px; margin-bottom: 30px;'>\n<div style='flex: 1 1 250px; border: 1px solid rgba(150&comma; 150&comma; 150&comma; 0.4); border-radius: 8px; overflow: hidden; display: flex; flex-direction: column;'>\n<div style='padding: 15px; border-bottom: 1px solid rgba(150&comma; 150&comma; 150&comma; 0.2); font-weight: bold; font-size: 18px; color: inherit;'>Especificaciones<\/div>\n<div style='padding: 15px; color: inherit;'>\n<ul style='padding-left: 20px; margin: 0; font-size: 14px; list-style-type: disc;'>\n<li style='margin-bottom: 5px;'>Tama\u00f1o del t\u00fanel: 507 x 305 mm<\/li>\n<li style='margin-bottom: 5px;'>Velocidad de la banda: 0.20 m\/s<\/li>\n<li style='margin-bottom: 5px;'>Altura de la banda transportadora: 751 mm<\/li>\n<li style='margin-bottom: 5px;'>Carga m\u00e1xima: \u2264 120 kg<\/li>\n<li style='margin-bottom: 5px;'>Resoluci\u00f3n: 38 AWG (alambre met\u00e1lico de 0.16 mm)<\/li>\n<li style='margin-bottom: 5px;'>Definici\u00f3n de espacio: Horizontal \u03a61.0 mm Vertical \u03a62.0 mm<\/li>\n<li style='margin-bottom: 5px;'>Penetraci\u00f3n en acero: 32mm<\/li>\n<li style='margin-bottom: 5px;'>Monitor: LED de 17 pulgadas<\/li>\n<\/ul><\/div>\n<\/p><\/div>\n<div style='flex: 1 1 250px; border: 1px solid rgba(150&comma; 150&comma; 150&comma; 0.4); border-radius: 8px; overflow: hidden; display: flex; flex-direction: column;'>\n<div style='padding: 15px; border-bottom: 1px solid rgba(150&comma; 150&comma; 150&comma; 0.2); font-weight: bold; font-size: 18px; color: inherit;'>Funciones del Sistema<\/div>\n<div style='padding: 15px; color: inherit;'>\n<ul style='padding-left: 20px; margin: 0; font-size: 14px; list-style-type: disc;'>\n<li style='margin-bottom: 5px;'>Alarma de alta densidad<\/li>\n<li style='margin-bottom: 5px;'>Proyecci\u00f3n de im\u00e1genes de amenaza (TIP)<\/li>\n<li style='margin-bottom: 5px;'>Contador de equipaje<\/li>\n<li style='margin-bottom: 5px;'>Contador de tiempo en operaci\u00f3n<\/li>\n<li style='margin-bottom: 5px;'>Contador de tiempo de emisi\u00f3n de Rayos X<\/li>\n<li style='margin-bottom: 5px;'>Mantenimiento del sistema<\/li>\n<li style='margin-bottom: 5px;'>Entrenamiento<\/li>\n<li style='margin-bottom: 5px;'>Zoom de 64x<\/li>\n<\/ul><\/div>\n<\/p><\/div>\n<div style='flex: 1 1 250px; border: 1px solid rgba(150&comma; 150&comma; 150&comma; 0.4); border-radius: 8px; overflow: hidden; display: flex; flex-direction: column;'>\n<div style='padding: 15px; border-bottom: 1px solid rgba(150&comma; 150&comma; 150&comma; 0.2); font-weight: bold; font-size: 18px; color: inherit;'>Sistema de Rayos X<\/div>\n<div style='padding: 15px; color: inherit;'>\n<ul style='padding-left: 20px; margin: 0; font-size: 14px; list-style-type: disc;'>\n<li style='margin-bottom: 5px;'>Voltaje M\u00e1ximo: 80 kV<\/li>\n<li style='margin-bottom: 5px;'>Refrigeraci\u00f3n: Por ba\u00f1o de Aceite Sellado Herm\u00e9ticamente<\/li>\n<li style='margin-bottom: 5px;'>Dosis de radiaci\u00f3n por inspecci\u00f3n: &lt;1.0 \u03bcG (\u03bcSv)<\/li>\n<li style='margin-bottom: 5px;'>Tasa de dosis de radiaci\u00f3n externa: 0.1 \u03bcGy\/h (\u03bcSv\/h) (a 5cm de la carcasa)<\/li>\n<\/ul><\/div>\n<\/p><\/div>\n<div style='flex: 1 1 250px; border: 1px solid rgba(150&comma; 150&comma; 150&comma; 0.4); border-radius: 8px; overflow: hidden; display: flex; flex-direction: column;'>\n<div style='padding: 15px; border-bottom: 1px solid rgba(150&comma; 150&comma; 150&comma; 0.2); font-weight: bold; font-size: 18px; color: inherit;'>Datos de Instalaci\u00f3n<\/div>\n<div style='padding: 15px; color: inherit;'>\n<ul style='padding-left: 20px; margin: 0; font-size: 14px; list-style-type: disc;'>\n<li style='margin-bottom: 5px;'>Dimensiones del empaque: 1900 x 990 x 1320 mm<\/li>\n<li style='margin-bottom: 5px;'>Peso: 410 kg<\/li>\n<li style='margin-bottom: 5px;'>Consumo de energ\u00eda: 1 kVA<\/li>\n<li style='margin-bottom: 5px;'>Ruido: 53.8 dB(A)<\/li>\n<\/ul><\/div>\n<\/p><\/div>\n<\/p><\/div>\n<hr style='border: 0; border-top: 1px solid rgba(150&comma; 150&comma; 150&comma; 0.3); margin: 30px 0;'> <\/div>\n","protected":false},"excerpt":{"rendered":"<p>Maquina de Rayos X para equipaje Tunel de 50 x 30 cm<\/p>\n","protected":false},"featured_media":28291,"comment_status":"open","ping_status":"closed","template":"","meta":[],"product_brand":[],"product_cat":[853],"product_tag":[854,855,844],"class_list":{"0":"post-28292","1":"product","2":"type-product","3":"status-publish","4":"has-post-thumbnail","6":"product_cat-sistemas-de-inspeccion-por-rayos-x","7":"product_tag-inspeccion-por-rayos-x-y-explosivos","8":"product_tag-sistemas-de-inspeccion-por-rayos-x","9":"product_tag-zkteco","11":"first","12":"outofstock","13":"sale","14":"shipping-taxable","15":"purchasable","16":"product-type-simple"},"_links":{"self":[{"href":"https:\/\/soydeaqui.ddns.net\/pachuca\/index.php\/wp-json\/wp\/v2\/product\/28292","targetHints":{"allow":["GET"]}}],"collection":[{"href":"https:\/\/soydeaqui.ddns.net\/pachuca\/index.php\/wp-json\/wp\/v2\/product"}],"about":[{"href":"https:\/\/soydeaqui.ddns.net\/pachuca\/index.php\/wp-json\/wp\/v2\/types\/product"}],"replies":[{"embeddable":true,"href":"https:\/\/soydeaqui.ddns.net\/pachuca\/index.php\/wp-json\/wp\/v2\/comments?post=28292"}],"wp:featuredmedia":[{"embeddable":true,"href":"https:\/\/soydeaqui.ddns.net\/pachuca\/index.php\/wp-json\/wp\/v2\/media\/28291"}],"wp:attachment":[{"href":"https:\/\/soydeaqui.ddns.net\/pachuca\/index.php\/wp-json\/wp\/v2\/media?parent=28292"}],"wp:term":[{"taxonomy":"product_brand","embeddable":true,"href":"https:\/\/soydeaqui.ddns.net\/pachuca\/index.php\/wp-json\/wp\/v2\/product_brand?post=28292"},{"taxonomy":"product_cat","embeddable":true,"href":"https:\/\/soydeaqui.ddns.net\/pachuca\/index.php\/wp-json\/wp\/v2\/product_cat?post=28292"},{"taxonomy":"product_tag","embeddable":true,"href":"https:\/\/soydeaqui.ddns.net\/pachuca\/index.php\/wp-json\/wp\/v2\/product_tag?post=28292"}],"curies":[{"name":"wp","href":"https:\/\/api.w.org\/{rel}","templated":true}]}}