{"id":28250,"date":"2026-03-18T12:53:28","date_gmt":"2026-03-18T12:53:28","guid":{"rendered":"https:\/\/soydeaqui.ddns.net\/pachuca\/index.php\/producto\/operador-para-puertas-corredizas-de-600-kg-y-hasta-18-metros-de-largo-para-aplicaciones-de-uso-semi-intensivo\/"},"modified":"2026-03-18T12:53:28","modified_gmt":"2026-03-18T12:53:28","slug":"operador-para-puertas-corredizas-de-600-kg-y-hasta-18-metros-de-largo-para-aplicaciones-de-uso-semi-intensivo","status":"publish","type":"product","link":"https:\/\/soydeaqui.ddns.net\/pachuca\/index.php\/producto\/operador-para-puertas-corredizas-de-600-kg-y-hasta-18-metros-de-largo-para-aplicaciones-de-uso-semi-intensivo\/","title":{"rendered":"Operador para Puertas corredizas de 600 Kg y Hasta 18 metros de Largo \/ Para Aplicaciones de Uso Semi-Intensivo"},"content":{"rendered":"<div style='width: 100%; max-width: 1200px; margin: 0 auto; font-family: sans-serif; line-height: 1.6; color: inherit; background-color: transparent;'>\n<div style='display: flex; flex-wrap: wrap; gap: 30px; margin-bottom: 30px;'>\n<div style='flex: 1 1 300px; min-width: 280px;'>\n<div style='border-left: 5px solid #0091ff; border-radius: 5px; padding: 15px; box-shadow: 2px 2px 10px rgba(216&comma;216&comma;216&comma;0.5);'> <strong style='font-size: 18px; color: inherit;'>Caracter\u00edsticas principales:<\/strong> <\/p>\n<ul style='padding-left: 20px; margin-top: 10px; font-size: 15px; color: inherit;'>\n<li style='margin-bottom: 5px;'>Operador de puertas corredizas<\/li>\n<li style='margin-bottom: 5px;'>Peso m\u00e1ximo soportado de la puerta 600 kgs<\/li>\n<li style='margin-bottom: 5px;'>Longitud m\u00e1xima soportada 18 mts<\/li>\n<\/ul><\/div>\n<\/p><\/div>\n<div style='flex: 1 1 300px; min-width: 280px;'>\n<div style='border-left: 5px solid #0091ff; border-radius: 5px; padding: 15px; box-shadow: 2px 2px 10px rgba(216&comma;216&comma;216&comma;0.5);'> <strong style='font-size: 18px; color: inherit;'>Caracter\u00edsticas F\u00edsicas y El\u00e9ctricas:<\/strong> <\/p>\n<ul style='padding-left: 20px; margin-top: 10px; font-size: 15px; color: inherit;'>\n<li style='margin-bottom: 5px;'>Alimentaci\u00f3n 110 Vca 50\/60 Hz<\/li>\n<li style='margin-bottom: 5px;'>Alimentaci\u00f3n del motor 24 Vdc<\/li>\n<li style='margin-bottom: 5px;'>Potencia 170 W<\/li>\n<\/ul><\/div>\n<\/p><\/div>\n<div style='flex: 1 1 300px; min-width: 280px;'>\n<div style='border-left: 5px solid #0091ff; border-radius: 5px; padding: 15px; box-shadow: 2px 2px 10px rgba(216&comma;216&comma;216&comma;0.5);'> <strong style='font-size: 18px; color: inherit;'>Caracter\u00edsticas:<\/strong> <\/p>\n<ul style='padding-left: 20px; margin-top: 10px; font-size: 15px; color: inherit;'>\n<li style='margin-bottom: 5px;'>Grado de protecci\u00f3n IP44<\/li>\n<li style='margin-bottom: 5px;'>Temperatura de operaci\u00f3n -20\u00b0C a 55\u00b0C<\/li>\n<li style='margin-bottom: 5px;'>Velocidad de maniobra 12 m\/min<\/li>\n<\/ul><\/div>\n<\/p><\/div>\n<\/p><\/div>\n<hr style='border: 0; border-top: 1px solid rgba(150&comma; 150&comma; 150&comma; 0.3); margin: 30px 0;'>\n<div style='display: flex; flex-wrap: wrap; gap: 30px; margin-bottom: 30px;'>\n<div style='flex: 1 1 500px; min-width: 300px;'>\n<h2 style='font-size: 20px; margin-top: 0; color: inherit;'>Incluye:<\/h2>\n<ul style='padding-left: 20px; font-size: 15px; color: inherit;'>\n<li style='margin-bottom: 5px;'>Operador para puertas corredizas <strong>BXV06RGS \/ 801MS-0270<\/strong><\/li>\n<li style='margin-bottom: 5px;'>Tarjeta de radiofrecuencia 433.92 MHZ modelo <strong>001AF43S<\/strong><\/li>\n<li style='margin-bottom: 5px;'>Emisor bicanal multiusuarios modelo <strong>806TS-0121<\/strong><\/li>\n<li style='margin-bottom: 5px;'>Juego de fotoceldas <strong>001-DIR-10<\/strong><\/li>\n<li style='margin-bottom: 5px;'><strong> contra defectos de fabrica.<\/strong><\/li>\n<\/ul>\n<h2 style='font-size: 20px; margin-top: 25px; margin-bottom: 15px; color: inherit;'>Caracter\u00edsticas:<\/h2>\n<ul style='padding-left: 20px; font-size: 15px; color: inherit;'>\n<li style='margin-bottom: 5px;'>M\u00f3dulo de pi\u00f1\u00f3n #4 para el uso de cremallera<\/li>\n<li style='margin-bottom: 5px;'>Automatizaci\u00f3n con motor de 24V<\/li>\n<li style='margin-bottom: 5px;'>Longitud m\u00e1xima de la hoja de 18 metros<\/li>\n<li style='margin-bottom: 5px;'>Peso m\u00e1ximo de la hoja 600 kgs<\/li>\n<li style='margin-bottom: 5px;'>Incluye tarjeta electr\u00f3nica con display<\/li>\n<li style='margin-bottom: 5px;'>Decodificaci\u00f3n de radio incorporada<\/li>\n<li style='margin-bottom: 5px;'>Detecci\u00f3n de obst\u00e1culos para puertas<\/li>\n<li style='margin-bottom: 5px;'>Corriente m\u00e1xima de consumo 11 amperes<\/li>\n<li style='margin-bottom: 5px;'>Consumo de potencia en stand by 5.5 W<\/li>\n<\/ul>\n<h2 style='font-size: 20px; margin-top: 25px; margin-bottom: 15px; color: inherit;'>Requiere:<\/h2>\n<ul style='padding-left: 20px; font-size: 15px; color: inherit;'>\n<li style='margin-bottom: 5px;'>Cremallera modulo #4 <strong>009CGZ&comma; No incluida<\/strong><\/li>\n<li style='margin-bottom: 5px;'>Cantidad depende del tama\u00f1o de la puerta<\/li>\n<li style='margin-bottom: 5px;'>Se vende por tramos de 1m<\/li>\n<\/ul><\/div>\n<div style='flex: 1 1 500px; min-width: 300px;'> <img style='width: 100%; height: auto; border: 1px solid rgba(150&comma;150&comma;150&comma;0.3); border-radius: 8px;' src='https:\/\/ftp3.syscom.mx\/usuarios\/anavarrete\/Came\/001USU0027%20001USU0028.jpg' alt=''> <\/div>\n<\/p><\/div>\n<hr style='border: 0; border-top: 1px solid rgba(150&comma; 150&comma; 150&comma; 0.3); margin: 30px 0;'>\n<div style='display: flex; flex-wrap: wrap; gap: 30px; margin-bottom: 30px;'>\n<div style='flex: 1 1 300px; min-width: 280px;'>\n<div style='position: relative; padding-bottom: 56.25%; height: 0; overflow: hidden; margin-bottom: 30px;'>   <\/div>\n<\/p><\/div>\n<div style='flex: 1 1 300px; min-width: 280px;'>\n<div style='position: relative; padding-bottom: 56.25%; height: 0; overflow: hidden; margin-bottom: 30px;'>   <\/div>\n<\/p><\/div>\n<\/p><\/div>\n<hr style='border: 0; border-top: 1px solid rgba(150&comma; 150&comma; 150&comma; 0.3); margin: 30px 0;'>\n<div style='display: flex; flex-wrap: wrap; gap: 30px;'>\n<div style='flex: 1 1 300px; min-width: 280px;'>\n<div style='position: relative; padding-bottom: 56.25%; height: 0; overflow: hidden; margin-bottom: 30px;'>   <\/div>\n<\/p><\/div>\n<div style='flex: 1 1 300px; min-width: 280px;'>\n<div style='position: relative; padding-bottom: 56.25%; height: 0; overflow: hidden; margin-bottom: 30px;'>   <\/div>\n<\/p><\/div>\n<div style='flex: 1 1 300px; min-width: 280px;'>\n<div style='position: relative; padding-bottom: 56.25%; height: 0; overflow: hidden; margin-bottom: 30px;'>   <\/div>\n<\/p><\/div>\n<\/p><\/div>\n<\/p><\/div>\n","protected":false},"excerpt":{"rendered":"<p>Operador para Puertas corredizas de 600 Kg y Hasta 18 metros de Largo \/ Para Aplicaciones de Uso Semi-Intensivo<\/p>\n","protected":false},"featured_media":28249,"comment_status":"open","ping_status":"closed","template":"","meta":[],"product_brand":[],"product_cat":[860],"product_tag":[401,779,861],"class_list":{"0":"post-28250","1":"product","2":"type-product","3":"status-publish","4":"has-post-thumbnail","6":"product_cat-puertas-corredizas","7":"product_tag-acceso-vehicular","8":"product_tag-came","9":"product_tag-puertas-corredizas","11":"first","12":"instock","13":"sale","14":"shipping-taxable","15":"purchasable","16":"product-type-simple"},"_links":{"self":[{"href":"https:\/\/soydeaqui.ddns.net\/pachuca\/index.php\/wp-json\/wp\/v2\/product\/28250","targetHints":{"allow":["GET"]}}],"collection":[{"href":"https:\/\/soydeaqui.ddns.net\/pachuca\/index.php\/wp-json\/wp\/v2\/product"}],"about":[{"href":"https:\/\/soydeaqui.ddns.net\/pachuca\/index.php\/wp-json\/wp\/v2\/types\/product"}],"replies":[{"embeddable":true,"href":"https:\/\/soydeaqui.ddns.net\/pachuca\/index.php\/wp-json\/wp\/v2\/comments?post=28250"}],"wp:featuredmedia":[{"embeddable":true,"href":"https:\/\/soydeaqui.ddns.net\/pachuca\/index.php\/wp-json\/wp\/v2\/media\/28249"}],"wp:attachment":[{"href":"https:\/\/soydeaqui.ddns.net\/pachuca\/index.php\/wp-json\/wp\/v2\/media?parent=28250"}],"wp:term":[{"taxonomy":"product_brand","embeddable":true,"href":"https:\/\/soydeaqui.ddns.net\/pachuca\/index.php\/wp-json\/wp\/v2\/product_brand?post=28250"},{"taxonomy":"product_cat","embeddable":true,"href":"https:\/\/soydeaqui.ddns.net\/pachuca\/index.php\/wp-json\/wp\/v2\/product_cat?post=28250"},{"taxonomy":"product_tag","embeddable":true,"href":"https:\/\/soydeaqui.ddns.net\/pachuca\/index.php\/wp-json\/wp\/v2\/product_tag?post=28250"}],"curies":[{"name":"wp","href":"https:\/\/api.w.org\/{rel}","templated":true}]}}