{"id":28246,"date":"2026-03-18T12:53:22","date_gmt":"2026-03-18T12:53:22","guid":{"rendered":"https:\/\/soydeaqui.ddns.net\/pachuca\/index.php\/producto\/sistema-portatil-de-inspeccion-vehicular\/"},"modified":"2026-03-18T12:53:23","modified_gmt":"2026-03-18T12:53:23","slug":"sistema-portatil-de-inspeccion-vehicular","status":"publish","type":"product","link":"https:\/\/soydeaqui.ddns.net\/pachuca\/index.php\/producto\/sistema-portatil-de-inspeccion-vehicular\/","title":{"rendered":"Sistema Port\u00e1til de Inspecci\u00f3n Vehicular"},"content":{"rendered":"<div style='width: 100%; max-width: 1200px; margin: 0 auto; font-family: sans-serif; line-height: 1.6; color: inherit; background-color: transparent;'>\n<div style='display: flex; flex-wrap: wrap; gap: 30px; margin-bottom: 30px;'>\n<div style='flex: 1 1 300px; min-width: 280px;'>\n<h3 style='font-size: 22px; border-bottom: 2px solid currentColor; padding-bottom: 5px; margin-top: 0; color: inherit; opacity: 0.8;'>Descripci\u00f3n<\/h3>\n<p style='font-size: 15px; color: inherit; margin-bottom: 15px;'>ZK-VSCN100 es un sistema de inspecci\u00f3n port\u00e1til que va debajo del veh\u00edculo&comma; se utiliza para escanear el chasis de este. Cuando el autom\u00f3vil pasa&comma; el sistema genera una imagen de alta definici\u00f3n que quedar\u00e1 almacenada en la computadora. Ayuda al operador a identificar con precisi\u00f3n los objetos sospechosos escondidos en la parte inferior de un veh\u00edculo.<\/p>\n<p style='font-size: 15px; color: inherit; margin-bottom: 15px;'>No requiere de modificaciones estructurales especiales y puede instalarse en 10 minutos&comma; incluido el cableado. Adem\u00e1s&comma; todo equipo se almacena en un gabinete con ruedas para una f\u00e1cil transportaci\u00f3n. El sistema mejora con gran eficiencia y precisi\u00f3n los puntos de inspecci\u00f3n vehicular para lograr un mayor nivel de seguridad.<\/p>\n<\/p><\/div>\n<\/p><\/div>\n<div style='display: flex; flex-wrap: wrap; gap: 30px; margin-bottom: 30px;'>\n<div style='flex: 1 1 300px; min-width: 280px;'>\n<h3 style='font-size: 22px; border-bottom: 2px solid currentColor; padding-bottom: 5px; margin-top: 0; color: inherit; opacity: 0.8;'>Caracter\u00edsticas<\/h3>\n<ul style='padding-left: 20px; font-size: 15px; color: inherit;'>\n<li style='margin-bottom: 5px;'>F\u00e1cil de instalar y dar mantenimiento<\/li>\n<li style='margin-bottom: 5px;'>C\u00e1mara autom\u00e1tica digital de escaneo lineal&comma; con alta resoluci\u00f3n y a color<\/li>\n<li style='margin-bottom: 5px;'>Imagen del chasis completo<\/li>\n<li style='margin-bottom: 5px;'>Control de acceso flexible<\/li>\n<li style='margin-bottom: 5px;'>Sencilla instalaci\u00f3n&comma; \u00fanicamente fijar la barrera en el suelo y conectarla a la electricidad<\/li>\n<li style='margin-bottom: 5px;'>Capacidad del eje de 30 toneladas<\/li>\n<li style='margin-bottom: 5px;'>Estaci\u00f3n de trabajo avanzada<\/li>\n<li style='margin-bottom: 5px;'>Vigilancia en tiempo real<\/li>\n<\/ul><\/div>\n<\/p><\/div>\n<div style='display: flex; flex-wrap: wrap; gap: 20px; margin-bottom: 30px;'>\n<div style='flex: 1 1 250px; border: 1px solid rgba(150&comma; 150&comma; 150&comma; 0.4); border-radius: 8px; overflow: hidden; display: flex; flex-direction: column;'>\n<div style='padding: 15px; border-bottom: 1px solid rgba(150&comma; 150&comma; 150&comma; 0.2); font-weight: bold; font-size: 18px; color: inherit;'>Especificaciones T\u00e9cnicas<\/div>\n<div style='padding: 15px; color: inherit;'>\n<ul style='padding-left: 20px; margin: 0; font-size: 14px; list-style-type: disc;'>\n<li style='margin-bottom: 5px;'><strong>C\u00e1mara:<\/strong> Color Progresivo Inteligente de L\u00ednea de Escaneo R\u00e1pido CCD<\/li>\n<li style='margin-bottom: 5px;'><strong>Resoluci\u00f3n Vertical de la Imagen:<\/strong> 5000 x 2048 Pixeles<\/li>\n<li style='margin-bottom: 5px;'><strong>Velocidad del Veh\u00edculo:<\/strong> 1 &#8211; 60 Km\/h (Velocidad Recomendada \u226430 Km\/h)<\/li>\n<li style='margin-bottom: 5px;'><strong>Campo de Visi\u00f3n Efectivo (FOV):<\/strong> Menos de 170\u00b0<\/li>\n<li style='margin-bottom: 5px;'><strong>Luces Auxiliares:<\/strong> 160W<\/li>\n<li style='margin-bottom: 5px;'><strong>Capacidad de Peso:<\/strong> \u226430T<\/li>\n<li style='margin-bottom: 5px;'><strong>\u00cdndice de Protecci\u00f3n:<\/strong> IP68<\/li>\n<li style='margin-bottom: 5px;'><strong>Peso del Dispositivo:<\/strong> 52 Kg<\/li>\n<li style='margin-bottom: 5px;'><strong>Dimensiones del Dispositivo:<\/strong> 670 x 550 x 750 mm<\/li>\n<li style='margin-bottom: 5px;'><strong>Peso de la Caja:<\/strong> 95 Kg<\/li>\n<li style='margin-bottom: 5px;'><strong>Dimensiones de la Caja:<\/strong> 850 x 650 x 970 mm<\/li>\n<li style='margin-bottom: 5px;'><strong>Interfaz de Comunicaci\u00f3n:<\/strong> RJ45<\/li>\n<li style='margin-bottom: 5px;'><strong>Temperatura de Operaci\u00f3n:<\/strong> -10\u00b0C hasta 60\u00b0C<\/li>\n<li style='margin-bottom: 5px;'><strong>Temperatura de Almacenamiento:<\/strong> -40\u00b0C hasta 75\u00b0C<\/li>\n<li style='margin-bottom: 5px;'><strong>Fuente de Poder:<\/strong> AC 220V \/ 110V&comma; 50 &#8211; 60Hz<\/li>\n<li style='margin-bottom: 5px;'><strong>C\u00e1mara de Vigilancia:<\/strong> 2MP C\u00e1mara HD<\/li>\n<\/ul><\/div>\n<\/p><\/div>\n<div style='flex: 1 1 250px; border: 1px solid rgba(150&comma; 150&comma; 150&comma; 0.4); border-radius: 8px; overflow: hidden; display: flex; flex-direction: column;'>\n<div style='padding: 15px; border-bottom: 1px solid rgba(150&comma; 150&comma; 150&comma; 0.2); font-weight: bold; font-size: 18px; color: inherit;'>Especificaciones del Sistema<\/div>\n<div style='padding: 15px; color: inherit;'>\n<ul style='padding-left: 20px; margin: 0; font-size: 14px; list-style-type: disc;'>\n<li style='margin-bottom: 5px;'><strong>CPU:<\/strong> Intel Celeron J1900<\/li>\n<li style='margin-bottom: 5px;'><strong>Memoria:<\/strong> RAM 4GB<\/li>\n<li style='margin-bottom: 5px;'><strong>Disco Duro:<\/strong> 500GB<\/li>\n<li style='margin-bottom: 5px;'><strong>Comunicaci\u00f3n:<\/strong> Doble LAN (Intel Gigabit) y USB 2.0<\/li>\n<li style='margin-bottom: 5px;'><strong>Monitor:<\/strong> 22\u201d LCD&comma; Resoluci\u00f3n hasta 1920 x 1080<\/li>\n<\/ul><\/div>\n<\/p><\/div>\n<\/p><\/div>\n<hr style='border: 0; border-top: 1px solid rgba(150&comma; 150&comma; 150&comma; 0.3); margin: 30px 0;'> <\/div>\n","protected":false},"excerpt":{"rendered":"<p>Sistema Port\u00e1til de Inspecci\u00f3n Vehicular<\/p>\n","protected":false},"featured_media":28245,"comment_status":"open","ping_status":"closed","template":"","meta":[],"product_brand":[],"product_cat":[941],"product_tag":[854,62,844],"class_list":{"0":"post-28246","1":"product","2":"type-product","3":"status-publish","4":"has-post-thumbnail","6":"product_cat-todos-inspeccion-por-rayos-x-y-explosivos","7":"product_tag-inspeccion-por-rayos-x-y-explosivos","8":"product_tag-todos","9":"product_tag-zkteco","11":"first","12":"outofstock","13":"sale","14":"shipping-taxable","15":"purchasable","16":"product-type-simple"},"_links":{"self":[{"href":"https:\/\/soydeaqui.ddns.net\/pachuca\/index.php\/wp-json\/wp\/v2\/product\/28246","targetHints":{"allow":["GET"]}}],"collection":[{"href":"https:\/\/soydeaqui.ddns.net\/pachuca\/index.php\/wp-json\/wp\/v2\/product"}],"about":[{"href":"https:\/\/soydeaqui.ddns.net\/pachuca\/index.php\/wp-json\/wp\/v2\/types\/product"}],"replies":[{"embeddable":true,"href":"https:\/\/soydeaqui.ddns.net\/pachuca\/index.php\/wp-json\/wp\/v2\/comments?post=28246"}],"wp:featuredmedia":[{"embeddable":true,"href":"https:\/\/soydeaqui.ddns.net\/pachuca\/index.php\/wp-json\/wp\/v2\/media\/28245"}],"wp:attachment":[{"href":"https:\/\/soydeaqui.ddns.net\/pachuca\/index.php\/wp-json\/wp\/v2\/media?parent=28246"}],"wp:term":[{"taxonomy":"product_brand","embeddable":true,"href":"https:\/\/soydeaqui.ddns.net\/pachuca\/index.php\/wp-json\/wp\/v2\/product_brand?post=28246"},{"taxonomy":"product_cat","embeddable":true,"href":"https:\/\/soydeaqui.ddns.net\/pachuca\/index.php\/wp-json\/wp\/v2\/product_cat?post=28246"},{"taxonomy":"product_tag","embeddable":true,"href":"https:\/\/soydeaqui.ddns.net\/pachuca\/index.php\/wp-json\/wp\/v2\/product_tag?post=28246"}],"curies":[{"name":"wp","href":"https:\/\/api.w.org\/{rel}","templated":true}]}}