{"id":28244,"date":"2026-03-18T12:53:20","date_gmt":"2026-03-18T12:53:20","guid":{"rendered":"https:\/\/soydeaqui.ddns.net\/pachuca\/index.php\/producto\/lector-de-tarjetas-mifare-keyscan-bluetooth\/"},"modified":"2026-03-18T12:53:21","modified_gmt":"2026-03-18T12:53:21","slug":"lector-de-tarjetas-mifare-keyscan-bluetooth","status":"publish","type":"product","link":"https:\/\/soydeaqui.ddns.net\/pachuca\/index.php\/producto\/lector-de-tarjetas-mifare-keyscan-bluetooth\/","title":{"rendered":"Lector de Tarjetas Mifare KEYSCAN Bluetooth"},"content":{"rendered":"<div style='width: 100%; max-width: 1200px; margin: 0 auto; font-family: sans-serif; line-height: 1.6; color: inherit; background-color: transparent;'> <!-- Secci\u00f3n de caracter\u00edsticas --> <\/p>\n<div style='display: flex; flex-wrap: wrap; gap: 30px; margin-bottom: 30px;'>\n<div style='flex: 1 1 300px; min-width: 280px;'>\n<h3 style='font-size: 22px; border-bottom: 2px solid currentColor; padding-bottom: 5px; margin-top: 0; color: inherit; opacity: 0.8;'>Caracter\u00edsticas<\/h3>\n<ul style='padding-left: 20px; font-size: 15px; color: inherit;'>\n<li style='margin-bottom: 5px;'>Frecuencia de operaci\u00f3n: <strong>13.56MHz<\/strong><\/li>\n<li style='margin-bottom: 5px;'>Tarjeta de programaci\u00f3n BLE: <strong>tarjeta para programar la configuraci\u00f3n del rango del lector BLE (corto&comma; medio&comma; largo o m\u00e1ximo) &#8211; paquete de cinco tarjetas de programaci\u00f3n id\u00e9nticas que se venden por separado<\/strong><\/li>\n<li style='margin-bottom: 5px;'>Dimensiones: <strong>4.5\u201d (11.43 cm) x 1.5\u201d (3.8 cm) x 0.62\u201d (1.6 cm)<\/strong><\/li>\n<li style='margin-bottom: 5px;'>Dimensiones de la placa: <strong>4.5\u201d (11.43 cm) x 3\u201d (7.62 cm) x 0.62\u201d (1.6 cm)<\/strong><\/li>\n<li style='margin-bottom: 5px;'>Rango de lectura: <strong>(sin metal) 2\u201d (5.1 cm)<\/strong><\/li>\n<li style='margin-bottom: 5px;'>Alimentaci\u00f3n: <strong>12 VDC&comma; 210mA<\/strong><\/li>\n<li style='margin-bottom: 5px;'>Temperatura de operaci\u00f3n: <strong>-40\u00b0 C a 65\u00b0 C (-40\u00b0 F a 149\u00b0 F)<\/strong><\/li>\n<li style='margin-bottom: 5px;'>Distancia del cable: <strong>12\u201d pigtail<\/strong><\/li>\n<li style='margin-bottom: 5px;'>Dise\u00f1o para: <strong>interior\/exterior<\/strong><\/li>\n<\/ul><\/div>\n<\/p><\/div>\n<p> <!-- Nota de disponibilidad --> <\/p>\n<div style='margin-bottom: 30px;'>\n<p style='font-size: 15px; color: inherit;'>Producto sobre pedido.<\/p>\n<\/p><\/div>\n<\/p><\/div>\n","protected":false},"excerpt":{"rendered":"<p>Lector de Tarjetas Mifare KEYSCAN Bluetooth<\/p>\n","protected":false},"featured_media":28243,"comment_status":"open","ping_status":"closed","template":"","meta":[],"product_brand":[],"product_cat":[917],"product_tag":[918,867,466],"class_list":{"0":"post-28244","1":"product","2":"type-product","3":"status-publish","4":"has-post-thumbnail","6":"product_cat-bluetooth","7":"product_tag-bluetooth","8":"product_tag-keyscan-dormakaba","9":"product_tag-lectoras-y-tarjetas","11":"first","12":"outofstock","13":"sale","14":"shipping-taxable","15":"purchasable","16":"product-type-simple"},"_links":{"self":[{"href":"https:\/\/soydeaqui.ddns.net\/pachuca\/index.php\/wp-json\/wp\/v2\/product\/28244","targetHints":{"allow":["GET"]}}],"collection":[{"href":"https:\/\/soydeaqui.ddns.net\/pachuca\/index.php\/wp-json\/wp\/v2\/product"}],"about":[{"href":"https:\/\/soydeaqui.ddns.net\/pachuca\/index.php\/wp-json\/wp\/v2\/types\/product"}],"replies":[{"embeddable":true,"href":"https:\/\/soydeaqui.ddns.net\/pachuca\/index.php\/wp-json\/wp\/v2\/comments?post=28244"}],"wp:featuredmedia":[{"embeddable":true,"href":"https:\/\/soydeaqui.ddns.net\/pachuca\/index.php\/wp-json\/wp\/v2\/media\/28243"}],"wp:attachment":[{"href":"https:\/\/soydeaqui.ddns.net\/pachuca\/index.php\/wp-json\/wp\/v2\/media?parent=28244"}],"wp:term":[{"taxonomy":"product_brand","embeddable":true,"href":"https:\/\/soydeaqui.ddns.net\/pachuca\/index.php\/wp-json\/wp\/v2\/product_brand?post=28244"},{"taxonomy":"product_cat","embeddable":true,"href":"https:\/\/soydeaqui.ddns.net\/pachuca\/index.php\/wp-json\/wp\/v2\/product_cat?post=28244"},{"taxonomy":"product_tag","embeddable":true,"href":"https:\/\/soydeaqui.ddns.net\/pachuca\/index.php\/wp-json\/wp\/v2\/product_tag?post=28244"}],"curies":[{"name":"wp","href":"https:\/\/api.w.org\/{rel}","templated":true}]}}