{"id":28230,"date":"2026-03-18T12:53:04","date_gmt":"2026-03-18T12:53:04","guid":{"rendered":"https:\/\/soydeaqui.ddns.net\/pachuca\/index.php\/producto\/kit-impresora-retransferencia-hdp5000-un-lado-incluye-ribbon-film-y-software-3-anos-garantia\/"},"modified":"2026-03-18T12:53:05","modified_gmt":"2026-03-18T12:53:05","slug":"kit-impresora-retransferencia-hdp5000-un-lado-incluye-ribbon-film-y-software-3-anos-garantia","status":"publish","type":"product","link":"https:\/\/soydeaqui.ddns.net\/pachuca\/index.php\/producto\/kit-impresora-retransferencia-hdp5000-un-lado-incluye-ribbon-film-y-software-3-anos-garantia\/","title":{"rendered":"Kit Impresora Retransferencia HDP5000\/ UN Lado\/ Incluye Ribbon, Film y Software\/ 3 A\u00f1os Garant\u00eda"},"content":{"rendered":"<div style='width: 100%; max-width: 1200px; margin: 0 auto; font-family: sans-serif; line-height: 1.6; color: inherit; background-color: transparent;'> <!-- Secci\u00f3n de caracter\u00edsticas --> <\/p>\n<div style='margin-bottom: 30px;'>\n<h3 style='font-size: 22px; border-bottom: 2px solid currentColor; padding-bottom: 5px; margin-top: 0; color: inherit; opacity: 0.8;'>Caracter\u00edsticas<\/h3>\n<ul style='padding-left: 20px; font-size: 15px; color: inherit;'>\n<li style='margin-bottom: 5px;'>Impresora de retransferencia<\/li>\n<li style='margin-bottom: 5px;'>Impresi\u00f3n por un lado<\/li>\n<li style='margin-bottom: 5px;'>Resoluci\u00f3n de 300dpi<\/li>\n<li style='margin-bottom: 5px;'>Garant\u00eda de 3 a\u00f1os en impresora y garant\u00eda de por vida en el cabezal<\/li>\n<li style='margin-bottom: 5px;'>Velocidad de impresi\u00f3n de hasta 24 seg por tarjeta&comma; 150 tarjetas por hora en YMC<\/li>\n<li style='margin-bottom: 5px;'>Tama\u00f1o de tarjeta CR80<\/li>\n<li style='margin-bottom: 5px;'>Alimentador de tarjetas de hasta 200 tarjetas<\/li>\n<li style='margin-bottom: 5px;'>USB interfaz<\/li>\n<\/ul><\/div>\n<p> <!-- Secci\u00f3n de contenido del kit --> <\/p>\n<div style='margin-bottom: 30px;'>\n<h3 style='font-size: 22px; border-bottom: 2px solid currentColor; padding-bottom: 5px; margin-top: 0; color: inherit; opacity: 0.8;'>Contenido del kit<\/h3>\n<ul style='padding-left: 20px; font-size: 15px; color: inherit;'>\n<li style='margin-bottom: 5px;'>Software AsureID (<a href='https:\/\/www.syscom.mx\/principal\/searchcont?route=86412-HID-139512&#038;autodetect=asureid' target='_blank' rel='noopener noreferrer' style='color: inherit; text-decoration: underline;'>86412<\/a>)<\/li>\n<li style='margin-bottom: 5px;'>1 Ribbon YMCK <a href='https:\/\/www.syscom.mx\/producto\/84051-HID-136155.html' target='_blank' rel='noopener noreferrer' style='color: inherit; text-decoration: underline;'>(84051)<\/a><\/li>\n<li style='margin-bottom: 5px;'>1 Ribbon Film <a href='https:\/\/www.syscom.mx\/producto\/84053-HID-136838.html' target='_blank' rel='noopener noreferrer' style='color: inherit; text-decoration: underline;'>(84053)<\/a><\/li>\n<\/ul><\/div>\n<p> <!-- Secci\u00f3n de consideraciones importantes --> <\/p>\n<div style='margin-bottom: 30px;'>\n<h3 style='font-size: 22px; border-bottom: 2px solid currentColor; padding-bottom: 5px; margin-top: 0; color: inherit; opacity: 0.8;'>Consideraciones importantes<\/h3>\n<ul style='padding-left: 20px; font-size: 15px; color: inherit;'>\n<li style='margin-bottom: 5px;'>Aunque puede imprimir cualquier tarjeta CR80 (Delgada)&comma; la calidad de la impresi\u00f3n puede variar por la calidad del material de la misma&comma; se recomienda usar Tarjetas de PVC o poli\u00e9ster con acabado en PVC pulido Ultracard (Compatible con tarjetas PVC <a href='https:\/\/www.syscom.mx\/producto\/081754-HID-183658.html' target='_blank' rel='noopener noreferrer' style='color: inherit; text-decoration: underline;'>081754<\/a>). Optimizado para tarjetas HID de Control de Acceso.<\/li>\n<li style='margin-bottom: 5px;'>Garant\u00eda de 3 a\u00f1os. Para conservar la garant\u00eda debe Registrar la Impresora en el Portal de HID&comma; de lo contrario no ser\u00e1 v\u00e1lida.<\/li>\n<li style='margin-bottom: 5px;'>Registro de la impresora:<\/li>\n<\/ul>\n<div style='text-align: center; margin: 20px 0;'> <img style='width: 100px; height: 100px; border: 1px solid rgba(150&comma;150&comma;150&comma;0.3); border-radius: 8px;' src='https:\/\/ftp3.syscom.mx\/usuarios\/ftp\/2022\/09\/26\/e9416\/Register_Fargo_Warranty.png' alt='Registro de garant\u00eda'> <\/div>\n<\/p><\/div>\n<p> <!-- Secci\u00f3n de consumibles --> <\/p>\n<div style='margin-bottom: 30px;'>\n<h3 style='font-size: 22px; border-bottom: 2px solid currentColor; padding-bottom: 5px; margin-top: 0; color: inherit; opacity: 0.8;'>Consumibles<\/h3>\n<ul style='padding-left: 20px; font-size: 15px; color: inherit;'>\n<li style='margin-bottom: 5px;'>Film: <a href='https:\/\/www.syscom.mx\/producto\/84053-HID-136838.html' target='_blank' rel='noopener noreferrer' style='color: inherit; text-decoration: underline;'>84053<\/a><\/li>\n<li style='margin-bottom: 5px;'>Requiere ribbon: <a href='https:\/\/www.syscom.mx\/producto\/84051-HID-136155.html' target='_blank' rel='noopener noreferrer' style='color: inherit; text-decoration: underline;'>84051<\/a><\/li>\n<li style='margin-bottom: 5px;'>Kit de Limpieza: <a href='https:\/\/www.syscom.mx\/principal\/searchcont?route=089200-HID-166281&#038;autodetect=hdp5000' target='_blank' rel='noopener noreferrer' style='color: inherit; text-decoration: underline;'>089200<\/a><\/li>\n<\/ul><\/div>\n<p> <!-- Secci\u00f3n de videos --> <\/p>\n<div style='margin-bottom: 30px;'>\n<h3 style='font-size: 22px; border-bottom: 2px solid currentColor; padding-bottom: 5px; margin-top: 0; color: inherit; opacity: 0.8;'>V\u00eddeos<\/h3>\n<ul style='padding-left: 20px; font-size: 15px; color: inherit;'>\n<li style='margin-bottom: 5px;'><a href='https:\/\/www.youtube.com\/watch?v=9ViY3HJuuSc' target='_blank' rel='noopener noreferrer' style='color: inherit; text-decoration: underline;'>Presentaci\u00f3n<\/a><\/li>\n<\/ul><\/div>\n<p> <!-- Nota final --> <\/p>\n<div style='margin-bottom: 30px;'>\n<p style='margin: 0; font-size: 15px; color: inherit;'><strong>Nota:<\/strong><br \/><strong>*No incluye el m\u00f3dulo de Laminaci\u00f3n<\/strong><\/p>\n<\/p><\/div>\n<\/p><\/div>\n","protected":false},"excerpt":{"rendered":"<p>Kit Impresora Retransferencia HDP5000\/ UN Lado\/ Incluye Ribbon, Film y Software\/ 3 A\u00f1os Garant\u00eda<\/p>\n","protected":false},"featured_media":28229,"comment_status":"open","ping_status":"closed","template":"","meta":[],"product_brand":[],"product_cat":[823],"product_tag":[814,812,62],"class_list":{"0":"post-28230","1":"product","2":"type-product","3":"status-publish","4":"has-post-thumbnail","6":"product_cat-todos-identificacion-y-credencializacion","7":"product_tag-hid","8":"product_tag-identificacion-y-credencializacion","9":"product_tag-todos","11":"first","12":"outofstock","13":"sale","14":"shipping-taxable","15":"purchasable","16":"product-type-simple"},"_links":{"self":[{"href":"https:\/\/soydeaqui.ddns.net\/pachuca\/index.php\/wp-json\/wp\/v2\/product\/28230","targetHints":{"allow":["GET"]}}],"collection":[{"href":"https:\/\/soydeaqui.ddns.net\/pachuca\/index.php\/wp-json\/wp\/v2\/product"}],"about":[{"href":"https:\/\/soydeaqui.ddns.net\/pachuca\/index.php\/wp-json\/wp\/v2\/types\/product"}],"replies":[{"embeddable":true,"href":"https:\/\/soydeaqui.ddns.net\/pachuca\/index.php\/wp-json\/wp\/v2\/comments?post=28230"}],"wp:featuredmedia":[{"embeddable":true,"href":"https:\/\/soydeaqui.ddns.net\/pachuca\/index.php\/wp-json\/wp\/v2\/media\/28229"}],"wp:attachment":[{"href":"https:\/\/soydeaqui.ddns.net\/pachuca\/index.php\/wp-json\/wp\/v2\/media?parent=28230"}],"wp:term":[{"taxonomy":"product_brand","embeddable":true,"href":"https:\/\/soydeaqui.ddns.net\/pachuca\/index.php\/wp-json\/wp\/v2\/product_brand?post=28230"},{"taxonomy":"product_cat","embeddable":true,"href":"https:\/\/soydeaqui.ddns.net\/pachuca\/index.php\/wp-json\/wp\/v2\/product_cat?post=28230"},{"taxonomy":"product_tag","embeddable":true,"href":"https:\/\/soydeaqui.ddns.net\/pachuca\/index.php\/wp-json\/wp\/v2\/product_tag?post=28230"}],"curies":[{"name":"wp","href":"https:\/\/api.w.org\/{rel}","templated":true}]}}