{"id":28226,"date":"2026-03-18T12:52:56","date_gmt":"2026-03-18T12:52:56","guid":{"rendered":"https:\/\/soydeaqui.ddns.net\/pachuca\/index.php\/producto\/paquete-de-25-tarjetas-iso-prox-omniprox\/"},"modified":"2026-03-18T12:52:57","modified_gmt":"2026-03-18T12:52:57","slug":"paquete-de-25-tarjetas-iso-prox-omniprox","status":"publish","type":"product","link":"https:\/\/soydeaqui.ddns.net\/pachuca\/index.php\/producto\/paquete-de-25-tarjetas-iso-prox-omniprox\/","title":{"rendered":"Paquete de 25 tarjetas ISO PROX OmniProx"},"content":{"rendered":"<div style='width: 100%; max-width: 1200px; margin: 0 auto; font-family: sans-serif; line-height: 1.6; color: inherit; background-color: transparent;'>\n<div style='display: flex; flex-wrap: wrap; gap: 30px; margin-bottom: 30px;'>\n<div style='flex: 1 1 300px; min-width: 280px;'>\n<h3 style='font-size: 22px; border-bottom: 2px solid currentColor; padding-bottom: 5px; margin-top: 0; color: inherit; opacity: 0.8;'>Credenciales OmniProx\u2122<\/h3>\n<p style='font-size: 15px; color: inherit; margin-bottom: 15px;'>Tarjetas de proximidad sin contacto Las credenciales OmniProx de Honeywell Access Systems est\u00e1n dise\u00f1adas para funcionar con los lectores OmniProx. La l\u00ednea de productos OmniProx&comma; que se basa en la tecnolog\u00eda de 125 kHz&comma; utiliza RFID y proporciona un excelente rango de detecci\u00f3n sin contacto.<\/p>\n<p style='font-size: 15px; color: inherit; margin-bottom: 15px;'>Las tarjetas ISO de OmniProx son tarjetas de PVC laminado que pueden imprimirse en ambas caras utilizando la mayor\u00eda de las impresoras de tarjetas est\u00e1ndar. Los modelos ISO tambi\u00e9n admiten el punzonado de ranuras tanto vertical como horizontal.<\/p>\n<p style='font-size: 15px; color: inherit; margin-bottom: 15px;'>Con un formato similar al tama\u00f1o de una tarjeta de cr\u00e9dito&comma; estas credenciales son f\u00e1ciles de llevar o de adjuntar a la ropa y pueden usarse como identificaci\u00f3n con fotograf\u00eda. Las credenciales de OmniProx tambi\u00e9n est\u00e1n disponibles en un formato de cubierta duradera.<\/p>\n<p style='font-size: 15px; color: inherit; margin-bottom: 15px;'>Las credenciales de OmniProx est\u00e1n disponibles en configuraciones populares o en pedidos especiales donde el usuario especifica el c\u00f3digo del sitio y el rango de la tarjeta.<\/p>\n<\/p><\/div>\n<\/p><\/div>\n<hr style='border: 0; border-top: 1px solid rgba(150&comma; 150&comma; 150&comma; 0.3); margin: 30px 0;'> <\/div>\n","protected":false},"excerpt":{"rendered":"<p>Paquete de 25 tarjetas ISO PROX OmniProx<\/p>\n","protected":false},"featured_media":28225,"comment_status":"open","ping_status":"closed","template":"","meta":[],"product_brand":[],"product_cat":[465],"product_tag":[209,466,467],"class_list":{"0":"post-28226","1":"product","2":"type-product","3":"status-publish","4":"has-post-thumbnail","6":"product_cat-proximidad-125-khz","7":"product_tag-honeywell","8":"product_tag-lectoras-y-tarjetas","9":"product_tag-proximidad-125-khz","11":"first","12":"outofstock","13":"sale","14":"shipping-taxable","15":"purchasable","16":"product-type-simple"},"_links":{"self":[{"href":"https:\/\/soydeaqui.ddns.net\/pachuca\/index.php\/wp-json\/wp\/v2\/product\/28226","targetHints":{"allow":["GET"]}}],"collection":[{"href":"https:\/\/soydeaqui.ddns.net\/pachuca\/index.php\/wp-json\/wp\/v2\/product"}],"about":[{"href":"https:\/\/soydeaqui.ddns.net\/pachuca\/index.php\/wp-json\/wp\/v2\/types\/product"}],"replies":[{"embeddable":true,"href":"https:\/\/soydeaqui.ddns.net\/pachuca\/index.php\/wp-json\/wp\/v2\/comments?post=28226"}],"wp:featuredmedia":[{"embeddable":true,"href":"https:\/\/soydeaqui.ddns.net\/pachuca\/index.php\/wp-json\/wp\/v2\/media\/28225"}],"wp:attachment":[{"href":"https:\/\/soydeaqui.ddns.net\/pachuca\/index.php\/wp-json\/wp\/v2\/media?parent=28226"}],"wp:term":[{"taxonomy":"product_brand","embeddable":true,"href":"https:\/\/soydeaqui.ddns.net\/pachuca\/index.php\/wp-json\/wp\/v2\/product_brand?post=28226"},{"taxonomy":"product_cat","embeddable":true,"href":"https:\/\/soydeaqui.ddns.net\/pachuca\/index.php\/wp-json\/wp\/v2\/product_cat?post=28226"},{"taxonomy":"product_tag","embeddable":true,"href":"https:\/\/soydeaqui.ddns.net\/pachuca\/index.php\/wp-json\/wp\/v2\/product_tag?post=28226"}],"curies":[{"name":"wp","href":"https:\/\/api.w.org\/{rel}","templated":true}]}}