{"id":28211,"date":"2026-03-18T12:52:37","date_gmt":"2026-03-18T12:52:37","guid":{"rendered":"https:\/\/soydeaqui.ddns.net\/pachuca\/index.php\/producto\/sensor-de-huella-digital-lumidigm-serie-v-tecnologia-multiespectral-detecta-huellas-vivas-en-cualquier-ambiente\/"},"modified":"2026-03-18T12:52:38","modified_gmt":"2026-03-18T12:52:38","slug":"sensor-de-huella-digital-lumidigm-serie-v-tecnologia-multiespectral-detecta-huellas-vivas-en-cualquier-ambiente","status":"publish","type":"product","link":"https:\/\/soydeaqui.ddns.net\/pachuca\/index.php\/producto\/sensor-de-huella-digital-lumidigm-serie-v-tecnologia-multiespectral-detecta-huellas-vivas-en-cualquier-ambiente\/","title":{"rendered":"Sensor de Huella digital Lumidigm&reg; Serie V \/ Tecnolog\u00eda Multiespectral \/ Detecta Huellas Vivas en Cualquier Ambiente"},"content":{"rendered":"<div style='width: 100%; max-width: 1200px; margin: 0 auto; font-family: sans-serif; line-height: 1.6; color: inherit; background-color: transparent;'>\n<div style='display: flex; flex-wrap: wrap; gap: 30px; margin-bottom: 30px;'>\n<div style='flex: 1 1 300px; min-width: 280px;'>\n<h3 style='font-size: 22px; border-bottom: 2px solid currentColor; padding-bottom: 5px; margin-top: 0; color: inherit; opacity: 0.8;'>Descripci\u00f3n<\/h3>\n<p style='font-size: 15px; color: inherit; margin: 0 0 15px 0;'>Los sensores de huellas digitales Lumidigm V-Series ofrecen la tecnolog\u00eda de autenticaci\u00f3n de huellas dactilares m\u00e1s segura&comma; conveniente y confiable en el mercado hoy en d\u00eda. Ya que ofrece autenticaci\u00f3n biom\u00e9trica para m\u00e1s de dos mil millones de transacciones de cajeros autom\u00e1ticos por a\u00f1o en todo el mundo&comma; la Serie V es perfecta para aplicaciones en banca&comma; salud e identificaci\u00f3n de ciudadanos&comma; aplicaciones donde saber &#8216;qui\u00e9n&#8217; importa.<\/p>\n<\/p><\/div>\n<\/p><\/div>\n<div style='display: flex; flex-wrap: wrap; gap: 20px; margin-bottom: 30px;'>\n<div style='flex: 1 1 250px; border: 1px solid rgba(150&comma; 150&comma; 150&comma; 0.4); border-radius: 8px; overflow: hidden; display: flex; flex-direction: column;'>\n<div style='padding: 15px; border-bottom: 1px solid rgba(150&comma; 150&comma; 150&comma; 0.2); font-weight: bold; font-size: 18px; color: inherit;'>Cualidades<\/div>\n<div style='padding: 15px; color: inherit;'>\n<ul style='padding-left: 20px; margin: 0; font-size: 14px; list-style-type: disc;'>\n<li style='margin-bottom: 5px;'>El lector multiespectral lee la superficie cut\u00e1nea y subcut\u00e1nea de la huella.<\/li>\n<li style='margin-bottom: 5px;'>A trav\u00e9s de un haz de luz que atraviesa la piel y que mide diferentes estructuras en la piel como vasos sangu\u00edneos es posible crear una imagen biom\u00e9trica de alta calidad.<\/li>\n<li style='margin-bottom: 5px;'>Captura im\u00e1genes de alta calidad bajo cualquier escenario (Lectura de huella digital superficial y primer capa interior)<\/li>\n<li style='margin-bottom: 5px;'>La mejor tecnolog\u00eda para detecci\u00f3n de huella viva.<\/li>\n<li style='margin-bottom: 5px;'>Formato Interoperables<\/li>\n<li style='margin-bottom: 5px;'>MINEX III&comma; ANSI\/ISO minutia.<\/li>\n<li style='margin-bottom: 5px;'>La captura de im\u00e1genes multiespectrales de huellas dactilares permite una captura confiable para lograr productividad en condiciones reales<\/li>\n<li style='margin-bottom: 5px;'>La carcasa ergon\u00f3mica del USB se ajusta con facilidad en su escritorio<\/li>\n<li style='margin-bottom: 5px;'>La detecci\u00f3n mejorada de piel viva impide el uso de datos biom\u00e9tricos falsos o robados (M32x)<\/li>\n<li style='margin-bottom: 5px;'>Compatible con entornos Windows&comma; Linux&comma; Android y de aplicaciones de cliente liviano<\/li>\n<li style='margin-bottom: 5px;'>El SDK 6 (kit de desarrollo de software) con el algoritmo MINEX III de primer nivel admite la cotejaci\u00f3n 1:1 y la b\u00fasqueda 1:N en el dispositivo o en el host USB.<\/li>\n<\/ul><\/div>\n<\/p><\/div>\n<div style='flex: 1 1 250px; border: 1px solid rgba(150&comma; 150&comma; 150&comma; 0.4); border-radius: 8px; overflow: hidden; display: flex; flex-direction: column;'>\n<div style='padding: 15px; border-bottom: 1px solid rgba(150&comma; 150&comma; 150&comma; 0.2); font-weight: bold; font-size: 18px; color: inherit;'>Caracter\u00edsticas<\/div>\n<div style='padding: 15px; color: inherit;'>\n<ul style='padding-left: 20px; margin: 0; font-size: 14px; list-style-type: disc;'>\n<li style='margin-bottom: 5px;'>Formato de salida de la imagen: ANSI 381&comma; ISO 19794-4&comma; compresi\u00f3n WSQ (certificada FBI).<\/li>\n<li style='margin-bottom: 5px;'>Detecci\u00f3n de dedo vivo: Si \/ 50 mS.<\/li>\n<li style='margin-bottom: 5px;'>Interfaz del dispositivo: USB 2.0<\/li>\n<li style='margin-bottom: 5px;'>Dimensiones: 83 x 102 x 60 mm.<\/li>\n<li style='margin-bottom: 5px;'>Alojamiento: Magnesio pintada&comma; clasificaci\u00f3n IP65<\/li>\n<li style='margin-bottom: 5px;'>Alimentaci\u00f3n 5 Vcc 300 mA<\/li>\n<\/ul><\/div>\n<\/p><\/div>\n<\/p><\/div>\n<div style='display: flex; flex-wrap: wrap; gap: 30px; margin-bottom: 30px;'>\n<div style='flex: 1 1 300px; min-width: 280px;'>\n<h3 style='font-size: 22px; border-bottom: 2px solid currentColor; padding-bottom: 5px; margin-top: 0; color: inherit; opacity: 0.8;'>V\u00eddeo de la operaci\u00f3n<\/h3>\n<div style='position: relative; padding-bottom: 56.25%; height: 0; overflow: hidden; margin-bottom: 30px;'>   <\/div>\n<\/p><\/div>\n<div style='flex: 1 1 300px; min-width: 280px;'>\n<h3 style='font-size: 22px; border-bottom: 2px solid currentColor; padding-bottom: 5px; margin-top: 0; color: inherit; opacity: 0.8;'>\u00bfQu\u00e9 es tecnolog\u00eda Multiespectral?<\/h3>\n<div style='position: relative; padding-bottom: 56.25%; height: 0; overflow: hidden; margin-bottom: 30px;'>   <\/div>\n<\/p><\/div>\n<\/p><\/div>\n<div style='display: flex; flex-wrap: wrap; gap: 30px; margin-bottom: 30px;'>\n<div style='flex: 1 1 300px; min-width: 280px;'>\n<p style='font-size: 15px; color: inherit; margin: 0;'>Producto sobre pedido<\/p>\n<\/p><\/div>\n<\/p><\/div>\n<\/p><\/div>\n","protected":false},"excerpt":{"rendered":"<p>Sensor de Huella digital Lumidigm&reg; Serie V \/ Tecnolog\u00eda Multiespectral \/ Detecta Huellas Vivas en Cualquier Ambiente<\/p>\n","protected":false},"featured_media":28210,"comment_status":"open","ping_status":"closed","template":"","meta":[],"product_brand":[],"product_cat":[841],"product_tag":[744,842,814],"class_list":{"0":"post-28211","1":"product","2":"type-product","3":"status-publish","4":"has-post-thumbnail","6":"product_cat-enroladores-y-lectores-usb","7":"product_tag-biometricos","8":"product_tag-enroladores-y-lectores-usb","9":"product_tag-hid","11":"first","12":"outofstock","13":"sale","14":"shipping-taxable","15":"purchasable","16":"product-type-simple"},"_links":{"self":[{"href":"https:\/\/soydeaqui.ddns.net\/pachuca\/index.php\/wp-json\/wp\/v2\/product\/28211","targetHints":{"allow":["GET"]}}],"collection":[{"href":"https:\/\/soydeaqui.ddns.net\/pachuca\/index.php\/wp-json\/wp\/v2\/product"}],"about":[{"href":"https:\/\/soydeaqui.ddns.net\/pachuca\/index.php\/wp-json\/wp\/v2\/types\/product"}],"replies":[{"embeddable":true,"href":"https:\/\/soydeaqui.ddns.net\/pachuca\/index.php\/wp-json\/wp\/v2\/comments?post=28211"}],"wp:featuredmedia":[{"embeddable":true,"href":"https:\/\/soydeaqui.ddns.net\/pachuca\/index.php\/wp-json\/wp\/v2\/media\/28210"}],"wp:attachment":[{"href":"https:\/\/soydeaqui.ddns.net\/pachuca\/index.php\/wp-json\/wp\/v2\/media?parent=28211"}],"wp:term":[{"taxonomy":"product_brand","embeddable":true,"href":"https:\/\/soydeaqui.ddns.net\/pachuca\/index.php\/wp-json\/wp\/v2\/product_brand?post=28211"},{"taxonomy":"product_cat","embeddable":true,"href":"https:\/\/soydeaqui.ddns.net\/pachuca\/index.php\/wp-json\/wp\/v2\/product_cat?post=28211"},{"taxonomy":"product_tag","embeddable":true,"href":"https:\/\/soydeaqui.ddns.net\/pachuca\/index.php\/wp-json\/wp\/v2\/product_tag?post=28211"}],"curies":[{"name":"wp","href":"https:\/\/api.w.org\/{rel}","templated":true}]}}