{"id":28203,"date":"2026-03-18T12:52:28","date_gmt":"2026-03-18T12:52:28","guid":{"rendered":"https:\/\/soydeaqui.ddns.net\/pachuca\/index.php\/producto\/lector-usb-para-autentificacion-unidactilar-incluye-sdk-para-desarrollos\/"},"modified":"2026-03-18T12:52:36","modified_gmt":"2026-03-18T12:52:36","slug":"lector-usb-para-autentificacion-unidactilar-incluye-sdk-para-desarrollos","status":"publish","type":"product","link":"https:\/\/soydeaqui.ddns.net\/pachuca\/index.php\/producto\/lector-usb-para-autentificacion-unidactilar-incluye-sdk-para-desarrollos\/","title":{"rendered":"Lector USB para Autentificaci\u00f3n Unidactilar \/ Incluye SDK para Desarrollos"},"content":{"rendered":"<div style='width: 100%; max-width: 1200px; margin: 0 auto; font-family: sans-serif; line-height: 1.6; color: inherit; background-color: transparent;'> <!-- Secci\u00f3n de descripci\u00f3n --> <\/p>\n<div style='margin-bottom: 30px; font-size: 15px;'>\n<p style='margin: 0 0 15px 0; color: inherit;'>El lector de huellas dactilares U.are.U 4500 es un perif\u00e9rico perfecto para los usuarios individuales de escritorio&comma; as\u00ed como para usuarios m\u00faltiples en ambientes compartidos.<\/p>\n<p style='margin: 0; color: inherit;'>U.r.U 4500 es utilizado en diferentes sectores que van desde tiendas de conveniencia&comma; retails hasta Instituciones Financieras. Gracias a su tecnolog\u00eda de escaneo logra una calidad e imagen de huellas dactilares excelente. Es sencillo y seguro de utilizar&comma; ya que el lector captura y cifra la imagen de la huella de manera r\u00e1pida y autom\u00e1tica.<\/p>\n<\/p><\/div>\n<p> <!-- Secci\u00f3n de caracter\u00edsticas --> <\/p>\n<div style='display: flex; flex-wrap: wrap; gap: 30px; margin-bottom: 30px;'>\n<div style='flex: 1 1 300px; min-width: 280px;'>\n<h3 style='font-size: 22px; border-bottom: 2px solid currentColor; padding-bottom: 5px; margin-top: 0; color: inherit; opacity: 0.8;'>Caracter\u00edsticas<\/h3>\n<ul style='padding-left: 20px; font-size: 15px; color: inherit;'>\n<li style='margin-bottom: 5px;'>Resoluci\u00f3n: 512 PPP<\/li>\n<li style='margin-bottom: 5px;'>\u00c1rea de captura de escaneo: 14.6 mm<\/li>\n<li style='margin-bottom: 5px;'>Compatible con USB 1.0&comma; 1.1 y 2.0<\/li>\n<li style='margin-bottom: 5px;'>Voltaje de Alimentaci\u00f3n: 5 V&comma; 100 mA<\/li>\n<li style='margin-bottom: 5px;'>Dimensiones: 65 x 36 mm.<\/li>\n<li style='margin-bottom: 5px;'>Peso: 105 g<\/li>\n<\/ul><\/div>\n<\/p><\/div>\n<p> <!-- Secci\u00f3n de videos --> <\/p>\n<div style='margin-bottom: 30px;'>\n<h3 style='font-size: 22px; border-bottom: 2px solid currentColor; padding-bottom: 5px; margin-top: 0; color: inherit; opacity: 0.8;'>V\u00eddeo<\/h3>\n<ul style='padding-left: 20px; font-size: 15px; color: inherit;'>\n<li style='margin-bottom: 10px;'><a href='https:\/\/www.youtube.com\/watch?v=Gba5ffPBAUo&#038;t=2s' target='_blank' rel='noopener' style='color: inherit; text-decoration: underline; opacity: 0.9; transition: opacity 0.3s;' onmouseover='this.style.opacity='1'' onmouseout='this.style.opacity='0.9''>Integraci\u00f3n a Windows Hello.<\/a><\/li>\n<li style='margin-bottom: 10px;'><a href='https:\/\/youtu.be\/qsd-4vCy3Vg' target='_blank' rel='noopener' style='color: inherit; text-decoration: underline; opacity: 0.9; transition: opacity 0.3s;' onmouseover='this.style.opacity='1'' onmouseout='this.style.opacity='0.9''>C\u00f3mo funciona Windows Hello con URU<\/a><\/li>\n<\/ul><\/div>\n<p> <!-- Separador --> <\/p>\n<hr style='border: 0; border-top: 1px solid rgba(150&comma; 150&comma; 150&comma; 0.3); margin: 30px 0;'> <\/div>\n","protected":false},"excerpt":{"rendered":"<p>Lector USB para Autentificaci\u00f3n Unidactilar \/ Incluye SDK para Desarrollos<\/p>\n","protected":false},"featured_media":28202,"comment_status":"open","ping_status":"closed","template":"","meta":[],"product_brand":[],"product_cat":[841],"product_tag":[744,842,814],"class_list":{"0":"post-28203","1":"product","2":"type-product","3":"status-publish","4":"has-post-thumbnail","6":"product_cat-enroladores-y-lectores-usb","7":"product_tag-biometricos","8":"product_tag-enroladores-y-lectores-usb","9":"product_tag-hid","11":"first","12":"instock","13":"sale","14":"shipping-taxable","15":"purchasable","16":"product-type-simple"},"_links":{"self":[{"href":"https:\/\/soydeaqui.ddns.net\/pachuca\/index.php\/wp-json\/wp\/v2\/product\/28203","targetHints":{"allow":["GET"]}}],"collection":[{"href":"https:\/\/soydeaqui.ddns.net\/pachuca\/index.php\/wp-json\/wp\/v2\/product"}],"about":[{"href":"https:\/\/soydeaqui.ddns.net\/pachuca\/index.php\/wp-json\/wp\/v2\/types\/product"}],"replies":[{"embeddable":true,"href":"https:\/\/soydeaqui.ddns.net\/pachuca\/index.php\/wp-json\/wp\/v2\/comments?post=28203"}],"wp:featuredmedia":[{"embeddable":true,"href":"https:\/\/soydeaqui.ddns.net\/pachuca\/index.php\/wp-json\/wp\/v2\/media\/28202"}],"wp:attachment":[{"href":"https:\/\/soydeaqui.ddns.net\/pachuca\/index.php\/wp-json\/wp\/v2\/media?parent=28203"}],"wp:term":[{"taxonomy":"product_brand","embeddable":true,"href":"https:\/\/soydeaqui.ddns.net\/pachuca\/index.php\/wp-json\/wp\/v2\/product_brand?post=28203"},{"taxonomy":"product_cat","embeddable":true,"href":"https:\/\/soydeaqui.ddns.net\/pachuca\/index.php\/wp-json\/wp\/v2\/product_cat?post=28203"},{"taxonomy":"product_tag","embeddable":true,"href":"https:\/\/soydeaqui.ddns.net\/pachuca\/index.php\/wp-json\/wp\/v2\/product_tag?post=28203"}],"curies":[{"name":"wp","href":"https:\/\/api.w.org\/{rel}","templated":true}]}}