{"id":28195,"date":"2026-03-18T12:52:16","date_gmt":"2026-03-18T12:52:16","guid":{"rendered":"https:\/\/soydeaqui.ddns.net\/pachuca\/index.php\/producto\/torniquete-de-medio-cuerpo-motorizado-con-brazo-abatible-en-caso-de-emergencia\/"},"modified":"2026-03-18T12:52:17","modified_gmt":"2026-03-18T12:52:17","slug":"torniquete-de-medio-cuerpo-motorizado-con-brazo-abatible-en-caso-de-emergencia","status":"publish","type":"product","link":"https:\/\/soydeaqui.ddns.net\/pachuca\/index.php\/producto\/torniquete-de-medio-cuerpo-motorizado-con-brazo-abatible-en-caso-de-emergencia\/","title":{"rendered":"TORNIQUETE DE MEDIO CUERPO MOTORIZADO, CON BRAZO ABATIBLE EN CASO DE EMERGENCIA"},"content":{"rendered":"<div style='width: 100%; max-width: 1200px; margin: 0 auto; font-family: sans-serif; line-height: 1.6; color: inherit; background-color: transparent;'> <!-- Secci\u00f3n de descripci\u00f3n --> <\/p>\n<div style='margin-bottom: 30px;'>\n<p style='margin-top: 0; margin-bottom: 15px;'>Dise\u00f1ado para la fiabilidad y la comodidad del cliente<\/p>\n<p style='margin-bottom: 15px;'>Construcci\u00f3n superior.<br \/> El nuevo torniquete EDM con brazos motorizados recientemente lanzado&comma; es otro producto superior de Alvarado. El dise\u00f1o modular del EDM y el atractivo aspecto del gabinete de acero inoxidable con acabado cepillado y funcionan de maravilla en cualquier ambiente interior o exterior.<\/p>\n<p style='margin-bottom: 0;'>Dise\u00f1ado a partir de componentes de alta calidad&comma; el sistema de accionamiento motorizado del EDM utiliza una potencia m\u00ednima y proporciona una rotaci\u00f3n suave&comma; controlada y silenciosa. El sistema de accionamiento inteligente de Alvarado permite el paso del usuario casi sin contacto y proporciona un ancho de paso muy c\u00f3modo. El EDM viene en dos estilos de gabinete&comma; extremo cuadrado y extremo redondeado.<\/p>\n<\/p><\/div>\n<p> <!-- Secci\u00f3n de caracter\u00edsticas --> <\/p>\n<div style='display: flex; flex-wrap: wrap; gap: 30px; margin-bottom: 30px;'>\n<div style='flex: 1 1 300px; min-width: 280px;'>\n<h3 style='font-size: 22px; border-bottom: 2px solid currentColor; padding-bottom: 5px; margin-top: 0; color: inherit; opacity: 0.8;'>Caracter\u00edsticas clave<\/h3>\n<ul style='padding-left: 20px; font-size: 15px; color: inherit;'>\n<li style='margin-bottom: 5px;'>Rotaci\u00f3n motorizada del brazo<\/li>\n<li style='margin-bottom: 5px;'>Brazo autom\u00e1tico autocentrante<\/li>\n<li style='margin-bottom: 5px;'>Campo configurable para una sola direcci\u00f3n o operaci\u00f3n bidireccional<\/li>\n<li style='margin-bottom: 5px;'>Anclaje oculto: sin pernos ni sujetadores expuestos<\/li>\n<\/ul><\/div>\n<\/p><\/div>\n<p> <!-- Secci\u00f3n de beneficios --> <\/p>\n<div style='display: flex; flex-wrap: wrap; gap: 30px; margin-bottom: 30px;'>\n<div style='flex: 1 1 300px; min-width: 280px;'>\n<h3 style='font-size: 22px; border-bottom: 2px solid currentColor; padding-bottom: 5px; margin-top: 0; color: inherit; opacity: 0.8;'>Beneficios agregados<\/h3>\n<ul style='padding-left: 20px; font-size: 15px; color: inherit;'>\n<li style='margin-bottom: 5px;'>Dise\u00f1ado para uso continuo a largo plazo<\/li>\n<li style='margin-bottom: 5px;'>Control de un solo paso<\/li>\n<li style='margin-bottom: 5px;'>F\u00e1cil de instalar y mantener<\/li>\n<li style='margin-bottom: 5px;'>Producto de gran apariencia&comma; independientemente del acabado.<\/li>\n<li style='margin-bottom: 5px;'>Servicio y soporte de alta calidad.<\/li>\n<li style='margin-bottom: 5px;'>La tapa con bisagras y los paneles interiores facilitan el servicio y el acceso a la instalaci\u00f3n<\/li>\n<\/ul><\/div>\n<\/p><\/div>\n<p> <!-- Separador --> <\/p>\n<hr style='border: 0; border-top: 1px solid rgba(150&comma; 150&comma; 150&comma; 0.3); margin: 30px 0;'> <\/div>\n","protected":false},"excerpt":{"rendered":"<p>TORNIQUETE DE MEDIO CUERPO MOTORIZADO, CON BRAZO ABATIBLE EN CASO DE EMERGENCIA<\/p>\n","protected":false},"featured_media":28194,"comment_status":"open","ping_status":"closed","template":"","meta":[],"product_brand":[],"product_cat":[758],"product_tag":[769,760,759],"class_list":{"0":"post-28195","1":"product","2":"type-product","3":"status-publish","4":"has-post-thumbnail","6":"product_cat-torniquetes-de-medio-cuerpo","7":"product_tag-alvarado","8":"product_tag-torniquetes-de-medio-cuerpo","9":"product_tag-torniquetes-y-puertas-de-cortesia","11":"first","12":"outofstock","13":"sale","14":"shipping-taxable","15":"purchasable","16":"product-type-simple"},"_links":{"self":[{"href":"https:\/\/soydeaqui.ddns.net\/pachuca\/index.php\/wp-json\/wp\/v2\/product\/28195","targetHints":{"allow":["GET"]}}],"collection":[{"href":"https:\/\/soydeaqui.ddns.net\/pachuca\/index.php\/wp-json\/wp\/v2\/product"}],"about":[{"href":"https:\/\/soydeaqui.ddns.net\/pachuca\/index.php\/wp-json\/wp\/v2\/types\/product"}],"replies":[{"embeddable":true,"href":"https:\/\/soydeaqui.ddns.net\/pachuca\/index.php\/wp-json\/wp\/v2\/comments?post=28195"}],"wp:featuredmedia":[{"embeddable":true,"href":"https:\/\/soydeaqui.ddns.net\/pachuca\/index.php\/wp-json\/wp\/v2\/media\/28194"}],"wp:attachment":[{"href":"https:\/\/soydeaqui.ddns.net\/pachuca\/index.php\/wp-json\/wp\/v2\/media?parent=28195"}],"wp:term":[{"taxonomy":"product_brand","embeddable":true,"href":"https:\/\/soydeaqui.ddns.net\/pachuca\/index.php\/wp-json\/wp\/v2\/product_brand?post=28195"},{"taxonomy":"product_cat","embeddable":true,"href":"https:\/\/soydeaqui.ddns.net\/pachuca\/index.php\/wp-json\/wp\/v2\/product_cat?post=28195"},{"taxonomy":"product_tag","embeddable":true,"href":"https:\/\/soydeaqui.ddns.net\/pachuca\/index.php\/wp-json\/wp\/v2\/product_tag?post=28195"}],"curies":[{"name":"wp","href":"https:\/\/api.w.org\/{rel}","templated":true}]}}