{"id":28190,"date":"2026-03-18T12:52:09","date_gmt":"2026-03-18T12:52:09","guid":{"rendered":"https:\/\/soydeaqui.ddns.net\/pachuca\/index.php\/producto\/barrera-vehicular-derecha-con-brazo-ajustable-a-4mts-3-segundos-en-apertura-incluye-brazo\/"},"modified":"2026-03-18T12:52:10","modified_gmt":"2026-03-18T12:52:10","slug":"barrera-vehicular-derecha-con-brazo-ajustable-a-4mts-3-segundos-en-apertura-incluye-brazo","status":"publish","type":"product","link":"https:\/\/soydeaqui.ddns.net\/pachuca\/index.php\/producto\/barrera-vehicular-derecha-con-brazo-ajustable-a-4mts-3-segundos-en-apertura-incluye-brazo\/","title":{"rendered":"Barrera vehicular DERECHA con brazo ajustable a 4mts \/ 3 segundos en apertura \/ INCLUYE BRAZO"},"content":{"rendered":"<div style='width: 100%; max-width: 1200px; margin: 0 auto; font-family: sans-serif; line-height: 1.6; color: inherit; background-color: transparent;'> <!-- Secci\u00f3n de descripci\u00f3n --> <\/p>\n<div style='display: flex; flex-direction: column; align-items: center; text-align: center; margin-bottom: 30px;'>\n<h1 style='font-size: 32px; margin: 0; color: inherit; opacity: 0.8;'>PB4030R<\/h1>\n<p style='font-size: 17px; color: inherit; margin: 15px 0;'>La barrera autom\u00e1tica PB4030-R es ideal para gesti\u00f3n de estacionamientos y controles de seguridad vehicular.<\/p>\n<p style='font-size: 17px; color: inherit; margin: 15px 0;'>ZKTeco ha enfocado su atenci\u00f3n no solamente en proporcionar un equipo funcional&comma; sino que tambi\u00e9n&comma; es una l\u00ednea de productos totalmente accesibles para peque\u00f1os y medianos estacionamientos que requieren de un control eficiente de las entradas y salidas de veh\u00edculos al sitio.<\/p>\n<\/p><\/div>\n<p> <!-- Secci\u00f3n de caracter\u00edsticas --> <\/p>\n<div style='display: flex; flex-wrap: wrap; gap: 30px; margin-bottom: 30px;'>\n<div style='flex: 1 1 300px; min-width: 280px;'>\n<h3 style='font-size: 22px; border-bottom: 2px solid currentColor; padding-bottom: 5px; margin-top: 0; color: inherit; opacity: 0.8;'>Caracter\u00edsticas principales<\/h3>\n<ul style='padding-left: 20px; font-size: 15px; color: inherit;'>\n<li style='margin-bottom: 5px;'>Material del gabinete: Acero con pintura horneada<\/li>\n<li style='margin-bottom: 5px;'>Material del brazo: Aleaci\u00f3n de aluminio<\/li>\n<li style='margin-bottom: 5px;'>Ancho del carril: Ajustable a 4 mts<\/li>\n<li style='margin-bottom: 5px;'>Tiempo de apertura \/ cierre: 3 segundos<\/li>\n<li style='margin-bottom: 5px;'>Temperatura de operaci\u00f3n: -20\u00b0C hasta 60\u00b0C<\/li>\n<li style='margin-bottom: 5px;'>Humedad: < 90%<\/li>\n<\/ul><\/div>\n<div style='flex: 1 1 300px; min-width: 280px;'>\n<h3 style='font-size: 22px; border-bottom: 2px solid currentColor; padding-bottom: 5px; margin-top: 0; color: inherit; opacity: 0.8;'>Caracter\u00edsticas F\u00edsicas y El\u00e9ctricas<\/h3>\n<ul style='padding-left: 20px; font-size: 15px; color: inherit;'>\n<li style='margin-bottom: 5px;'>Alimentaci\u00f3n el\u00e9ctrica: 110V AC<\/li>\n<li style='margin-bottom: 5px;'>Consumo: 120W<\/li>\n<li style='margin-bottom: 5px;'>Frecuencia: 50-60Hz<\/li>\n<li style='margin-bottom: 5px;'>Norma IP: IP54<\/li>\n<li style='margin-bottom: 5px;'>Dimensiones del gabinete (W x D x H): 328 x 286 x 934mm<\/li>\n<li style='margin-bottom: 5px;'>Peso neto (sin brazo): 60 Kg<\/li>\n<li style='margin-bottom: 5px;'>La barrera no viene ajustada de f\u00e1brica&comma; habr\u00e1 que hacer ajuste de resortes seg\u00fan la longitud del brazo requerida.<\/li>\n<\/ul><\/div>\n<div style='flex: 1 1 300px; min-width: 280px;'>\n<h3 style='font-size: 22px; border-bottom: 2px solid currentColor; padding-bottom: 5px; margin-top: 0; color: inherit; opacity: 0.8;'>Caracter\u00edsticas Destacadas<\/h3>\n<p style='font-size: 15px; color: inherit;'>Esta barrera es totalmente compatible con sistemas de control de acceso que proporcionen control mediante salidas de relevador&comma; por lo que f\u00e1cilmente se puede integrar con sistemas preexistentes&comma; tales como paneles&comma; lectoras&comma; c\u00e1maras de reconocimiento de placas&comma; etc.<\/p>\n<\/p><\/div>\n<\/p><\/div>\n<p> <!-- Separador --> <\/p>\n<hr style='border: 0; border-top: 1px solid rgba(150&comma; 150&comma; 150&comma; 0.3); margin: 30px 0;'> <\/div>\n","protected":false},"excerpt":{"rendered":"<p>Barrera vehicular DERECHA con brazo ajustable a 4mts \/ 3 segundos en apertura \/ INCLUYE BRAZO<\/p>\n","protected":false},"featured_media":28189,"comment_status":"open","ping_status":"closed","template":"","meta":[],"product_brand":[],"product_cat":[748],"product_tag":[401,749,844],"class_list":{"0":"post-28190","1":"product","2":"type-product","3":"status-publish","4":"has-post-thumbnail","6":"product_cat-barreras-vehiculares","7":"product_tag-acceso-vehicular","8":"product_tag-barreras-vehiculares","9":"product_tag-zkteco","11":"first","12":"outofstock","13":"sale","14":"shipping-taxable","15":"purchasable","16":"product-type-simple"},"_links":{"self":[{"href":"https:\/\/soydeaqui.ddns.net\/pachuca\/index.php\/wp-json\/wp\/v2\/product\/28190","targetHints":{"allow":["GET"]}}],"collection":[{"href":"https:\/\/soydeaqui.ddns.net\/pachuca\/index.php\/wp-json\/wp\/v2\/product"}],"about":[{"href":"https:\/\/soydeaqui.ddns.net\/pachuca\/index.php\/wp-json\/wp\/v2\/types\/product"}],"replies":[{"embeddable":true,"href":"https:\/\/soydeaqui.ddns.net\/pachuca\/index.php\/wp-json\/wp\/v2\/comments?post=28190"}],"wp:featuredmedia":[{"embeddable":true,"href":"https:\/\/soydeaqui.ddns.net\/pachuca\/index.php\/wp-json\/wp\/v2\/media\/28189"}],"wp:attachment":[{"href":"https:\/\/soydeaqui.ddns.net\/pachuca\/index.php\/wp-json\/wp\/v2\/media?parent=28190"}],"wp:term":[{"taxonomy":"product_brand","embeddable":true,"href":"https:\/\/soydeaqui.ddns.net\/pachuca\/index.php\/wp-json\/wp\/v2\/product_brand?post=28190"},{"taxonomy":"product_cat","embeddable":true,"href":"https:\/\/soydeaqui.ddns.net\/pachuca\/index.php\/wp-json\/wp\/v2\/product_cat?post=28190"},{"taxonomy":"product_tag","embeddable":true,"href":"https:\/\/soydeaqui.ddns.net\/pachuca\/index.php\/wp-json\/wp\/v2\/product_tag?post=28190"}],"curies":[{"name":"wp","href":"https:\/\/api.w.org\/{rel}","templated":true}]}}