{"id":28188,"date":"2026-03-18T12:52:08","date_gmt":"2026-03-18T12:52:08","guid":{"rendered":"https:\/\/soydeaqui.ddns.net\/pachuca\/index.php\/producto\/modulo-con-lector-de-tarjetas-mifare-para-frente-de-calle-ip-modular\/"},"modified":"2026-03-18T12:52:08","modified_gmt":"2026-03-18T12:52:08","slug":"modulo-con-lector-de-tarjetas-mifare-para-frente-de-calle-ip-modular","status":"publish","type":"product","link":"https:\/\/soydeaqui.ddns.net\/pachuca\/index.php\/producto\/modulo-con-lector-de-tarjetas-mifare-para-frente-de-calle-ip-modular\/","title":{"rendered":"Modulo con Lector de Tarjetas MIFARE para Frente de Calle IP Modular"},"content":{"rendered":"<div style='width: 100%; max-width: 1200px; margin: 0 auto; font-family: sans-serif; line-height: 1.6; color: inherit; background-color: transparent;'> <!-- Imagen principal --> <\/p>\n<div style='width: 100%; margin-bottom: 30px;'> <a href='#link' target='_blank' rel='noopener' style='text-decoration: none;'> <img style='width: 100%; height: auto; border: 1px solid rgba(150&comma;150&comma;150&comma;0.3); border-radius: 8px;' src='https:\/\/ftp3.syscom.mx\/usuarios\/rcovarrubias\/videoporteros\/Videoporteros%20Banner-segunda-generacion-2.jpg' alt=''> <\/a> <\/div>\n<p> <!-- Videos --> <\/p>\n<div style='display: flex; flex-wrap: wrap; gap: 30px; margin-bottom: 30px;'>\n<div style='flex: 1 1 300px; min-width: 280px;'>\n<div style='position: relative; padding-bottom: 56.25%; height: 0; overflow: hidden;'>   <\/div>\n<\/p><\/div>\n<div style='flex: 1 1 300px; min-width: 280px;'>\n<div style='position: relative; padding-bottom: 56.25%; height: 0; overflow: hidden;'>   <\/div>\n<\/p><\/div>\n<div style='flex: 1 1 300px; min-width: 280px;'>\n<div style='position: relative; padding-bottom: 56.25%; height: 0; overflow: hidden;'>   <\/div>\n<\/p><\/div>\n<\/p><\/div>\n<p> <!-- Secciones de contenido --> <\/p>\n<div style='display: flex; flex-wrap: wrap; gap: 30px; margin-bottom: 30px;'> <!-- Caracter\u00edsticas principales --> <\/p>\n<div style='flex: 1 1 300px; min-width: 280px;'>\n<h3 style='font-size: 22px; border-bottom: 2px solid currentColor; padding-bottom: 5px; margin-top: 0; color: inherit; opacity: 0.8;'>Caracter\u00edsticas del Frente de calle Multiapartamento DS-KD-M<\/h3>\n<ul style='padding-left: 20px; font-size: 15px; color: inherit;'>\n<li style='margin-bottom: 5px;'>Funcion de TV Portero.<\/li>\n<li style='margin-bottom: 5px;'>Lector de Tarjetas Mifare.<\/li>\n<li style='margin-bottom: 5px;'>Compatibe con montaje empotrado o en superficie.<\/li>\n<li style='margin-bottom: 5px;'>Soporta hasta 10&comma;000.<\/li>\n<li style='margin-bottom: 5px;'>Configurable mediante iVMS4200.<\/li>\n<li style='margin-bottom: 5px;'><strong>Garant\u00eda: 2 a\u00f1os<\/strong><\/li>\n<\/ul><\/div>\n<p> <!-- Caracter\u00edsticas f\u00edsicas y el\u00e9ctricas --> <\/p>\n<div style='flex: 1 1 300px; min-width: 280px;'>\n<h3 style='font-size: 22px; border-bottom: 2px solid currentColor; padding-bottom: 5px; margin-top: 0; color: inherit; opacity: 0.8;'>Caracter\u00edsticas F\u00edsicas y El\u00e9ctricas:<\/h3>\n<ul style='padding-left: 20px; font-size: 15px; color: inherit;'>\n<li style='margin-bottom: 5px;'>Alimentaci\u00f3n mediante el m\u00f3dulo <strong>DS-KD8003-IME1<\/strong><\/li>\n<li style='margin-bottom: 5px;'>Consumo el\u00e9ctrico: 2 W<\/li>\n<li style='margin-bottom: 5px;'>Nivel de protecci\u00f3n: IP65<\/li>\n<li style='margin-bottom: 5px;'>Material: Plastico.<\/li>\n<li style='margin-bottom: 5px;'>Temperatura de operaci\u00f3n: -40\u00b0 C to +60\u00b0 C (-40\u00b0 F to 140\u00b0 F)<\/li>\n<li style='margin-bottom: 5px;'>Dimensiones: 98.5 mm \u00d7 100 mm \u00d7 33.7 mm (3.87&#8242; \u00d7 3.95&#8242; \u00d7 1.33&#8242;)<\/li>\n<\/ul><\/div>\n<p> <!-- Caracter\u00edsticas destacadas --> <\/p>\n<div style='flex: 1 1 300px; min-width: 280px;'>\n<h3 style='font-size: 22px; border-bottom: 2px solid currentColor; padding-bottom: 5px; margin-top: 0; color: inherit; opacity: 0.8;'>Caracter\u00edsticas Destacadas:<\/h3>\n<p style='font-size: 15px; color: inherit; margin-bottom: 15px;'>Se conecta en cascada para alimentaci\u00f3n y\/o datos al m\u00f3dulo principal <strong>DS-KD8003-IME1<\/strong> o a cualquier submodulo adicional <a href='https:\/\/www.syscom.mx\/producto\/DS-KD-KK-HIKVISION-168343.html' style='color: #005cb9; text-decoration: none;'><strong>DS-KD-KK<\/strong><\/a>&comma; <a href='https:\/\/www.syscom.mx\/producto\/DS-KD-KP-HIKVISION-168342.html' style='color: #005cb9; text-decoration: none;'><strong>DS-KD-KP<\/strong><\/a>&comma; <a href='https:\/\/www.syscom.mx\/producto\/DSKDIN-HIKVISION-170770.html' style='color: #005cb9; text-decoration: none;'><strong>DSKDIN<\/strong><\/a>&comma; <a href='https:\/\/www.syscom.mx\/producto\/DSKDE-HIKVISION-170769.html' style='color: #005cb9; text-decoration: none;'><strong>DSKDE<\/strong><\/a><\/p>\n<p style='font-size: 15px; color: inherit; margin-bottom: 0;'>Compatible con monitores: <a href='https:\/\/www.syscom.mx\/producto\/DS-KH6320-WTE1-HIKVISION-170761.html' style='color: #005cb9; text-decoration: none;'><strong>DS-KH6320-WTE1&comma;<\/strong><\/a> <a href='https:\/\/www.syscom.mx\/producto\/DS-KH8350-WTE1-HIKVISION-171042.html' style='color: #005cb9; text-decoration: none;'><strong>DS-KH8350-WTE1&comma;<\/strong><\/a> <a href='https:\/\/www.syscom.mx\/producto\/DS-KH8520-WTE1-HIKVISION-170927.html' style='color: #005cb9; text-decoration: none;'><strong>DS-KH8520-WTE1&comma;<\/strong><\/a> <a href='https:\/\/www.syscom.mx\/producto\/DS-KH6320-TE1-HIKVISION-170392.html' style='color: #005cb9; text-decoration: none;'><strong>DS-KH6320-TE1.<\/strong><\/a><\/p>\n<\/p><\/div>\n<\/p><\/div>\n<p> <!-- Consideraciones --> <\/p>\n<div style='margin-bottom: 30px;'>\n<h3 style='font-size: 22px; border-bottom: 2px solid currentColor; padding-bottom: 5px; margin-top: 0; color: inherit; opacity: 0.8;'>Consideraciones:<\/h3>\n<div style='font-size: 15px; color: inherit;'><\/div>\n<\/p><\/div>\n<p> <!-- Imagen Videoportero 2daG --> <\/p>\n<div style='width: 100%; margin-bottom: 30px;'> <img style='width: 100%; height: auto; border: 1px solid rgba(150&comma;150&comma;150&comma;0.3); border-radius: 8px;' src='https:\/\/ftp3.syscom.mx\/usuarios\/rcovarrubias\/videoporteros\/Videoportero%202daG.png' alt=''> <\/div>\n<p> <!-- Diagrama de conexi\u00f3n --> <\/p>\n<div style='margin-bottom: 30px;'>\n<h2 style='font-size: 24px; border-bottom: 2px solid currentColor; padding-bottom: 5px; margin-top: 0; color: inherit; opacity: 0.8;'>Diagrama de conexi\u00f3n:<\/h2>\n<div style='width: 100%;'> <img style='width: 100%; height: auto; border: 1px solid rgba(150&comma;150&comma;150&comma;0.3); border-radius: 8px;' src='https:\/\/ftp3.syscom.mx\/usuarios\/rcovarrubias\/videoporteros\/diagramas%20de%20conexion\/Diagrama%20Modular%203%20Mod.jpg' alt=''> <\/div>\n<\/p><\/div>\n<\/p><\/div>\n","protected":false},"excerpt":{"rendered":"<p>Modulo con Lector de Tarjetas MIFARE para Frente de Calle IP Modular<\/p>\n","protected":false},"featured_media":28187,"comment_status":"open","ping_status":"closed","template":"","meta":[],"product_brand":[],"product_cat":[856],"product_tag":[54,557,857],"class_list":{"0":"post-28188","1":"product","2":"type-product","3":"status-publish","4":"has-post-thumbnail","6":"product_cat-videoporteros-ip","7":"product_tag-hikvision","8":"product_tag-videoporteros-e-interfonos","9":"product_tag-videoporteros-ip","11":"first","12":"instock","13":"sale","14":"shipping-taxable","15":"purchasable","16":"product-type-simple"},"_links":{"self":[{"href":"https:\/\/soydeaqui.ddns.net\/pachuca\/index.php\/wp-json\/wp\/v2\/product\/28188","targetHints":{"allow":["GET"]}}],"collection":[{"href":"https:\/\/soydeaqui.ddns.net\/pachuca\/index.php\/wp-json\/wp\/v2\/product"}],"about":[{"href":"https:\/\/soydeaqui.ddns.net\/pachuca\/index.php\/wp-json\/wp\/v2\/types\/product"}],"replies":[{"embeddable":true,"href":"https:\/\/soydeaqui.ddns.net\/pachuca\/index.php\/wp-json\/wp\/v2\/comments?post=28188"}],"wp:featuredmedia":[{"embeddable":true,"href":"https:\/\/soydeaqui.ddns.net\/pachuca\/index.php\/wp-json\/wp\/v2\/media\/28187"}],"wp:attachment":[{"href":"https:\/\/soydeaqui.ddns.net\/pachuca\/index.php\/wp-json\/wp\/v2\/media?parent=28188"}],"wp:term":[{"taxonomy":"product_brand","embeddable":true,"href":"https:\/\/soydeaqui.ddns.net\/pachuca\/index.php\/wp-json\/wp\/v2\/product_brand?post=28188"},{"taxonomy":"product_cat","embeddable":true,"href":"https:\/\/soydeaqui.ddns.net\/pachuca\/index.php\/wp-json\/wp\/v2\/product_cat?post=28188"},{"taxonomy":"product_tag","embeddable":true,"href":"https:\/\/soydeaqui.ddns.net\/pachuca\/index.php\/wp-json\/wp\/v2\/product_tag?post=28188"}],"curies":[{"name":"wp","href":"https:\/\/api.w.org\/{rel}","templated":true}]}}