{"id":28173,"date":"2026-03-18T12:51:46","date_gmt":"2026-03-18T12:51:46","guid":{"rendered":"https:\/\/soydeaqui.ddns.net\/pachuca\/index.php\/producto\/barrera-de-maxima-seguridad-resistente-a-impactos-de-autos-de-6-8-toneladas-a-50-millas-por-hora-con-certificacion-de-m50\/"},"modified":"2026-03-18T12:51:47","modified_gmt":"2026-03-18T12:51:47","slug":"barrera-de-maxima-seguridad-resistente-a-impactos-de-autos-de-6-8-toneladas-a-50-millas-por-hora-con-certificacion-de-m50","status":"publish","type":"product","link":"https:\/\/soydeaqui.ddns.net\/pachuca\/index.php\/producto\/barrera-de-maxima-seguridad-resistente-a-impactos-de-autos-de-6-8-toneladas-a-50-millas-por-hora-con-certificacion-de-m50\/","title":{"rendered":"Barrera de M\u00e1xima Seguridad \/ Resistente a Impactos de Autos de 6.8 Toneladas a 50 Millas por Hora \/ Con Certificaci\u00f3n de M50"},"content":{"rendered":"<div style='width: 100%; max-width: 1200px; margin: 0 auto; font-family: sans-serif; line-height: 1.6; color: inherit; background-color: transparent;'>\n<div style='display: flex; flex-direction: column; align-items: center; margin-bottom: 30px;'> <img style='width: 100%; max-width: 400px; height: auto; border: 1px solid rgba(150&comma;150&comma;150&comma;0.3); border-radius: 8px;' src='https:\/\/hysecurity.com\/getattachment\/Operators-Accessories\/Barrier-Arm-Gate-Operators\/StrongArm\/OperatorClass_LogoImage.png.aspx' alt='OperatorClass_LogoImage.png'> <\/div>\n<div style='display: flex; flex-direction: column; margin-bottom: 30px;'>\n<h2 style='font-size: 28px; margin-top: 0; margin-bottom: 15px; color: inherit; opacity: 0.9;'>Resistente a Impactos<\/h2>\n<h3 style='font-size: 16px; margin-top: 0; margin-bottom: 25px; color: inherit; opacity: 0.8;'>Barrera resistente a Impactos<\/h3>\n<p>Los operadores HySecurity protegen la infraestructura cr\u00edtica del mundo y los principales activos en donde la confiabilidad final es vital. <em>StrongArm M30\/M50<\/em> proporciona calidad rigurosa a clientes industriales y de alta seguridad en el mundo entero&comma; en donde se espera facilidad de uso&comma; operaci\u00f3n consistente&comma; bajo mantenimiento&comma; larga vida \u00fatil y alta confiabilidad.<\/p>\n<\/p><\/div>\n<div style='display: flex; flex-direction: column; align-items: center; margin-bottom: 30px;'> <img style='width: 100%; max-width: 1000px; height: auto; border: 1px solid rgba(150&comma;150&comma;150&comma;0.3); border-radius: 8px;' src='http:\/\/ftp3.syscom.mx\/usuarios\/gjimenez\/hysecurity\/StrongArm-crash-barrier-1000x600-2.jpg' alt=''> <\/p>\n<p style='margin-top: 15px; text-align: center; font-size: 14px; color: inherit; opacity: 0.8; max-width: 600px;'> La barrera M50 soporta impactos de 6.8 toneladas hasta 50 millas por hora&comma; tiene un grado de penetraci\u00f3n P2&comma; lo cual significa que el veh\u00edculo detenido no penetrar\u00e1 m\u00e1s de 1.3 mts al lugar protegido. <\/p>\n<\/p><\/div>\n<div style='display: flex; flex-direction: column; align-items: center; margin-bottom: 30px;'>\n<div style='position: relative; padding-bottom: 56.25%; height: 0; overflow: hidden; width: 100%; max-width: 800px;'>   <\/div>\n<\/p><\/div>\n<hr style='border: 0; border-top: 1px solid rgba(150&comma; 150&comma; 150&comma; 0.3); margin: 30px 0;'> <\/div>\n","protected":false},"excerpt":{"rendered":"<p>Barrera de M\u00e1xima Seguridad \/ Resistente a Impactos de Autos de 6.8 Toneladas a 50 Millas por Hora \/ Con Certificaci\u00f3n de M50<\/p>\n","protected":false},"featured_media":28172,"comment_status":"open","ping_status":"closed","template":"","meta":[],"product_brand":[],"product_cat":[748],"product_tag":[401,749,890],"class_list":{"0":"post-28173","1":"product","2":"type-product","3":"status-publish","4":"has-post-thumbnail","6":"product_cat-barreras-vehiculares","7":"product_tag-acceso-vehicular","8":"product_tag-barreras-vehiculares","9":"product_tag-hysecurity","11":"first","12":"outofstock","13":"sale","14":"shipping-taxable","15":"purchasable","16":"product-type-simple"},"_links":{"self":[{"href":"https:\/\/soydeaqui.ddns.net\/pachuca\/index.php\/wp-json\/wp\/v2\/product\/28173","targetHints":{"allow":["GET"]}}],"collection":[{"href":"https:\/\/soydeaqui.ddns.net\/pachuca\/index.php\/wp-json\/wp\/v2\/product"}],"about":[{"href":"https:\/\/soydeaqui.ddns.net\/pachuca\/index.php\/wp-json\/wp\/v2\/types\/product"}],"replies":[{"embeddable":true,"href":"https:\/\/soydeaqui.ddns.net\/pachuca\/index.php\/wp-json\/wp\/v2\/comments?post=28173"}],"wp:featuredmedia":[{"embeddable":true,"href":"https:\/\/soydeaqui.ddns.net\/pachuca\/index.php\/wp-json\/wp\/v2\/media\/28172"}],"wp:attachment":[{"href":"https:\/\/soydeaqui.ddns.net\/pachuca\/index.php\/wp-json\/wp\/v2\/media?parent=28173"}],"wp:term":[{"taxonomy":"product_brand","embeddable":true,"href":"https:\/\/soydeaqui.ddns.net\/pachuca\/index.php\/wp-json\/wp\/v2\/product_brand?post=28173"},{"taxonomy":"product_cat","embeddable":true,"href":"https:\/\/soydeaqui.ddns.net\/pachuca\/index.php\/wp-json\/wp\/v2\/product_cat?post=28173"},{"taxonomy":"product_tag","embeddable":true,"href":"https:\/\/soydeaqui.ddns.net\/pachuca\/index.php\/wp-json\/wp\/v2\/product_tag?post=28173"}],"curies":[{"name":"wp","href":"https:\/\/api.w.org\/{rel}","templated":true}]}}