{"id":28157,"date":"2026-03-18T12:51:26","date_gmt":"2026-03-18T12:51:26","guid":{"rendered":"https:\/\/soydeaqui.ddns.net\/pachuca\/index.php\/producto\/maquina-de-rayos-x-para-inspeccion-de-equipaje-de-mano-con-tunel-de-65-x-50-cm\/"},"modified":"2026-03-18T12:51:27","modified_gmt":"2026-03-18T12:51:27","slug":"maquina-de-rayos-x-para-inspeccion-de-equipaje-de-mano-con-tunel-de-65-x-50-cm","status":"publish","type":"product","link":"https:\/\/soydeaqui.ddns.net\/pachuca\/index.php\/producto\/maquina-de-rayos-x-para-inspeccion-de-equipaje-de-mano-con-tunel-de-65-x-50-cm\/","title":{"rendered":"Maquina de Rayos X para inspeccion de equipaje de mano con tunel de 65 x 50 cm"},"content":{"rendered":"<div style='width: 100%; max-width: 1200px; margin: 0 auto; font-family: sans-serif; line-height: 1.6; color: inherit; background-color: transparent;'> <!-- Descripci\u00f3n principal --> <\/p>\n<div style='margin-bottom: 30px;'>\n<p>El modelo ZKX6550A es un sistema de inspecci\u00f3n por Rayos-X de energ\u00eda \u00fanica para identificar amenazas potenciales. El dispositivo est\u00e1 dise\u00f1ado para inspeccionar equipaje de mano.<\/p>\n<p>El ZKX6550A utiliza un generador de Rayos-X de alta calidad. Con un excelente algoritmo de imagen&comma; el ZKX6550A muestra im\u00e1genes claras de los objetos inspeccionados&comma; lo que le permite al operador identificar objetos potencialmente peligrosos a simple vista. El ZKX6550A cuenta con una innovadora funci\u00f3n de identificaci\u00f3n biom\u00e9trica para los operadores&comma; mejorando la seguridad del sistema y evitando que el operador llegase a olvidar su contrase\u00f1a.<\/p>\n<p>Cuenta con un dise\u00f1o ergon\u00f3mico y moderno&comma; el ZKX6550A ayuda a los operadores a identificar art\u00edculos sospechosos de forma r\u00e1pida y precisa.<\/p>\n<\/p><\/div>\n<p> <!-- Caracter\u00edsticas en columnas --> <\/p>\n<div style='display: flex; flex-wrap: wrap; gap: 30px; margin-bottom: 30px;'>\n<div style='flex: 1 1 300px; min-width: 280px;'>\n<div style='border-left: 5px solid #0091ff; border-radius: 5px; padding: 5px; box-shadow: 2px 2px 10px rgba(216&comma; 216&comma; 216&comma; 0.4);'> <strong style='font-size: 16px; display: block; margin-bottom: 10px; color: inherit;'>Caracter\u00edsticas principales:<\/strong> <\/p>\n<ul style='padding-left: 20px; font-size: 15px; color: inherit; list-style-type: disc;'>\n<li style='margin-bottom: 5px;'>Escaneo de im\u00e1genes a pseudo color.<\/li>\n<li style='margin-bottom: 5px;'>Lector de huella digital<\/li>\n<li style='margin-bottom: 5px;'>Ideal para equipaje de mano<\/li>\n<\/ul><\/div>\n<\/p><\/div>\n<div style='flex: 1 1 300px; min-width: 280px;'>\n<div style='border-left: 5px solid #0091ff; border-radius: 5px; padding: 5px; box-shadow: 2px 2px 10px rgba(216&comma; 216&comma; 216&comma; 0.4);'> <strong style='font-size: 16px; display: block; margin-bottom: 10px; color: inherit;'>Caracter\u00edsticas F\u00edsicas y El\u00e9ctricas:<\/strong> <\/p>\n<ul style='padding-left: 20px; font-size: 15px; color: inherit; list-style-type: disc;'>\n<li style='margin-bottom: 5px;'>T\u00fanel de 65.5 x 50.5 cm<\/li>\n<li style='margin-bottom: 5px;'>Velocidad de la banda de 20 cm\/s<\/li>\n<li style='margin-bottom: 5px;'>Carga m\u00e1xima de 180 Kg. Distribuido uniformemente<\/li>\n<li style='margin-bottom: 5px;'>Resoluci\u00f3n de contraste 38 AWG<\/li>\n<\/ul><\/div>\n<\/p><\/div>\n<div style='flex: 1 1 300px; min-width: 280px;'>\n<div style='border-left: 5px solid #0091ff; border-radius: 5px; padding: 5px; box-shadow: 2px 2px 10px rgba(216&comma; 216&comma; 216&comma; 0.4);'> <strong style='font-size: 16px; display: block; margin-bottom: 10px; color: inherit;'>Funciones del sistema<\/strong> <\/p>\n<ul style='padding-left: 20px; font-size: 15px; color: inherit; list-style-type: disc;'>\n<li style='margin-bottom: 5px;'>Alarma de Alta Densidad<\/li>\n<li style='margin-bottom: 5px;'>Detecci\u00f3n Auxiliar de Explosivos\/Narc\u00f3ticos<\/li>\n<li style='margin-bottom: 5px;'>Contador de equipaje<\/li>\n<li style='margin-bottom: 5px;'>Proyecci\u00f3n de im\u00e1genes de Amenaza (TIP)<\/li>\n<\/ul><\/div>\n<\/p><\/div>\n<\/p><\/div>\n<p> <!-- Imagen y descripci\u00f3n --> <\/p>\n<div style='display: flex; flex-wrap: wrap; gap: 30px; margin-bottom: 30px; align-items: center;'>\n<div style='flex: 1 1 100%; max-width: 500px;'> <img style='width: 100%; height: auto; border: 1px solid rgba(150&comma;150&comma;150&comma;0.3); border-radius: 8px;' src='http:\/\/ftp3.syscom.mx\/usuarios\/fsanora\/ZKTeco\/Fotorafias\/Escaneo.jpg' alt='Escaneo de equipaje'> <\/div>\n<div style='flex: 1 1 100%; max-width: 600px;'>\n<h2 style='font-size: 20px; margin-top: 0; color: inherit;'>Identificaci\u00f3n sencilla al momento de escanear el equipaje<\/h2>\n<p style='color: inherit;'>Cada color representa diferentes tipos de materiales: en color naranja ser\u00edan materiales org\u00e1nicos&comma; en color azul ser\u00eda materiales met\u00e1licos y en color verde ser\u00edan aleaciones.<\/p>\n<\/p><\/div>\n<\/p><\/div>\n<p> <!-- Galer\u00eda de im\u00e1genes --> <\/p>\n<div style='display: flex; flex-wrap: wrap; gap: 30px; margin-bottom: 30px;'>\n<div style='flex: 1 1 100%; max-width: 500px;'> <img style='width: 100%; height: auto; border: 1px solid rgba(150&comma;150&comma;150&comma;0.3); border-radius: 8px;' src='https:\/\/ftp3.syscom.mx\/usuarios\/fsanora\/ZKTeco\/Fotorafias\/Dimensiones%201.jpg' alt='Dimensiones 1'> <\/div>\n<div style='flex: 1 1 100%; max-width: 500px;'> <img style='width: 100%; height: auto; border: 1px solid rgba(150&comma;150&comma;150&comma;0.3); border-radius: 8px;' src='https:\/\/ftp3.syscom.mx\/usuarios\/fsanora\/ZKTeco\/Fotorafias\/Dimensiones%202.jpg' alt='Dimensiones 2'> <\/div>\n<\/p><\/div>\n<p> <!-- Video --> <\/p>\n<div style='margin-bottom: 30px;'>\n<div style='position: relative; padding-bottom: 56.25%; height: 0; overflow: hidden;'>   <\/div>\n<\/p><\/div>\n<p> <!-- Separador final --> <\/p>\n<hr style='border: 0; border-top: 1px solid rgba(150&comma; 150&comma; 150&comma; 0.3); margin: 30px 0;'> <\/div>\n","protected":false},"excerpt":{"rendered":"<p>Maquina de Rayos X para inspeccion de equipaje de mano con tunel de 65 x 50 cm<\/p>\n","protected":false},"featured_media":28156,"comment_status":"open","ping_status":"closed","template":"","meta":[],"product_brand":[],"product_cat":[853],"product_tag":[854,855,844],"class_list":{"0":"post-28157","1":"product","2":"type-product","3":"status-publish","4":"has-post-thumbnail","6":"product_cat-sistemas-de-inspeccion-por-rayos-x","7":"product_tag-inspeccion-por-rayos-x-y-explosivos","8":"product_tag-sistemas-de-inspeccion-por-rayos-x","9":"product_tag-zkteco","11":"first","12":"outofstock","13":"sale","14":"shipping-taxable","15":"purchasable","16":"product-type-simple"},"_links":{"self":[{"href":"https:\/\/soydeaqui.ddns.net\/pachuca\/index.php\/wp-json\/wp\/v2\/product\/28157","targetHints":{"allow":["GET"]}}],"collection":[{"href":"https:\/\/soydeaqui.ddns.net\/pachuca\/index.php\/wp-json\/wp\/v2\/product"}],"about":[{"href":"https:\/\/soydeaqui.ddns.net\/pachuca\/index.php\/wp-json\/wp\/v2\/types\/product"}],"replies":[{"embeddable":true,"href":"https:\/\/soydeaqui.ddns.net\/pachuca\/index.php\/wp-json\/wp\/v2\/comments?post=28157"}],"wp:featuredmedia":[{"embeddable":true,"href":"https:\/\/soydeaqui.ddns.net\/pachuca\/index.php\/wp-json\/wp\/v2\/media\/28156"}],"wp:attachment":[{"href":"https:\/\/soydeaqui.ddns.net\/pachuca\/index.php\/wp-json\/wp\/v2\/media?parent=28157"}],"wp:term":[{"taxonomy":"product_brand","embeddable":true,"href":"https:\/\/soydeaqui.ddns.net\/pachuca\/index.php\/wp-json\/wp\/v2\/product_brand?post=28157"},{"taxonomy":"product_cat","embeddable":true,"href":"https:\/\/soydeaqui.ddns.net\/pachuca\/index.php\/wp-json\/wp\/v2\/product_cat?post=28157"},{"taxonomy":"product_tag","embeddable":true,"href":"https:\/\/soydeaqui.ddns.net\/pachuca\/index.php\/wp-json\/wp\/v2\/product_tag?post=28157"}],"curies":[{"name":"wp","href":"https:\/\/api.w.org\/{rel}","templated":true}]}}