{"id":28136,"date":"2026-03-18T12:51:00","date_gmt":"2026-03-18T12:51:00","guid":{"rendered":"https:\/\/soydeaqui.ddns.net\/pachuca\/index.php\/producto\/tarjeta-iclass-seos-8kb-clamshell-gruesa-tecnologia-segura-no-clonable-garantia-de-por-vida-5656pmsav\/"},"modified":"2026-03-18T12:51:01","modified_gmt":"2026-03-18T12:51:01","slug":"tarjeta-iclass-seos-8kb-clamshell-gruesa-tecnologia-segura-no-clonable-garantia-de-por-vida-5656pmsav","status":"publish","type":"product","link":"https:\/\/soydeaqui.ddns.net\/pachuca\/index.php\/producto\/tarjeta-iclass-seos-8kb-clamshell-gruesa-tecnologia-segura-no-clonable-garantia-de-por-vida-5656pmsav\/","title":{"rendered":"Tarjeta iCLASS SEOS 8KB Clamshell (Gruesa)\/ Tecnolog\u00eda SEGURA, NO Clonable\/ Garant\u00eda de por Vida\/5656PMSAV"},"content":{"rendered":"<div style='width: 100%; max-width: 1200px; margin: 0 auto; font-family: sans-serif; line-height: 1.6; color: inherit; background-color: transparent;'>\n<div style='margin: 0; padding: 0; border: 0; vertical-align: baseline;'>\n<p style='margin: 0 0 15px;'> <strong>SEOS: S \u2013 Security Identity Object&comma; E \u2013 Enable&comma; O \u2013 On&comma; S \u2013 System<\/strong> <\/p>\n<p style='margin: 0 0 15px;'> La tarjeta inteligente iCLASS SEOS es una soluci\u00f3n de alta frecuencia para aumentar la seguridad&comma; la privacidad y la movilidad. Al ser una tecnolog\u00eda <strong>segura<\/strong>&comma; basada en est\u00e1ndares para administrar y autentificar las identidades&comma; la credencial de dise\u00f1o abierto puede ser utilizada para control de acceso f\u00edsico y l\u00f3gico. <\/p>\n<\/p><\/div>\n<div style='display: flex; flex-wrap: wrap; gap: 30px; margin-bottom: 30px;'>\n<div style='flex: 1 1 300px; min-width: 280px;'>\n<h3 style='font-size: 22px; border-bottom: 2px solid currentColor; padding-bottom: 5px; margin-top: 0; color: inherit; opacity: 0.8;'>Caracter\u00edsticas principales<\/h3>\n<ul style='padding-left: 20px; font-size: 15px; color: inherit; margin: 0;'>\n<li style='margin-bottom: 5px;'><strong>Referencia HID:<\/strong> 5656PMSAV<\/li>\n<li style='margin-bottom: 5px;'><strong>Caracter\u00edstica:<\/strong> Objetivo Seguro&comma; NO Clonable<\/li>\n<li style='margin-bottom: 5px;'><strong>Material:<\/strong> PVC<\/li>\n<li style='margin-bottom: 5px;'><strong>Memoria:<\/strong> 8 KB<\/li>\n<li style='margin-bottom: 5px;'><strong>Dimensiones:<\/strong> 5.4 x 8.57 x 0.084 cm<\/li>\n<\/ul><\/div>\n<div style='flex: 1 1 300px; min-width: 280px;'>\n<h3 style='font-size: 22px; border-bottom: 2px solid currentColor; padding-bottom: 5px; margin-top: 0; color: inherit; opacity: 0.8;'>Compatibilidad<\/h3>\n<ul style='padding-left: 20px; font-size: 15px; color: inherit; margin: 0;'>\n<li style='margin-bottom: 5px;'><strong>Lectores compatibles:<\/strong><\/li>\n<li style='margin-bottom: 5px;'><a href='https:\/\/www.syscom.mx\/producto\/R10X-HID-170786.html' target='_blank' rel='noopener'>R10X<\/a><\/li>\n<li style='margin-bottom: 5px;'><a href='https:\/\/www.syscom.mx\/producto\/R10SE-HID-97146.html' target='_blank' rel='noopener'>R10SE<\/a><\/li>\n<li style='margin-bottom: 5px;'><a href='https:\/\/www.syscom.mx\/producto\/SEIRP15-HID-69927.html' target='_blank' rel='noopener'>SEIRP15<\/a><\/li>\n<li style='margin-bottom: 5px;'><a href='https:\/\/www.syscom.mx\/producto\/R40SE-HID-136149.html' target='_blank' rel='noopener'>R40SE<\/a><\/li>\n<li style='margin-bottom: 5px;'><a href='https:\/\/www.syscom.mx\/producto\/R10BLU-HID-97144.html' target='_blank' rel='noopener'>R10BLU<\/a><\/li>\n<li style='margin-bottom: 5px;'><a href='https:\/\/www.syscom.mx\/producto\/R40BLU-HID-136148.html' target='_blank' rel='noopener'>R40BLU<\/a><\/li>\n<\/ul><\/div>\n<\/p><\/div>\n<div style='margin: 0; padding: 0; border: 0; vertical-align: baseline;'>\n<h3 style='font-size: 22px; border-bottom: 2px solid currentColor; padding-bottom: 5px; margin-top: 25px; margin-bottom: 15px; color: inherit; opacity: 0.8;'>Corporate 1000<\/h3>\n<p style='margin: 0 0 15px;'> Conozca que es <a href='http:\/\/ftp3.syscom.mx\/usuarios\/ftp\/2017\/09\/08\/ae5a5\/corporate1000_ds_es.pdf' target='_blank' rel='noopener'>Corporate 1000<\/a>. <\/p>\n<ul style='padding-left: 20px; font-size: 15px; color: inherit; margin: 0 0 20px 0;'>\n<li style='margin-bottom: 5px;'>Agregue un formato controlado por el usuario.<\/li>\n<li style='margin-bottom: 5px;'>Disponible en SYSCOM a 48 bits.<\/li>\n<li style='margin-bottom: 5px;'>Para formatos Corporate 1000 es necesario llenar una documentaci\u00f3n adicional al momento de la compra:<\/li>\n<ul style='padding-left: 20px; margin: 0 0 10px 0;'>\n<li style='margin-bottom: 5px;'><a href='http:\/\/ftp3.syscom.mx\/usuarios\/ftp\/2017\/09\/15\/96cc8\/Corporate_1000_nuevo.pdf' target='_blank' rel='noopener'>Solicitud<\/a> <a href='http:\/\/ftp3.syscom.mx\/usuarios\/ftp\/2018\/01\/16\/6a208\/Credential_Program_License_Agreement%20(1).pdf' target='_blank' rel='noopener'>Credential Program<\/a><\/li>\n<li style='margin-bottom: 5px;'><a href='http:\/\/ftp3.syscom.mx\/usuarios\/ftp\/2017\/09\/15\/e939a\/Corporate_1000_existente.pdf' target='_top'>Proyectos existentes<\/a><\/li>\n<\/ul>\n<li style='margin-bottom: 5px;'>Debe considerarse un <strong>costo adicional<\/strong> cuando se solicita este formato Corporativo&comma; al precio de lista de la tarjeta agregar el modelo <a href='https:\/\/www.syscom.mx\/principal\/searchcont?route=MC-1000-HID-156476&#038;autodetect=mc100' style='color: inherit; text-decoration: underline;'>MC-1000<\/a> correspondiente a un cargo por tarjeta por programar en C1000.<\/li>\n<\/ul><\/div>\n<div style='margin: 0; padding: 0; border: 0; vertical-align: baseline;'>\n<h3 style='font-size: 22px; border-bottom: 2px solid currentColor; padding-bottom: 5px; margin-top: 25px; margin-bottom: 15px; color: inherit; opacity: 0.8;'>Proceso de compra<\/h3>\n<p style='margin: 0 0 15px;'>Todas las tarjetas de HID son de programaci\u00f3n personalizadas por lo que es necesario proporcionar informaci\u00f3n adicional.<\/p>\n<ul style='padding-left: 20px; font-size: 15px; color: inherit; margin: 0 0 20px 0;'>\n<li style='margin-bottom: 5px;'>Es <strong>indispensable<\/strong> para procesar cualquier orden de compra:<\/li>\n<ul style='padding-left: 20px; margin: 0 0 10px 0;'>\n<li style='margin-bottom: 5px;'><strong>Formato:<\/strong> Confirmar que es H10301&comma; es decir&comma; 26 bits.<\/li>\n<li style='margin-bottom: 5px;'><strong>C\u00f3digo de sitio<\/strong> (Site Code \/ Facility Code): (0 a 255&comma; si es formato 26 bits H10301).<\/li>\n<li style='margin-bottom: 5px;'><strong>Consecutivo<\/strong> (rango): La numeraci\u00f3n que tendr\u00e1n las tarjetas (Entre 0-65535 si es a 26 bits H10301).<\/li>\n<li style='margin-bottom: 5px;'>Se puede llenar el siguiente <a href='http:\/\/ftp3.syscom.mx\/usuarios\/ftp\/2017\/09\/07\/36288\/FOR%207.4%20025%20CMP%20Formato%20para%20Solicitud%20de%20Tarjetas%20HID%20rev.%20001.docx' style='color: inherit; text-decoration: underline;'>formulario<\/a> y enviarlo a su ejecutivo de ventas para procesar su solicitud.<\/li>\n<\/ul>\n<li style='margin-bottom: 5px;'>En SYSCOM contamos con equipo <strong>especializado<\/strong> para la programaci\u00f3n de tarjetas en formato H10301&comma; por lo que una vez entregada la informaci\u00f3n y puesta la orden de compra&comma; el tiempo de entrega aproximado es de 3 d\u00edas salvo excepciones donde se confirme lo contrario por parte de su ejecutivo.<\/li>\n<li style='margin-bottom: 5px;'>En formatos diferentes a H10301 (26 bits) el m\u00ednimo de compra es 100 pzs&comma; adem\u00e1s es necesario solicitar validaci\u00f3n y tiempo de entrega al dpto de ingenieria.<\/li>\n<li style='margin-bottom: 5px;'>En formatos corporativos deber\u00e1 cotizar <a href='https:\/\/www.syscom.mx\/principal\/searchcont?route=MC-1000-HID-156476&#038;autodetect=mc1000' style='color: inherit; text-decoration: underline;'>MC-1000<\/a> y seguir el proceso ah\u00ed descrito.<\/li>\n<li style='margin-bottom: 5px;'>Cualquier variaci\u00f3n en el modelo o formato el tiempo de entrega estimado es de 3 semanas.<\/li>\n<li style='margin-bottom: 5px;'>Todas las compras de este modelo a trav\u00e9s de este portal est\u00e1n sujetas al env\u00edo de la informaci\u00f3n indispensable para procesar la compra.<\/li>\n<li style='margin-bottom: 5px;'><strong>Agregue Programa Elite<\/strong> (C\u00f3digo Encriptados)&comma; donde el usuario es due\u00f1o de su seguridad. Solamente tarjetas y lectores con la misma llave encriptada funcionar\u00e1n en conjunto. Garant\u00eda de provisi\u00f3n de tarjetas solo a integradores autorizados por usuarios final. Para cotizar agregue un dolar al precio de lista a esta tarjeta. Deber\u00e1 llenar el formato correspondiente (disponible en el \u00e1rea de recursos de esta p\u00e1gina).<\/li>\n<li style='margin-bottom: 5px;'><strong>Es recomendable si se tiene una tarjeta existente enviar a SYSCOM para su identificaci\u00f3n previa a la compra.<\/strong><\/li>\n<\/ul><\/div>\n<div style='margin: 0; padding: 0; border: 0; vertical-align: baseline;'>\n<p style='margin: 0 0 15px; font-weight: bold;'>Producto sobre pedido<\/p>\n<div style='width: 100%; margin: 20px 0;'> <img style='width: 100%; height: auto; border: 1px solid rgba(150&comma;150&comma;150&comma;0.3); border-radius: 8px;' src='http:\/\/ftp3.syscom.mx\/usuarios\/ftp\/2017\/09\/05\/91f4f\/pacs-apac-card-evolution-ig-en.jpg' alt=''> <\/div>\n<\/p><\/div>\n<div style='margin: 0; padding: 0; border: 0; vertical-align: baseline;'>\n<p style='margin: 0 0 15px; font-weight: bold;'>Es indispensable para ordenar indicar formato&comma; c\u00f3digo de sitio&comma; consecutivo de tarjeta. Por favor llenar el siguiente <a href='http:\/\/ftp3.syscom.mx\/usuarios\/ftp\/2017\/09\/07\/36288\/FOR%207.4%20025%20CMP%20Formato%20para%20Solicitud%20de%20Tarjetas%20HID%20rev.%20001.docx' style='color: inherit; text-decoration: underline;'>formulario.<\/a><\/p>\n<p style='margin: 0 0 15px; font-weight: bold;'>El m\u00ednimo de orden es 100 pzs<\/p>\n<\/p><\/div>\n<\/p><\/div>\n","protected":false},"excerpt":{"rendered":"<p>Tarjeta iCLASS SEOS 8KB Clamshell (Gruesa)\/ Tecnolog\u00eda SEGURA, NO Clonable\/ Garant\u00eda de por Vida\/5656PMSAV<\/p>\n","protected":false},"featured_media":28135,"comment_status":"open","ping_status":"closed","template":"","meta":[],"product_brand":[],"product_cat":[469],"product_tag":[93,814,470],"class_list":{"0":"post-28136","1":"product","2":"type-product","3":"status-publish","4":"has-post-thumbnail","6":"product_cat-tarjetas-y-tags","7":"product_tag-accesorios","8":"product_tag-hid","9":"product_tag-tarjetas-y-tags","11":"first","12":"outofstock","13":"sale","14":"shipping-taxable","15":"purchasable","16":"product-type-simple"},"_links":{"self":[{"href":"https:\/\/soydeaqui.ddns.net\/pachuca\/index.php\/wp-json\/wp\/v2\/product\/28136","targetHints":{"allow":["GET"]}}],"collection":[{"href":"https:\/\/soydeaqui.ddns.net\/pachuca\/index.php\/wp-json\/wp\/v2\/product"}],"about":[{"href":"https:\/\/soydeaqui.ddns.net\/pachuca\/index.php\/wp-json\/wp\/v2\/types\/product"}],"replies":[{"embeddable":true,"href":"https:\/\/soydeaqui.ddns.net\/pachuca\/index.php\/wp-json\/wp\/v2\/comments?post=28136"}],"wp:featuredmedia":[{"embeddable":true,"href":"https:\/\/soydeaqui.ddns.net\/pachuca\/index.php\/wp-json\/wp\/v2\/media\/28135"}],"wp:attachment":[{"href":"https:\/\/soydeaqui.ddns.net\/pachuca\/index.php\/wp-json\/wp\/v2\/media?parent=28136"}],"wp:term":[{"taxonomy":"product_brand","embeddable":true,"href":"https:\/\/soydeaqui.ddns.net\/pachuca\/index.php\/wp-json\/wp\/v2\/product_brand?post=28136"},{"taxonomy":"product_cat","embeddable":true,"href":"https:\/\/soydeaqui.ddns.net\/pachuca\/index.php\/wp-json\/wp\/v2\/product_cat?post=28136"},{"taxonomy":"product_tag","embeddable":true,"href":"https:\/\/soydeaqui.ddns.net\/pachuca\/index.php\/wp-json\/wp\/v2\/product_tag?post=28136"}],"curies":[{"name":"wp","href":"https:\/\/api.w.org\/{rel}","templated":true}]}}