{"id":28128,"date":"2026-03-18T12:50:52","date_gmt":"2026-03-18T12:50:52","guid":{"rendered":"https:\/\/soydeaqui.ddns.net\/pachuca\/index.php\/producto\/kit-de-barrera-vehicular-hidraulica-faac-615-incluye-brazo-de-perfil-rectangular-de-4-8-metros-ideal-para-accesos-de-medio-flujo\/"},"modified":"2026-03-18T12:50:52","modified_gmt":"2026-03-18T12:50:52","slug":"kit-de-barrera-vehicular-hidraulica-faac-615-incluye-brazo-de-perfil-rectangular-de-4-8-metros-ideal-para-accesos-de-medio-flujo","status":"publish","type":"product","link":"https:\/\/soydeaqui.ddns.net\/pachuca\/index.php\/producto\/kit-de-barrera-vehicular-hidraulica-faac-615-incluye-brazo-de-perfil-rectangular-de-4-8-metros-ideal-para-accesos-de-medio-flujo\/","title":{"rendered":"Kit de Barrera Vehicular Hidraulica FAAC 615 \/ Incluye Brazo de Perfil Rectangular de 4.8 metros \/ Ideal Para Accesos de Medio Flujo"},"content":{"rendered":"<div style='width: 100%; max-width: 1200px; margin: 0 auto; font-family: sans-serif; line-height: 1.6; color: inherit; background-color: transparent;'> <!-- Secci\u00f3n de caracter\u00edsticas --> <\/p>\n<div style='display: flex; flex-wrap: wrap; gap: 30px; margin-bottom: 30px;'>\n<div style='flex: 1 1 300px; min-width: 280px;'>\n<h3 style='font-size: 22px; border-bottom: 2px solid currentColor; padding-bottom: 5px; margin-top: 0; color: inherit; opacity: 0.8;'>Caracter\u00edsticas principales<\/h3>\n<ul style='padding-left: 20px; font-size: 15px; color: inherit;'>\n<li style='margin-bottom: 5px;'>Barrera vehicular hidr\u00e1ulica<\/li>\n<li style='margin-bottom: 5px;'>Protecci\u00f3n t\u00e9rmica 120 \u00b0C<\/li>\n<li style='margin-bottom: 5px;'>Temperatura de operaci\u00f3n -20\u00b0C a 55\u00b0C<\/li>\n<\/ul><\/div>\n<div style='flex: 1 1 300px; min-width: 280px;'>\n<h3 style='font-size: 22px; border-bottom: 2px solid currentColor; padding-bottom: 5px; margin-top: 0; color: inherit; opacity: 0.8;'>Caracter\u00edsticas F\u00edsicas y El\u00e9ctricas<\/h3>\n<ul style='padding-left: 20px; font-size: 15px; color: inherit;'>\n<li style='margin-bottom: 5px;'>Alimentaci\u00f3n 110 Vac<\/li>\n<li style='margin-bottom: 5px;'>Consumo el\u00e9ctrico 2 Amp<\/li>\n<li style='margin-bottom: 5px;'>Dimensiones 270 x 140 x 1065 mm<\/li>\n<\/ul><\/div>\n<div style='flex: 1 1 300px; min-width: 280px;'>\n<h3 style='font-size: 22px; border-bottom: 2px solid currentColor; padding-bottom: 5px; margin-top: 0; color: inherit; opacity: 0.8;'>Caracter\u00edsticas Destacadas<\/h3>\n<ul style='padding-left: 20px; font-size: 15px; color: inherit;'>\n<li style='margin-bottom: 5px;'>Liberaci\u00f3n manual por llave triangular<\/li>\n<li style='margin-bottom: 5px;'>Ideal para accesos de medio tr\u00e1fico<\/li>\n<li style='margin-bottom: 5px;'>Equipada con switches de l\u00edmite magn\u00e9ticos<\/li>\n<\/ul><\/div>\n<\/p><\/div>\n<p> <!-- Separador --> <\/p>\n<hr style='border: 0; border-top: 1px solid rgba(150&comma; 150&comma; 150&comma; 0.3); margin: 30px 0;'> <!-- Secci\u00f3n de contenido con imagen --> <\/p>\n<div style='display: flex; flex-wrap: wrap; gap: 30px; margin-bottom: 30px;'>\n<div style='flex: 1 1 300px; min-width: 280px;'>\n<h3 style='font-size: 22px; border-bottom: 2px solid currentColor; padding-bottom: 5px; margin-top: 0; color: inherit; opacity: 0.8;'>El modelo incluye<\/h3>\n<ul style='padding-left: 20px; font-size: 15px; color: inherit;'>\n<li style='margin-bottom: 5px;'>1 x <strong>1049062<\/strong> Barrera vehicular FAAC 615<\/li>\n<li style='margin-bottom: 5px;'>1 x <strong>428342<\/strong> Enganche para brazo rectangular<\/li>\n<li style='margin-bottom: 5px;'>1 x <strong>428091<\/strong> Brazo rectangular de 4.8 metros<\/li>\n<li style='margin-bottom: 5px;'>1 x <strong>721018<\/strong> Resorte balanceador #8 para barrera FAAC 615<\/li>\n<\/ul>\n<h3 style='font-size: 22px; border-bottom: 2px solid currentColor; padding-bottom: 5px; margin-top: 25px; margin-bottom: 15px; color: inherit; opacity: 0.8;'>Caracter\u00edsticas adicionales<\/h3>\n<ul style='padding-left: 20px; font-size: 15px; color: inherit;'>\n<li style='margin-bottom: 5px;'>Barrera hidr\u00e1ulica con cierre autom\u00e1tico<\/li>\n<li style='margin-bottom: 5px;'>Ideal para control de acceso vehicular de flujo semi intensivo<\/li>\n<li style='margin-bottom: 5px;'>Soporta dispositivos de seguridad<\/li>\n<li style='margin-bottom: 5px;'><strong>Compatible con iluminaci\u00f3n en brazo (Requiere accesorios no incluidos)<\/strong><\/li>\n<\/ul>\n<h3 style='font-size: 22px; border-bottom: 2px solid currentColor; padding-bottom: 5px; margin-top: 25px; margin-bottom: 15px; color: inherit; opacity: 0.8;'>Notas adicionales<\/h3>\n<ul style='padding-left: 20px; font-size: 15px; color: inherit;'>\n<li style='margin-bottom: 5px;'>contra defectos de fabricaci\u00f3n<\/li>\n<li style='margin-bottom: 5px;'><strong>Utilice aceite Shell Tellus 22 para su mantenimiento<\/strong><\/li>\n<li style='margin-bottom: 5px;'>Cualquier cambio en la longitud del brazo requiere una calibraci\u00f3n del brazo&comma; lo que puede llevar a un cambio de modelo del resorte (Se vende por separado)<\/li>\n<\/ul><\/div>\n<div style='flex: 1 1 300px; min-width: 280px;'> <img style='width: 100%; height: auto; border: 1px solid rgba(150&comma;150&comma;150&comma;0.3); border-radius: 8px;' src='https:\/\/ftp3.syscom.mx\/usuarios\/fotos\/BancoFotografiasSyscom\/FAAC\/FAAC615\/FAAC615-p.PNG' alt='Barrera Vehicular Hidraulica FAAC 615'> <\/div>\n<\/p><\/div>\n<p> <!-- Separador --> <\/p>\n<hr style='border: 0; border-top: 1px solid rgba(150&comma; 150&comma; 150&comma; 0.3); margin: 30px 0;'> <!-- Secci\u00f3n de cards con iluminaci\u00f3n y accesorios --> <\/p>\n<div style='display: flex; flex-wrap: wrap; gap: 20px; margin-bottom: 30px;'>\n<div style='flex: 1 1 250px; border: 1px solid rgba(150&comma; 150&comma; 150&comma; 0.4); border-radius: 8px; overflow: hidden; display: flex; flex-direction: column;'>\n<div style='padding: 15px; border-bottom: 1px solid rgba(150&comma; 150&comma; 150&comma; 0.2); font-weight: bold; font-size: 18px; color: inherit;'>Para agregar iluminaci\u00f3n al brazo se requieren los accesorios:<\/div>\n<div style='padding: 15px; color: inherit;'>\n<ul style='padding-left: 20px; margin: 0; font-size: 14px; list-style-type: disc;'>\n<li style='margin-bottom: 5px;'><strong>390081<\/strong> kit de tarjeta y cable conector para manguera led<\/li>\n<li style='margin-bottom: 5px;'><strong>390993<\/strong> Paquete de manguera led FAAC (incluye 12 metros)<\/li>\n<li style='margin-bottom: 5px;'><strong>390184<\/strong> Adaptador de iluminaci\u00f3n para brazo rectangular FAAC<\/li>\n<\/ul><\/div>\n<\/p><\/div>\n<div style='flex: 1 1 250px; border: 1px solid rgba(150&comma; 150&comma; 150&comma; 0.4); border-radius: 8px; overflow: hidden; display: flex; flex-direction: column;'>\n<div style='padding: 15px; border-bottom: 1px solid rgba(150&comma; 150&comma; 150&comma; 0.2); font-weight: bold; font-size: 18px; color: inherit;'>Accesorios opcionales<\/div>\n<div style='padding: 15px; color: inherit;'>\n<ul style='padding-left: 20px; margin: 0; font-size: 14px; list-style-type: disc;'>\n<li style='margin-bottom: 5px;'><strong>787856<\/strong> Receptor de frecuencia FAAC RP1 para controles remotos<\/li>\n<li style='margin-bottom: 5px;'><strong>787456<\/strong> Control remoto inal\u00e1mbrico FAAC XT4 de cuatro canales<\/li>\n<li style='margin-bottom: 5px;'><strong>785102<\/strong> Fotocelda FAAC XP20D con alcance de hasta 20 metros<\/li>\n<li style='margin-bottom: 5px;'><strong>428137<\/strong> Articulaci\u00f3n para brazos rectangulares en FAAC 615 y FAAC 620<\/li>\n<li style='margin-bottom: 5px;'><strong>490073<\/strong> Base de anclare para barrera FAAC 615<\/li>\n<li style='margin-bottom: 5px;'><strong>10-MATRIX-D-1224<\/strong> o <strong>10-MATRIX-IIS-1224<\/strong> sensores de masa<\/li>\n<li style='margin-bottom: 5px;'><strong>SYS-LM6<\/strong> Lazo magn\u00e9tico de 6 metros<\/li>\n<\/ul><\/div>\n<\/p><\/div>\n<\/p><\/div>\n<p> <!-- Nota final --> <\/p>\n<div style='background-color: rgba(0&comma; 145&comma; 255&comma; 0.05); border-left: 4px solid #0091ff; padding: 15px; border-radius: 4px; margin-bottom: 30px;'>\n<p style='margin: 0; font-size: 15px; color: inherit;'>NOTA: Considerar descansabrazos <a href='https:\/\/www.syscom.mx\/principal\/searchcont?route=XB-POST-AccessPRO-Industrial-183352&#038;autodetect=xbpost' target='_blank' rel='noopener' style='color: #0091ff; text-decoration: none; font-weight: bold;'>XB-POST<\/a> en brazos de 4 m o m\u00e1s para evitar da\u00f1o prematuro del mecanismo<\/p>\n<\/p><\/div>\n<\/p><\/div>\n","protected":false},"excerpt":{"rendered":"<p>Kit de Barrera Vehicular Hidraulica FAAC 615 \/ Incluye Brazo de Perfil Rectangular de 4.8 metros \/ Ideal Para Accesos de Medio Flujo<\/p>\n","protected":false},"featured_media":28127,"comment_status":"open","ping_status":"closed","template":"","meta":[],"product_brand":[],"product_cat":[748],"product_tag":[401,749,778],"class_list":{"0":"post-28128","1":"product","2":"type-product","3":"status-publish","4":"has-post-thumbnail","6":"product_cat-barreras-vehiculares","7":"product_tag-acceso-vehicular","8":"product_tag-barreras-vehiculares","9":"product_tag-faac","11":"first","12":"outofstock","13":"sale","14":"shipping-taxable","15":"purchasable","16":"product-type-simple"},"_links":{"self":[{"href":"https:\/\/soydeaqui.ddns.net\/pachuca\/index.php\/wp-json\/wp\/v2\/product\/28128","targetHints":{"allow":["GET"]}}],"collection":[{"href":"https:\/\/soydeaqui.ddns.net\/pachuca\/index.php\/wp-json\/wp\/v2\/product"}],"about":[{"href":"https:\/\/soydeaqui.ddns.net\/pachuca\/index.php\/wp-json\/wp\/v2\/types\/product"}],"replies":[{"embeddable":true,"href":"https:\/\/soydeaqui.ddns.net\/pachuca\/index.php\/wp-json\/wp\/v2\/comments?post=28128"}],"wp:featuredmedia":[{"embeddable":true,"href":"https:\/\/soydeaqui.ddns.net\/pachuca\/index.php\/wp-json\/wp\/v2\/media\/28127"}],"wp:attachment":[{"href":"https:\/\/soydeaqui.ddns.net\/pachuca\/index.php\/wp-json\/wp\/v2\/media?parent=28128"}],"wp:term":[{"taxonomy":"product_brand","embeddable":true,"href":"https:\/\/soydeaqui.ddns.net\/pachuca\/index.php\/wp-json\/wp\/v2\/product_brand?post=28128"},{"taxonomy":"product_cat","embeddable":true,"href":"https:\/\/soydeaqui.ddns.net\/pachuca\/index.php\/wp-json\/wp\/v2\/product_cat?post=28128"},{"taxonomy":"product_tag","embeddable":true,"href":"https:\/\/soydeaqui.ddns.net\/pachuca\/index.php\/wp-json\/wp\/v2\/product_tag?post=28128"}],"curies":[{"name":"wp","href":"https:\/\/api.w.org\/{rel}","templated":true}]}}