{"id":28126,"date":"2026-03-18T12:50:50","date_gmt":"2026-03-18T12:50:50","guid":{"rendered":"https:\/\/soydeaqui.ddns.net\/pachuca\/index.php\/producto\/kit-de-barrera-vehicular-faac-640-incluye-brazo-de-7-metros\/"},"modified":"2026-03-18T12:50:51","modified_gmt":"2026-03-18T12:50:51","slug":"kit-de-barrera-vehicular-faac-640-incluye-brazo-de-7-metros","status":"publish","type":"product","link":"https:\/\/soydeaqui.ddns.net\/pachuca\/index.php\/producto\/kit-de-barrera-vehicular-faac-640-incluye-brazo-de-7-metros\/","title":{"rendered":"Kit de Barrera Vehicular FAAC 640 \/ Incluye Brazo de 7 Metros"},"content":{"rendered":"<div style='width: 100%; max-width: 1200px; margin: 0 auto; font-family: sans-serif; line-height: 1.6; color: inherit; background-color: transparent;'>\n<div style='display: flex; flex-wrap: wrap; gap: 30px; margin-bottom: 30px;'>\n<div style='flex: 1 1 300px; min-width: 280px;'>\n<h3 style='font-size: 22px; border-bottom: 2px solid currentColor; padding-bottom: 5px; margin-top: 0; color: inherit; opacity: 0.8;'>Caracter\u00edsticas principales<\/h3>\n<ul style='padding-left: 20px; font-size: 15px; color: inherit;'>\n<li style='margin-bottom: 5px;'>Barrera con sistema hidr\u00e1ulico<\/li>\n<li style='margin-bottom: 5px;'>Sensor de masa de dos canales integrado en la tablilla<\/li>\n<li style='margin-bottom: 5px;'>Equipo de uso intensivo<\/li>\n<\/ul><\/div>\n<div style='flex: 1 1 300px; min-width: 280px;'>\n<h3 style='font-size: 22px; border-bottom: 2px solid currentColor; padding-bottom: 5px; margin-top: 0; color: inherit; opacity: 0.8;'>Caracter\u00edsticas F\u00edsicas y El\u00e9ctricas<\/h3>\n<ul style='padding-left: 20px; font-size: 15px; color: inherit;'>\n<li style='margin-bottom: 5px;'>Alimentaci\u00f3n 220V<\/li>\n<li style='margin-bottom: 5px;'>Protecci\u00f3n t\u00e9rmica 120\u00b0C<\/li>\n<li style='margin-bottom: 5px;'>Grado de protecci\u00f3n IP54<\/li>\n<li style='margin-bottom: 5px;'>Peso del equipo 84 kg<\/li>\n<\/ul><\/div>\n<div style='flex: 1 1 300px; min-width: 280px;'>\n<h3 style='font-size: 22px; border-bottom: 2px solid currentColor; padding-bottom: 5px; margin-top: 0; color: inherit; opacity: 0.8;'>Caracter\u00edsticas Destacadas<\/h3>\n<ul style='padding-left: 20px; font-size: 15px; color: inherit;'>\n<li style='margin-bottom: 5px;'>Ideal para el control de \u00e1reas grandes&comma; tales como estacionamientos&comma; centros comerciales&comma; hospitales&comma; parques industriales&comma; etc.<\/li>\n<li style='margin-bottom: 5px;'>Longitud de la pluma 7 metros<\/li>\n<\/ul><\/div>\n<\/p><\/div>\n<hr style='border: 0; border-top: 1px solid rgba(150&comma; 150&comma; 150&comma; 0.3); margin: 30px 0;'>\n<div style='display: flex; flex-wrap: wrap; gap: 30px;'>\n<div style='flex: 1 1 500px; min-width: 280px;'>\n<h3 style='font-size: 22px; border-bottom: 2px solid currentColor; padding-bottom: 5px; margin-top: 0; color: inherit; opacity: 0.8;'>El kit incluye<\/h3>\n<ul style='padding-left: 20px; font-size: 15px; color: inherit;'>\n<li style='margin-bottom: 5px;'><strong>1046858<\/strong> Barrera hidr\u00e1ulica FAAC640<\/li>\n<li style='margin-bottom: 5px;'><strong>428064<\/strong> Pluma rectangular de 7 metros para FAAC640<\/li>\n<li style='margin-bottom: 5px;'><strong>428154<\/strong> Tasca o enganche blanca para pluma rectangular<\/li>\n<li style='margin-bottom: 5px;'><strong>490059<\/strong> Base o ancla para barrera FAAC 640<\/li>\n<\/ul>\n<h3 style='font-size: 22px; border-bottom: 2px solid currentColor; padding-bottom: 5px; margin-top: 25px; color: inherit; opacity: 0.8;'>Caracter\u00edsticas especiales<\/h3>\n<ul style='padding-left: 20px; font-size: 15px; color: inherit;'>\n<li style='margin-bottom: 5px;'>Sistema de frenado electr\u00f3nico que permite un movimiento m\u00e1s suave y fluido en la barrera&comma; extendiendo la vida \u00fatil del equipo.<\/li>\n<li style='margin-bottom: 5px;'>Sensor de masa de dos canales integrado en la tablilla.<\/li>\n<\/ul><\/div>\n<div style='flex: 1 1 500px; min-width: 280px;'> <img style='width: 100%; height: auto; border: 1px solid rgba(150&comma;150&comma;150&comma;0.3); border-radius: 8px;' src='https:\/\/ftp3.syscom.mx\/usuarios\/anavarrete\/FAAC\/FAAC640.jpg' alt=''> <\/div>\n<\/p><\/div>\n<hr style='border: 0; border-top: 1px solid rgba(150&comma; 150&comma; 150&comma; 0.3); margin: 30px 0;'>\n<div style='display: flex; flex-wrap: wrap; gap: 30px;'>\n<div style='flex: 1 1 500px; min-width: 280px;'> <img style='width: 100%; height: auto; border: 1px solid rgba(150&comma;150&comma;150&comma;0.3); border-radius: 8px;' src='https:\/\/ftp3.syscom.mx\/usuarios\/anavarrete\/FAAC\/FAAC640-1.jpg' alt=''> <\/div>\n<div style='flex: 1 1 500px; min-width: 280px;'>\n<h3 style='font-size: 22px; border-bottom: 2px solid currentColor; padding-bottom: 5px; margin-top: 0; color: inherit; opacity: 0.8;'>Uso<\/h3>\n<ul style='padding-left: 20px; font-size: 15px; color: inherit;'>\n<li style='margin-bottom: 5px;'>Residencial&comma; Comercial e industrial<\/li>\n<li style='margin-bottom: 5px;'>Equipo de uso continuo<\/li>\n<\/ul>\n<p style='color: inherit;'>La gama de barreras FAAC est\u00e1 dotada de un seguro hidr\u00e1ulico anti aplastamiento&comma; bloqueo de retenci\u00f3n en cierre y apertura&comma; desbloqueo manual con llave triangular&comma; gabinete en acero resistente.<\/p>\n<h3 style='font-size: 22px; border-bottom: 2px solid currentColor; padding-bottom: 5px; margin-top: 25px; color: inherit; opacity: 0.8;'>Garant\u00eda<\/h3>\n<ul style='padding-left: 20px; font-size: 15px; color: inherit;'>\n<li style='margin-bottom: 5px;'>1 a\u00f1o contra defectos de f\u00e1brica<\/li>\n<\/ul><\/div>\n<\/p><\/div>\n<hr style='border: 0; border-top: 1px solid rgba(150&comma; 150&comma; 150&comma; 0.3); margin: 30px 0;'>\n<div style='margin-top: 30px;'>\n<p style='color: inherit; font-size: 15px;'>NOTA: Considerar descansabrazos <a style='color: #0091ff; text-decoration: none;' href='https:\/\/www.syscom.mx\/principal\/searchcont?route=XB-POST-AccessPRO-Industrial-183352&#038;autodetect=xbpost' target='_blank' rel='noopener'>XB-POST<\/a> en brazos de 4 m o m\u00e1s para evitar da\u00f1o prematuro del mecanismo.<\/p>\n<\/p><\/div>\n<\/p><\/div>\n","protected":false},"excerpt":{"rendered":"<p>Kit de Barrera Vehicular FAAC 640 \/ Incluye Brazo de 7 Metros<\/p>\n","protected":false},"featured_media":28125,"comment_status":"open","ping_status":"closed","template":"","meta":[],"product_brand":[],"product_cat":[748],"product_tag":[401,749,778],"class_list":{"0":"post-28126","1":"product","2":"type-product","3":"status-publish","4":"has-post-thumbnail","6":"product_cat-barreras-vehiculares","7":"product_tag-acceso-vehicular","8":"product_tag-barreras-vehiculares","9":"product_tag-faac","11":"first","12":"outofstock","13":"sale","14":"shipping-taxable","15":"purchasable","16":"product-type-simple"},"_links":{"self":[{"href":"https:\/\/soydeaqui.ddns.net\/pachuca\/index.php\/wp-json\/wp\/v2\/product\/28126","targetHints":{"allow":["GET"]}}],"collection":[{"href":"https:\/\/soydeaqui.ddns.net\/pachuca\/index.php\/wp-json\/wp\/v2\/product"}],"about":[{"href":"https:\/\/soydeaqui.ddns.net\/pachuca\/index.php\/wp-json\/wp\/v2\/types\/product"}],"replies":[{"embeddable":true,"href":"https:\/\/soydeaqui.ddns.net\/pachuca\/index.php\/wp-json\/wp\/v2\/comments?post=28126"}],"wp:featuredmedia":[{"embeddable":true,"href":"https:\/\/soydeaqui.ddns.net\/pachuca\/index.php\/wp-json\/wp\/v2\/media\/28125"}],"wp:attachment":[{"href":"https:\/\/soydeaqui.ddns.net\/pachuca\/index.php\/wp-json\/wp\/v2\/media?parent=28126"}],"wp:term":[{"taxonomy":"product_brand","embeddable":true,"href":"https:\/\/soydeaqui.ddns.net\/pachuca\/index.php\/wp-json\/wp\/v2\/product_brand?post=28126"},{"taxonomy":"product_cat","embeddable":true,"href":"https:\/\/soydeaqui.ddns.net\/pachuca\/index.php\/wp-json\/wp\/v2\/product_cat?post=28126"},{"taxonomy":"product_tag","embeddable":true,"href":"https:\/\/soydeaqui.ddns.net\/pachuca\/index.php\/wp-json\/wp\/v2\/product_tag?post=28126"}],"curies":[{"name":"wp","href":"https:\/\/api.w.org\/{rel}","templated":true}]}}