{"id":28120,"date":"2026-03-18T12:50:41","date_gmt":"2026-03-18T12:50:41","guid":{"rendered":"https:\/\/soydeaqui.ddns.net\/pachuca\/index.php\/producto\/kit-de-barrera-faac-620-rpd-con-pluma-rectangular-sin-iluminacion-equipo-hidraulico-de-uso-intensivo-hasta-2-millones-de-ciclos-antes-de-presentar-una-falla-severa\/"},"modified":"2026-03-18T12:50:47","modified_gmt":"2026-03-18T12:50:47","slug":"kit-de-barrera-faac-620-rpd-con-pluma-rectangular-sin-iluminacion-equipo-hidraulico-de-uso-intensivo-hasta-2-millones-de-ciclos-antes-de-presentar-una-falla-severa","status":"publish","type":"product","link":"https:\/\/soydeaqui.ddns.net\/pachuca\/index.php\/producto\/kit-de-barrera-faac-620-rpd-con-pluma-rectangular-sin-iluminacion-equipo-hidraulico-de-uso-intensivo-hasta-2-millones-de-ciclos-antes-de-presentar-una-falla-severa\/","title":{"rendered":"Kit de Barrera FAAC 620 RPD con Pluma Rectangular sin Iluminaci\u00f3n \/ Equipo Hidr\u00e1ulico de Uso Intensivo \/ Hasta 2 Millones de Ciclos Antes de Presentar una Falla Severa"},"content":{"rendered":"<div style='width: 100%; max-width: 1200px; margin: 0 auto; font-family: sans-serif; line-height: 1.6; color: inherit; background-color: transparent;'> <!-- Secci\u00f3n de caracter\u00edsticas en 3 columnas --> <\/p>\n<div style='display: flex; flex-wrap: wrap; gap: 30px; margin-bottom: 30px;'>\n<div style='flex: 1 1 300px; min-width: 280px;'>\n<div style='border-left: 5px solid #0091ff; border-radius: 5px; padding: 15px; box-shadow: 2px 2px 10px rgba(216&comma;216&comma;216&comma;0.5);'> <strong style='font-size: 16px; color: inherit; margin-bottom: 10px; display: block;'>Caracter\u00edsticas principales:<\/strong> <\/p>\n<ul style='padding-left: 20px; font-size: 14px; color: inherit; list-style-type: disc;'>\n<li style='margin-bottom: 5px;'>Barrera de uso continuo<\/li>\n<li style='margin-bottom: 5px;'>FAAC 620 Versi\u00f3n RPD<\/li>\n<li style='margin-bottom: 5px;'>Barrera de tecnolog\u00eda Hidr\u00e1ulica.<\/li>\n<li style='margin-bottom: 5px;'>Sentido configurable en sitio.<\/li>\n<\/ul><\/div>\n<\/p><\/div>\n<div style='flex: 1 1 300px; min-width: 280px;'>\n<div style='border-left: 5px solid #0091ff; border-radius: 5px; padding: 15px; box-shadow: 2px 2px 10px rgba(216&comma;216&comma;216&comma;0.5);'> <strong style='font-size: 16px; color: inherit; margin-bottom: 10px; display: block;'>Caracter\u00edsticas F\u00edsicas y El\u00e9ctricas:<\/strong> <\/p>\n<ul style='padding-left: 20px; font-size: 14px; color: inherit; list-style-type: disc;'>\n<li style='margin-bottom: 5px;'>Alimentaci\u00f3n de 220 VAC<\/li>\n<li style='margin-bottom: 5px;'>Grado de protecci\u00f3n IP44<\/li>\n<li style='margin-bottom: 5px;'>Protecci\u00f3n t\u00e9rmica 120\u00b0C<\/li>\n<li style='margin-bottom: 5px;'>Peso 73 kg<\/li>\n<\/ul><\/div>\n<\/p><\/div>\n<div style='flex: 1 1 300px; min-width: 280px;'>\n<div style='border-left: 5px solid #0091ff; border-radius: 5px; padding: 15px; box-shadow: 2px 2px 10px rgba(216&comma;216&comma;216&comma;0.5);'> <strong style='font-size: 16px; color: inherit; margin-bottom: 10px; display: block;'>Caracter\u00edsticas Destacadas:<\/strong> <\/p>\n<ul style='padding-left: 20px; font-size: 14px; color: inherit; list-style-type: disc;'>\n<li style='margin-bottom: 5px;'>Hasta 2 millones de ciclos antes de falla severa.<\/li>\n<li style='margin-bottom: 5px;'>Soporta brazo de hasta 3.8 metros.<\/li>\n<li style='margin-bottom: 5px;'>Tiempo de apertura 3 segundos.<\/li>\n<li style='margin-bottom: 5px;'>Equipo de uso residencial&comma; Comercial e Industrial.<\/li>\n<\/ul><\/div>\n<\/p><\/div>\n<\/p><\/div>\n<p> <!-- Separador --> <\/p>\n<hr style='border: 0; border-top: 1px solid rgba(150&comma; 150&comma; 150&comma; 0.3); margin: 30px 0;'> <!-- Secci\u00f3n de contenido principal --> <\/p>\n<div style='display: flex; flex-wrap: wrap; gap: 30px; margin-bottom: 30px;'>\n<div style='flex: 1 1 400px; min-width: 280px;'>\n<h3 style='font-size: 20px; border-bottom: 2px solid currentColor; padding-bottom: 5px; margin-top: 0; color: inherit; opacity: 0.8;'>El Modelo FAAC620 incluye:<\/h3>\n<ul style='padding-left: 20px; font-size: 14px; color: inherit; list-style-type: disc;'>\n<li style='margin-bottom: 5px;'>1 x <strong>1046358<\/strong> Barrera Hidr\u00e1ulica FAAC 620 RPD de uso contin\u00fao.<\/li>\n<li style='margin-bottom: 5px;'>1 x <strong>428090<\/strong> Brazo de perfil rectangular de 3.8 metros de longitud con bandas rojas incluidas.<\/li>\n<li style='margin-bottom: 5px;'>1 x <strong>428342<\/strong> Enganche para brazo rectangular.<\/li>\n<\/ul>\n<h3 style='font-size: 20px; border-bottom: 2px solid currentColor; padding-bottom: 5px; margin-top: 25px; color: inherit; opacity: 0.8;'>Caracter\u00edsticas adicionales:<\/h3>\n<ul style='padding-left: 20px; font-size: 14px; color: inherit; list-style-type: disc;'>\n<li style='margin-bottom: 5px;'>Sistema de frenado electr\u00f3nico que permite un movimiento m\u00e1s suave y fluido en la barrera&comma; extendiendo la vida \u00fatil del mecanismo<\/li>\n<li style='margin-bottom: 5px;'>Sensor de masa de dos canales integrado en la tablilla.<\/li>\n<li style='margin-bottom: 5px;'>Tablilla 624 BLD de l\u00f3gica programable.<\/li>\n<li style='margin-bottom: 5px;'>Medidas del equipo 350 x 1080 x 170 mm.<\/li>\n<li style='margin-bottom: 5px;'>Se requiere conexi\u00f3n bif\u00e1sica para su alimentaci\u00f3n.<\/li>\n<\/ul><\/div>\n<div style='flex: 1 1 400px; min-width: 280px;'> <img style='width: 100%; height: auto; border: 1px solid rgba(150&comma;150&comma;150&comma;0.3); border-radius: 8px;' src='https:\/\/ftp3.syscom.mx\/usuarios\/fotos\/BancoFotografiasSyscom\/FAAC\/FAAC620\/FAAC620-p.PNG' alt=''> <\/div>\n<\/p><\/div>\n<p> <!-- Separador --> <\/p>\n<hr style='border: 0; border-top: 1px solid rgba(150&comma; 150&comma; 150&comma; 0.3); margin: 30px 0;'> <!-- Secci\u00f3n de accesorios de iluminaci\u00f3n --> <\/p>\n<div style='margin-bottom: 30px;'>\n<h2 style='font-size: 18px; text-align: center; color: inherit; margin-bottom: 15px;'>\u00bfQu\u00e9 accesorios debo agregar para iluminar el brazo o m\u00e1stil?<\/h2>\n<div style='display: flex; flex-wrap: wrap; justify-content: center; gap: 15px;'>\n<p style='margin: 5px 0; font-size: 14px; color: inherit;'><strong>390184<\/strong> Adaptador de iluminaci\u00f3n para brazo rectangular.<\/p>\n<p style='margin: 5px 0; font-size: 14px; color: inherit;'><strong>390992<\/strong> Conector para manguera led para barreras FAAC<\/p>\n<p style='margin: 5px 0; font-size: 14px; color: inherit;'><strong>390993<\/strong> Manguera led color Rojo (Paquete con 12 metros).<\/p>\n<\/p><\/div>\n<\/p><\/div>\n<p> <!-- Separador --> <\/p>\n<hr style='border: 0; border-top: 1px solid rgba(150&comma; 150&comma; 150&comma; 0.3); margin: 30px 0;'> <!-- Secci\u00f3n de accesorios adicionales --> <\/p>\n<div style='margin-bottom: 30px;'>\n<h2 style='font-size: 18px; text-align: center; color: inherit; margin-bottom: 15px;'>\u00bfQu\u00e9 accesorios puedo agregar a mi instalaci\u00f3n?<\/h2>\n<div style='display: flex; flex-wrap: wrap; justify-content: center; gap: 15px;'>\n<p style='margin: 5px 0; font-size: 14px; color: inherit;'><strong>787856<\/strong> Receptor de frecuencia FAAC RP1<\/p>\n<p style='margin: 5px 0; font-size: 14px; color: inherit;'><strong>787456<\/strong> Control remoto FAAC XT4 de 4 canales<\/p>\n<p style='margin: 5px 0; font-size: 14px; color: inherit;'><strong>428137<\/strong> Articulaci\u00f3n para brazo rectangular.<\/p>\n<p style='margin: 5px 0; font-size: 14px; color: inherit;'><strong>785102<\/strong> Fotocelda infrarroja FAAC XP20D con alcance de 20 metros<\/p>\n<p style='margin: 5px 0; font-size: 14px; color: inherit;'><strong>10-MATRIX-IIS-1224<\/strong> Sensor de masa de un canal marca BEA<\/p>\n<p style='margin: 5px 0; font-size: 14px; color: inherit;'><strong>SYS-LM6<\/strong> Lazo magn\u00e9tico de 6 metros<\/p>\n<p style='margin: 5px 0; font-size: 14px; color: inherit;'><strong>XBS-RDA-09<\/strong> Radar para barreras con alcance de hasta 6 metros.<\/p>\n<\/p><\/div>\n<\/p><\/div>\n<p> <!-- Separador --> <\/p>\n<hr style='border: 0; border-top: 1px solid rgba(150&comma; 150&comma; 150&comma; 0.3); margin: 30px 0;'> <!-- Secci\u00f3n de aplicaci\u00f3n y notas --> <\/p>\n<div style='margin-bottom: 30px;'>\n<p style='text-align: center; font-size: 14px; color: inherit; margin: 10px 0;'><strong>Ideal para el control de \u00e1reas grandes&comma; tales como estacionamientos&comma; centros comerciales&comma; hospitales&comma; parques industriales&comma; etc.<\/strong><\/p>\n<p style='text-align: center; font-size: 14px; color: inherit; margin: 10px 0;'><strong>La gama de barreras FAAC est\u00e1 dotada de un seguro hidr\u00e1ulico anti aplastamiento&comma; bloqueo de retenci\u00f3n en cierre y apertura&comma; desbloqueo manual con llave triangular&comma; gabinete en acero resistente a colisiones.<\/strong><\/p>\n<\/p><\/div>\n<p> <!-- Separador --> <\/p>\n<hr style='border: 0; border-top: 1px solid rgba(150&comma; 150&comma; 150&comma; 0.3); margin: 30px 0;'> <!-- Secci\u00f3n de notas adicionales --> <\/p>\n<div style='margin-bottom: 30px;'>\n<h2 style='font-size: 18px; text-align: center; color: inherit; margin-bottom: 15px;'>Notas adicionales:<\/h2>\n<div style='display: flex; flex-direction: column; gap: 10px; align-items: center;'>\n<p style='text-align: center; font-size: 14px; color: inherit; margin: 5px 0;'>La barrera cuenta con contra defectos de fabricaci\u00f3n.<\/p>\n<p style='text-align: center; font-size: 14px; color: inherit; margin: 5px 0;'>El kit FAAC620R es compatible con iluminaci\u00f3n&comma; se deben de adquirir accesorios no incluidos.<\/p>\n<p style='text-align: center; font-size: 14px; color: inherit; margin: 5px 0;'>Los cambios hechos en el m\u00e1stil necesitan una calibraci\u00f3n de la barrera&comma; lo que puede llevar a hacer un cambio del resorte interno de la barrera.<\/p>\n<p style='text-align: center; font-size: 14px; color: inherit; margin: 5px 0;'><strong>Para la calibraci\u00f3n de la barrera tome en cuenta la siguiente <a style='color: #0091ff; text-decoration: none;' href='https:\/\/ftp3.syscom.mx\/usuarios\/fotos\/FAAC620R\/189187-calibracion_barrera_faac620.jpg' target='_blank' rel='noopener'>NOTA<\/a><\/strong><\/p>\n<p style='text-align: center; font-size: 14px; color: inherit; margin: 5px 0;'><strong>Para su mantenimiento utilice aceite Shell Tellus 22.<\/strong><\/p>\n<\/p><\/div>\n<\/p><\/div>\n<p> <!-- Separador --> <\/p>\n<hr style='border: 0; border-top: 1px solid rgba(150&comma; 150&comma; 150&comma; 0.3); margin: 30px 0;'> <!-- Secci\u00f3n de videos --> <\/p>\n<div style='display: flex; flex-wrap: wrap; gap: 30px; justify-content: center; margin-bottom: 30px;'>\n<div style='flex: 1 1 300px; min-width: 280px; position: relative; padding-bottom: 56.25%; height: 0; overflow: hidden;'>   <\/div>\n<div style='flex: 1 1 300px; min-width: 280px; position: relative; padding-bottom: 56.25%; height: 0; overflow: hidden;'>   <\/div>\n<div style='flex: 1 1 300px; min-width: 280px; position: relative; padding-bottom: 56.25%; height: 0; overflow: hidden;'>   <\/div>\n<\/p><\/div>\n<\/p><\/div>\n","protected":false},"excerpt":{"rendered":"<p>Kit de Barrera FAAC 620 RPD con Pluma Rectangular sin Iluminaci\u00f3n \/ Equipo Hidr\u00e1ulico de Uso Intensivo \/ Hasta 2 Millones de Ciclos Antes de Presentar una Falla Severa<\/p>\n","protected":false},"featured_media":28119,"comment_status":"open","ping_status":"closed","template":"","meta":[],"product_brand":[],"product_cat":[748],"product_tag":[401,749,778],"class_list":{"0":"post-28120","1":"product","2":"type-product","3":"status-publish","4":"has-post-thumbnail","6":"product_cat-barreras-vehiculares","7":"product_tag-acceso-vehicular","8":"product_tag-barreras-vehiculares","9":"product_tag-faac","11":"first","12":"instock","13":"sale","14":"shipping-taxable","15":"purchasable","16":"product-type-simple"},"_links":{"self":[{"href":"https:\/\/soydeaqui.ddns.net\/pachuca\/index.php\/wp-json\/wp\/v2\/product\/28120","targetHints":{"allow":["GET"]}}],"collection":[{"href":"https:\/\/soydeaqui.ddns.net\/pachuca\/index.php\/wp-json\/wp\/v2\/product"}],"about":[{"href":"https:\/\/soydeaqui.ddns.net\/pachuca\/index.php\/wp-json\/wp\/v2\/types\/product"}],"replies":[{"embeddable":true,"href":"https:\/\/soydeaqui.ddns.net\/pachuca\/index.php\/wp-json\/wp\/v2\/comments?post=28120"}],"wp:featuredmedia":[{"embeddable":true,"href":"https:\/\/soydeaqui.ddns.net\/pachuca\/index.php\/wp-json\/wp\/v2\/media\/28119"}],"wp:attachment":[{"href":"https:\/\/soydeaqui.ddns.net\/pachuca\/index.php\/wp-json\/wp\/v2\/media?parent=28120"}],"wp:term":[{"taxonomy":"product_brand","embeddable":true,"href":"https:\/\/soydeaqui.ddns.net\/pachuca\/index.php\/wp-json\/wp\/v2\/product_brand?post=28120"},{"taxonomy":"product_cat","embeddable":true,"href":"https:\/\/soydeaqui.ddns.net\/pachuca\/index.php\/wp-json\/wp\/v2\/product_cat?post=28120"},{"taxonomy":"product_tag","embeddable":true,"href":"https:\/\/soydeaqui.ddns.net\/pachuca\/index.php\/wp-json\/wp\/v2\/product_tag?post=28120"}],"curies":[{"name":"wp","href":"https:\/\/api.w.org\/{rel}","templated":true}]}}