{"id":28090,"date":"2026-03-18T12:49:58","date_gmt":"2026-03-18T12:49:58","guid":{"rendered":"https:\/\/soydeaqui.ddns.net\/pachuca\/index.php\/producto\/tarjeta-de-proximidad-isoprox-ii-sin-programar-pvc-garantia-de-por-vida\/"},"modified":"2026-03-18T12:49:59","modified_gmt":"2026-03-18T12:49:59","slug":"tarjeta-de-proximidad-isoprox-ii-sin-programar-pvc-garantia-de-por-vida","status":"publish","type":"product","link":"https:\/\/soydeaqui.ddns.net\/pachuca\/index.php\/producto\/tarjeta-de-proximidad-isoprox-ii-sin-programar-pvc-garantia-de-por-vida\/","title":{"rendered":"Tarjeta de Proximidad ISOProx II \/ SIN PROGRAMAR\/ PVC\/ Garant\u00eda de por Vida"},"content":{"rendered":"<div style='width: 100%; max-width: 1200px; margin: 0 auto; font-family: sans-serif; line-height: 1.6; color: inherit; background-color: transparent;'>\n<div style='display: flex; flex-wrap: wrap; gap: 30px; margin-bottom: 30px;'>\n<div style='flex: 1 1 300px; min-width: 280px;'>\n<h3 style='font-size: 22px; border-bottom: 2px solid currentColor; padding-bottom: 5px; margin-top: 0; color: inherit; opacity: 0.8;'>Caracter\u00edsticas<\/h3>\n<ul style='padding-left: 20px; font-size: 15px; color: inherit;'>\n<li style='margin-bottom: 5px;'><strong>Programaci\u00f3n:<\/strong> Tarjeta virgen sin programaci\u00f3n<\/li>\n<li style='margin-bottom: 5px;'><strong>Referencia:<\/strong> 1586LGGMN (diferente a 1386&comma; con material m\u00e1s resistente)<\/li>\n<li style='margin-bottom: 5px;'><strong>Material:<\/strong> PVC para mayor resistencia al uso cotidiano<\/li>\n<li style='margin-bottom: 5px;'><strong>Compatibilidad:<\/strong> Lectores HID PROX<\/li>\n<li style='margin-bottom: 5px;'><strong>Dimensiones:<\/strong> 5.4 x 8.6 x 0.076 mm<\/li>\n<li style='margin-bottom: 5px;'><strong>Impresi\u00f3n:<\/strong> Imprimible por ambos lados<\/li>\n<li style='margin-bottom: 5px;'><strong>Perforaci\u00f3n:<\/strong> Ubicaciones marcadas con 3 puntos en la parte posterior (si no est\u00e1n presentes&comma; no se puede perforar)<\/li>\n<li style='margin-bottom: 5px;'><strong>Garant\u00eda:<\/strong> De por vida<\/li>\n<li style='margin-bottom: 5px;'><strong>Observaci\u00f3n:<\/strong> La tarjeta no est\u00e1 programada y solo est\u00e1 disponible para clientes con programador certificado HID. SYSCOM no se hace responsable por la programaci\u00f3n y uso.<\/li>\n<\/ul>\n<\/div>\n<\/div>\n<hr style='border: 0; border-top: 1px solid rgba(150&comma; 150&comma; 150&comma; 0.3); margin: 30px 0;'><\/div>\n","protected":false},"excerpt":{"rendered":"<p>Tarjeta de Proximidad ISOProx II \/ SIN PROGRAMAR\/ PVC\/ Garant\u00eda de por Vida<\/p>\n","protected":false},"featured_media":28089,"comment_status":"open","ping_status":"closed","template":"","meta":[],"product_brand":[],"product_cat":[465],"product_tag":[814,466,467],"class_list":{"0":"post-28090","1":"product","2":"type-product","3":"status-publish","4":"has-post-thumbnail","6":"product_cat-proximidad-125-khz","7":"product_tag-hid","8":"product_tag-lectoras-y-tarjetas","9":"product_tag-proximidad-125-khz","11":"first","12":"outofstock","13":"sale","14":"shipping-taxable","15":"purchasable","16":"product-type-simple"},"_links":{"self":[{"href":"https:\/\/soydeaqui.ddns.net\/pachuca\/index.php\/wp-json\/wp\/v2\/product\/28090","targetHints":{"allow":["GET"]}}],"collection":[{"href":"https:\/\/soydeaqui.ddns.net\/pachuca\/index.php\/wp-json\/wp\/v2\/product"}],"about":[{"href":"https:\/\/soydeaqui.ddns.net\/pachuca\/index.php\/wp-json\/wp\/v2\/types\/product"}],"replies":[{"embeddable":true,"href":"https:\/\/soydeaqui.ddns.net\/pachuca\/index.php\/wp-json\/wp\/v2\/comments?post=28090"}],"wp:featuredmedia":[{"embeddable":true,"href":"https:\/\/soydeaqui.ddns.net\/pachuca\/index.php\/wp-json\/wp\/v2\/media\/28089"}],"wp:attachment":[{"href":"https:\/\/soydeaqui.ddns.net\/pachuca\/index.php\/wp-json\/wp\/v2\/media?parent=28090"}],"wp:term":[{"taxonomy":"product_brand","embeddable":true,"href":"https:\/\/soydeaqui.ddns.net\/pachuca\/index.php\/wp-json\/wp\/v2\/product_brand?post=28090"},{"taxonomy":"product_cat","embeddable":true,"href":"https:\/\/soydeaqui.ddns.net\/pachuca\/index.php\/wp-json\/wp\/v2\/product_cat?post=28090"},{"taxonomy":"product_tag","embeddable":true,"href":"https:\/\/soydeaqui.ddns.net\/pachuca\/index.php\/wp-json\/wp\/v2\/product_tag?post=28090"}],"curies":[{"name":"wp","href":"https:\/\/api.w.org\/{rel}","templated":true}]}}