{"id":28086,"date":"2026-03-18T12:49:54","date_gmt":"2026-03-18T12:49:54","guid":{"rendered":"https:\/\/soydeaqui.ddns.net\/pachuca\/index.php\/producto\/torniquete-optico-bidireccional-el-mas-estetico-hojas-de-acrilico-5000000-de-ciclos\/"},"modified":"2026-03-18T12:49:54","modified_gmt":"2026-03-18T12:49:54","slug":"torniquete-optico-bidireccional-el-mas-estetico-hojas-de-acrilico-5000000-de-ciclos","status":"publish","type":"product","link":"https:\/\/soydeaqui.ddns.net\/pachuca\/index.php\/producto\/torniquete-optico-bidireccional-el-mas-estetico-hojas-de-acrilico-5000000-de-ciclos\/","title":{"rendered":"Torniquete \u00d3ptico Bidireccional  \/ El M\u00e1s Est\u00e9tico \/ Hojas de Acr\u00edlico  \/ 5,000,000 de Ciclos"},"content":{"rendered":"<div style='width: 100%; max-width: 1200px; margin: 0 auto; font-family: sans-serif; line-height: 1.6; color: inherit; background-color: transparent;'> <!-- Banner principal --> <\/p>\n<div style='width: 100%; margin-bottom: 30px;'> <img style='width: 100%; height: auto; border: 1px solid rgba(150&comma;150&comma;150&comma;0.3); border-radius: 8px;' src='http:\/\/ftp3.syscom.mx\/usuarios\/ivan.reyes\/AccessPRO\/bannertorniquetes.jpg' alt='Banner torniquete \u00f3ptico bidireccional'> <\/div>\n<p> <!-- Descripci\u00f3n general --> <\/p>\n<div style='margin-bottom: 30px;'>\n<p>Los torniquetes de la serie AccessPRO son un tipo de barrera eficiente&comma; con un dise\u00f1o compacto&comma; adem\u00e1s ofrecen espacio suficiente para integrar cualquier Sistema de control de acceso. Pueden ser instalados con diferentes accesorios como&comma; contadores de personas&comma; lectores de tarjetas&comma; sistemas de alarma contra accesos no autorizados. Excelente durabilidad con un mantenimiento m\u00ednimo se traduce a a\u00f1os y millones de ciclos sin ning\u00fan problema. El torniquete AP5000HD crea un ambiente seguro para aplicaciones por ejemplo: recepciones&comma; estadios&comma; seguridad interior y de per\u00edmetro&comma; parques recreativos etc\u2026<\/p>\n<\/p><\/div>\n<p> <!-- Secci\u00f3n de caracter\u00edsticas --> <\/p>\n<div style='display: flex; flex-wrap: wrap; gap: 30px; margin-bottom: 30px;'>\n<div style='flex: 1 1 300px; min-width: 280px;'>\n<h3 style='font-size: 22px; border-bottom: 2px solid currentColor; padding-bottom: 5px; margin-top: 0; color: inherit; opacity: 0.8;'>Caracter\u00edsticas principales<\/h3>\n<ul style='padding-left: 20px; font-size: 15px; color: inherit;'>\n<li style='margin-bottom: 5px;'><strong>Dimensiones:<\/strong> 200x200x980mm<\/li>\n<li style='margin-bottom: 5px;'><strong>Material:<\/strong> 1.0mm 304 SUS Hairline #400<\/li>\n<li style='margin-bottom: 5px;'><strong>Ancho de pasaje:<\/strong> 860mm<\/li>\n<li style='margin-bottom: 5px;'><strong>Flujo de personas:<\/strong> 30\/35 por minuto<\/li>\n<li style='margin-bottom: 5px;'><strong>Tiempo de operaci\u00f3n:<\/strong> 0.2 Segundos<\/li>\n<\/ul><\/div>\n<div style='flex: 1 1 300px; min-width: 280px;'>\n<h3 style='font-size: 22px; border-bottom: 2px solid currentColor; padding-bottom: 5px; margin-top: 0; color: inherit; opacity: 0.8;'>Caracter\u00edsticas F\u00edsicas y El\u00e9ctricas<\/h3>\n<ul style='padding-left: 20px; font-size: 15px; color: inherit;'>\n<li style='margin-bottom: 5px;'><strong>Voltaje de entrada:<\/strong> 100-240Vac. 50\/60Hz<\/li>\n<li style='margin-bottom: 5px;'><strong>Voltaje de operaci\u00f3n:<\/strong> 24Vdc<\/li>\n<li style='margin-bottom: 5px;'><strong>Interfaz de comunicaci\u00f3n:<\/strong> RS-485<\/li>\n<li style='margin-bottom: 5px;'><strong>Activaci\u00f3n:<\/strong> por contacto seco<\/li>\n<\/ul><\/div>\n<div style='flex: 1 1 300px; min-width: 280px;'>\n<h3 style='font-size: 22px; border-bottom: 2px solid currentColor; padding-bottom: 5px; margin-top: 0; color: inherit; opacity: 0.8;'>Modos de operaci\u00f3n<\/h3>\n<ul style='padding-left: 20px; font-size: 15px; color: inherit;'>\n<li style='margin-bottom: 5px;'>Acceso en una sola direcci\u00f3n.<\/li>\n<li style='margin-bottom: 5px;'>Entrada bi direccional.<\/li>\n<li style='margin-bottom: 5px;'>Paso libre en direcci\u00f3n deseada.<\/li>\n<li style='margin-bottom: 5px;'>Siempre libre o siempre bloqueado.<\/li>\n<\/ul><\/div>\n<\/p><\/div>\n<p> <!-- Secci\u00f3n de caracter\u00edsticas destacadas --> <\/p>\n<div style='margin-bottom: 30px;'>\n<h3 style='font-size: 22px; border-bottom: 2px solid currentColor; padding-bottom: 5px; margin-top: 0; color: inherit; opacity: 0.8;'>Caracter\u00edsticas Destacadas<\/h3>\n<ul style='padding-left: 20px; font-size: 15px; color: inherit;'>\n<li style='margin-bottom: 5px;'>Utilice tarjetas inteligentes de RFID&comma; tarjetas de identidad&comma; lectores de c\u00f3digo de barras o c\u00f3digo QR.<\/li>\n<li style='margin-bottom: 5px;'>El indicador de direcci\u00f3n muestra al peat\u00f3n el estado de la lectura actual y gu\u00eda al peat\u00f3n correctamente.<\/li>\n<li style='margin-bottom: 5px;'>Unidireccional o bidireccional&comma; configurable en el torniquete.<\/li>\n<li style='margin-bottom: 5px;'>Retraso de tiempo ajustable.<\/li>\n<li style='margin-bottom: 5px; font-family: terminal&comma; monaco&comma; monospace; font-size: 10pt;'><strong>Nota:<\/strong> No incluye relay para contador.<\/li>\n<li style='margin-bottom: 5px; font-family: terminal&comma; monaco&comma; monospace; font-size: 10pt;'>Para uso solo en interiores o exterior bajo techo.<\/li>\n<li style='font-family: terminal&comma; monaco&comma; monospace; font-size: 10pt;'><strong>Requiere mantenimiento:<\/strong> limpieza y protecci\u00f3n con WD40 de acuerdo a la zona de instalaci\u00f3n<\/li>\n<\/ul><\/div>\n<p> <!-- Separador --> <\/p>\n<hr style='border: 0; border-top: 1px solid rgba(150&comma; 150&comma; 150&comma; 0.3); margin: 30px 0;'> <!-- Secci\u00f3n de garant\u00eda y video --> <\/p>\n<div style='display: flex; flex-wrap: wrap; gap: 30px;'>\n<div style='flex: 1 1 300px; min-width: 280px;'>\n<h3 style='font-size: 22px; border-bottom: 2px solid currentColor; padding-bottom: 5px; margin-top: 0; color: inherit; opacity: 0.8;'>Garant\u00eda<\/h3>\n<p>Los torniquetes de la serie HD de la marca AccessPRO con su rotor mejorado podemos garantizar hasta 5&comma;000&comma;000 de ciclos antes del primer fallo del mecanismo.<\/p>\n<p>As\u00ed probamos nuestros torniquetes para poder garantizar hasta 5&comma;000&comma;000 de ciclos sin falla en mecanismo.<\/p>\n<\/p><\/div>\n<div style='flex: 1 1 300px; min-width: 280px;'>\n<div style='position: relative; padding-bottom: 56.25%; height: 0; overflow: hidden; margin-bottom: 30px;'>   <\/div>\n<\/p><\/div>\n<\/p><\/div>\n<\/p><\/div>\n","protected":false},"excerpt":{"rendered":"<p>Torniquete \u00d3ptico Bidireccional  \/ El M\u00e1s Est\u00e9tico \/ Hojas de Acr\u00edlico  \/ 5,000,000 de Ciclos<\/p>\n","protected":false},"featured_media":28085,"comment_status":"open","ping_status":"closed","template":"","meta":[],"product_brand":[],"product_cat":[774],"product_tag":[234,775,759],"class_list":{"0":"post-28086","1":"product","2":"type-product","3":"status-publish","4":"has-post-thumbnail","6":"product_cat-puertas-de-cortesia","7":"product_tag-accesspro","8":"product_tag-puertas-de-cortesia","9":"product_tag-torniquetes-y-puertas-de-cortesia","11":"first","12":"instock","13":"sale","14":"shipping-taxable","15":"purchasable","16":"product-type-simple"},"_links":{"self":[{"href":"https:\/\/soydeaqui.ddns.net\/pachuca\/index.php\/wp-json\/wp\/v2\/product\/28086","targetHints":{"allow":["GET"]}}],"collection":[{"href":"https:\/\/soydeaqui.ddns.net\/pachuca\/index.php\/wp-json\/wp\/v2\/product"}],"about":[{"href":"https:\/\/soydeaqui.ddns.net\/pachuca\/index.php\/wp-json\/wp\/v2\/types\/product"}],"replies":[{"embeddable":true,"href":"https:\/\/soydeaqui.ddns.net\/pachuca\/index.php\/wp-json\/wp\/v2\/comments?post=28086"}],"wp:featuredmedia":[{"embeddable":true,"href":"https:\/\/soydeaqui.ddns.net\/pachuca\/index.php\/wp-json\/wp\/v2\/media\/28085"}],"wp:attachment":[{"href":"https:\/\/soydeaqui.ddns.net\/pachuca\/index.php\/wp-json\/wp\/v2\/media?parent=28086"}],"wp:term":[{"taxonomy":"product_brand","embeddable":true,"href":"https:\/\/soydeaqui.ddns.net\/pachuca\/index.php\/wp-json\/wp\/v2\/product_brand?post=28086"},{"taxonomy":"product_cat","embeddable":true,"href":"https:\/\/soydeaqui.ddns.net\/pachuca\/index.php\/wp-json\/wp\/v2\/product_cat?post=28086"},{"taxonomy":"product_tag","embeddable":true,"href":"https:\/\/soydeaqui.ddns.net\/pachuca\/index.php\/wp-json\/wp\/v2\/product_tag?post=28086"}],"curies":[{"name":"wp","href":"https:\/\/api.w.org\/{rel}","templated":true}]}}