{"id":28067,"date":"2026-03-18T12:49:30","date_gmt":"2026-03-18T12:49:30","guid":{"rendered":"https:\/\/soydeaqui.ddns.net\/pachuca\/index.php\/producto\/chapa-magnetica-600-lbs-con-led-ultra-brillante-libre-de-magnetismo-residual-sensor-de-estado-de-la-placa\/"},"modified":"2026-03-18T12:49:36","modified_gmt":"2026-03-18T12:49:36","slug":"chapa-magnetica-600-lbs-con-led-ultra-brillante-libre-de-magnetismo-residual-sensor-de-estado-de-la-placa","status":"publish","type":"product","link":"https:\/\/soydeaqui.ddns.net\/pachuca\/index.php\/producto\/chapa-magnetica-600-lbs-con-led-ultra-brillante-libre-de-magnetismo-residual-sensor-de-estado-de-la-placa\/","title":{"rendered":"Chapa magn\u00e9tica 600 lbs con LED Ultra-brillante\/ Libre de Magnetismo Residual \/ Sensor de estado de la placa"},"content":{"rendered":"<div style='width: 100%; max-width: 1200px; margin: 0 auto; font-family: sans-serif; line-height: 1.6; color: inherit; background-color: transparent;'> <!-- Imagen principal --> <\/p>\n<div style='width: 100%; margin: 0 auto; text-align: center;'> <img style='width: 100%; max-width: 393px; height: auto; border: 1px solid rgba(150&comma;150&comma;150&comma;0.3); border-radius: 8px;' src='https:\/\/ftp3.syscom.mx\/usuarios\/fotos\/PRO800B\/67296-access-pro.png' alt='Logo AccessPro' \/> <\/div>\n<p> <!-- Secci\u00f3n de caracter\u00edsticas con flex --> <\/p>\n<div style='display: flex; flex-wrap: wrap; gap: 30px; margin: 30px 0;'> <!-- Caracter\u00edsticas principales --> <\/p>\n<div style='flex: 1 1 300px; min-width: 280px;'>\n<h3 style='font-size: 22px; border-bottom: 2px solid currentColor; padding-bottom: 5px; margin-top: 0; color: inherit; opacity: 0.8;'>Caracter\u00edsticas principales:<\/h3>\n<ul style='padding-left: 20px; font-size: 15px; color: inherit;'>\n<li style='margin-bottom: 5px;'>Fuerza de sujeci\u00f3n: 280 kg&comma; (600lbs).<\/li>\n<li style='margin-bottom: 5px;'>Incluye magneto&comma; placa y tornilleria.<\/li>\n<li style='margin-bottom: 5px;'>Sensor de puerta NO\/NC<\/li>\n<\/ul><\/div>\n<p> <!-- Caracter\u00edsticas F\u00edsicas y El\u00e9ctricas --> <\/p>\n<div style='flex: 1 1 300px; min-width: 280px;'>\n<h3 style='font-size: 22px; border-bottom: 2px solid currentColor; padding-bottom: 5px; margin-top: 0; color: inherit; opacity: 0.8;'>Caracter\u00edsticas F\u00edsicas y El\u00e9ctricas:<\/h3>\n<ul style='padding-left: 20px; font-size: 15px; color: inherit;'>\n<li style='margin-bottom: 5px;'>Voltaje: 12\/24 Vcc+10% (seleccionable por jumper).<\/li>\n<li style='margin-bottom: 5px;'>Acabado del im\u00e1n: aluminio anodizado.<\/li>\n<li style='margin-bottom: 5px;'>Acabado de la placa: zinc.<\/li>\n<li style='margin-bottom: 5px;'>Dimensiones del im\u00e1n: 250 x 51.8 x 27.4 mm.<\/li>\n<li style='margin-bottom: 5px;'>Dimensiones de la placa: 180 x 38.8 x 13.2 mm.<\/li>\n<li style='margin-bottom: 5px;'>Peso: 2.1kg.<\/li>\n<\/ul><\/div>\n<p> <!-- Caracter\u00edsticas Destacadas --> <\/p>\n<div style='flex: 1 1 300px; min-width: 280px;'>\n<h3 style='font-size: 22px; border-bottom: 2px solid currentColor; padding-bottom: 5px; margin-top: 0; color: inherit; opacity: 0.8;'>Caracter\u00edsticas Destacadas:<\/h3>\n<ul style='padding-left: 20px; font-size: 15px; color: inherit;'>\n<li style='margin-bottom: 5px;'>Led indicador ultra-brillante.<\/li>\n<li style='margin-bottom: 5px;'>Dise\u00f1o libre de magnetismo residual.<\/li>\n<li style='margin-bottom: 5px;'>Nueva versi\u00f3n.<\/li>\n<li style='margin-bottom: 5px;'>Garant\u00eda de por vida.<\/li>\n<\/ul><\/div>\n<\/p><\/div>\n<p> <!-- Separador --> <\/p>\n<hr style='border: 0; border-top: 1px solid rgba(150&comma; 150&comma; 150&comma; 0.3); margin: 30px 0;'> <!-- Secci\u00f3n de montaje --> <\/p>\n<div style='display: flex; flex-wrap: wrap; gap: 30px; margin: 30px 0;'>\n<div style='flex: 1 1 400px; min-width: 280px;'> <img style='width: 100%; height: auto; border: 1px solid rgba(150&comma;150&comma;150&comma;0.3); border-radius: 8px;' src='http:\/\/ftp3.syscom.mx\/usuarios\/ccordova\/montaje.JPG' alt='Montaje' \/> <\/div>\n<div style='flex: 1 1 400px; min-width: 280px;'>\n<h3 style='font-size: 20px; margin-top: 0; color: inherit;'>Montajes<\/h3>\n<p style='font-size: 15px; color: inherit; margin: 15px 0;'>El modelo MAG600NLED incluye el montaje en &#8216;I&#8217;.<\/p>\n<p style='font-size: 15px; color: inherit; margin: 15px 0;'>Los montajes compatibles son:<\/p>\n<ul style='padding-left: 20px; font-size: 15px; color: inherit;'>\n<li style='margin-bottom: 5px;'> <a href='https:\/\/www.syscom.mx\/producto\/BZL600N-ACCESSPRO-159623.html' style='color: #3598db; text-decoration: none;'>BZL600N<\/a> <\/li>\n<li style='margin-bottom: 5px;'> <a href='https:\/\/www.syscom.mx\/producto\/BU600LED-ACCESSPRO-142811.html' style='color: #3598db; text-decoration: none;'>BU600LED<\/a> <\/li>\n<li style='margin-bottom: 5px;'> <a href='https:\/\/www.syscom.mx\/producto\/BU600NDLED-ACCESSPRO-170490.html' style='color: #3598db; text-decoration: none;'>BU600NDLED<\/a> <\/li>\n<\/ul><\/div>\n<\/p><\/div>\n<\/p><\/div>\n","protected":false},"excerpt":{"rendered":"<p>Chapa magn\u00e9tica 600 lbs con LED Ultra-brillante\/ Libre de Magnetismo Residual \/ Sensor de estado de la placa<\/p>\n","protected":false},"featured_media":28066,"comment_status":"open","ping_status":"closed","template":"","meta":[],"product_brand":[],"product_cat":[761],"product_tag":[234,87,762],"class_list":{"0":"post-28067","1":"product","2":"type-product","3":"status-publish","4":"has-post-thumbnail","6":"product_cat-chapas-magneticas","7":"product_tag-accesspro","8":"product_tag-cerraduras","9":"product_tag-chapas-magneticas","11":"first","12":"instock","13":"sale","14":"shipping-taxable","15":"purchasable","16":"product-type-simple"},"_links":{"self":[{"href":"https:\/\/soydeaqui.ddns.net\/pachuca\/index.php\/wp-json\/wp\/v2\/product\/28067","targetHints":{"allow":["GET"]}}],"collection":[{"href":"https:\/\/soydeaqui.ddns.net\/pachuca\/index.php\/wp-json\/wp\/v2\/product"}],"about":[{"href":"https:\/\/soydeaqui.ddns.net\/pachuca\/index.php\/wp-json\/wp\/v2\/types\/product"}],"replies":[{"embeddable":true,"href":"https:\/\/soydeaqui.ddns.net\/pachuca\/index.php\/wp-json\/wp\/v2\/comments?post=28067"}],"wp:featuredmedia":[{"embeddable":true,"href":"https:\/\/soydeaqui.ddns.net\/pachuca\/index.php\/wp-json\/wp\/v2\/media\/28066"}],"wp:attachment":[{"href":"https:\/\/soydeaqui.ddns.net\/pachuca\/index.php\/wp-json\/wp\/v2\/media?parent=28067"}],"wp:term":[{"taxonomy":"product_brand","embeddable":true,"href":"https:\/\/soydeaqui.ddns.net\/pachuca\/index.php\/wp-json\/wp\/v2\/product_brand?post=28067"},{"taxonomy":"product_cat","embeddable":true,"href":"https:\/\/soydeaqui.ddns.net\/pachuca\/index.php\/wp-json\/wp\/v2\/product_cat?post=28067"},{"taxonomy":"product_tag","embeddable":true,"href":"https:\/\/soydeaqui.ddns.net\/pachuca\/index.php\/wp-json\/wp\/v2\/product_tag?post=28067"}],"curies":[{"name":"wp","href":"https:\/\/api.w.org\/{rel}","templated":true}]}}