{"id":2805,"date":"2026-03-18T06:01:04","date_gmt":"2026-03-18T06:01:04","guid":{"rendered":"https:\/\/soydeaqui.ddns.net\/pachuca\/index.php\/producto\/deepinview-x-bala-ip-4-megapixel-lente-4-mm-80-mts-ir-exir-analiticos-de-80-metros-de-distancia-con-proteccion-perimetral-microfono-y-bocina-integrado-ip67-ik10-h-265-wdr-120-db-g\/"},"modified":"2026-03-18T06:01:04","modified_gmt":"2026-03-18T06:01:04","slug":"deepinview-x-bala-ip-4-megapixel-lente-4-mm-80-mts-ir-exir-analiticos-de-80-metros-de-distancia-con-proteccion-perimetral-microfono-y-bocina-integrado-ip67-ik10-h-265-wdr-120-db-g","status":"publish","type":"product","link":"https:\/\/soydeaqui.ddns.net\/pachuca\/index.php\/producto\/deepinview-x-bala-ip-4-megapixel-lente-4-mm-80-mts-ir-exir-analiticos-de-80-metros-de-distancia-con-proteccion-perimetral-microfono-y-bocina-integrado-ip67-ik10-h-265-wdr-120-db-g\/","title":{"rendered":"[DeepinView X] Bala IP 4 Megapixel \/ Lente 4 mm \/ 80 mts IR EXIR \/ Anal\u00edticos de 80 Metros de Distancia con Protecci\u00f3n Perimetral \/ Micr\u00f3fono y Bocina Integrado \/ IP67 \/ IK10 \/ H.265+ \/ WDR 120 dB \/ Guanlan"},"content":{"rendered":"<div style='width: 100%; max-width: 1200px; margin: 0 auto; font-family: sans-serif; line-height: 1.6; color: inherit; background-color: transparent;'> <!-- Logo Hikvision --> <\/p>\n<div style='text-align: center; margin: 20px 0;'> <img style='width: 100%; max-width: 400px; height: auto; border: 1px solid rgba(150&comma;150&comma;150&comma;0.3); border-radius: 8px;' src='https:\/\/ftp3.syscom.mx\/usuarios\/jsosa\/HIKVISION\/imagenes\/logo\/hikvision%20see%20far.png' alt='Logo Hikvision'> <\/div>\n<p> <!-- Videos --> <\/p>\n<div style='display: flex; flex-wrap: wrap; gap: 20px; margin: 30px 0;'>\n<div style='flex: 1 1 300px; min-width: 280px;'>\n<div style='position: relative; padding-bottom: 56.25%; height: 0; overflow: hidden;'>   <\/div>\n<\/p><\/div>\n<div style='flex: 1 1 300px; min-width: 280px;'>\n<div style='position: relative; padding-bottom: 56.25%; height: 0; overflow: hidden;'>   <\/div>\n<\/p><\/div>\n<div style='flex: 1 1 300px; min-width: 280px;'>\n<div style='position: relative; padding-bottom: 56.25%; height: 0; overflow: hidden;'>   <\/div>\n<\/p><\/div>\n<\/p><\/div>\n<p> <!-- Secci\u00f3n de caracter\u00edsticas --> <\/p>\n<div style='display: flex; flex-wrap: wrap; gap: 30px; margin: 30px 0;'>\n<div style='flex: 1 1 300px; min-width: 280px;'>\n<h3 style='font-size: 22px; border-bottom: 2px solid currentColor; padding-bottom: 5px; margin-top: 0; color: inherit; opacity: 0.8;'>Caracter\u00edsticas principales<\/h3>\n<ul style='padding-left: 20px; font-size: 15px; color: inherit;'>\n<li style='margin-bottom: 5px;'>Compresi\u00f3n de video: H.265+ \/ H.265 \/ H.264+ \/ H.264<\/li>\n<li style='margin-bottom: 5px;'>Lente Fijo: 4 mm (89\u00b0)<\/li>\n<li style='margin-bottom: 5px;'>Velocidad del shutter: 1 s a 100.000 s&comma; soporta Slow Shutter<\/li>\n<li style='margin-bottom: 5px;'>Distancia de IR: 80 mts IR EXIR<\/li>\n<li style='margin-bottom: 5px;'>1 puerto de red: 10 \/ 100 Mbps<\/li>\n<li style='margin-bottom: 5px;'>Soporta micro SD de hasta 1 TB (no incluida)<\/li>\n<li style='margin-bottom: 5px;'>Resoluci\u00f3n m\u00e1xima: 4 Megapixel<\/li>\n<li style='margin-bottom: 5px;'>Funciones: WDR real 120 dB \/ BLC \/ HLC \/ 3D DNR \/ Defog \/ EIS<\/li>\n<li style='margin-bottom: 5px;'>Protocolos: ONVIF (PROFILE S&comma; PROFILE G&comma; PROFILE T) \/ ISAPI \/ SDK \/ ISUP<\/li>\n<\/ul><\/div>\n<div style='flex: 1 1 300px; min-width: 280px;'>\n<h3 style='font-size: 22px; border-bottom: 2px solid currentColor; padding-bottom: 5px; margin-top: 0; color: inherit; opacity: 0.8;'>Caracter\u00edsticas F\u00edsicas y El\u00e9ctricas<\/h3>\n<ul style='padding-left: 20px; font-size: 15px; color: inherit;'>\n<li style='margin-bottom: 5px;'>Dimensiones: 326.3 \u00d7 113.0 x 88.5 mm<\/li>\n<li style='margin-bottom: 5px;'>Consumo \/ alimentaci\u00f3n: 12 Vcc \/ PoE (802.3 at) \/ 16.8 Watts<\/li>\n<li style='margin-bottom: 5px;'>Protecci\u00f3n: IP67 (Interior \/ Exterior)<\/li>\n<li style='margin-bottom: 5px;'>Antivand\u00e1lico: IK10<\/li>\n<li style='margin-bottom: 5px;'>Peso: 1370 gramos<\/li>\n<li style='margin-bottom: 5px;'>Incluye caja de conexi\u00f3n<\/li>\n<\/ul>\n<h4 style='font-size: 18px; margin-top: 20px; margin-bottom: 10px; color: inherit; opacity: 0.8;'>Accesorios<\/h4>\n<ul style='padding-left: 20px; font-size: 15px; color: inherit;'>\n<li style='margin-bottom: 5px;'>Montaje de poste vertical&comma; modelo: DS-1275J-SUS<\/li>\n<li style='margin-bottom: 5px;'>Montaje de esquina&comma; modelo: DS-1276ZJ-SUS<\/li>\n<li style='margin-bottom: 5px;'>Montaje de poste vertical&comma; modelo: DS-1275ZJ-S-SUS<\/li>\n<li style='margin-bottom: 5px;'>Montaje de esquina&comma; modelo: DS-1275ZJ-Y<\/li>\n<\/ul><\/div>\n<div style='flex: 1 1 300px; min-width: 280px;'>\n<h3 style='font-size: 22px; border-bottom: 2px solid currentColor; padding-bottom: 5px; margin-top: 0; color: inherit; opacity: 0.8;'>Caracter\u00edsticas Destacadas<\/h3>\n<ul style='padding-left: 20px; font-size: 15px; color: inherit;'>\n<li style='margin-bottom: 15px;'> <strong>Protecci\u00f3n perimetral:<\/strong>\n<p style='margin-top: 8px; margin-bottom: 0; color: inherit;'>Con algoritmos integrados de detecci\u00f3n y clasificaci\u00f3n de objetivos basados en aprendizaje profundo&comma; la c\u00e1mara lleva a cabo el deber de protecci\u00f3n del per\u00edmetro&comma; control de las acciones de cruce de l\u00ednea&comma; intrusi\u00f3n&comma; entrada y salida de la regi\u00f3n. Los algoritmos filtran en gran medida la alarma err\u00f3nea causada por la interferencia de hojas&comma; luces&comma; animales&comma; banderas&comma; etc.<\/p>\n<\/li>\n<li style='margin-bottom: 5px;'> <span style='color: inherit;'>Podemos tener <strong>hasta 80 metros<\/strong> de protecci\u00f3n perimetral (ACUSENSE) por medio de algun cruce de l\u00ednea o intrusi\u00f3n de \u00e1rea asegurando una eficiencia muy precisa y evitando falsas alarmas. Integramos en la c\u00e1mara la tecnolog\u00eda Guanlan con IA para poder lograr esto.<\/span> <\/li>\n<\/ul><\/div>\n<\/p><\/div>\n<p> <!-- Banner soluci\u00f3n completa --> <\/p>\n<div style='text-align: center; margin: 30px 0;'> <img style='width: 100%; max-width: 1200px; height: auto; border: 1px solid rgba(150&comma;150&comma;150&comma;0.3); border-radius: 8px;' src='https:\/\/ftp3.syscom.mx\/usuarios\/jsosa\/HIKVISION\/imagenes\/banners\/solution%20complete.png' alt='Soluci\u00f3n completa'> <\/div>\n<\/p><\/div>\n","protected":false},"excerpt":{"rendered":"<p>[DeepinView X] Bala IP 4 Megapixel \/ Lente 4 mm \/ 80 mts IR EXIR \/ Anal\u00edticos de 80 Metros de Distancia con Protecci\u00f3n Perimetral \/ Micr\u00f3fono y Bocina Integrado \/ IP67 \/ IK10 \/ H.265+ \/ WDR 120 dB \/ Guanlan<\/p>\n","protected":false},"featured_media":2804,"comment_status":"open","ping_status":"closed","template":"","meta":[],"product_brand":[],"product_cat":[438],"product_tag":[439,122,54],"class_list":{"0":"post-2805","1":"product","2":"type-product","3":"status-publish","4":"has-post-thumbnail","6":"product_cat-bala","7":"product_tag-bala","8":"product_tag-camaras-ip-y-nvrs","9":"product_tag-hikvision","11":"first","12":"instock","13":"sale","14":"shipping-taxable","15":"purchasable","16":"product-type-simple"},"_links":{"self":[{"href":"https:\/\/soydeaqui.ddns.net\/pachuca\/index.php\/wp-json\/wp\/v2\/product\/2805","targetHints":{"allow":["GET"]}}],"collection":[{"href":"https:\/\/soydeaqui.ddns.net\/pachuca\/index.php\/wp-json\/wp\/v2\/product"}],"about":[{"href":"https:\/\/soydeaqui.ddns.net\/pachuca\/index.php\/wp-json\/wp\/v2\/types\/product"}],"replies":[{"embeddable":true,"href":"https:\/\/soydeaqui.ddns.net\/pachuca\/index.php\/wp-json\/wp\/v2\/comments?post=2805"}],"wp:featuredmedia":[{"embeddable":true,"href":"https:\/\/soydeaqui.ddns.net\/pachuca\/index.php\/wp-json\/wp\/v2\/media\/2804"}],"wp:attachment":[{"href":"https:\/\/soydeaqui.ddns.net\/pachuca\/index.php\/wp-json\/wp\/v2\/media?parent=2805"}],"wp:term":[{"taxonomy":"product_brand","embeddable":true,"href":"https:\/\/soydeaqui.ddns.net\/pachuca\/index.php\/wp-json\/wp\/v2\/product_brand?post=2805"},{"taxonomy":"product_cat","embeddable":true,"href":"https:\/\/soydeaqui.ddns.net\/pachuca\/index.php\/wp-json\/wp\/v2\/product_cat?post=2805"},{"taxonomy":"product_tag","embeddable":true,"href":"https:\/\/soydeaqui.ddns.net\/pachuca\/index.php\/wp-json\/wp\/v2\/product_tag?post=2805"}],"curies":[{"name":"wp","href":"https:\/\/api.w.org\/{rel}","templated":true}]}}