{"id":28048,"date":"2026-03-18T12:49:06","date_gmt":"2026-03-18T12:49:06","guid":{"rendered":"https:\/\/soydeaqui.ddns.net\/pachuca\/index.php\/producto\/puertas-y-motores-de-garage-accesspro-curso-express-syscom\/"},"modified":"2026-03-18T12:49:07","modified_gmt":"2026-03-18T12:49:07","slug":"puertas-y-motores-de-garage-accesspro-curso-express-syscom","status":"publish","type":"product","link":"https:\/\/soydeaqui.ddns.net\/pachuca\/index.php\/producto\/puertas-y-motores-de-garage-accesspro-curso-express-syscom\/","title":{"rendered":"Puertas y Motores de Garage AccessPro &#8211; Curso Express SYSCOM"},"content":{"rendered":"<div style='width: 100%; max-width: 1200px; margin: 0 auto; font-family: sans-serif; line-height: 1.6; color: inherit; background-color: transparent;'> <!-- T\u00edtulo principal --> <\/p>\n<div style='margin-bottom: 30px;'>\n<h2 style='font-size: 24px; border-bottom: 2px solid currentColor; padding-bottom: 8px; margin-top: 0; color: inherit; opacity: 0.9;'>CURSO DE PUERTAS Y MOTORES DE GARAGE ACCESSPRO ONLINE<\/h2>\n<\/p><\/div>\n<p> <!-- Contenido principal --> <\/p>\n<div style='margin-bottom: 30px;'>\n<p style='font-size: 15px; color: inherit;'>Este curso es sobre la implementaci\u00f3n de las puertas de Garaje en conjunto de motores de la marca ACCESSPRO. Le permitir\u00e1 ampliar su criterio de la correcta selecci\u00f3n del motor de garaje y su implementaci\u00f3n en una puerta de garaje para su correcta instalaci\u00f3n. Tambi\u00e9n se familiarizar\u00e1 con los conceptos y elementos requeridos para implementar toda la soluci\u00f3n de control para las puertas. Al final usted podr\u00e1 seleccionar y recomendar de forma profesional este tipo de productos con sus clientes.<\/p>\n<\/p><\/div>\n<p> <!-- Requisitos --> <\/p>\n<div style='margin-bottom: 30px;'>\n<h3 style='font-size: 20px; border-bottom: 2px solid currentColor; padding-bottom: 5px; margin-top: 0; color: inherit; opacity: 0.8;'>Requisitos:<\/h3>\n<ul style='padding-left: 20px; font-size: 15px; color: inherit;'>\n<li style='margin-bottom: 5px;'>Ser Distribuidor SYSCOM.<\/li>\n<li style='margin-bottom: 5px;'>Conocimientos b\u00e1sicos de: Electricidad&comma; Electr\u00f3nica<\/li>\n<li style='margin-bottom: 5px;'>Conocimientos b\u00e1sicos de Control de Acceso<\/li>\n<li style='margin-bottom: 5px;'>Identificaci\u00f3n de la empresa que representa.<\/li>\n<\/ul><\/div>\n<p> <!-- A quien va dirigido --> <\/p>\n<div style='margin-bottom: 30px;'>\n<h3 style='font-size: 20px; border-bottom: 2px solid currentColor; padding-bottom: 5px; margin-top: 0; color: inherit; opacity: 0.8;'>A qui\u00e9n est\u00e1 dirigido:<\/h3>\n<p style='font-size: 15px; color: inherit;'>A todos los que inician y desean involucrarse en las soluciones de apertura de puertas por medio de motores y tecnolog\u00edas de apertura para el control de Acceso.<\/p>\n<\/p><\/div>\n<p> <!-- Objetivos --> <\/p>\n<div style='margin-bottom: 30px;'>\n<h3 style='font-size: 20px; border-bottom: 2px solid currentColor; padding-bottom: 5px; margin-top: 0; color: inherit; opacity: 0.8;'>Objetivos del Curso<\/h3>\n<p style='font-size: 15px; color: inherit;'>Al t\u00e9rmino del curso el participante tendr\u00e1 los conocimientos necesarios para realizar la recomendaci\u00f3n e instalaci\u00f3n correcta de una puerta y de un motor de garaje de ACCESSPRO.<\/p>\n<\/p><\/div>\n<p> <!-- Contenido del Curso --> <\/p>\n<div style='margin-bottom: 30px;'>\n<h3 style='font-size: 20px; border-bottom: 2px solid currentColor; padding-bottom: 5px; margin-top: 0; color: inherit; opacity: 0.8;'>Contenido del Curso:<\/h3>\n<ol style='padding-left: 20px; font-size: 15px; color: inherit;'>\n<li style='margin-bottom: 10px;'>Motores de garaje (FS1000SPEED y ACCESSFORCE)<\/li>\n<li style='margin-bottom: 10px;'>Consideraciones de preinstalaci\u00f3n para los motores<\/li>\n<li style='margin-bottom: 10px;'>Consideraciones de preinstalaci\u00f3n para la puerta<\/li>\n<li style='margin-bottom: 10px;'>Ajustes de la puerta<\/li>\n<li style='margin-bottom: 10px;'>Ajustes de los motores<\/li>\n<li style='margin-bottom: 10px;'>Consideraciones despu\u00e9s de instalar la puerta y el motor<\/li>\n<li style='margin-bottom: 10px;'>Compatibilidad con equipos de control de Acceso de terceros<\/li>\n<\/ol><\/div>\n<p> <!-- Separador final --> <\/p>\n<hr style='border: 0; border-top: 1px solid rgba(150&comma; 150&comma; 150&comma; 0.3); margin: 30px 0;'> <\/div>\n","protected":false},"excerpt":{"rendered":"<p>Puertas y Motores de Garage AccessPro &#8211; Curso Express SYSCOM<\/p>\n","protected":false},"featured_media":32,"comment_status":"open","ping_status":"closed","template":"","meta":[],"product_brand":[],"product_cat":[748],"product_tag":[401,749,63],"class_list":{"0":"post-28048","1":"product","2":"type-product","3":"status-publish","4":"has-post-thumbnail","6":"product_cat-barreras-vehiculares","7":"product_tag-acceso-vehicular","8":"product_tag-barreras-vehiculares","9":"product_tag-syscom","11":"first","12":"outofstock","13":"sale","14":"shipping-taxable","15":"purchasable","16":"product-type-simple"},"_links":{"self":[{"href":"https:\/\/soydeaqui.ddns.net\/pachuca\/index.php\/wp-json\/wp\/v2\/product\/28048","targetHints":{"allow":["GET"]}}],"collection":[{"href":"https:\/\/soydeaqui.ddns.net\/pachuca\/index.php\/wp-json\/wp\/v2\/product"}],"about":[{"href":"https:\/\/soydeaqui.ddns.net\/pachuca\/index.php\/wp-json\/wp\/v2\/types\/product"}],"replies":[{"embeddable":true,"href":"https:\/\/soydeaqui.ddns.net\/pachuca\/index.php\/wp-json\/wp\/v2\/comments?post=28048"}],"wp:featuredmedia":[{"embeddable":true,"href":"https:\/\/soydeaqui.ddns.net\/pachuca\/index.php\/wp-json\/wp\/v2\/media\/32"}],"wp:attachment":[{"href":"https:\/\/soydeaqui.ddns.net\/pachuca\/index.php\/wp-json\/wp\/v2\/media?parent=28048"}],"wp:term":[{"taxonomy":"product_brand","embeddable":true,"href":"https:\/\/soydeaqui.ddns.net\/pachuca\/index.php\/wp-json\/wp\/v2\/product_brand?post=28048"},{"taxonomy":"product_cat","embeddable":true,"href":"https:\/\/soydeaqui.ddns.net\/pachuca\/index.php\/wp-json\/wp\/v2\/product_cat?post=28048"},{"taxonomy":"product_tag","embeddable":true,"href":"https:\/\/soydeaqui.ddns.net\/pachuca\/index.php\/wp-json\/wp\/v2\/product_tag?post=28048"}],"curies":[{"name":"wp","href":"https:\/\/api.w.org\/{rel}","templated":true}]}}