{"id":28027,"date":"2026-03-18T12:48:41","date_gmt":"2026-03-18T12:48:41","guid":{"rendered":"https:\/\/soydeaqui.ddns.net\/pachuca\/index.php\/producto\/barrera-vehicular-derecha-soporta-brazo-telescopico-de-hasta-6-metros-tiempo-de-apertura-6-segundos\/"},"modified":"2026-03-18T12:48:47","modified_gmt":"2026-03-18T12:48:47","slug":"barrera-vehicular-derecha-soporta-brazo-telescopico-de-hasta-6-metros-tiempo-de-apertura-6-segundos","status":"publish","type":"product","link":"https:\/\/soydeaqui.ddns.net\/pachuca\/index.php\/producto\/barrera-vehicular-derecha-soporta-brazo-telescopico-de-hasta-6-metros-tiempo-de-apertura-6-segundos\/","title":{"rendered":"Barrera Vehicular Derecha \/ Soporta brazo Telesc\u00f3pico de hasta 6 metros \/ Tiempo de Apertura 6 segundos"},"content":{"rendered":"<div style='width: 100%; max-width: 1200px; margin: 0 auto; font-family: sans-serif; line-height: 1.6; color: inherit; background-color: transparent;'>\n<div style='display: flex; flex-wrap: wrap; gap: 30px; margin-bottom: 30px;'>\n<div style='flex: 1 1 300px; min-width: 280px;'>\n<h3 style='font-size: 22px; border-bottom: 2px solid currentColor; padding-bottom: 5px; margin-top: 0; color: inherit; opacity: 0.8;'>Caracter\u00edsticas principales<\/h3>\n<ul style='padding-left: 20px; font-size: 15px; color: inherit;'>\n<li style='margin-bottom: 5px;'>Soporta brazo telesc\u00f3pico de hasta 6 metros<\/li>\n<li style='margin-bottom: 5px;'>Barrera derecha<\/li>\n<li style='margin-bottom: 5px;'>Tiempo de apertura 6 segundos<\/li>\n<\/ul><\/div>\n<div style='flex: 1 1 300px; min-width: 280px;'>\n<h3 style='font-size: 22px; border-bottom: 2px solid currentColor; padding-bottom: 5px; margin-top: 0; color: inherit; opacity: 0.8;'>Caracter\u00edsticas F\u00edsicas y El\u00e9ctricas<\/h3>\n<ul style='padding-left: 20px; font-size: 15px; color: inherit;'>\n<li style='margin-bottom: 5px;'>Voltaje de operaci\u00f3n 127 Vac<\/li>\n<li style='margin-bottom: 5px;'>Consumo 120 W<\/li>\n<li style='margin-bottom: 5px;'>Hasta 2400 ciclos diarios<\/li>\n<\/ul><\/div>\n<div style='flex: 1 1 300px; min-width: 280px;'>\n<h3 style='font-size: 22px; border-bottom: 2px solid currentColor; padding-bottom: 5px; margin-top: 0; color: inherit; opacity: 0.8;'>Caracter\u00edsticas adicionales<\/h3>\n<ul style='padding-left: 20px; font-size: 15px; color: inherit;'>\n<li style='margin-bottom: 5px;'>Temperatura de operaci\u00f3n -20 a 50\u00b0C<\/li>\n<li style='margin-bottom: 5px;'>Torque del mecanismo 150 Nm<\/li>\n<li style='margin-bottom: 5px;'>Rotaci\u00f3n del motor 1500 r<\/li>\n<\/ul><\/div>\n<\/p><\/div>\n<hr style='border: 0; border-top: 1px solid rgba(150&comma; 150&comma; 150&comma; 0.3); margin: 30px 0;'>\n<div style='display: flex; flex-wrap: wrap; gap: 30px; margin-bottom: 30px;'>\n<div style='flex: 1 1 400px; min-width: 280px;'>\n<h2 style='font-size: 18px; margin-top: 0; color: inherit;'>Barrera vehicular derecha compatible con brazo telesc\u00f3pico de hasta 6 metros (No incluido).<\/h2>\n<h2 style='font-size: 18px; margin-top: 15px; color: inherit;'>Accesorios opcionales no incluidos<\/h2>\n<ul style='padding-left: 20px; font-size: 15px; color: inherit;'>\n<li style='margin-bottom: 5px;'><strong>XBS-SW-01<\/strong> Botonera triple de uso rudo<\/li>\n<li style='margin-bottom: 5px;'><strong>XB-T23<\/strong> Control inal\u00e1mbrico de llavero<\/li>\n<li style='margin-bottom: 5px;'><strong>XB-T18-BC<\/strong> Control inal\u00e1mbrico para visera<\/li>\n<li style='margin-bottom: 5px;'><strong>XB-REC2<\/strong> Receptor inal\u00e1mbrico externo<\/li>\n<li style='margin-bottom: 5px;'><strong>XB-DLP-1101<\/strong> Sensor de masa de un canal<\/li>\n<li style='margin-bottom: 5px;'><strong>SYS-LM8<\/strong> Lazo magn\u00e9tico de 8 metros<\/li>\n<li style='margin-bottom: 5px;'><strong>XBS-IR-33<\/strong> Fotocelda de seguridad<\/li>\n<li style='margin-bottom: 5px;'><strong>XB-TEL-ARMB1<\/strong> Brazo telescopico de 6 metros<\/li>\n<li style='margin-bottom: 5px;'><strong>XB-ANCLA<\/strong> Ancla para barreras ACCESS-PRO<\/li>\n<li style='margin-bottom: 5px;'><strong>XBS-RDA06<\/strong> Radar para barreras ACCESS-PRO<\/li>\n<\/ul><\/div>\n<div style='flex: 1 1 300px; min-width: 280px;'> <img style='width: 100%; height: auto; border: 1px solid rgba(150&comma;150&comma;150&comma;0.3); border-radius: 8px;' src='https:\/\/ftp3.syscom.mx\/usuarios\/fotos\/BancoFotografiasSyscom\/ACCESSPRO\/XBS6MR\/XBS6MR-p.PNG' alt='Barrera Vehicular Derecha'> <\/div>\n<\/p><\/div>\n<hr style='border: 0; border-top: 1px solid rgba(150&comma; 150&comma; 150&comma; 0.3); margin: 30px 0;'>\n<div style='text-align: center; margin-bottom: 30px; color: inherit;'>\n<p style='margin: 0 0 15px;'><strong>NOTA:<\/strong> Considerar descansabrazos <a href='https:\/\/www.syscom.mx\/principal\/searchcont?route=XB-POST-AccessPRO-Industrial-183352&#038;autodetect=xbpost' target='_blank' rel='noopener' style='color: inherit; text-decoration: underline;'>XB-POST<\/a> en brazos de 4 m o m\u00e1s para evitar da\u00f1o prematuro del mecanismo.<\/p>\n<\/p><\/div>\n<hr style='border: 0; border-top: 1px solid rgba(150&comma; 150&comma; 150&comma; 0.3); margin: 30px 0;'>\n<div style='text-align: center; margin-bottom: 30px; color: inherit;'>\n<h3 style='font-size: 18px; margin-top: 0; color: inherit; opacity: 0.8;'>NOTAS ADICIONALES<\/h3>\n<p style='margin: 15px 0;'><strong>La barrera viene preparada para trabajar con un brazo de una distancia de 5 a 6 metros&comma; tener un brazo con una distancia distinta requiere cambio de resortes.<\/strong><\/p>\n<p style='margin: 15px 0;'>Para saber qu\u00e9 tipo de resorte debe de utilizar podemos tomar la siguiente <a href='https:\/\/ftp3.syscom.mx\/usuarios\/ftp\/2021\/05\/29\/350f1\/Como%20selecionar%20los%20resortes%20de%20una%20barrera%20XBF4M%20y%20XBS6M.pdf' target='_blank' rel='noopener' style='color: inherit; text-decoration: underline;'><strong>TABLA<\/strong><\/a><\/p>\n<p style='margin: 15px 0;'>Barrera solo compatible con brazo <strong>XB-ARM-4M<\/strong><\/p>\n<p style='margin: 15px 0;'>En un ajuste correcto de los l\u00edmites de apertura y cierre nuestro mecanismo no debe de llegar hasta los topes f\u00edsicos.<\/p>\n<p style='margin: 15px 0;'>Si su mecanismo est\u00e1 llegando hasta los topes f\u00edsicos favor de revisar el siguiente <a href='https:\/\/youtu.be\/a73TVkgp_uY' target='_blank' rel='noopener' style='color: inherit; text-decoration: underline;'><strong>VIDEO<\/strong><\/a>.<\/p>\n<p style='margin: 15px 0;'><strong>NO<\/strong> compatible con brazos iluminados.<\/p>\n<p style='margin: 15px 0 0;'>Garantia de 1 a\u00f1o.<\/p>\n<\/p><\/div>\n<hr style='border: 0; border-top: 1px solid rgba(150&comma; 150&comma; 150&comma; 0.3); margin: 30px 0;'>\n<div style='display: flex; flex-wrap: wrap; gap: 30px; margin-bottom: 30px;'>\n<div style='flex: 1 1 560px; min-width: 300px; position: relative; padding-bottom: 56.25%; height: 0; overflow: hidden; margin-bottom: 30px;'>   <\/div>\n<div style='flex: 1 1 560px; min-width: 300px; position: relative; padding-bottom: 56.25%; height: 0; overflow: hidden; margin-bottom: 30px;'>   <\/div>\n<\/p><\/div>\n<div style='display: flex; flex-wrap: wrap; gap: 30px; margin-bottom: 30px;'>\n<div style='flex: 1 1 560px; min-width: 300px; position: relative; padding-bottom: 56.25%; height: 0; overflow: hidden; margin-bottom: 30px;'>   <\/div>\n<div style='flex: 1 1 560px; min-width: 300px; position: relative; padding-bottom: 56.25%; height: 0; overflow: hidden; margin-bottom: 30px;'>   <\/div>\n<div style='flex: 1 1 560px; min-width: 300px; position: relative; padding-bottom: 56.25%; height: 0; overflow: hidden; margin-bottom: 30px;'>   <\/div>\n<\/p><\/div>\n<hr style='border: 0; border-top: 1px solid rgba(150&comma; 150&comma; 150&comma; 0.3); margin: 30px 0;'> <\/div>\n","protected":false},"excerpt":{"rendered":"<p>Barrera Vehicular Derecha \/ Soporta brazo Telesc\u00f3pico de hasta 6 metros \/ Tiempo de Apertura 6 segundos<\/p>\n","protected":false},"featured_media":28026,"comment_status":"open","ping_status":"closed","template":"","meta":[],"product_brand":[],"product_cat":[748],"product_tag":[401,234,749],"class_list":{"0":"post-28027","1":"product","2":"type-product","3":"status-publish","4":"has-post-thumbnail","6":"product_cat-barreras-vehiculares","7":"product_tag-acceso-vehicular","8":"product_tag-accesspro","9":"product_tag-barreras-vehiculares","11":"first","12":"instock","13":"sale","14":"shipping-taxable","15":"purchasable","16":"product-type-simple"},"_links":{"self":[{"href":"https:\/\/soydeaqui.ddns.net\/pachuca\/index.php\/wp-json\/wp\/v2\/product\/28027","targetHints":{"allow":["GET"]}}],"collection":[{"href":"https:\/\/soydeaqui.ddns.net\/pachuca\/index.php\/wp-json\/wp\/v2\/product"}],"about":[{"href":"https:\/\/soydeaqui.ddns.net\/pachuca\/index.php\/wp-json\/wp\/v2\/types\/product"}],"replies":[{"embeddable":true,"href":"https:\/\/soydeaqui.ddns.net\/pachuca\/index.php\/wp-json\/wp\/v2\/comments?post=28027"}],"wp:featuredmedia":[{"embeddable":true,"href":"https:\/\/soydeaqui.ddns.net\/pachuca\/index.php\/wp-json\/wp\/v2\/media\/28026"}],"wp:attachment":[{"href":"https:\/\/soydeaqui.ddns.net\/pachuca\/index.php\/wp-json\/wp\/v2\/media?parent=28027"}],"wp:term":[{"taxonomy":"product_brand","embeddable":true,"href":"https:\/\/soydeaqui.ddns.net\/pachuca\/index.php\/wp-json\/wp\/v2\/product_brand?post=28027"},{"taxonomy":"product_cat","embeddable":true,"href":"https:\/\/soydeaqui.ddns.net\/pachuca\/index.php\/wp-json\/wp\/v2\/product_cat?post=28027"},{"taxonomy":"product_tag","embeddable":true,"href":"https:\/\/soydeaqui.ddns.net\/pachuca\/index.php\/wp-json\/wp\/v2\/product_tag?post=28027"}],"curies":[{"name":"wp","href":"https:\/\/api.w.org\/{rel}","templated":true}]}}